{"id":49851,"date":"2020-09-18T09:00:17","date_gmt":"2020-09-18T06:00:17","guid":{"rendered":"https:\/\/unox.com.tr\/%d9%82%d8%a7%d9%86%d9%88%d9%86-%d8%ad%d9%85%d8%a7%d9%8a%d8%a9-%d8%a7%d9%84%d8%a8%d9%8a%d8%a7%d9%86%d8%a7%d8%aa-%d8%a7%d9%84%d8%b4%d8%ae%d8%b5%d9%8a%d8%a9\/"},"modified":"2023-02-06T09:34:29","modified_gmt":"2023-02-06T06:34:29","slug":"%d9%82%d8%a7%d9%86%d9%88%d9%86-%d8%ad%d9%85%d8%a7%d9%8a%d8%a9-%d8%a7%d9%84%d8%a8%d9%8a%d8%a7%d9%86%d8%a7%d8%aa-%d8%a7%d9%84%d8%b4%d8%ae%d8%b5%d9%8a%d8%a9","status":"publish","type":"page","link":"https:\/\/unox.com.tr\/ar\/%d9%82%d8%a7%d9%86%d9%88%d9%86-%d8%ad%d9%85%d8%a7%d9%8a%d8%a9-%d8%a7%d9%84%d8%a8%d9%8a%d8%a7%d9%86%d8%a7%d8%aa-%d8%a7%d9%84%d8%b4%d8%ae%d8%b5%d9%8a%d8%a9\/","title":{"rendered":"\u0642\u0627\u0646\u0648\u0646 \u062d\u0645\u0627\u064a\u0629 \u0627\u0644\u0628\u064a\u0627\u0646\u0627\u062a \u0627\u0644\u0634\u062e\u0635\u064a\u0629"},"content":{"rendered":"\t\t<div data-elementor-type=\"wp-page\" data-elementor-id=\"49851\" class=\"elementor elementor-49851 elementor-4072\">\n\t\t\t\t\t\t<section class=\"wd-negative-gap elementor-section elementor-top-section elementor-element elementor-element-3671f80 elementor-section-boxed elementor-section-height-default elementor-section-height-default\" data-id=\"3671f80\" data-element_type=\"section\" data-e-type=\"section\">\n\t\t\t\t\t\t<div class=\"elementor-container elementor-column-gap-default\">\n\t\t\t\t\t<div class=\"elementor-column elementor-col-100 elementor-top-column elementor-element elementor-element-71bf32c\" data-id=\"71bf32c\" data-element_type=\"column\" data-e-type=\"column\">\n\t\t\t<div class=\"elementor-widget-wrap elementor-element-populated\">\n\t\t\t\t\t\t<div class=\"elementor-element elementor-element-b4884de elementor-widget elementor-widget-heading\" data-id=\"b4884de\" data-element_type=\"widget\" data-e-type=\"widget\" data-widget_type=\"heading.default\">\n\t\t\t\t<div class=\"elementor-widget-container\">\n\t\t\t\t\t<h2 class=\"elementor-heading-title elementor-size-default\">\u0642\u0627\u0646\u0648\u0646 \u062d\u0645\u0627\u064a\u0629 \u0627\u0644\u0628\u064a\u0627\u0646\u0627\u062a \u0627\u0644\u0634\u062e\u0635\u064a\u0629<\/h2>\t\t\t\t<\/div>\n\t\t\t\t<\/div>\n\t\t\t\t<div class=\"elementor-element elementor-element-10db65a elementor-widget-divider--view-line elementor-widget elementor-widget-divider\" data-id=\"10db65a\" data-element_type=\"widget\" data-e-type=\"widget\" data-widget_type=\"divider.default\">\n\t\t\t\t<div class=\"elementor-widget-container\">\n\t\t\t\t\t\t\t<div class=\"elementor-divider\">\n\t\t\t<span class=\"elementor-divider-separator\">\n\t\t\t\t\t\t<\/span>\n\t\t<\/div>\n\t\t\t\t\t\t<\/div>\n\t\t\t\t<\/div>\n\t\t\t\t<div class=\"elementor-element elementor-element-8d106b9 color-scheme-inherit text-left elementor-widget elementor-widget-text-editor\" data-id=\"8d106b9\" data-element_type=\"widget\" data-e-type=\"widget\" data-widget_type=\"text-editor.default\">\n\t\t\t\t<div class=\"elementor-widget-container\">\n\t\t\t\t\t\t\t\t\t<p>\u062a\u062d\u062a\u0631\u0645 \u062e\u0635\u0648\u0635\u064a\u062a\u0643 \u0648\u062a\u0623\u062e\u0630 \u0634\u0631\u0643\u0629 Unox Valve \u0623\u0645\u0627\u0646 \u0628\u064a\u0627\u0646\u0627\u062a\u0643 \u0639\u0644\u0649 \u0645\u062d\u0645\u0644 \u0627\u0644\u062c\u062f. \u0641\u064a \u0647\u0630\u0627 \u0627\u0644\u0633\u064a\u0627\u0642 \u060c \u062a\u0645 \u0625\u0639\u062f\u0627\u062f \u0647\u0630\u0627 \u0627\u0644\u0646\u0635 \u0644\u0625\u0639\u0644\u0627\u0645\u0643 \u0648\u062a\u0646\u0648\u064a\u0631\u0643 \u0641\u064a \u0646\u0637\u0627\u0642 \u0642\u0627\u0646\u0648\u0646 \u062d\u0645\u0627\u064a\u0629 \u0627\u0644\u0628\u064a\u0627\u0646\u0627\u062a \u0627\u0644\u0634\u062e\u0635\u064a\u0629 \u0631\u0642\u0645 6698 (&#8220;\u0627\u0644\u0642\u0627\u0646\u0648\u0646&#8221;) \u0648\u0627\u0644\u062a\u0634\u0631\u064a\u0639\u0627\u062a \u0627\u0644\u0623\u062e\u0631\u0649 \u0630\u0627\u062a \u0627\u0644\u0635\u0644\u0629.<\/p>\n<p><strong> \u062a\u0639\u0631\u064a\u0641\u0627\u062a: <\/strong><\/p>\n<p>\u0644\u0623\u063a\u0631\u0627\u0636 \u0647\u0630\u0627 \u0627\u0644\u0646\u0635 \u0627\u0644\u062a\u0648\u0636\u064a\u062d\u064a \u061b<\/p>\n<p> <strong>\u0627\u0644\u0628\u064a\u0627\u0646\u0627\u062a<\/strong> \u0627\u0644\u0634\u062e\u0635\u064a\u0629: \u062c\u0645\u064a\u0639 \u0623\u0646\u0648\u0627\u0639 \u0627\u0644\u0645\u0639\u0644\u0648\u0645\u0627\u062a \u0627\u0644\u0645\u062a\u0639\u0644\u0642\u0629 \u0628\u0634\u062e\u0635 \u0637\u0628\u064a\u0639\u064a \u0645\u062d\u062f\u062f \u0623\u0648 \u064a\u0645\u0643\u0646 \u0627\u0644\u062a\u0639\u0631\u0641 \u0639\u0644\u064a\u0647 \u060c<\/p>\n<p> <strong>\u0642\u0627\u0646\u0648\u0646 \u062d\u0645\u0627\u064a\u0629 \u0627\u0644\u0628\u064a\u0627\u0646\u0627\u062a \u0627\u0644\u0634\u062e\u0635\u064a\u0629 (&#8220;KVKK&#8221;):<\/strong> \u0642\u0627\u0646\u0648\u0646 \u062d\u0645\u0627\u064a\u0629 \u0627\u0644\u0628\u064a\u0627\u0646\u0627\u062a \u0627\u0644\u0634\u062e\u0635\u064a\u0629 \u0631\u0642\u0645 6698 \u060c \u0627\u0644\u0630\u064a \u062f\u062e\u0644 \u062d\u064a\u0632 \u0627\u0644\u062a\u0646\u0641\u064a\u0630 \u0628\u0639\u062f \u0646\u0634\u0631\u0647 \u0641\u064a \u0627\u0644\u062c\u0631\u064a\u062f\u0629 \u0627\u0644\u0631\u0633\u0645\u064a\u0629 \u0641\u064a 7 \u0623\u0628\u0631\u064a\u0644 2016 \u060c<\/p>\n<p> <strong>\u0645\u0639\u0627\u0644\u062c \u0627\u0644\u0628\u064a\u0627\u0646\u0627\u062a<\/strong>: \u0634\u062e\u0635 \u0637\u0628\u064a\u0639\u064a \u0623\u0648 \u0627\u0639\u062a\u0628\u0627\u0631\u064a \u064a\u0642\u0648\u0645 \u0628\u0645\u0639\u0627\u0644\u062c\u0629 \u0627\u0644\u0628\u064a\u0627\u0646\u0627\u062a \u0627\u0644\u0634\u062e\u0635\u064a\u0629 \u0646\u064a\u0627\u0628\u0629 \u0639\u0646 \u0645\u0631\u0627\u0642\u0628 \u0627\u0644\u0628\u064a\u0627\u0646\u0627\u062a \u060c<\/p>\n<p> <strong>\u0645\u0631\u0627\u0642\u0628 \u0627\u0644\u0628\u064a\u0627\u0646\u0627\u062a:<\/strong> \u064a\u0634\u064a\u0631 \u0625\u0644\u0649 \u0627\u0644\u0634\u062e\u0635 \u0627\u0644\u0637\u0628\u064a\u0639\u064a \u0623\u0648 \u0627\u0644\u0627\u0639\u062a\u0628\u0627\u0631\u064a \u0627\u0644\u0630\u064a \u064a\u062d\u062f\u062f \u0623\u063a\u0631\u0627\u0636 \u0648\u0648\u0633\u0627\u0626\u0644 \u0645\u0639\u0627\u0644\u062c\u0629 \u0627\u0644\u0628\u064a\u0627\u0646\u0627\u062a \u0627\u0644\u0634\u062e\u0635\u064a\u0629 \u0648\u064a\u0643\u0648\u0646 \u0645\u0633\u0624\u0648\u0644\u0627\u064b \u0639\u0646 \u0625\u0646\u0634\u0627\u0621 \u0648\u0625\u062f\u0627\u0631\u0629 \u0646\u0638\u0627\u0645 \u062a\u0633\u062c\u064a\u0644 \u0627\u0644\u0628\u064a\u0627\u0646\u0627\u062a.<\/p>\n<p><strong> \u0645\u062a\u062d\u0643\u0645 \u0628\u064a\u0627\u0646\u0627\u062a: <\/strong><\/p>\n<p>\u0634\u0631\u0643\u0629 Unox Valve<\/p>\n<p>Gebze Sanayi Sitesi No: 67, Cumhuriyet Cd., 41400 Gebze \/ Kocaeli<\/p>\n<p>\u0646\u062d\u0646 \u0643\u0634\u0631\u0643\u0629 Unox Valve \u061b \u0627\u0644\u0639\u0645\u0644\u0627\u0621 \u060c \u0648\u0627\u0644\u0639\u0645\u0644\u0627\u0621 \u0627\u0644\u0645\u062d\u062a\u0645\u0644\u0648\u0646 \u060c \u0648\u0645\u0648\u0638\u0641\u0648\u0646\u0627 \u060c \u0648\u0627\u0644\u0645\u0631\u0634\u062d\u0648\u0646 \u060c \u0648\u0627\u0644\u0645\u0648\u0638\u0641\u0648\u0646 \u060c \u0648\u0645\u0633\u0627\u0647\u0645\u0648 \u0627\u0644\u0634\u0631\u0643\u0629 \u060c \u0648\u0627\u0644\u0634\u0631\u0643\u0629 \u0639\u0645\u0644\u0627\u0624\u0646\u0627 \u060c \u0648\u0627\u0644\u0632\u0627\u0626\u0631\u0648\u0646 \u060c \u0648\u0627\u0644\u0645\u0648\u0631\u062f\u0648\u0646 \u060c \u0648\u0634\u0631\u0643\u0627\u0621 \u0627\u0644\u0623\u0639\u0645\u0627\u0644 \u060c \u0648\u0645\u0648\u0638\u0641\u0648 \u0627\u0644\u0645\u0624\u0633\u0633\u0627\u062a \u0627\u0644\u062a\u064a \u0646\u062a\u0639\u0627\u0648\u0646 \u0645\u0639\u0647\u0627 \u060c \u0648\u0627\u0644\u0645\u0633\u0627\u0647\u0645\u0648\u0646 \u0648\u0627\u0644\u0645\u0633\u0624\u0648\u0644\u0648\u0646 \u0645\u0639 3 \u0645\u0646 \u0628\u064a\u0627\u0646\u0627\u062a\u0647\u0645 \u0627\u0644\u0634\u062e\u0635\u064a\u0629 \u0641\u064a \u062f\u0633\u062a\u0648\u0631 \u0627\u0644\u0643\u064a\u0627\u0646\u0627\u062a \u0630\u0627\u062a \u0627\u0644\u0635\u0644\u0629 \u0627\u0644\u062e\u0627\u0635\u0629 \u0628\u0646\u0627 \u062c\u0645\u0647\u0648\u0631\u064a\u0629 \u062a\u0631\u0643\u064a\u0627 \u060c \u0628\u0644\u062f\u0646\u0627 \u062d\u064a\u062b \u062a\u0648\u062c\u062f \u0639\u0642\u0648\u062f \u062f\u0648\u0644\u064a\u0629 \u0648\u0641\u064a \u0625\u0637\u0627\u0631 \u0627\u0644\u062a\u0634\u0631\u064a\u0639\u0627\u062a \u0630\u0627\u062a \u0627\u0644\u0635\u0644\u0629 \u060c \u0648\u062e\u0627\u0635\u0629 \u0642\u0627\u0646\u0648\u0646 \u062d\u0645\u0627\u064a\u0629 \u0627\u0644\u0628\u064a\u0627\u0646\u0627\u062a \u0627\u0644\u0634\u062e\u0635\u064a\u0629 \u0631\u0642\u0645 6698 (&#8220;KVKK&#8221;) \u061b \u0646\u062a\u0639\u0627\u0645\u0644 \u0645\u0639 \u0645\u0633\u0623\u0644\u0629 \u0627\u0644\u062a\u0623\u0645\u064a\u0646 \u0648\u0627\u0644\u0645\u0639\u0627\u0644\u062c\u0629 \u0648\u0627\u0644\u062a\u062e\u0644\u0635 \u0628\u062d\u0633\u0627\u0633\u064a\u0629.<\/p>\n<p>\u0641\u064a \u0647\u0630\u0627 \u0627\u0644\u0633\u064a\u0627\u0642 \u060c \u0646\u0648\u062f \u0623\u0646 \u0646\u0646\u064a\u0631\u0643 \u0643\u0645\u0634\u0631\u0641 \u0628\u064a\u0627\u0646\u0627\u062a \u0636\u0645\u0646 \u0646\u0637\u0627\u0642 KVKK. \u0628\u064a\u0627\u0646\u0627\u062a\u0643 \u0627\u0644\u0634\u062e\u0635\u064a\u0629 \u0627\u0644\u062a\u064a \u062a\u0634\u0627\u0631\u0643\u0647\u0627 \u0645\u0639 \u0634\u0631\u0643\u062a\u0646\u0627 \u0641\u064a \u0635\u0641\u0629 \u0627\u0644\u0639\u0645\u0644\u0627\u0621 \u060c \u0648\u0627\u0644\u0639\u0645\u0644\u0627\u0621 \u0627\u0644\u0645\u062d\u062a\u0645\u0644\u064a\u0646 \u060c \u0648\u0627\u0644\u0645\u0648\u0638\u0641 \u0627\u0644\u0645\u0631\u0634\u062d \u060c \u0648\u0627\u0644\u0645\u0648\u0638\u0641 \u060c \u0648\u0645\u0633\u0627\u0647\u0645 \u0627\u0644\u0634\u0631\u0643\u0629 \u060c \u0648\u0645\u0633\u0624\u0648\u0644 \u0627\u0644\u0634\u0631\u0643\u0629 \u060c \u0648\u0627\u0644\u0632\u0627\u0626\u0631 \u060c \u0648\u0627\u0644\u0645\u0648\u0631\u062f \u060c \u0648\u0634\u0631\u0643\u0627\u0621 \u0627\u0644\u0623\u0639\u0645\u0627\u0644 \u060c \u0648\u0645\u0648\u0638\u0641 \u0627\u0644\u0634\u0631\u0643\u0629 \u060c \u0648\u0627\u0644\u0645\u0633\u0627\u0647\u0645 \u060c \u0648\u0627\u0644\u0645\u0633\u0624\u0648\u0644 \u0628\u0627\u0644\u062a\u0639\u0627\u0648\u0646 \u060c \u0648\u0641\u0642\u064b\u0627 \u0644\u0640 KVKK \u060c \u064a\u0645\u0643\u0646 \u0645\u0639\u0627\u0644\u062c\u062a\u0647\u0627 \u0641\u064a\u0645\u0627 \u064a\u062a\u0639\u0644\u0642 \u0648\u0642\u064a\u0627\u0633\u0647\u0627 \u060c \u0648\u0646\u0642\u0644\u0647\u0627 \u0625\u0644\u0649 \u0623\u0637\u0631\u0627\u0641 \u062b\u0627\u0644\u062b\u0629 \u0641\u064a \u062a\u0631\u0643\u064a\u0627 \u0648\u0627\u0644\u062e\u0627\u0631\u062c \u060c \u0648\u062a\u062e\u0632\u064a\u0646\u0647\u0627 \u060c \u0648\u0627\u0633\u062a\u062e\u062f\u0627\u0645\u0647\u0627 \u0644\u0644\u062a\u0646\u0645\u064a\u0637 \u0648\u0627\u0644\u062a\u0635\u0646\u064a\u0641.<\/p>\n<p><strong> \u0627\u0644\u063a\u0631\u0636 \u0645\u0646 \u0645\u0639\u0627\u0644\u062c\u0629 \u0628\u064a\u0627\u0646\u0627\u062a\u0643 \u0627\u0644\u0634\u062e\u0635\u064a\u0629: <\/strong><\/p>\n<p>\u0628\u064a\u0627\u0646\u0627\u062a\u0643 \u0627\u0644\u0634\u062e\u0635\u064a\u0629 \u0648\u0641\u0642\u064b\u0627 \u0644\u0644\u0645\u0648\u0627\u062f 4 \u0648 5 \u0648 6 \u0645\u0646 KVKK \u061b<\/p>\n<ol>\n<li>\u0639\u0644\u0649 \u0627\u0644\u0646\u062d\u0648 \u0627\u0644\u0645\u0646\u0635\u0648\u0635 \u0639\u0644\u064a\u0647 \u0641\u064a \u0627\u0644\u0642\u0627\u0646\u0648\u0646 \u0648\u062d\u0643\u0645 \u0627\u0644\u0635\u062f\u0642 \u060c<\/li>\n<li>\u0641\u064a\u0645\u0627 \u064a\u062a\u0639\u0644\u0642 \u0628\u0623\u063a\u0631\u0627\u0636 \u0627\u0644\u0645\u0639\u0627\u0644\u062c\u0629 \u060c \u0645\u062d\u062f\u0648\u062f\u0629 \u0648\u0645\u0642\u0627\u0633\u0629 \u060c<\/li>\n<li>\u0628\u0634\u0643\u0644 \u0635\u062d\u064a\u062d \u0648\u062d\u0627\u0644\u064a\u064b\u0627<\/li>\n<li>\u0644\u0623\u063a\u0631\u0627\u0636 \u0635\u0631\u064a\u062d\u0629 \u0648\u0634\u0631\u0639\u064a\u0629 \u0645\u062d\u062f\u062f\u0629 \u060c<\/li>\n<li>\u0633\u062a\u062a\u0645 \u0645\u0639\u0627\u0644\u062c\u062a\u0647\u0627 \u0644\u0644\u0641\u062a\u0631\u0629 \u0627\u0644\u0645\u0646\u0635\u0648\u0635 \u0639\u0644\u064a\u0647\u0627 \u0641\u064a \u0627\u0644\u062a\u0634\u0631\u064a\u0639 \u0630\u064a \u0627\u0644\u0635\u0644\u0629 \u0623\u0648 \u0627\u0644\u0645\u0637\u0644\u0648\u0628\u0629 \u0644\u0644\u063a\u0631\u0636 \u0627\u0644\u0630\u064a \u062a\u062a\u0645 \u0645\u0639\u0627\u0644\u062c\u062a\u0647\u0627 \u0645\u0646 \u0623\u062c\u0644\u0647.<\/li>\n<\/ol>\n<p>\u0628\u064a\u0627\u0646\u0627\u062a\u0643 \u0627\u0644\u0634\u062e\u0635\u064a\u0629 \u060c \u0648\u0648\u062d\u062f\u0627\u062a \u0623\u0639\u0645\u0627\u0644\u0646\u0627 \u0627\u0644\u062a\u064a \u062a\u0642\u0648\u0645 \u0628\u0627\u0644\u0623\u0639\u0645\u0627\u0644 \u0627\u0644\u0644\u0627\u0632\u0645\u0629 \u0644\u062a\u0633\u062a\u0641\u064a\u062f\u0643 \u0645\u0646 \u0627\u0644\u0645\u0646\u062a\u062c\u0627\u062a \u0648\u0627\u0644\u062e\u062f\u0645\u0627\u062a \u0627\u0644\u062a\u064a \u062a\u0642\u062f\u0645\u0647\u0627 \u0634\u0631\u0643\u062a\u0646\u0627 \u061b \u0644\u0646\u0642\u062f\u0645 \u0644\u0643 \u0627\u0644\u0645\u0646\u062a\u062c\u0627\u062a \u0648\u0627\u0644\u062e\u062f\u0645\u0627\u062a \u0627\u0644\u062a\u064a \u062a\u0642\u062f\u0645\u0647\u0627 \u0634\u0631\u0643\u062a\u0646\u0627 \u061b \u062a\u062e\u0637\u064a\u0637 \u0648 \/ \u0623\u0648 \u062a\u0646\u0641\u064a\u0630 \u0623\u0646\u0634\u0637\u0629 \u0623\u0628\u062d\u0627\u062b \u0627\u0644\u0633\u0648\u0642 \u0644\u0628\u064a\u0639 \u0648\u062a\u0633\u0648\u064a\u0642 \u0627\u0644\u0645\u0646\u062a\u062c\u0627\u062a \u0648\u0627\u0644\u062e\u062f\u0645\u0627\u062a \u061b \u062a\u062e\u0637\u064a\u0637 \u0648 \/ \u0623\u0648 \u062a\u0646\u0641\u064a\u0630 \u0623\u0646\u0634\u0637\u0629 \u062f\u0639\u0645 \u0645\u0627 \u0628\u0639\u062f \u0627\u0644\u0628\u064a\u0639 \u061b \u0645\u062a\u0627\u0628\u0639\u0629 \u0639\u0645\u0644\u064a\u0627\u062a \u0627\u0644\u0639\u0642\u062f \u0648 \/ \u0623\u0648 \u0627\u0644\u0637\u0644\u0628\u0627\u062a \u0627\u0644\u0642\u0627\u0646\u0648\u0646\u064a\u0629 \u060c \u0636\u0645\u0627\u0646 \u0627\u0644\u0623\u0645\u0646 \u0627\u0644\u0648\u0638\u064a\u0641\u064a \u0627\u0644\u0642\u0627\u0646\u0648\u0646\u064a \u0648\u0627\u0644\u0641\u0646\u064a \u0648\u0627\u0644\u062a\u062c\u0627\u0631\u064a \u0644\u0644\u0623\u0634\u062e\u0627\u0635 \u0627\u0644\u0645\u0639\u0646\u064a\u064a\u0646 \u0641\u064a \u0639\u0644\u0627\u0642\u0629 \u062a\u062c\u0627\u0631\u064a\u0629 \u061b \u0644\u0636\u0645\u0627\u0646 \u062a\u0646\u0641\u064a\u0630 \u0633\u064a\u0627\u0633\u0627\u062a \u0627\u0644\u0645\u0648\u0627\u0631\u062f \u0627\u0644\u0628\u0634\u0631\u064a\u0629 \u0644\u0634\u0631\u0643\u062a\u0646\u0627 \u060c \u0644\u0625\u062c\u0631\u0627\u0621 \u062a\u0642\u064a\u064a\u0645 \u0639\u0646\u062f \u0627\u0644\u062a\u0642\u062f\u0645 \u0644\u0648\u0638\u064a\u0641\u0629 \u060c \u0644\u0644\u0648\u0641\u0627\u0621 \u0628\u0627\u0644\u062a\u0632\u0627\u0645\u0627\u062a\u0646\u0627 \u0627\u0644\u0642\u0627\u0646\u0648\u0646\u064a\u0629 \u0648\u0627\u0644\u0642\u0627\u0646\u0648\u0646\u064a\u0629 \u0625\u0630\u0627 \u0643\u0646\u062a \u0645\u0648\u0638\u0641\u064b\u0627 \u0644\u062f\u064a\u0646\u0627 \u061b \u0636\u0645\u0627\u0646 \u0645\u0631\u0627\u0642\u0628\u0629 \u0627\u0644\u062c\u0648\u062f\u0629 \u061b \u062a\u062a\u0628\u0639 \u0627\u0644\u0645\u0646\u062a\u062c\u0627\u062a \u0627\u0644\u0645\u0648\u0631\u062f\u0629 \u061b \u0644\u063a\u0631\u0636 \u0627\u0644\u0623\u0645\u0627\u0646 \u0648\u062a\u062d\u062f\u064a\u062f \u0627\u0644\u0647\u0648\u064a\u0629 \u0639\u0646\u062f \u0632\u064a\u0627\u0631\u0629 \u0623\u0639\u0645\u0627\u0644\u0646\u0627 \u061b \u0627\u0644\u0627\u062a\u0635\u0627\u0644 \u0628\u0643 \u0625\u0630\u0627 \u0637\u0644\u0628\u062a \u0645\u0639\u0644\u0648\u0645\u0627\u062a \u0645\u0646 \u0634\u0631\u0643\u062a\u0646\u0627 \u061b \u0623\u062f\u0627\u0621 \u0647\u0630\u0627 \u0627\u0644\u0639\u0642\u062f \u0625\u0630\u0627 \u0642\u0645\u062a \u0628\u0634\u0631\u0627\u0621 \u0627\u0644\u0645\u0646\u062a\u062c\u0627\u062a \u061b \u062a\u062e\u0637\u064a\u0637 \u0648\u0645\u0631\u0627\u0642\u0628\u0629 \u0648\u062a\u0646\u0641\u064a\u0630 \u0639\u0645\u0644\u064a\u0627\u062a \u0623\u0645\u0646 \u0627\u0644\u0645\u0639\u0644\u0648\u0645\u0627\u062a \u061b \u0625\u0646\u0634\u0627\u0621 \u0648\u0625\u062f\u0627\u0631\u0629 \u0627\u0644\u0628\u0646\u064a\u0629 \u0627\u0644\u062a\u062d\u062a\u064a\u0629 \u0644\u062a\u0643\u0646\u0648\u0644\u0648\u062c\u064a\u0627 \u0627\u0644\u0645\u0639\u0644\u0648\u0645\u0627\u062a. \u0645\u062a\u0627\u0628\u0639\u0629 \u0627\u0644\u0634\u0624\u0648\u0646 \u0627\u0644\u0645\u0627\u0644\u064a\u0629 \u0648 \/ \u0623\u0648 \u0627\u0644\u0645\u062d\u0627\u0633\u0628\u064a\u0629 \u061b \u0645\u062a\u0627\u0628\u0639\u0629 \u0627\u0644\u0634\u0624\u0648\u0646 \u0627\u0644\u0642\u0627\u0646\u0648\u0646\u064a\u0629. \u062a\u062e\u0637\u064a\u0637 \u0648\u062a\u0646\u0641\u064a\u0630 \u0627\u0644\u0623\u0646\u0634\u0637\u0629 \u0627\u0644\u062a\u062c\u0627\u0631\u064a\u0629 \u061b \u062a\u062e\u0637\u064a\u0637 \u0648\u062a\u0646\u0641\u064a\u0630 \u0623\u0646\u0634\u0637\u0629 \u0627\u0644\u0627\u062a\u0635\u0627\u0644 \u0627\u0644\u0645\u0624\u0633\u0633\u064a \u061b \u062a\u062e\u0637\u064a\u0637 \u0648\u062a\u0646\u0641\u064a\u0630 \u0627\u0644\u0623\u0646\u0634\u0637\u0629 \u0627\u0644\u0644\u0648\u062c\u0633\u062a\u064a\u0629 \u061b \u0644\u0623\u063a\u0631\u0627\u0636 \u062a\u062d\u062f\u064a\u062f \u0648\u062a\u0646\u0641\u064a\u0630 \u0627\u0644\u0627\u0633\u062a\u0631\u0627\u062a\u064a\u062c\u064a\u0627\u062a \u0627\u0644\u062a\u062c\u0627\u0631\u064a\u0629 \u0648\u0627\u0644\u062a\u062c\u0627\u0631\u064a\u0629 \u0644\u0634\u0631\u0643\u062a\u0646\u0627 \u060c \u0633\u062a\u062a\u0645 \u0645\u0639\u0627\u0644\u062c\u062a\u0647\u0627 \u0636\u0645\u0646 \u0634\u0631\u0648\u0637 \u0648\u0623\u063a\u0631\u0627\u0636 \u0645\u0639\u0627\u0644\u062c\u0629 \u0627\u0644\u0628\u064a\u0627\u0646\u0627\u062a \u0627\u0644\u0634\u062e\u0635\u064a\u0629 \u0627\u0644\u0645\u062d\u062f\u062f\u0629 \u0641\u064a \u0627\u0644\u0645\u0627\u062f\u062a\u064a\u0646 5 \u0648 6 \u0645\u0646 \u0627\u0644\u0642\u0627\u0646\u0648\u0646 \u0631\u0642\u0645 6698. \u0628\u064a\u0627\u0646\u0627\u062a \u0645\u0648\u0638\u0641\u064a\u0646\u0627 \u060c \u0628\u0627\u0644\u0625\u0636\u0627\u0641\u0629 \u0625\u0644\u0649 \u0627\u0644\u0627\u0644\u062a\u0632\u0627\u0645\u0627\u062a \u0627\u0644\u0645\u0646\u0635\u0648\u0635 \u0639\u0644\u064a\u0647\u0627 \u0641\u064a \u0642\u0627\u0646\u0648\u0646 \u0627\u0644\u0639\u0645\u0644 \u0648\u062a\u0634\u0631\u064a\u0639\u0627\u062a \u0627\u0644\u0639\u0645\u0644 \u0648\u0627\u0644\u0636\u0645\u0627\u0646 \u0627\u0644\u0627\u062c\u062a\u0645\u0627\u0639\u064a \u0648\u0627\u0644\u062a\u0634\u0631\u064a\u0639\u0627\u062a \u0627\u0644\u0623\u062e\u0631\u0649 \u0627\u0644\u0633\u0627\u0631\u064a\u0629 \u060c \u0648\u0643\u0630\u0644\u0643 \u0636\u0645\u0646 \u0633\u064a\u0627\u0633\u0629 \u0627\u0644\u0645\u0648\u0627\u0631\u062f \u0627\u0644\u0628\u0634\u0631\u064a\u0629 \u0644\u062f\u064a\u0646\u0627 \u0623\u0648 \u0644\u0623\u0633\u0628\u0627\u0628 \u062a\u0634\u063a\u064a\u0644\u064a\u0629 \u0645\u062b\u0644 \u0631\u0641\u0639 \u0645\u0633\u062a\u0648\u0649 \u0627\u0644\u0623\u062f\u0627\u0621 \u0648\u0631\u0636\u0627 \u0627\u0644\u0645\u0648\u0638\u0641\u064a\u0646 \u0648 \u0636\u0645\u0627\u0646 \u0627\u0644\u0623\u0645\u0646 \u0627\u0644\u0648\u0638\u064a\u0641\u064a \u0648\u0627\u0644\u0633\u0644\u0627\u0645 \u0641\u064a \u0627\u0644\u0639\u0645\u0644 \u060c \u064a\u0645\u0643\u0646 \u0645\u0639\u0627\u0644\u062c\u062a\u0647\u0627 \u0645\u0646 \u0642\u0628\u0644 \u0627\u0644\u0623\u0634\u062e\u0627\u0635 \u0627\u0644\u0637\u0628\u064a\u0639\u064a\u064a\u0646 \u0623\u0648 \u0627\u0644\u0627\u0639\u062a\u0628\u0627\u0631\u064a\u064a\u0646.<\/p>\n<p><strong> \u0646\u0642\u0644 \u0628\u064a\u0627\u0646\u0627\u062a\u0643 \u0627\u0644\u0634\u062e\u0635\u064a\u0629: <\/strong><\/p>\n<p>\u0628\u064a\u0627\u0646\u0627\u062a\u0643 \u0627\u0644\u0634\u062e\u0635\u064a\u0629 \u061b \u0627\u0644\u0642\u064a\u0627\u0645 \u0628\u0627\u0644\u0623\u0639\u0645\u0627\u0644 \u0627\u0644\u0644\u0627\u0632\u0645\u0629 \u0645\u0646 \u0642\u0628\u0644 \u0648\u062d\u062f\u0627\u062a \u0627\u0644\u0623\u0639\u0645\u0627\u0644 \u0644\u062f\u064a\u0646\u0627 \u0645\u0646 \u0623\u062c\u0644 \u0627\u0644\u0627\u0633\u062a\u0641\u0627\u062f\u0629 \u0645\u0646 \u0627\u0644\u0645\u0646\u062a\u062c\u0627\u062a \u0648\u0627\u0644\u062e\u062f\u0645\u0627\u062a \u0627\u0644\u062a\u064a \u062a\u0642\u062f\u0645\u0647\u0627 \u0634\u0631\u0643\u062a\u0646\u0627 \u061b \u0645\u0642\u062f\u0645\u0629 \u0645\u0646 \u0634\u0631\u0643\u062a\u0646\u0627<\/p>\n\t\t\t\t\t\t\t\t<\/div>\n\t\t\t\t<\/div>\n\t\t\t\t<div class=\"elementor-element elementor-element-0bef856 elementor-widget elementor-widget-button\" data-id=\"0bef856\" data-element_type=\"widget\" data-e-type=\"widget\" data-widget_type=\"button.default\">\n\t\t\t\t<div class=\"elementor-widget-container\">\n\t\t\t\t\t\t\t\t\t<div class=\"elementor-button-wrapper\">\n\t\t\t\t\t<a class=\"elementor-button elementor-button-link elementor-size-xs\" href=\"http:\/\/www.unox.com.tr\/wp-content\/uploads\/2020\/09\/kvkk-talep.docx\" target=\"_blank\" rel=\"nofollow\">\n\t\t\t\t\t\t<span class=\"elementor-button-content-wrapper\">\n\t\t\t\t\t\t<span class=\"elementor-button-icon\">\n\t\t\t\t<i aria-hidden=\"true\" class=\"far fa-file-word\"><\/i>\t\t\t<\/span>\n\t\t\t\t\t\t\t\t\t<span class=\"elementor-button-text\">Ki\u015fisel Veri Bilgi Alma - \u0130\u015flem Talep Formu<\/span>\n\t\t\t\t\t<\/span>\n\t\t\t\t\t<\/a>\n\t\t\t\t<\/div>\n\t\t\t\t\t\t\t\t<\/div>\n\t\t\t\t<\/div>\n\t\t\t\t\t<\/div>\n\t\t<\/div>\n\t\t\t\t\t<\/div>\n\t\t<\/section>\n\t\t\t\t<\/div>\n\t\t","protected":false},"excerpt":{"rendered":"<p>\u0642\u0627\u0646\u0648\u0646 \u062d\u0645\u0627\u064a\u0629 \u0627\u0644\u0628\u064a\u0627\u0646\u0627\u062a \u0627\u0644\u0634\u062e\u0635\u064a\u0629 \u062a\u062d\u062a\u0631\u0645 \u062e\u0635\u0648\u0635\u064a\u062a\u0643 \u0648\u062a\u0623\u062e\u0630 \u0634\u0631\u0643\u0629 Unox Valve \u0623\u0645\u0627\u0646 \u0628\u064a\u0627\u0646\u0627\u062a\u0643 \u0639\u0644\u0649 \u0645\u062d\u0645\u0644 \u0627\u0644\u062c\u062f. \u0641\u064a \u0647\u0630\u0627 \u0627\u0644\u0633\u064a\u0627\u0642 \u060c \u062a\u0645<\/p>\n","protected":false},"author":4,"featured_media":0,"parent":0,"menu_order":0,"comment_status":"closed","ping_status":"closed","template":"","meta":{"footnotes":""},"class_list":["post-49851","page","type-page","status-publish","hentry"],"_links":{"self":[{"href":"https:\/\/unox.com.tr\/ar\/wp-json\/wp\/v2\/pages\/49851","targetHints":{"allow":["GET"]}}],"collection":[{"href":"https:\/\/unox.com.tr\/ar\/wp-json\/wp\/v2\/pages"}],"about":[{"href":"https:\/\/unox.com.tr\/ar\/wp-json\/wp\/v2\/types\/page"}],"author":[{"embeddable":true,"href":"https:\/\/unox.com.tr\/ar\/wp-json\/wp\/v2\/users\/4"}],"replies":[{"embeddable":true,"href":"https:\/\/unox.com.tr\/ar\/wp-json\/wp\/v2\/comments?post=49851"}],"version-history":[{"count":0,"href":"https:\/\/unox.com.tr\/ar\/wp-json\/wp\/v2\/pages\/49851\/revisions"}],"wp:attachment":[{"href":"https:\/\/unox.com.tr\/ar\/wp-json\/wp\/v2\/media?parent=49851"}],"curies":[{"name":"wp","href":"https:\/\/api.w.org\/{rel}","templated":true}]}}