{"id":51167,"date":"2020-09-29T07:41:41","date_gmt":"2020-09-29T04:41:41","guid":{"rendered":"https:\/\/unox.com.tr\/urun\/%d8%b5%d9%85%d8%a7%d9%85-%d8%b2%d9%8a%d8%aa-%d8%b3%d8%a7%d8%ae%d9%86-%d9%8a%d8%b9%d9%85%d9%84-%d8%a8%d8%a7%d9%84%d9%87%d9%88%d8%a7%d8%a1-%d8%a7%d9%84%d9%85%d8%b6%d8%ba%d9%88%d8%b7-%d8%a8%d8%ab%d9%84\/"},"modified":"2020-09-29T07:41:41","modified_gmt":"2020-09-29T04:41:41","slug":"%d8%b5%d9%85%d8%a7%d9%85-%d8%b2%d9%8a%d8%aa-%d8%b3%d8%a7%d8%ae%d9%86-%d9%8a%d8%b9%d9%85%d9%84-%d8%a8%d8%a7%d9%84%d9%87%d9%88%d8%a7%d8%a1-%d8%a7%d9%84%d9%85%d8%b6%d8%ba%d9%88%d8%b7-%d8%a8%d8%ab%d9%84","status":"publish","type":"product","link":"https:\/\/unox.com.tr\/ar\/%d8%b5%d9%85%d8%a7%d9%85-%d8%b2%d9%8a%d8%aa-%d8%b3%d8%a7%d8%ae%d9%86-%d9%8a%d8%b9%d9%85%d9%84-%d8%a8%d8%a7%d9%84%d9%87%d9%88%d8%a7%d8%a1-%d8%a7%d9%84%d9%85%d8%b6%d8%ba%d9%88%d8%b7-%d8%a8%d8%ab%d9%84\/","title":{"rendered":"\u0635\u0645\u0627\u0645 \u0632\u064a\u062a \u0633\u0627\u062e\u0646 \u064a\u0639\u0645\u0644 \u0628\u0627\u0644\u0647\u0648\u0627\u0621 \u0627\u0644\u0645\u0636\u063a\u0648\u0637 \u0628\u062b\u0644\u0627\u062b \u0637\u0631\u0642 &#8211; 33613"},"content":{"rendered":"<div id=\"ez-toc-container\" class=\"ez-toc-v2_0_82_2 counter-hierarchy ez-toc-counter ez-toc-grey ez-toc-container-direction\">\n<div class=\"ez-toc-title-container\">\n<p class=\"ez-toc-title\" style=\"cursor:inherit\">Sayfa \u0130\u00e7eri\u011fi<\/p>\n<span class=\"ez-toc-title-toggle\"><a href=\"#\" class=\"ez-toc-pull-right ez-toc-btn ez-toc-btn-xs ez-toc-btn-default ez-toc-toggle\" aria-label=\"Toggle Table of Content\"><span class=\"ez-toc-js-icon-con\"><span class=\"\"><span class=\"eztoc-hide\" style=\"display:none;\">Toggle<\/span><span class=\"ez-toc-icon-toggle-span\"><svg style=\"fill: #999;color:#999\" xmlns=\"http:\/\/www.w3.org\/2000\/svg\" class=\"list-377408\" width=\"20px\" height=\"20px\" viewBox=\"0 0 24 24\" fill=\"none\"><path d=\"M6 6H4v2h2V6zm14 0H8v2h12V6zM4 11h2v2H4v-2zm16 0H8v2h12v-2zM4 16h2v2H4v-2zm16 0H8v2h12v-2z\" fill=\"currentColor\"><\/path><\/svg><svg style=\"fill: #999;color:#999\" class=\"arrow-unsorted-368013\" xmlns=\"http:\/\/www.w3.org\/2000\/svg\" width=\"10px\" height=\"10px\" viewBox=\"0 0 24 24\" version=\"1.2\" baseProfile=\"tiny\"><path d=\"M18.2 9.3l-6.2-6.3-6.2 6.3c-.2.2-.3.4-.3.7s.1.5.3.7c.2.2.4.3.7.3h11c.3 0 .5-.1.7-.3.2-.2.3-.5.3-.7s-.1-.5-.3-.7zM5.8 14.7l6.2 6.3 6.2-6.3c.2-.2.3-.5.3-.7s-.1-.5-.3-.7c-.2-.2-.4-.3-.7-.3h-11c-.3 0-.5.1-.7.3-.2.2-.3.5-.3.7s.1.5.3.7z\"\/><\/svg><\/span><\/span><\/span><\/a><\/span><\/div>\n<nav><ul class='ez-toc-list ez-toc-list-level-1 ' ><li class='ez-toc-page-1 ez-toc-heading-level-2'><a class=\"ez-toc-link ez-toc-heading-1\" href=\"https:\/\/unox.com.tr\/ar\/%d8%b5%d9%85%d8%a7%d9%85-%d8%b2%d9%8a%d8%aa-%d8%b3%d8%a7%d8%ae%d9%86-%d9%8a%d8%b9%d9%85%d9%84-%d8%a8%d8%a7%d9%84%d9%87%d9%88%d8%a7%d8%a1-%d8%a7%d9%84%d9%85%d8%b6%d8%ba%d9%88%d8%b7-%d8%a8%d8%ab%d9%84\/#%D9%85%D8%A7_%D9%87%D9%88_%D8%B5%D9%85%D8%A7%D9%85_%D8%A7%D9%84%D8%B2%D9%8A%D8%AA_%D8%A7%D9%84%D8%B3%D8%A7%D8%AE%D9%86_%D8%B0%D9%88_3_%D8%B7%D8%B1%D9%82_%D8%AA%D8%B9%D9%85%D9%84_%D8%A8%D8%A7%D9%84%D9%87%D9%88%D8%A7%D8%A1_%D8%A7%D9%84%D9%85%D8%B6%D8%BA%D9%88%D8%B7%D8%9F\" >\u0645\u0627 \u0647\u0648 \u0635\u0645\u0627\u0645 \u0627\u0644\u0632\u064a\u062a \u0627\u0644\u0633\u0627\u062e\u0646 \u0630\u0648 3 \u0637\u0631\u0642 \u062a\u0639\u0645\u0644 \u0628\u0627\u0644\u0647\u0648\u0627\u0621 \u0627\u0644\u0645\u0636\u063a\u0648\u0637\u061f<\/a><\/li><li class='ez-toc-page-1 ez-toc-heading-level-2'><a class=\"ez-toc-link ez-toc-heading-2\" href=\"https:\/\/unox.com.tr\/ar\/%d8%b5%d9%85%d8%a7%d9%85-%d8%b2%d9%8a%d8%aa-%d8%b3%d8%a7%d8%ae%d9%86-%d9%8a%d8%b9%d9%85%d9%84-%d8%a8%d8%a7%d9%84%d9%87%d9%88%d8%a7%d8%a1-%d8%a7%d9%84%d9%85%d8%b6%d8%ba%d9%88%d8%b7-%d8%a8%d8%ab%d9%84\/#%D9%85%D8%A7_%D9%87%D9%88_%D8%B5%D9%85%D8%A7%D9%85_%D8%A7%D9%84%D8%AA%D8%AD%D9%83%D9%85%D8%9F\" >\u0645\u0627 \u0647\u0648 \u0635\u0645\u0627\u0645 \u0627\u0644\u062a\u062d\u0643\u0645\u061f<\/a><\/li><li class='ez-toc-page-1 ez-toc-heading-level-2'><a class=\"ez-toc-link ez-toc-heading-3\" href=\"https:\/\/unox.com.tr\/ar\/%d8%b5%d9%85%d8%a7%d9%85-%d8%b2%d9%8a%d8%aa-%d8%b3%d8%a7%d8%ae%d9%86-%d9%8a%d8%b9%d9%85%d9%84-%d8%a8%d8%a7%d9%84%d9%87%d9%88%d8%a7%d8%a1-%d8%a7%d9%84%d9%85%d8%b6%d8%ba%d9%88%d8%b7-%d8%a8%d8%ab%d9%84\/#%D9%85%D8%A7_%D9%87%D9%88_%D9%85%D8%A8%D8%AF%D8%A3_%D8%A7%D9%84%D8%B9%D9%85%D9%84_%D8%A7%D9%84%D9%85%D8%AA%D9%82%D8%B7%D8%B9%D8%9F\" >\u0645\u0627 \u0647\u0648 \u0645\u0628\u062f\u0623 \u0627\u0644\u0639\u0645\u0644 \u0627\u0644\u0645\u062a\u0642\u0637\u0639\u061f<\/a><\/li><li class='ez-toc-page-1 ez-toc-heading-level-2'><a class=\"ez-toc-link ez-toc-heading-4\" href=\"https:\/\/unox.com.tr\/ar\/%d8%b5%d9%85%d8%a7%d9%85-%d8%b2%d9%8a%d8%aa-%d8%b3%d8%a7%d8%ae%d9%86-%d9%8a%d8%b9%d9%85%d9%84-%d8%a8%d8%a7%d9%84%d9%87%d9%88%d8%a7%d8%a1-%d8%a7%d9%84%d9%85%d8%b6%d8%ba%d9%88%d8%b7-%d8%a8%d8%ab%d9%84\/#%D8%A7%D9%84%D9%85%D9%84%D8%A7%D9%85%D8%AD_%D8%A7%D9%84%D8%B9%D8%A7%D9%85%D8%A9\" >\u0627\u0644\u0645\u0644\u0627\u0645\u062d \u0627\u0644\u0639\u0627\u0645\u0629<\/a><\/li><li class='ez-toc-page-1 ez-toc-heading-level-2'><a class=\"ez-toc-link ez-toc-heading-5\" href=\"https:\/\/unox.com.tr\/ar\/%d8%b5%d9%85%d8%a7%d9%85-%d8%b2%d9%8a%d8%aa-%d8%b3%d8%a7%d8%ae%d9%86-%d9%8a%d8%b9%d9%85%d9%84-%d8%a8%d8%a7%d9%84%d9%87%d9%88%d8%a7%d8%a1-%d8%a7%d9%84%d9%85%d8%b6%d8%ba%d9%88%d8%b7-%d8%a8%d8%ab%d9%84\/#%D8%AE%D8%B5%D8%A7%D8%A6%D8%B5_%D8%A7%D9%84%D9%85%D9%88%D8%A7%D8%AF\" >\u062e\u0635\u0627\u0626\u0635 \u0627\u0644\u0645\u0648\u0627\u062f<\/a><ul class='ez-toc-list-level-3' ><li class='ez-toc-heading-level-3'><a class=\"ez-toc-link ez-toc-heading-6\" href=\"https:\/\/unox.com.tr\/ar\/%d8%b5%d9%85%d8%a7%d9%85-%d8%b2%d9%8a%d8%aa-%d8%b3%d8%a7%d8%ae%d9%86-%d9%8a%d8%b9%d9%85%d9%84-%d8%a8%d8%a7%d9%84%d9%87%d9%88%d8%a7%d8%a1-%d8%a7%d9%84%d9%85%d8%b6%d8%ba%d9%88%d8%b7-%d8%a8%d8%ab%d9%84\/#%D9%85%D9%8F%D9%83%D9%8E%D9%85%D9%90%D9%91%D9%84%D8%A7%D8%AA\" >\u0645\u064f\u0643\u064e\u0645\u0651\u0650\u0644\u0627\u062a<\/a><\/li><\/ul><\/li><\/ul><\/nav><\/div>\n<h2><span class=\"ez-toc-section\" id=\"%D9%85%D8%A7_%D9%87%D9%88_%D8%B5%D9%85%D8%A7%D9%85_%D8%A7%D9%84%D8%B2%D9%8A%D8%AA_%D8%A7%D9%84%D8%B3%D8%A7%D8%AE%D9%86_%D8%B0%D9%88_3_%D8%B7%D8%B1%D9%82_%D8%AA%D8%B9%D9%85%D9%84_%D8%A8%D8%A7%D9%84%D9%87%D9%88%D8%A7%D8%A1_%D8%A7%D9%84%D9%85%D8%B6%D8%BA%D9%88%D8%B7%D8%9F\"><\/span><span style=\"font-size: 22px;\">\u0645\u0627 \u0647\u0648 \u0635\u0645\u0627\u0645 \u0627\u0644\u0632\u064a\u062a \u0627\u0644\u0633\u0627\u062e\u0646 \u0630\u0648 3 \u0637\u0631\u0642 \u062a\u0639\u0645\u0644 \u0628\u0627\u0644\u0647\u0648\u0627\u0621 \u0627\u0644\u0645\u0636\u063a\u0648\u0637\u061f<\/span><span class=\"ez-toc-section-end\"><\/span><\/h2>\n<p>\u0635\u0645\u0627\u0645 \u0627\u0644\u0632\u064a\u062a \u0627\u0644\u0633\u0627\u062e\u0646 \u0630\u0648 3 \u0627\u062a\u062c\u0627\u0647\u0627\u062a \u064a\u0639\u0645\u0644 \u0628\u0627\u0644\u0647\u0648\u0627\u0621 \u0627\u0644\u0645\u0636\u063a\u0648\u0637 \u0647\u0648 \u0646\u0648\u0639 \u0645\u0646 \u0627\u0644\u0635\u0645\u0627\u0645\u0627\u062a \u0627\u0644\u0645\u0635\u0645\u0645\u0629 \u0644\u0644\u062a\u062d\u0643\u0645 \u0641\u064a \u062a\u062f\u0641\u0642 \u0627\u0644\u0632\u064a\u062a \u0627\u0644\u0633\u0627\u062e\u0646 \u0623\u0648 \u0627\u0644\u0633\u0648\u0627\u0626\u0644 \u0627\u0644\u0633\u0627\u062e\u0646\u0629 \u0627\u0644\u0623\u062e\u0631\u0649. \u062a\u0633\u062a\u062e\u062f\u0645 \u0647\u0630\u0647 \u0627\u0644\u0635\u0645\u0627\u0645\u0627\u062a \u0628\u0634\u0643\u0644 \u0639\u0627\u0645 \u0641\u064a \u0627\u0644\u0628\u064a\u0626\u0627\u062a \u0627\u0644\u0635\u0646\u0627\u0639\u064a\u0629 \u0623\u0648 \u0627\u0644\u062a\u062c\u0627\u0631\u064a\u0629 \u062d\u064a\u062b \u062a\u0648\u062c\u062f \u062f\u0631\u062c\u0627\u062a \u062d\u0631\u0627\u0631\u0629 \u0648\u0636\u063a\u0648\u0637 \u0639\u0627\u0644\u064a\u0629 \u060c \u0645\u062b\u0644 \u0645\u062d\u0637\u0627\u062a \u0627\u0644\u0645\u0639\u0627\u0644\u062c\u0629 \u0623\u0648 \u0645\u062d\u0637\u0627\u062a \u0627\u0644\u0637\u0627\u0642\u0629. \u064a\u0645\u0643\u0646 \u0627\u0633\u062a\u062e\u062f\u0627\u0645 \u0635\u0645\u0627\u0645 \u0627\u0644\u0632\u064a\u062a \u0627\u0644\u0633\u0627\u062e\u0646 \u0641\u064a \u0645\u062c\u0645\u0648\u0639\u0629 \u0645\u062a\u0646\u0648\u0639\u0629 \u0645\u0646 \u0627\u0644\u062a\u0637\u0628\u064a\u0642\u0627\u062a \u0628\u0645\u0627 \u0641\u064a \u0630\u0644\u0643 \u0627\u0644\u062a\u062f\u0641\u0626\u0629 \u0648\u0627\u0644\u062a\u0628\u0631\u064a\u062f \u0648\u0627\u0644\u062a\u0634\u062d\u064a\u0645 \u0648\u0627\u0644\u062a\u062d\u0643\u0645 \u0641\u064a \u062f\u0631\u062c\u0629 \u0627\u0644\u062d\u0631\u0627\u0631\u0629. \u0628\u0634\u0643\u0644 \u0639\u0627\u0645 \u060c \u0641\u0647\u064a \u0645\u0635\u0646\u0648\u0639\u0629 \u0645\u0646 \u0645\u0648\u0627\u062f \u0645\u0642\u0627\u0648\u0645\u0629 \u0644\u062f\u0631\u062c\u0627\u062a \u0627\u0644\u062d\u0631\u0627\u0631\u0629 \u0627\u0644\u0645\u0631\u062a\u0641\u0639\u0629 \u0648\u064a\u0645\u0643\u0646 \u0623\u0646 \u062a\u062a\u062d\u0645\u0644 \u0622\u062b\u0627\u0631 \u0627\u0644\u062a\u0622\u0643\u0644 \u0644\u0644\u0632\u064a\u0648\u062a \u0627\u0644\u0633\u0627\u062e\u0646\u0629.<\/p>\n<h2><span class=\"ez-toc-section\" id=\"%D9%85%D8%A7_%D9%87%D9%88_%D8%B5%D9%85%D8%A7%D9%85_%D8%A7%D9%84%D8%AA%D8%AD%D9%83%D9%85%D8%9F\"><\/span><span style=\"font-size: 22px;\">\u0645\u0627 \u0647\u0648 \u0635\u0645\u0627\u0645 \u0627\u0644\u062a\u062d\u0643\u0645\u061f<\/span><span class=\"ez-toc-section-end\"><\/span><\/h2>\n<p>\u0635\u0645\u0627\u0645 \u0627\u0644\u062a\u062d\u0643\u0645\u061b \u0635\u0645\u0627\u0645 \u064a\u0633\u062a\u062e\u062f\u0645 \u0644\u0644\u062a\u062d\u0643\u0645 \u0641\u064a \u0627\u0644\u0633\u0648\u0627\u0626\u0644 \u0639\u0646 \u0637\u0631\u064a\u0642 \u062a\u063a\u064a\u064a\u0631 \u062d\u062c\u0645 \u0645\u0645\u0631 \u0627\u0644\u062a\u062f\u0641\u0642 \u0648\u0641\u0642\u064b\u0627 \u0644\u062a\u0648\u062c\u064a\u0647\u0627\u062a \u0645\u0646 \u0648\u062d\u062f\u0629 \u062a\u062d\u0643\u0645. \u062a\u0648\u0641\u0631 \u0635\u0645\u0627\u0645\u0627\u062a \u0627\u0644\u062a\u062d\u0643\u0645 \u0627\u0644\u0636\u063a\u0637 \u0648\u062f\u0631\u062c\u0629 \u0627\u0644\u062d\u0631\u0627\u0631\u0629 \u0648\u0627\u0644\u062a\u062f\u0641\u0642 \u0648\u0627\u0644\u062a\u062d\u0643\u0645 \u0641\u064a \u0627\u0644\u0645\u0633\u062a\u0648\u0649 \u0641\u064a \u062c\u0645\u064a\u0639 \u0627\u0644\u0639\u0645\u0644\u064a\u0627\u062a \u0627\u0644\u062a\u064a \u064a\u0648\u062c\u062f \u0641\u064a\u0647\u0627 \u0627\u0644\u0633\u0627\u0626\u0644. \u062a\u0633\u062a\u062e\u062f\u0645 \u0635\u0645\u0627\u0645\u0627\u062a \u0627\u0644\u062a\u062d\u0643\u0645 \u0641\u064a \u0627\u0644\u0645\u0627\u0621 \u0627\u0644\u0628\u0627\u0631\u062f \u0648\u0627\u0644\u0645\u0627\u0621 \u0627\u0644\u0633\u0627\u062e\u0646 \u0648\u0627\u0644\u0628\u062e\u0627\u0631 \u0648\u0627\u0644\u0645\u064a\u0627\u0647 \u0634\u062f\u064a\u062f\u0629 \u0627\u0644\u0633\u062e\u0648\u0646\u0629 \u0648\u0627\u0644\u0628\u062e\u0627\u0631 \u0648\u0627\u0644\u063a\u0627\u0632 \u0648\u0645\u0627 \u0625\u0644\u0649 \u0630\u0644\u0643 \u0627\u0644\u0646\u0627\u062a\u062c\u0629 \u0639\u0646 \u0627\u0633\u062a\u0647\u0644\u0627\u0643 \u0627\u0644\u0637\u0627\u0642\u0629 \u0641\u064a \u0627\u0644\u0645\u0624\u0633\u0633\u0627\u062a. \u064a\u0636\u0645\u0646 \u0625\u0645\u0643\u0627\u0646\u064a\u0629 \u0646\u0642\u0644 \u0627\u0644\u0633\u0648\u0627\u0626\u0644 \u0648\u0627\u0644\u062a\u062d\u0643\u0645 \u0641\u064a\u0647\u0627 \u062f\u0648\u0646 \u0623\u064a \u062e\u0633\u0627\u0631\u0629.<\/p>\n<h2><span class=\"ez-toc-section\" id=\"%D9%85%D8%A7_%D9%87%D9%88_%D9%85%D8%A8%D8%AF%D8%A3_%D8%A7%D9%84%D8%B9%D9%85%D9%84_%D8%A7%D9%84%D9%85%D8%AA%D9%82%D8%B7%D8%B9%D8%9F\"><\/span><span style=\"font-size: 22px;\">\u0645\u0627 \u0647\u0648 \u0645\u0628\u062f\u0623 \u0627\u0644\u0639\u0645\u0644 \u0627\u0644\u0645\u062a\u0642\u0637\u0639\u061f<\/span><span class=\"ez-toc-section-end\"><\/span><\/h2>\n<p>\u064a\u0634\u064a\u0631 \u0645\u0628\u062f\u0623 \u0627\u0644\u062a\u0634\u063a\u064a\u0644 &#8211; \u0627\u0644\u062a\u0634\u063a\u064a\u0644 \u0625\u0644\u0649 \u0646\u0638\u0627\u0645 \u0627\u0644\u062a\u062d\u0643\u0645 \u0627\u0644\u0630\u064a \u064a\u0643\u0648\u0646 \u0641\u064a\u0647 \u0627\u0644\u062c\u0647\u0627\u0632 \u0623\u0648 \u0627\u0644\u0646\u0638\u0627\u0645 \u0645\u0641\u062a\u0648\u062d\u064b\u0627 \u0628\u0627\u0644\u0643\u0627\u0645\u0644 \u0623\u0648 \u0645\u063a\u0644\u0642\u064b\u0627 \u0628\u0627\u0644\u0643\u0627\u0645\u0644 \u0628\u062f\u0648\u0646 \u0634\u0631\u0648\u0637 \u0648\u0633\u064a\u0637\u0629. \u063a\u0627\u0644\u0628\u064b\u0627 \u0645\u0627 \u064a\u0633\u062a\u062e\u062f\u0645 \u0647\u0630\u0627 \u0627\u0644\u0646\u0648\u0639 \u0645\u0646 \u0627\u0644\u062a\u062d\u0643\u0645 \u0641\u064a \u0627\u0644\u0623\u0646\u0638\u0645\u0629 \u0627\u0644\u0628\u0633\u064a\u0637\u0629 \u062d\u064a\u062b \u062a\u0648\u062c\u062f \u062d\u0627\u062c\u0629 \u0644\u062a\u0634\u063a\u064a\u0644 \u0623\u0648 \u0625\u064a\u0642\u0627\u0641 \u062a\u0634\u063a\u064a\u0644 \u062c\u0647\u0627\u0632 \u0623\u0648 \u0646\u0638\u0627\u0645 \u0628\u0646\u0627\u0621\u064b \u0639\u0644\u0649 \u062d\u0627\u0644\u0629 \u0623\u0648 \u0625\u062f\u062e\u0627\u0644 \u0645\u0639\u064a\u0646.<\/p>\n<p>\u0645\u062b\u0627\u0644 \u0639\u0644\u0649 \u0645\u0628\u062f\u0623 \u0627\u0644\u062a\u0634\u063a\u064a\u0644-\u0625\u064a\u0642\u0627\u0641 \u0627\u0644\u062a\u0634\u063a\u064a\u0644 \u0647\u0648 \u0645\u0646\u0638\u0645 \u0627\u0644\u062d\u0631\u0627\u0631\u0629 \u0627\u0644\u0630\u064a \u064a\u062a\u062d\u0643\u0645 \u0641\u064a \u0646\u0638\u0627\u0645 \u0627\u0644\u062a\u062f\u0641\u0626\u0629 \u0623\u0648 \u0627\u0644\u062a\u0628\u0631\u064a\u062f. \u0639\u0646\u062f\u0645\u0627 \u064a\u062a\u0645 \u0636\u0628\u0637 \u0645\u0646\u0638\u0645 \u0627\u0644\u062d\u0631\u0627\u0631\u0629 \u0639\u0644\u0649 \u062f\u0631\u062c\u0629 \u062d\u0631\u0627\u0631\u0629 \u0645\u0639\u064a\u0646\u0629 \u060c \u0641\u0625\u0646\u0647 \u064a\u0642\u0648\u0645 \u0628\u062a\u0634\u063a\u064a\u0644 \u0623\u0648 \u0625\u064a\u0642\u0627\u0641 \u062a\u0634\u063a\u064a\u0644 \u0627\u0644\u0646\u0638\u0627\u0645 \u062d\u0633\u0628 \u0627\u0644\u062d\u0627\u062c\u0629 \u0644\u0644\u062d\u0641\u0627\u0638 \u0639\u0644\u0649 \u062f\u0631\u062c\u0629 \u0627\u0644\u062d\u0631\u0627\u0631\u0629 \u0647\u0630\u0647. \u0625\u0630\u0627 \u0627\u0646\u062e\u0641\u0636\u062a \u062f\u0631\u062c\u0629 \u0627\u0644\u062d\u0631\u0627\u0631\u0629 \u0641\u064a \u0627\u0644\u063a\u0631\u0641\u0629 \u0639\u0646 \u0646\u0642\u0637\u0629 \u0627\u0644\u062a\u062d\u062f\u064a\u062f \u060c \u064a\u062a\u0645 \u062a\u0634\u063a\u064a\u0644 \u0646\u0638\u0627\u0645 \u0627\u0644\u062a\u062f\u0641\u0626\u0629 \u060c \u0648\u0625\u0630\u0627 \u0627\u0631\u062a\u0641\u0639\u062a \u062f\u0631\u062c\u0629 \u0627\u0644\u062d\u0631\u0627\u0631\u0629 \u0641\u0648\u0642 \u0646\u0642\u0637\u0629 \u0627\u0644\u062a\u062d\u062f\u064a\u062f \u060c \u064a\u062a\u0645 \u0625\u064a\u0642\u0627\u0641 \u062a\u0634\u063a\u064a\u0644 \u0646\u0638\u0627\u0645 \u0627\u0644\u062a\u062f\u0641\u0626\u0629.<\/p>\n<p>\u064a\u0633\u062a\u062e\u062f\u0645 \u0645\u0628\u062f\u0623 \u0627\u0644\u062a\u0634\u063a\u064a\u0644 &#8211; \u0625\u064a\u0642\u0627\u0641 \u0627\u0644\u062a\u0634\u063a\u064a\u0644 \u0628\u0634\u0643\u0644 \u0639\u0627\u0645 \u0641\u064a \u0623\u0646\u0638\u0645\u0629 \u0627\u0644\u062a\u062d\u0643\u0645 \u0627\u0644\u0628\u0633\u064a\u0637\u0629 \u062d\u064a\u062b \u064a\u0633\u0647\u0644 \u062a\u0646\u0641\u064a\u0630\u0647 \u0648\u0641\u0647\u0645\u0647 \u0646\u0633\u0628\u064a\u064b\u0627. \u0648\u0645\u0639 \u0630\u0644\u0643 \u060c \u0642\u062f \u064a\u0643\u0648\u0646 \u0623\u0642\u0644 \u062d\u0633\u0627\u0633\u064a\u0629 \u0645\u0646 \u0637\u0631\u0642 \u0627\u0644\u062a\u062d\u0643\u0645 \u0627\u0644\u0623\u062e\u0631\u0649 \u060c \u0644\u0623\u0646\u0647 \u0644\u0627 \u064a\u0633\u0645\u062d \u0628\u0636\u0628\u0637 \u062f\u0642\u064a\u0642 \u0623\u0648 \u062d\u0627\u0644\u0627\u062a \u0648\u0633\u064a\u0637\u0629.<\/p>\n<h2><span class=\"ez-toc-section\" id=\"%D8%A7%D9%84%D9%85%D9%84%D8%A7%D9%85%D8%AD_%D8%A7%D9%84%D8%B9%D8%A7%D9%85%D8%A9\"><\/span><span style=\"font-size: 22px;\">\u0627\u0644\u0645\u0644\u0627\u0645\u062d \u0627\u0644\u0639\u0627\u0645\u0629<\/span><span class=\"ez-toc-section-end\"><\/span><\/h2>\n<ul>\n<li><strong>\u0627\u0644\u0645\u0646\u062a\u062c:<\/strong> \u0635\u0645\u0627\u0645 \u0632\u064a\u062a \u0633\u0627\u062e\u0646 \u064a\u0639\u0645\u0644 \u0628\u0627\u0644\u0647\u0648\u0627\u0621 \u0627\u0644\u0645\u0636\u063a\u0648\u0637 \u0628\u062b\u0644\u0627\u062b \u0637\u0631\u0642 (\u0645\u0639 \u0625\u0636\u0627\u0641\u0629 \u0645\u0646\u0641\u0627\u062e \u0645\u0639\u062f\u0646\u064a)<\/li>\n<li><strong>\u0627\u0644\u0623\u0628\u0639\u0627\u062f:<\/strong> DN15 \/ DN20 \/ DN25 \/ DN32 \/ DN40 \/ DN50 \/ DN65 \/ DN80 \/ DN100<\/li>\n<li><strong>\u0645\u0646\u0637\u0642\u0629 \u0627\u0644\u0627\u0633\u062a\u062e\u062f\u0627\u0645:<\/strong> \u0628\u062e\u0627\u0631 \u0645\u0636\u063a\u0648\u0637 \u0648\u062e\u0637\u0648\u0637 \u0632\u064a\u062a \u0633\u0627\u062e\u0646<\/li>\n<li><strong>\u0645\u0639\u064a\u0627\u0631 \u0627\u0644\u0627\u062a\u0635\u0627\u0644:<\/strong> \u0627\u062a\u0635\u0627\u0644 \u0634\u0641\u0629 (DIN1092-2)<\/li>\n<li><strong>\u0627\u0644\u0648\u0638\u064a\u0641\u0629:<\/strong> \u0645\u0648\u0632\u0639 \u062e\u0644\u0627\u0637<\/li>\n<li><strong>\u0641\u0626\u0629 \u0627\u0644\u0636\u063a\u0637:<\/strong> PN25<\/li>\n<li><strong>\u0645\u0648\u0642\u0641 \u0627\u0644\u0623\u0645\u0627\u0646:<\/strong> \u0645\u063a\u0644\u0642 \u0639\u0627\u062f\u0629 &#8211; \u0645\u0641\u062a\u0648\u062d \u0639\u0627\u062f\u0629<\/li>\n<li><strong>\u0641\u0626\u0629 \u0627\u0644\u062e\u062a\u0645:<\/strong> CLASS IV \u0645\u0646 \u0627\u0644\u0645\u0639\u062f\u0646 \u0625\u0644\u0649 \u0627\u0644\u0645\u0639\u062f\u0646<\/li>\n<li><strong>\u0627\u0644\u0623\u0639\u0644\u0649. \u062f\u0631\u062c\u0629 \u062d\u0631\u0627\u0631\u0629 \u0627\u0644\u062a\u0634\u063a\u064a\u0644: <\/strong> 350 \u062f\u0631\u062c\u0629 \u0645\u0626\u0648\u064a\u0629<\/li>\n<li><strong>\u062e\u062a\u0645 \u0627\u0644\u0639\u0646\u0642<\/strong>: \u0641\u0626\u0629 VI &#8211; V \u062d\u0632\u0645\u0629 \u0645\u0639 \u0645\u0646\u0641\u0627\u062e \u0645\u0639\u062f\u0646\u064a<\/li>\n<li><strong>\u0627\u0644\u0633\u0645\u0629:<\/strong> \u062a\u0634\u063a\u064a\u0644 &#8211; \u0625\u064a\u0642\u0627\u0641<\/li>\n<\/ul>\n<h2><span class=\"ez-toc-section\" id=\"%D8%AE%D8%B5%D8%A7%D8%A6%D8%B5_%D8%A7%D9%84%D9%85%D9%88%D8%A7%D8%AF\"><\/span><span style=\"font-size: 22px;\">\u062e\u0635\u0627\u0626\u0635 \u0627\u0644\u0645\u0648\u0627\u062f<\/span><span class=\"ez-toc-section-end\"><\/span><\/h2>\n<ul>\n<li><strong>\u0627\u0644\u062c\u0633\u0645:<\/strong> GGG &#8211; 40.3 \u062d\u062f\u064a\u062f \u0627\u0644\u062f\u0643\u062a\u0627\u064a\u0644<\/li>\n<li><strong>\u0627\u0644\u063a\u0637\u0627\u0621:<\/strong> GGG &#8211; 40.3 \u062d\u062f\u064a\u062f \u0627\u0644\u062f\u0643\u062a\u0627\u064a\u0644<\/li>\n<li><strong>\u0645\u0648\u0635\u0644 \u0627\u0644\u0639\u0646\u0642:<\/strong> ST44-3 (S275J0)<\/li>\n<li><strong>\u0627\u0644\u0645\u0642\u0639\u062f:<\/strong> 1.4571 \u0641\u0648\u0644\u0627\u0630 \u0645\u0642\u0627\u0648\u0645 \u0644\u0644\u0635\u062f\u0623 (AISI316)<\/li>\n<\/ul>\n<h3><span class=\"ez-toc-section\" id=\"%D9%85%D9%8F%D9%83%D9%8E%D9%85%D9%90%D9%91%D9%84%D8%A7%D8%AA\"><\/span><span style=\"font-size: 20px;\">\u0645\u064f\u0643\u064e\u0645\u0651\u0650\u0644\u0627\u062a<\/span><span class=\"ez-toc-section-end\"><\/span><\/h3>\n<p><em>\u0627\u0637\u0644\u0628 \u0625\u0636\u0627\u0641\u0629 \u0645\u0631\u0628\u0639 \u0627\u0644\u062a\u0628\u062f\u064a\u0644 \u0627\u0644\u0645\u062d\u062f\u0648\u062f ..<\/em><\/p>\n<p><em>\u0627\u0637\u0644\u0628 \u0627\u0644\u062a\u062d\u0643\u0645 \u0627\u0644\u064a\u062f\u0648\u064a.<\/em><\/p>\n<p><em>\u0645\u0627\u062f\u0629 \u0627\u0644\u062c\u0633\u0645 DN100 \u060c DN125 \u060c DN150 \u0647\u064a \u0645\u0646 \u0627\u0644\u062d\u062f\u064a\u062f \u0627\u0644\u0632\u0647\u0631 PN16 ..<\/em><\/p>\n<p><em>\u0627\u0633\u0623\u0644 \u0639\u0646 \u0645\u0648\u0627\u062f \u0645\u062e\u062a\u0644\u0641\u0629 \u0644\u0644\u062c\u0633\u0645 ..<\/em><\/p>\n","protected":false},"excerpt":{"rendered":"<p><a href=\"https:\/\/unox.com.tr\/wp-content\/uploads\/2023\/01\/3-Yollu-Pnomatik-On-Off-Kizgin-Yag-Vanasi-33613.pdf\" target=\"_blank\" rel=\"noopener\"><button style=\"background-color: #11224b; color: #ffffff; padding: 10px 15px; font-family: montserrat; font-weight: bold; font-size: 19px; border-radius: 10px;\"><img decoding=\"async\" style=\"width: 25px; height: 25px;\" src=\"https:\/\/unox.com.tr\/wp-content\/uploads\/2023\/02\/pdf-1.png\">\u0643\u062a\u0627\u0644\u0648\u062c \u0627\u0644\u0645\u0646\u062a\u062c<\/button><\/a><\/p>\n<p><button style=\"background-color: #11224b; margin-top: 5px; color: white; padding: 0px 15px; width: 150px; height: 55px; border-radius: 10px; border: none; cursor: pointer;\"><br \/>\n<img decoding=\"async\" style=\"width: 120px; height: 30px;\" src=\"https:\/\/unox.com.tr\/wp-content\/uploads\/2023\/02\/4-1.svg\"><\/button><\/p>\n","protected":false},"featured_media":34031,"comment_status":"open","ping_status":"closed","template":"","meta":{"_joinchat":[]},"product_brand":[],"product_cat":[1658,1052,1055],"product_tag":[],"class_list":{"0":"post-51167","1":"product","2":"type-product","3":"status-publish","4":"has-post-thumbnail","6":"product_cat-1658","7":"product_cat-1052","8":"product_cat-1055","10":"first","11":"instock","12":"shipping-taxable","13":"product-type-simple"},"_links":{"self":[{"href":"https:\/\/unox.com.tr\/ar\/wp-json\/wp\/v2\/product\/51167","targetHints":{"allow":["GET"]}}],"collection":[{"href":"https:\/\/unox.com.tr\/ar\/wp-json\/wp\/v2\/product"}],"about":[{"href":"https:\/\/unox.com.tr\/ar\/wp-json\/wp\/v2\/types\/product"}],"replies":[{"embeddable":true,"href":"https:\/\/unox.com.tr\/ar\/wp-json\/wp\/v2\/comments?post=51167"}],"version-history":[{"count":0,"href":"https:\/\/unox.com.tr\/ar\/wp-json\/wp\/v2\/product\/51167\/revisions"}],"wp:featuredmedia":[{"embeddable":true,"href":"https:\/\/unox.com.tr\/ar\/wp-json\/wp\/v2\/media\/34031"}],"wp:attachment":[{"href":"https:\/\/unox.com.tr\/ar\/wp-json\/wp\/v2\/media?parent=51167"}],"wp:term":[{"taxonomy":"product_brand","embeddable":true,"href":"https:\/\/unox.com.tr\/ar\/wp-json\/wp\/v2\/product_brand?post=51167"},{"taxonomy":"product_cat","embeddable":true,"href":"https:\/\/unox.com.tr\/ar\/wp-json\/wp\/v2\/product_cat?post=51167"},{"taxonomy":"product_tag","embeddable":true,"href":"https:\/\/unox.com.tr\/ar\/wp-json\/wp\/v2\/product_tag?post=51167"}],"curies":[{"name":"wp","href":"https:\/\/api.w.org\/{rel}","templated":true}]}}