{"id":54296,"date":"2023-03-14T16:57:47","date_gmt":"2023-03-14T13:57:47","guid":{"rendered":"https:\/\/unox.com.tr\/urun\/%d8%aa%d9%81%d9%83%d9%8a%d9%83-%d8%a7%d9%84%d9%85%d9%81%d8%b5%d9%84\/"},"modified":"2023-03-14T16:57:47","modified_gmt":"2023-03-14T13:57:47","slug":"%d8%aa%d9%81%d9%83%d9%8a%d9%83-%d8%a7%d9%84%d9%85%d9%81%d8%b5%d9%84","status":"publish","type":"product","link":"https:\/\/unox.com.tr\/ar\/%d8%aa%d9%81%d9%83%d9%8a%d9%83-%d8%a7%d9%84%d9%85%d9%81%d8%b5%d9%84\/","title":{"rendered":"\u062a\u0641\u0643\u064a\u0643 \u0627\u0644\u0645\u0641\u0635\u0644"},"content":{"rendered":"<div id=\"ez-toc-container\" class=\"ez-toc-v2_0_82_2 counter-hierarchy ez-toc-counter ez-toc-grey ez-toc-container-direction\">\n<div class=\"ez-toc-title-container\">\n<p class=\"ez-toc-title\" style=\"cursor:inherit\">Sayfa \u0130\u00e7eri\u011fi<\/p>\n<span class=\"ez-toc-title-toggle\"><a href=\"#\" class=\"ez-toc-pull-right ez-toc-btn ez-toc-btn-xs ez-toc-btn-default ez-toc-toggle\" aria-label=\"Toggle Table of Content\"><span class=\"ez-toc-js-icon-con\"><span class=\"\"><span class=\"eztoc-hide\" style=\"display:none;\">Toggle<\/span><span class=\"ez-toc-icon-toggle-span\"><svg style=\"fill: #999;color:#999\" xmlns=\"http:\/\/www.w3.org\/2000\/svg\" class=\"list-377408\" width=\"20px\" height=\"20px\" viewBox=\"0 0 24 24\" fill=\"none\"><path d=\"M6 6H4v2h2V6zm14 0H8v2h12V6zM4 11h2v2H4v-2zm16 0H8v2h12v-2zM4 16h2v2H4v-2zm16 0H8v2h12v-2z\" fill=\"currentColor\"><\/path><\/svg><svg style=\"fill: #999;color:#999\" class=\"arrow-unsorted-368013\" xmlns=\"http:\/\/www.w3.org\/2000\/svg\" width=\"10px\" height=\"10px\" viewBox=\"0 0 24 24\" version=\"1.2\" baseProfile=\"tiny\"><path d=\"M18.2 9.3l-6.2-6.3-6.2 6.3c-.2.2-.3.4-.3.7s.1.5.3.7c.2.2.4.3.7.3h11c.3 0 .5-.1.7-.3.2-.2.3-.5.3-.7s-.1-.5-.3-.7zM5.8 14.7l6.2 6.3 6.2-6.3c.2-.2.3-.5.3-.7s-.1-.5-.3-.7c-.2-.2-.4-.3-.7-.3h-11c-.3 0-.5.1-.7.3-.2.2-.3.5-.3.7s.1.5.3.7z\"\/><\/svg><\/span><\/span><\/span><\/a><\/span><\/div>\n<nav><ul class='ez-toc-list ez-toc-list-level-1 ' ><li class='ez-toc-page-1 ez-toc-heading-level-2'><a class=\"ez-toc-link ez-toc-heading-1\" href=\"https:\/\/unox.com.tr\/ar\/%d8%aa%d9%81%d9%83%d9%8a%d9%83-%d8%a7%d9%84%d9%85%d9%81%d8%b5%d9%84\/#%D8%AA%D9%81%D9%83%D9%8A%D9%83_%D8%A7%D9%84%D9%85%D9%81%D8%B5%D9%84\" >\u062a\u0641\u0643\u064a\u0643 \u0627\u0644\u0645\u0641\u0635\u0644<\/a><\/li><li class='ez-toc-page-1 ez-toc-heading-level-2'><a class=\"ez-toc-link ez-toc-heading-2\" href=\"https:\/\/unox.com.tr\/ar\/%d8%aa%d9%81%d9%83%d9%8a%d9%83-%d8%a7%d9%84%d9%85%d9%81%d8%b5%d9%84\/#%D9%85%D9%88%D8%A7%D8%B5%D9%81%D8%A7%D8%AA_%D8%A7%D9%84%D9%85%D9%86%D8%AA%D8%AC\" >\u0645\u0648\u0627\u0635\u0641\u0627\u062a \u0627\u0644\u0645\u0646\u062a\u062c<\/a><\/li><\/ul><\/nav><\/div>\n<h2><span class=\"ez-toc-section\" id=\"%D8%AA%D9%81%D9%83%D9%8A%D9%83_%D8%A7%D9%84%D9%85%D9%81%D8%B5%D9%84\"><\/span>\u062a\u0641\u0643\u064a\u0643 \u0627\u0644\u0645\u0641\u0635\u0644<span class=\"ez-toc-section-end\"><\/span><\/h2>\n<h2><span class=\"ez-toc-section\" id=\"%D9%85%D9%88%D8%A7%D8%B5%D9%81%D8%A7%D8%AA_%D8%A7%D9%84%D9%85%D9%86%D8%AA%D8%AC\"><\/span>\u0645\u0648\u0627\u0635\u0641\u0627\u062a \u0627\u0644\u0645\u0646\u062a\u062c<span class=\"ez-toc-section-end\"><\/span><\/h2>\n<ul>\n<li><strong>\u0634\u0641\u0629:<\/strong> \u0641\u0648\u0644\u0627\u0630 S235JR<\/li>\n<li><strong>\u062d\u0644\u0642\u0629 \u0627\u0644\u062e\u062a\u0645:<\/strong> EPDM<\/li>\n<li><strong>\u0645\u0633\u0645\u0627\u0631:<\/strong> \u0627\u0644\u0635\u0644\u0628 \u0627\u0644\u0645\u062c\u0644\u0641\u0646<\/li>\n<li><strong>\u0627\u0644\u0628\u0646\u062f\u0642:<\/strong> \u0627\u0644\u0635\u0644\u0628 \u0627\u0644\u0645\u062c\u0644\u0641\u0646<\/li>\n<li><strong>\u0627\u0644\u0627\u062a\u0635\u0627\u0644:<\/strong> EN1092-2<\/li>\n<\/ul>\n<p>&nbsp;<\/p>\n","protected":false},"excerpt":{"rendered":"<p><button style=\"background-color: #11224b; color: #ffffff; padding: 10px 15px; font-family: montserrat; font-weight: bold; font-size: 19px; border-radius: 10px;\"><img decoding=\"async\" style=\"width: 25px; height: 25px;\" src=\"https:\/\/unox.com.tr\/wp-content\/uploads\/2023\/02\/pdf-1.png\">\u0643\u062a\u0627\u0644\u0648\u062c \u0627\u0644\u0645\u0646\u062a\u062c<\/button><\/p>\n<p><button style=\"background-color: #11224b; margin-top: 5px; color: white; padding: 0px 15px; width: 150px; height: 55px; border-radius: 10px; border: none; cursor: default;\"><br \/>\n<img decoding=\"async\" style=\"width: 120px; height: 30px;\" src=\"https:\/\/unox.com.tr\/wp-content\/uploads\/2023\/02\/4-1.svg\"><\/button><\/p>\n","protected":false},"featured_media":53678,"comment_status":"open","ping_status":"closed","template":"","meta":[],"product_brand":[],"product_cat":[1126],"product_tag":[],"class_list":{"0":"post-54296","1":"product","2":"type-product","3":"status-publish","4":"has-post-thumbnail","6":"product_cat-1126","8":"first","9":"instock","10":"shipping-taxable","11":"product-type-simple"},"_links":{"self":[{"href":"https:\/\/unox.com.tr\/ar\/wp-json\/wp\/v2\/product\/54296","targetHints":{"allow":["GET"]}}],"collection":[{"href":"https:\/\/unox.com.tr\/ar\/wp-json\/wp\/v2\/product"}],"about":[{"href":"https:\/\/unox.com.tr\/ar\/wp-json\/wp\/v2\/types\/product"}],"replies":[{"embeddable":true,"href":"https:\/\/unox.com.tr\/ar\/wp-json\/wp\/v2\/comments?post=54296"}],"version-history":[{"count":0,"href":"https:\/\/unox.com.tr\/ar\/wp-json\/wp\/v2\/product\/54296\/revisions"}],"wp:featuredmedia":[{"embeddable":true,"href":"https:\/\/unox.com.tr\/ar\/wp-json\/wp\/v2\/media\/53678"}],"wp:attachment":[{"href":"https:\/\/unox.com.tr\/ar\/wp-json\/wp\/v2\/media?parent=54296"}],"wp:term":[{"taxonomy":"product_brand","embeddable":true,"href":"https:\/\/unox.com.tr\/ar\/wp-json\/wp\/v2\/product_brand?post=54296"},{"taxonomy":"product_cat","embeddable":true,"href":"https:\/\/unox.com.tr\/ar\/wp-json\/wp\/v2\/product_cat?post=54296"},{"taxonomy":"product_tag","embeddable":true,"href":"https:\/\/unox.com.tr\/ar\/wp-json\/wp\/v2\/product_tag?post=54296"}],"curies":[{"name":"wp","href":"https:\/\/api.w.org\/{rel}","templated":true}]}}