{"id":35585,"date":"2022-07-04T13:53:25","date_gmt":"2022-07-04T13:53:25","guid":{"rendered":"https:\/\/www.unox.com.tr\/institutionell\/"},"modified":"2023-03-23T16:14:16","modified_gmt":"2023-03-23T13:14:16","slug":"institutionell","status":"publish","type":"page","link":"https:\/\/unox.com.tr\/de\/institutionell\/","title":{"rendered":"Institutionell"},"content":{"rendered":"\n<p>Wir setzen uns daf\u00fcr ein, unsere Marke und unsere Produkte zu verbessern, ohne einen Moment innezuhalten. Wir haben eine innovative Organisation, die mit unserer kundenorientierten Strategie immer nach vorne zielt, um unsere Wettbewerbsposition gegen\u00fcber unseren Wettbewerbern auszubauen. Wir planen, den Mehrwert, den wir unseren Stakeholdern bieten, kontinuierlich zu steigern, indem wir qualitativ hochwertige, innovative und unterschiedliche Produkte entwickeln und weiterhin ein Mitspracherecht in der Branche haben. Mit unseren Lieferanten, die wir als langfristige Gesch\u00e4ftspartner sehen, unseren Endverbraucherkunden, sogar unseren Freunden in der Produktion, tr\u00e4umen wir von einer Organisation, in der alle Beteiligten dieser Organisation im Rahmen ethischer Regeln gegenseitig vertrauen, und zwar alle ist zufrieden, und daf\u00fcr arbeiten wir. Als Marke UNOX legen wir Wert auf Marketingstudien und vergeben hohe Budgets, um den Kunden in allen Bereichen schnell und effektiv zu erreichen. Wir k\u00f6nnen sofort auf Probleme reagieren und jede Art von Unterst\u00fctzung vor und nach dem Verkauf unseres Produkts leisten. Als Marke UNOX haben wir es uns zur Aufgabe gemacht, eine kundenorientierte Marke zu sein, daher besteht unsere Hauptstrategie darin, die Wertsch\u00e4tzung unserer Kunden zu gewinnen und mit selbstbewussten Schritten weiterzugehen, ohne unsere Qualit\u00e4t in irgendeiner Weise zu beeintr\u00e4chtigen.<\/p>\n","protected":false},"excerpt":{"rendered":"<p>Wir setzen uns daf\u00fcr ein, unsere Marke und unsere Produkte zu verbessern, ohne einen Moment innezuhalten. Wir haben eine innovative<\/p>\n","protected":false},"author":1,"featured_media":0,"parent":0,"menu_order":0,"comment_status":"closed","ping_status":"closed","template":"","meta":{"footnotes":""},"class_list":["post-35585","page","type-page","status-publish","hentry"],"_links":{"self":[{"href":"https:\/\/unox.com.tr\/de\/wp-json\/wp\/v2\/pages\/35585","targetHints":{"allow":["GET"]}}],"collection":[{"href":"https:\/\/unox.com.tr\/de\/wp-json\/wp\/v2\/pages"}],"about":[{"href":"https:\/\/unox.com.tr\/de\/wp-json\/wp\/v2\/types\/page"}],"author":[{"embeddable":true,"href":"https:\/\/unox.com.tr\/de\/wp-json\/wp\/v2\/users\/1"}],"replies":[{"embeddable":true,"href":"https:\/\/unox.com.tr\/de\/wp-json\/wp\/v2\/comments?post=35585"}],"version-history":[{"count":0,"href":"https:\/\/unox.com.tr\/de\/wp-json\/wp\/v2\/pages\/35585\/revisions"}],"wp:attachment":[{"href":"https:\/\/unox.com.tr\/de\/wp-json\/wp\/v2\/media?parent=35585"}],"curies":[{"name":"wp","href":"https:\/\/api.w.org\/{rel}","templated":true}]}}