{"id":53978,"date":"2022-02-10T12:37:42","date_gmt":"2022-02-10T09:37:42","guid":{"rendered":"https:\/\/unox.com.tr\/2021-isk-sodex-messe\/"},"modified":"2023-03-23T15:26:01","modified_gmt":"2023-03-23T12:26:01","slug":"2021-isk-sodex-messe","status":"publish","type":"page","link":"https:\/\/unox.com.tr\/de\/messen\/2021-isk-sodex-messe\/","title":{"rendered":"2021 ISK-SODEX Messe"},"content":{"rendered":"\t\t<div data-elementor-type=\"wp-page\" data-elementor-id=\"53978\" class=\"elementor elementor-53978 elementor-9195\">\n\t\t\t\t\t\t<section class=\"wd-negative-gap elementor-section elementor-top-section elementor-element elementor-element-12846a3 elementor-section-boxed elementor-section-height-default elementor-section-height-default\" data-id=\"12846a3\" data-element_type=\"section\" data-e-type=\"section\">\n\t\t\t\t\t\t<div class=\"elementor-container elementor-column-gap-default\">\n\t\t\t\t\t<div class=\"elementor-column elementor-col-100 elementor-top-column elementor-element elementor-element-74bfa99\" data-id=\"74bfa99\" data-element_type=\"column\" data-e-type=\"column\">\n\t\t\t<div class=\"elementor-widget-wrap elementor-element-populated\">\n\t\t\t\t\t\t<div class=\"elementor-element elementor-element-e4af770 elementor-widget elementor-widget-heading\" data-id=\"e4af770\" data-element_type=\"widget\" data-e-type=\"widget\" data-widget_type=\"heading.default\">\n\t\t\t\t<div class=\"elementor-widget-container\">\n\t\t\t\t\t<h2 class=\"elementor-heading-title elementor-size-default\">UNOX VALVE IST AUF DER ISK-SODEX MESSE 2021!<\/h2>\t\t\t\t<\/div>\n\t\t\t\t<\/div>\n\t\t\t\t\t<\/div>\n\t\t<\/div>\n\t\t\t\t\t<\/div>\n\t\t<\/section>\n\t\t\t\t<section class=\"wd-negative-gap elementor-section elementor-top-section elementor-element elementor-element-8dc88eb elementor-section-boxed elementor-section-height-default elementor-section-height-default\" data-id=\"8dc88eb\" data-element_type=\"section\" data-e-type=\"section\">\n\t\t\t\t\t\t<div class=\"elementor-container elementor-column-gap-default\">\n\t\t\t\t\t<div class=\"elementor-column elementor-col-100 elementor-top-column elementor-element elementor-element-4f081be\" data-id=\"4f081be\" data-element_type=\"column\" data-e-type=\"column\">\n\t\t\t<div class=\"elementor-widget-wrap elementor-element-populated\">\n\t\t\t\t\t\t<div class=\"elementor-element elementor-element-cfa0a61 color-scheme-inherit text-left elementor-widget elementor-widget-text-editor\" data-id=\"cfa0a61\" data-element_type=\"widget\" data-e-type=\"widget\" data-widget_type=\"text-editor.default\">\n\t\t\t\t<div class=\"elementor-widget-container\">\n\t\t\t\t\t\t\t\t\t<p><strong>Wir haben dieses Jahr auch an der ISK-SODEX-Messe teilgenommen. Zusammen mit den L\u00f6sungen, die wir im industriellen Bereich hergestellt haben, nahmen wir an unserem Stand Platz.<\/strong><\/p>\n<p>Die ISK-SODEX-Messe ist eine Veranstaltung, die zu den Themen HVAC&amp;R, Isolierung, Pumpen, Ventile, Sanit\u00e4r, Wasseraufbereitung, Feuer, Pool und Solarenergiesysteme organisiert wird. Die ISK-SODEX-Messe, eine der f\u00fchrenden Messen ihrer Branche, fand 2021 unter Beteiligung vieler Unternehmen im T\u00dcYAP CONGRESS and EXHIBITION CENTER statt.<\/p>\n<p>UNOX VALF nahm mit seinen Industriel\u00f6sungen und seinen gut ausgestatteten Ingenieuren an seinen St\u00e4nden Platz. Die wertvollen Ingenieure und das Verkaufsteam des UNOX VALF-Standes, der aus vielen Produktgruppen besteht, begr\u00fc\u00dften die Kunden, die den Stand mit gro\u00dfem Interesse besuchten.<\/p>\n\t\t\t\t\t\t\t\t<\/div>\n\t\t\t\t<\/div>\n\t\t\t\t\t<\/div>\n\t\t<\/div>\n\t\t\t\t\t<\/div>\n\t\t<\/section>\n\t\t\t\t<section class=\"wd-negative-gap elementor-section elementor-top-section elementor-element elementor-element-6ce44f6 elementor-section-boxed elementor-section-height-default elementor-section-height-default\" data-id=\"6ce44f6\" data-element_type=\"section\" data-e-type=\"section\">\n\t\t\t\t\t\t<div class=\"elementor-container elementor-column-gap-default\">\n\t\t\t\t\t<div class=\"elementor-column elementor-col-100 elementor-top-column elementor-element elementor-element-3b73000\" data-id=\"3b73000\" data-element_type=\"column\" data-e-type=\"column\">\n\t\t\t<div class=\"elementor-widget-wrap elementor-element-populated\">\n\t\t\t\t\t\t<div class=\"elementor-element elementor-element-45f37c2 elementor-widget elementor-widget-image\" data-id=\"45f37c2\" data-element_type=\"widget\" data-e-type=\"widget\" data-widget_type=\"image.default\">\n\t\t\t\t<div class=\"elementor-widget-container\">\n\t\t\t\t\t\t\t\t\t\t\t\t\t\t\t<img decoding=\"async\" width=\"1024\" height=\"678\" src=\"https:\/\/unox.com.tr\/wp-content\/themes\/woodmart\/images\/lazy.svg\" data-src=\"https:\/\/unox.com.tr\/wp-content\/uploads\/2022\/02\/DSC_0606-1024x678.jpg\" class=\"attachment-large size-large wp-image-29927\" alt=\"\" srcset=\"\" data-srcset=\"https:\/\/unox.com.tr\/wp-content\/uploads\/2022\/02\/DSC_0606-1024x678.jpg 1024w, https:\/\/unox.com.tr\/wp-content\/uploads\/2022\/02\/DSC_0606-scaled-150x99.jpg 150w, https:\/\/unox.com.tr\/wp-content\/uploads\/2022\/02\/DSC_0606-600x397.jpg 600w, https:\/\/unox.com.tr\/wp-content\/uploads\/2022\/02\/DSC_0606-300x199.jpg 300w, https:\/\/unox.com.tr\/wp-content\/uploads\/2022\/02\/DSC_0606-768x509.jpg 768w, https:\/\/unox.com.tr\/wp-content\/uploads\/2022\/02\/DSC_0606-1536x1017.jpg 1536w, https:\/\/unox.com.tr\/wp-content\/uploads\/2022\/02\/DSC_0606-2048x1356.jpg 2048w, https:\/\/unox.com.tr\/wp-content\/uploads\/2022\/02\/DSC_0606-640x424.jpg 640w, https:\/\/unox.com.tr\/wp-content\/uploads\/2022\/02\/DSC_0606-400x265.jpg 400w, https:\/\/unox.com.tr\/wp-content\/uploads\/2022\/02\/DSC_0606-367x243.jpg 367w\" sizes=\"(max-width: 1024px) 100vw, 1024px\" title=\"\">\t\t\t\t\t\t\t\t\t\t\t\t\t\t\t<\/div>\n\t\t\t\t<\/div>\n\t\t\t\t\t<\/div>\n\t\t<\/div>\n\t\t\t\t\t<\/div>\n\t\t<\/section>\n\t\t\t\t<section class=\"wd-negative-gap elementor-section elementor-top-section elementor-element elementor-element-630d52b elementor-section-boxed elementor-section-height-default elementor-section-height-default\" data-id=\"630d52b\" data-element_type=\"section\" data-e-type=\"section\">\n\t\t\t\t\t\t<div class=\"elementor-container elementor-column-gap-default\">\n\t\t\t\t\t<div class=\"elementor-column elementor-col-100 elementor-top-column elementor-element elementor-element-ec40ef0\" data-id=\"ec40ef0\" data-element_type=\"column\" data-e-type=\"column\">\n\t\t\t<div class=\"elementor-widget-wrap elementor-element-populated\">\n\t\t\t\t\t\t<div class=\"elementor-element elementor-element-cb3f4e8 color-scheme-inherit text-left elementor-widget elementor-widget-text-editor\" data-id=\"cb3f4e8\" data-element_type=\"widget\" data-e-type=\"widget\" data-widget_type=\"text-editor.default\">\n\t\t\t\t<div class=\"elementor-widget-container\">\n\t\t\t\t\t\t\t\t\t<p style=\"letter-spacing: normal;\">Der von vielen Kunden aus der T\u00fcrkei und dem Ausland besuchte Stand stie\u00df auf gro\u00dfes Interesse an der Suche nach L\u00f6sungen f\u00fcr die Bed\u00fcrfnisse und Probleme der Kunden . Regelventile, Kondensatableiter, Stellantriebe und Magnetventile in den Hauptproduktgruppen trugen wesentlich dazu bei, L\u00f6sungspartner f\u00fcr Kundenprobleme zu werden.<\/p>\n<p style=\"letter-spacing: normal;\">W\u00e4hrend der Messe wurde der UNOX VALF-Werbefilm auf seinem Stand gezeigt, damit die G\u00e4ste, die den Stand besuchen, ihre Arbeit besser sehen k\u00f6nnen. <span style=\"color: var( --e-global-color-text ); font-family: var( --e-global-typography-text-font-family ), Open Sans; font-weight: var( --e-global-typography-text-font-weight ); letter-spacing: 0px;\">Produktkatalog und Werbebrosch\u00fcre. Der Stand von UNOX VALF hat seine Besucher mit dem aufrichtigen Interesse und den Leckereien, die er den G\u00e4sten zeigte, auf die beste Weise empfangen. <\/span><\/p>\n<p style=\"letter-spacing: normal;\">\n<p style=\"letter-spacing: normal;\"><span style=\"font-weight: bold;\">UNOX VALVE \u2013 EIN FREUNDLICHES DANKESCH\u00d6N<\/span><\/p>\n<p style=\"letter-spacing: normal;\">Wir waren sehr stolz und gl\u00fccklich, gemeinsam mit Ihnen auf der ISK-SOX-Messe, einer der gr\u00f6\u00dften Organisationen im Industriesektor, zu sein.<\/p>\n<p style=\"letter-spacing: normal;\">Wir m\u00f6chten uns bei Ihnen, unseren gesch\u00e4tzten Besuchern, bedanken, die uns an unserem Stand besucht, sich f\u00fcr unsere Produkte interessiert, unseren Branchenaktivit\u00e4ten zugeh\u00f6rt und unsere Begeisterung mit uns geteilt haben.<\/p>\n<p style=\"letter-spacing: normal;\">Hoffe auf ein Wiedersehen auf der n\u00e4chsten ISK-SODEX Messe&#8230;<\/p>\n\t\t\t\t\t\t\t\t<\/div>\n\t\t\t\t<\/div>\n\t\t\t\t\t<\/div>\n\t\t<\/div>\n\t\t\t\t\t<\/div>\n\t\t<\/section>\n\t\t\t\t<\/div>\n\t\t","protected":false},"excerpt":{"rendered":"<p>UNOX VALVE IST AUF DER ISK-SODEX MESSE 2021! Wir haben dieses Jahr auch an der ISK-SODEX-Messe teilgenommen. Zusammen mit den<\/p>\n","protected":false},"author":1,"featured_media":0,"parent":53984,"menu_order":0,"comment_status":"closed","ping_status":"closed","template":"","meta":{"footnotes":""},"class_list":["post-53978","page","type-page","status-publish","hentry"],"_links":{"self":[{"href":"https:\/\/unox.com.tr\/de\/wp-json\/wp\/v2\/pages\/53978","targetHints":{"allow":["GET"]}}],"collection":[{"href":"https:\/\/unox.com.tr\/de\/wp-json\/wp\/v2\/pages"}],"about":[{"href":"https:\/\/unox.com.tr\/de\/wp-json\/wp\/v2\/types\/page"}],"author":[{"embeddable":true,"href":"https:\/\/unox.com.tr\/de\/wp-json\/wp\/v2\/users\/1"}],"replies":[{"embeddable":true,"href":"https:\/\/unox.com.tr\/de\/wp-json\/wp\/v2\/comments?post=53978"}],"version-history":[{"count":0,"href":"https:\/\/unox.com.tr\/de\/wp-json\/wp\/v2\/pages\/53978\/revisions"}],"up":[{"embeddable":true,"href":"https:\/\/unox.com.tr\/de\/wp-json\/wp\/v2\/pages\/53984"}],"wp:attachment":[{"href":"https:\/\/unox.com.tr\/de\/wp-json\/wp\/v2\/media?parent=53978"}],"curies":[{"name":"wp","href":"https:\/\/api.w.org\/{rel}","templated":true}]}}