{"id":53986,"date":"2022-12-05T13:57:13","date_gmt":"2022-12-05T10:57:13","guid":{"rendered":"https:\/\/unox.com.tr\/messen\/valve-world-expo\/"},"modified":"2023-03-23T15:49:11","modified_gmt":"2023-03-23T12:49:11","slug":"valve-world-expo","status":"publish","type":"page","link":"https:\/\/unox.com.tr\/de\/messen\/valve-world-expo\/","title":{"rendered":"VALVE WORLD EXPO"},"content":{"rendered":"\t\t<div data-elementor-type=\"wp-page\" data-elementor-id=\"53986\" class=\"elementor elementor-53986 elementor-37476\">\n\t\t\t\t\t\t<section class=\"wd-negative-gap elementor-section elementor-top-section elementor-element elementor-element-b0430f0 elementor-section-boxed elementor-section-height-default elementor-section-height-default\" data-id=\"b0430f0\" data-element_type=\"section\" data-e-type=\"section\">\n\t\t\t\t\t\t<div class=\"elementor-container elementor-column-gap-default\">\n\t\t\t\t\t<div class=\"elementor-column elementor-col-100 elementor-top-column elementor-element elementor-element-a74f6d0\" data-id=\"a74f6d0\" data-element_type=\"column\" data-e-type=\"column\">\n\t\t\t<div class=\"elementor-widget-wrap elementor-element-populated\">\n\t\t\t\t\t\t<div class=\"elementor-element elementor-element-1dfd1bd elementor-widget elementor-widget-heading\" data-id=\"1dfd1bd\" data-element_type=\"widget\" data-e-type=\"widget\" data-widget_type=\"heading.default\">\n\t\t\t\t<div class=\"elementor-widget-container\">\n\t\t\t\t\t<h2 class=\"elementor-heading-title elementor-size-default\">UNOX VALF IST AUF DER VALVE WORLD EXPO 2022!<\/h2>\t\t\t\t<\/div>\n\t\t\t\t<\/div>\n\t\t\t\t\t<\/div>\n\t\t<\/div>\n\t\t\t\t\t<\/div>\n\t\t<\/section>\n\t\t\t\t<section class=\"wd-negative-gap elementor-section elementor-top-section elementor-element elementor-element-41d3761 elementor-section-boxed elementor-section-height-default elementor-section-height-default\" data-id=\"41d3761\" data-element_type=\"section\" data-e-type=\"section\">\n\t\t\t\t\t\t<div class=\"elementor-container elementor-column-gap-default\">\n\t\t\t\t\t<div class=\"elementor-column elementor-col-100 elementor-top-column elementor-element elementor-element-ba3699c\" data-id=\"ba3699c\" data-element_type=\"column\" data-e-type=\"column\">\n\t\t\t<div class=\"elementor-widget-wrap elementor-element-populated\">\n\t\t\t\t\t\t<div class=\"elementor-element elementor-element-e5a9d73 color-scheme-inherit text-left elementor-widget elementor-widget-text-editor\" data-id=\"e5a9d73\" data-element_type=\"widget\" data-e-type=\"widget\" data-widget_type=\"text-editor.default\">\n\t\t\t\t<div class=\"elementor-widget-container\">\n\t\t\t\t\t\t\t\t\t<p><span style=\"font-family: georgia, palatino, serif;\">Auch in diesem Jahr waren wir auf der Messe VALVE WORLD D\u00dcSSELDORF vertreten. Zusammen mit den L\u00f6sungen, die wir im industriellen Bereich hergestellt haben, nahmen wir an unserem Stand Platz.<\/span><\/p>\n<p><span style=\"font-family: georgia, palatino, serif;\"><span style=\"color: #696969; font-weight: 400;\">Die Valve World Expo ist eine internationale Ausstellung und Kongress f\u00fcr Industrieventile und Ventilzubeh\u00f6r. Sie ist eine Veranstaltung f\u00fcr die \u00d6l- und Gasindustrie, die chemische Industrie, die Energietechnik, den Maschinenbau, den Schiffbau, den Motoren- und Fahrzeugbau sowie die Lebensmittelindustrie. <\/span><span style=\"color: var( --e-global-color-text ); letter-spacing: var(--porto-body-ls,0);\">Die Messe VALVE WORLD EXPO, eine der f\u00fchrenden Messen ihrer Branche, fand 2022 auf dem D\u00fcsseldorfer Messegel\u00e4nde unter Beteiligung vieler Unternehmen statt.<\/span><\/span><\/p>\n<\/p>\n<p><span style=\"font-family: georgia, palatino, serif;\">UNOX VALF nahm mit seinen Industriel\u00f6sungen und seinen gut ausgestatteten Ingenieuren an seinen St\u00e4nden Platz. Die wertvollen Ingenieure und das Verkaufsteam des UNOX VALF-Standes, der aus vielen Produktgruppen besteht, begr\u00fc\u00dften die Kunden, die den Stand mit gro\u00dfem Interesse besuchten.<\/span><\/p>\n\t\t\t\t\t\t\t\t<\/div>\n\t\t\t\t<\/div>\n\t\t\t\t\t<\/div>\n\t\t<\/div>\n\t\t\t\t\t<\/div>\n\t\t<\/section>\n\t\t\t\t<section class=\"wd-negative-gap elementor-section elementor-top-section elementor-element elementor-element-194bb89 elementor-section-boxed elementor-section-height-default elementor-section-height-default\" data-id=\"194bb89\" data-element_type=\"section\" data-e-type=\"section\">\n\t\t\t\t\t\t<div class=\"elementor-container elementor-column-gap-default\">\n\t\t\t\t\t<div class=\"elementor-column elementor-col-50 elementor-top-column elementor-element elementor-element-f0a6113\" data-id=\"f0a6113\" data-element_type=\"column\" data-e-type=\"column\">\n\t\t\t<div class=\"elementor-widget-wrap elementor-element-populated\">\n\t\t\t\t\t\t<div class=\"elementor-element elementor-element-4c881c0 elementor-widget elementor-widget-image\" data-id=\"4c881c0\" data-element_type=\"widget\" data-e-type=\"widget\" data-widget_type=\"image.default\">\n\t\t\t\t<div class=\"elementor-widget-container\">\n\t\t\t\t\t\t\t\t\t\t\t\t\t\t\t<img decoding=\"async\" width=\"1024\" height=\"768\" src=\"https:\/\/unox.com.tr\/wp-content\/themes\/woodmart\/images\/lazy.svg\" data-src=\"https:\/\/unox.com.tr\/wp-content\/uploads\/2022\/12\/WhatsApp-Image-2022-12-05-at-16.21.37-5.jpeg\" class=\"attachment-large size-large wp-image-37483\" alt=\"\" srcset=\"\" data-srcset=\"https:\/\/unox.com.tr\/wp-content\/uploads\/2022\/12\/WhatsApp-Image-2022-12-05-at-16.21.37-5.jpeg 1024w, https:\/\/unox.com.tr\/wp-content\/uploads\/2022\/12\/WhatsApp-Image-2022-12-05-at-16.21.37-5-150x113.jpeg 150w, https:\/\/unox.com.tr\/wp-content\/uploads\/2022\/12\/WhatsApp-Image-2022-12-05-at-16.21.37-5-600x450.jpeg 600w, https:\/\/unox.com.tr\/wp-content\/uploads\/2022\/12\/WhatsApp-Image-2022-12-05-at-16.21.37-5-300x225.jpeg 300w, https:\/\/unox.com.tr\/wp-content\/uploads\/2022\/12\/WhatsApp-Image-2022-12-05-at-16.21.37-5-768x576.jpeg 768w, https:\/\/unox.com.tr\/wp-content\/uploads\/2022\/12\/WhatsApp-Image-2022-12-05-at-16.21.37-5-463x348.jpeg 463w, https:\/\/unox.com.tr\/wp-content\/uploads\/2022\/12\/WhatsApp-Image-2022-12-05-at-16.21.37-5-640x480.jpeg 640w, https:\/\/unox.com.tr\/wp-content\/uploads\/2022\/12\/WhatsApp-Image-2022-12-05-at-16.21.37-5-400x300.jpeg 400w, https:\/\/unox.com.tr\/wp-content\/uploads\/2022\/12\/WhatsApp-Image-2022-12-05-at-16.21.37-5-367x275.jpeg 367w, https:\/\/unox.com.tr\/wp-content\/uploads\/2022\/12\/WhatsApp-Image-2022-12-05-at-16.21.37-5-200x150.jpeg 200w\" sizes=\"(max-width: 1024px) 100vw, 1024px\" title=\"\">\t\t\t\t\t\t\t\t\t\t\t\t\t\t\t<\/div>\n\t\t\t\t<\/div>\n\t\t\t\t\t<\/div>\n\t\t<\/div>\n\t\t\t\t<div class=\"elementor-column elementor-col-50 elementor-top-column elementor-element elementor-element-f4c146a\" data-id=\"f4c146a\" data-element_type=\"column\" data-e-type=\"column\">\n\t\t\t<div class=\"elementor-widget-wrap elementor-element-populated\">\n\t\t\t\t\t\t<div class=\"elementor-element elementor-element-759138a elementor-widget elementor-widget-image\" data-id=\"759138a\" data-element_type=\"widget\" data-e-type=\"widget\" data-widget_type=\"image.default\">\n\t\t\t\t<div class=\"elementor-widget-container\">\n\t\t\t\t\t\t\t\t\t\t\t\t\t\t\t<img decoding=\"async\" width=\"1024\" height=\"768\" src=\"https:\/\/unox.com.tr\/wp-content\/themes\/woodmart\/images\/lazy.svg\" data-src=\"https:\/\/unox.com.tr\/wp-content\/uploads\/2022\/12\/WhatsApp-Image-2022-12-05-at-16.21.37-3.jpeg\" class=\"attachment-large size-large wp-image-37497\" alt=\"\" srcset=\"\" data-srcset=\"https:\/\/unox.com.tr\/wp-content\/uploads\/2022\/12\/WhatsApp-Image-2022-12-05-at-16.21.37-3.jpeg 1024w, https:\/\/unox.com.tr\/wp-content\/uploads\/2022\/12\/WhatsApp-Image-2022-12-05-at-16.21.37-3-150x113.jpeg 150w, https:\/\/unox.com.tr\/wp-content\/uploads\/2022\/12\/WhatsApp-Image-2022-12-05-at-16.21.37-3-600x450.jpeg 600w, https:\/\/unox.com.tr\/wp-content\/uploads\/2022\/12\/WhatsApp-Image-2022-12-05-at-16.21.37-3-300x225.jpeg 300w, https:\/\/unox.com.tr\/wp-content\/uploads\/2022\/12\/WhatsApp-Image-2022-12-05-at-16.21.37-3-768x576.jpeg 768w, https:\/\/unox.com.tr\/wp-content\/uploads\/2022\/12\/WhatsApp-Image-2022-12-05-at-16.21.37-3-463x348.jpeg 463w, https:\/\/unox.com.tr\/wp-content\/uploads\/2022\/12\/WhatsApp-Image-2022-12-05-at-16.21.37-3-640x480.jpeg 640w, https:\/\/unox.com.tr\/wp-content\/uploads\/2022\/12\/WhatsApp-Image-2022-12-05-at-16.21.37-3-400x300.jpeg 400w, https:\/\/unox.com.tr\/wp-content\/uploads\/2022\/12\/WhatsApp-Image-2022-12-05-at-16.21.37-3-367x275.jpeg 367w, https:\/\/unox.com.tr\/wp-content\/uploads\/2022\/12\/WhatsApp-Image-2022-12-05-at-16.21.37-3-200x150.jpeg 200w\" sizes=\"(max-width: 1024px) 100vw, 1024px\" title=\"\">\t\t\t\t\t\t\t\t\t\t\t\t\t\t\t<\/div>\n\t\t\t\t<\/div>\n\t\t\t\t\t<\/div>\n\t\t<\/div>\n\t\t\t\t\t<\/div>\n\t\t<\/section>\n\t\t\t\t<section class=\"wd-negative-gap elementor-section elementor-top-section elementor-element elementor-element-d2e9977 elementor-section-boxed elementor-section-height-default elementor-section-height-default\" data-id=\"d2e9977\" data-element_type=\"section\" data-e-type=\"section\">\n\t\t\t\t\t\t<div class=\"elementor-container elementor-column-gap-default\">\n\t\t\t\t\t<div class=\"elementor-column elementor-col-50 elementor-top-column elementor-element elementor-element-de1084d\" data-id=\"de1084d\" data-element_type=\"column\" data-e-type=\"column\">\n\t\t\t<div class=\"elementor-widget-wrap elementor-element-populated\">\n\t\t\t\t\t\t<div class=\"elementor-element elementor-element-9e84a89 elementor-widget elementor-widget-image\" data-id=\"9e84a89\" data-element_type=\"widget\" data-e-type=\"widget\" data-widget_type=\"image.default\">\n\t\t\t\t<div class=\"elementor-widget-container\">\n\t\t\t\t\t\t\t\t\t\t\t\t\t\t\t<img decoding=\"async\" width=\"768\" height=\"1024\" src=\"https:\/\/unox.com.tr\/wp-content\/themes\/woodmart\/images\/lazy.svg\" data-src=\"https:\/\/unox.com.tr\/wp-content\/uploads\/2022\/12\/WhatsApp-Image-2022-12-05-at-16.21.37-7.jpeg\" class=\"attachment-large size-large wp-image-37490\" alt=\"\" srcset=\"\" data-srcset=\"https:\/\/unox.com.tr\/wp-content\/uploads\/2022\/12\/WhatsApp-Image-2022-12-05-at-16.21.37-7.jpeg 768w, https:\/\/unox.com.tr\/wp-content\/uploads\/2022\/12\/WhatsApp-Image-2022-12-05-at-16.21.37-7-150x200.jpeg 150w, https:\/\/unox.com.tr\/wp-content\/uploads\/2022\/12\/WhatsApp-Image-2022-12-05-at-16.21.37-7-600x800.jpeg 600w, https:\/\/unox.com.tr\/wp-content\/uploads\/2022\/12\/WhatsApp-Image-2022-12-05-at-16.21.37-7-225x300.jpeg 225w, https:\/\/unox.com.tr\/wp-content\/uploads\/2022\/12\/WhatsApp-Image-2022-12-05-at-16.21.37-7-640x853.jpeg 640w, https:\/\/unox.com.tr\/wp-content\/uploads\/2022\/12\/WhatsApp-Image-2022-12-05-at-16.21.37-7-400x533.jpeg 400w, https:\/\/unox.com.tr\/wp-content\/uploads\/2022\/12\/WhatsApp-Image-2022-12-05-at-16.21.37-7-367x489.jpeg 367w\" sizes=\"(max-width: 768px) 100vw, 768px\" title=\"\">\t\t\t\t\t\t\t\t\t\t\t\t\t\t\t<\/div>\n\t\t\t\t<\/div>\n\t\t\t\t\t<\/div>\n\t\t<\/div>\n\t\t\t\t<div class=\"elementor-column elementor-col-50 elementor-top-column elementor-element elementor-element-39863ec\" data-id=\"39863ec\" data-element_type=\"column\" data-e-type=\"column\">\n\t\t\t<div class=\"elementor-widget-wrap elementor-element-populated\">\n\t\t\t\t\t\t<div class=\"elementor-element elementor-element-7cb21f6 elementor-widget elementor-widget-image\" data-id=\"7cb21f6\" data-element_type=\"widget\" data-e-type=\"widget\" data-widget_type=\"image.default\">\n\t\t\t\t<div class=\"elementor-widget-container\">\n\t\t\t\t\t\t\t\t\t\t\t\t\t\t\t<img decoding=\"async\" width=\"768\" height=\"1024\" src=\"https:\/\/unox.com.tr\/wp-content\/themes\/woodmart\/images\/lazy.svg\" data-src=\"https:\/\/unox.com.tr\/wp-content\/uploads\/2022\/12\/WhatsApp-Image-2022-12-05-at-16.21.37-6.jpeg\" class=\"attachment-large size-large wp-image-37504\" alt=\"\" srcset=\"\" data-srcset=\"https:\/\/unox.com.tr\/wp-content\/uploads\/2022\/12\/WhatsApp-Image-2022-12-05-at-16.21.37-6.jpeg 768w, https:\/\/unox.com.tr\/wp-content\/uploads\/2022\/12\/WhatsApp-Image-2022-12-05-at-16.21.37-6-150x200.jpeg 150w, https:\/\/unox.com.tr\/wp-content\/uploads\/2022\/12\/WhatsApp-Image-2022-12-05-at-16.21.37-6-600x800.jpeg 600w, https:\/\/unox.com.tr\/wp-content\/uploads\/2022\/12\/WhatsApp-Image-2022-12-05-at-16.21.37-6-225x300.jpeg 225w, https:\/\/unox.com.tr\/wp-content\/uploads\/2022\/12\/WhatsApp-Image-2022-12-05-at-16.21.37-6-640x853.jpeg 640w, https:\/\/unox.com.tr\/wp-content\/uploads\/2022\/12\/WhatsApp-Image-2022-12-05-at-16.21.37-6-400x533.jpeg 400w, https:\/\/unox.com.tr\/wp-content\/uploads\/2022\/12\/WhatsApp-Image-2022-12-05-at-16.21.37-6-367x489.jpeg 367w\" sizes=\"(max-width: 768px) 100vw, 768px\" title=\"\">\t\t\t\t\t\t\t\t\t\t\t\t\t\t\t<\/div>\n\t\t\t\t<\/div>\n\t\t\t\t\t<\/div>\n\t\t<\/div>\n\t\t\t\t\t<\/div>\n\t\t<\/section>\n\t\t\t\t<section class=\"wd-negative-gap elementor-section elementor-top-section elementor-element elementor-element-758035c elementor-section-boxed elementor-section-height-default elementor-section-height-default\" data-id=\"758035c\" data-element_type=\"section\" data-e-type=\"section\">\n\t\t\t\t\t\t<div class=\"elementor-container elementor-column-gap-default\">\n\t\t\t\t\t<div class=\"elementor-column elementor-col-100 elementor-top-column elementor-element elementor-element-6ad229a\" data-id=\"6ad229a\" data-element_type=\"column\" data-e-type=\"column\">\n\t\t\t<div class=\"elementor-widget-wrap elementor-element-populated\">\n\t\t\t\t\t\t<div class=\"elementor-element elementor-element-67965b6 color-scheme-inherit text-left elementor-widget elementor-widget-text-editor\" data-id=\"67965b6\" data-element_type=\"widget\" data-e-type=\"widget\" data-widget_type=\"text-editor.default\">\n\t\t\t\t<div class=\"elementor-widget-container\">\n\t\t\t\t\t\t\t\t\t<p style=\"font-family: Roboto, 'Open Sans'; font-weight: var( --e-global-typography-primary-font-weight );\">Der von vielen Kunden aus der ganzen Welt besuchte Stand stie\u00df auf gro\u00dfes Interesse, L\u00f6sungen f\u00fcr die Bed\u00fcrfnisse und Probleme der Kunden zu finden. Regelventile, Kondensatableiter, Stellantriebe und Magnetventile in den Hauptproduktgruppen trugen wesentlich dazu bei, L\u00f6sungspartner f\u00fcr Kundenprobleme zu werden.<\/p>\n<p style=\"font-family: Roboto, 'Open Sans'; font-weight: var( --e-global-typography-primary-font-weight );\">W\u00e4hrend der Messe wurde der UNOX VALF-Werbefilm auf seinem Stand gezeigt, damit die G\u00e4ste, die den Stand besuchen, ihre Arbeit besser sehen k\u00f6nnen. <span style=\"color: var( --e-global-color-text ); font-family: var( --e-global-typography-text-font-family ), Open Sans; font-weight: var( --e-global-typography-text-font-weight ); letter-spacing: 0px;\">Produktkatalog und Werbebrosch\u00fcre. Der Stand von UNOX VALF hat seine Besucher mit dem aufrichtigen Interesse und den Leckereien, die er den G\u00e4sten zeigte, auf die beste Weise empfangen. <\/span><\/p>\n<p style=\"font-family: Roboto, 'Open Sans'; font-weight: var( --e-global-typography-primary-font-weight );\"><span style=\"color: var( --e-global-color-text ); font-family: var( --e-global-typography-text-font-family ), Open Sans; font-weight: var( --e-global-typography-text-font-weight ); letter-spacing: 0px;\"> <\/span><\/p>\n<p style=\"font-family: Roboto, 'Open Sans'; font-weight: var( --e-global-typography-primary-font-weight );\">UNOX VALVE \u2013 EIN FREUNDLICHES DANKESCH\u00d6N<\/p>\n<p style=\"font-family: Roboto, 'Open Sans'; font-weight: var( --e-global-typography-primary-font-weight );\">Wir waren sehr stolz und gl\u00fccklich, mit Ihnen auf der VALVE WORLD EXPO Fair, einer der gr\u00f6\u00dften Organisationen des Industriesektors, zusammen zu sein.<\/p>\n<p style=\"font-family: Roboto, 'Open Sans'; font-weight: var( --e-global-typography-primary-font-weight );\">Wir m\u00f6chten uns bei Ihnen, unseren gesch\u00e4tzten Besuchern, bedanken, die uns an unserem Stand besucht, sich f\u00fcr unsere Produkte interessiert, unseren Branchenaktivit\u00e4ten zugeh\u00f6rt und unsere Begeisterung mit uns geteilt haben.<\/p>\n<p style=\"font-family: Roboto, 'Open Sans'; font-weight: var( --e-global-typography-primary-font-weight );\">Ich hoffe auf ein Wiedersehen auf der n\u00e4chsten VALVE WORLD EXPO Messe&#8230;<\/p>\n\t\t\t\t\t\t\t\t<\/div>\n\t\t\t\t<\/div>\n\t\t\t\t\t<\/div>\n\t\t<\/div>\n\t\t\t\t\t<\/div>\n\t\t<\/section>\n\t\t\t\t<section class=\"wd-negative-gap elementor-section elementor-top-section elementor-element elementor-element-45e18e4 elementor-section-boxed elementor-section-height-default elementor-section-height-default\" data-id=\"45e18e4\" data-element_type=\"section\" data-e-type=\"section\">\n\t\t\t\t\t\t<div class=\"elementor-container elementor-column-gap-default\">\n\t\t\t\t\t<div class=\"elementor-column elementor-col-33 elementor-top-column elementor-element elementor-element-9b5a92c\" data-id=\"9b5a92c\" data-element_type=\"column\" data-e-type=\"column\">\n\t\t\t<div class=\"elementor-widget-wrap\">\n\t\t\t\t\t\t\t<\/div>\n\t\t<\/div>\n\t\t\t\t<div class=\"elementor-column elementor-col-33 elementor-top-column elementor-element elementor-element-ee9e10b\" data-id=\"ee9e10b\" data-element_type=\"column\" data-e-type=\"column\">\n\t\t\t<div class=\"elementor-widget-wrap elementor-element-populated\">\n\t\t\t\t\t\t<div class=\"elementor-element elementor-element-1bdaf56 elementor-widget elementor-widget-video\" data-id=\"1bdaf56\" data-element_type=\"widget\" data-e-type=\"widget\" data-settings=\"{&quot;video_type&quot;:&quot;hosted&quot;,&quot;controls&quot;:&quot;yes&quot;}\" data-widget_type=\"video.default\">\n\t\t\t\t<div class=\"elementor-widget-container\">\n\t\t\t\t\t\t\t<div class=\"e-hosted-video elementor-wrapper elementor-open-inline\">\n\t\t\t\t\t<video class=\"elementor-video\" src=\"https:\/\/www.unox.com.tr\/wp-content\/uploads\/2022\/12\/WhatsApp-Video-2022-12-05-at-16.56.07.mp4\" controls=\"\" preload=\"metadata\" controlsList=\"nodownload\"><\/video>\n\t\t\t\t<\/div>\n\t\t\t\t\t\t<\/div>\n\t\t\t\t<\/div>\n\t\t\t\t\t<\/div>\n\t\t<\/div>\n\t\t\t\t<div class=\"elementor-column elementor-col-33 elementor-top-column elementor-element elementor-element-84b5b19\" data-id=\"84b5b19\" data-element_type=\"column\" data-e-type=\"column\">\n\t\t\t<div class=\"elementor-widget-wrap\">\n\t\t\t\t\t\t\t<\/div>\n\t\t<\/div>\n\t\t\t\t\t<\/div>\n\t\t<\/section>\n\t\t\t\t<\/div>\n\t\t","protected":false},"excerpt":{"rendered":"<p>UNOX VALF IST AUF DER VALVE WORLD EXPO 2022! Auch in diesem Jahr waren wir auf der Messe VALVE WORLD<\/p>\n","protected":false},"author":1,"featured_media":0,"parent":53984,"menu_order":1,"comment_status":"closed","ping_status":"closed","template":"","meta":{"_joinchat":[],"footnotes":""},"class_list":["post-53986","page","type-page","status-publish","hentry"],"_links":{"self":[{"href":"https:\/\/unox.com.tr\/de\/wp-json\/wp\/v2\/pages\/53986","targetHints":{"allow":["GET"]}}],"collection":[{"href":"https:\/\/unox.com.tr\/de\/wp-json\/wp\/v2\/pages"}],"about":[{"href":"https:\/\/unox.com.tr\/de\/wp-json\/wp\/v2\/types\/page"}],"author":[{"embeddable":true,"href":"https:\/\/unox.com.tr\/de\/wp-json\/wp\/v2\/users\/1"}],"replies":[{"embeddable":true,"href":"https:\/\/unox.com.tr\/de\/wp-json\/wp\/v2\/comments?post=53986"}],"version-history":[{"count":0,"href":"https:\/\/unox.com.tr\/de\/wp-json\/wp\/v2\/pages\/53986\/revisions"}],"up":[{"embeddable":true,"href":"https:\/\/unox.com.tr\/de\/wp-json\/wp\/v2\/pages\/53984"}],"wp:attachment":[{"href":"https:\/\/unox.com.tr\/de\/wp-json\/wp\/v2\/media?parent=53986"}],"curies":[{"name":"wp","href":"https:\/\/api.w.org\/{rel}","templated":true}]}}