{"id":54002,"date":"2022-12-07T07:35:12","date_gmt":"2022-12-07T04:35:12","guid":{"rendered":"https:\/\/unox.com.tr\/ktm-2022-messe\/"},"modified":"2023-06-16T14:55:16","modified_gmt":"2023-06-16T11:55:16","slug":"ktm-2022-messe","status":"publish","type":"page","link":"https:\/\/unox.com.tr\/de\/messen\/ktm-2022-messe\/","title":{"rendered":"KTM 2022 MESSE"},"content":{"rendered":"\t\t<div data-elementor-type=\"wp-page\" data-elementor-id=\"54002\" class=\"elementor elementor-54002 elementor-37897\">\n\t\t\t\t\t\t<section class=\"wd-negative-gap elementor-section elementor-top-section elementor-element elementor-element-3464d2c elementor-section-boxed elementor-section-height-default elementor-section-height-default\" data-id=\"3464d2c\" data-element_type=\"section\" data-e-type=\"section\">\n\t\t\t\t\t\t<div class=\"elementor-container elementor-column-gap-default\">\n\t\t\t\t\t<div class=\"elementor-column elementor-col-100 elementor-top-column elementor-element elementor-element-9def6d3\" data-id=\"9def6d3\" data-element_type=\"column\" data-e-type=\"column\">\n\t\t\t<div class=\"elementor-widget-wrap elementor-element-populated\">\n\t\t\t\t\t\t<div class=\"elementor-element elementor-element-7da6660 elementor-widget elementor-widget-heading\" data-id=\"7da6660\" data-element_type=\"widget\" data-e-type=\"widget\" data-widget_type=\"heading.default\">\n\t\t\t\t<div class=\"elementor-widget-container\">\n\t\t\t\t\t<h2 class=\"elementor-heading-title elementor-size-default\">UNOX-VENTIL AUF DER KTM 2022 MESSE<\/h2>\t\t\t\t<\/div>\n\t\t\t\t<\/div>\n\t\t\t\t<div class=\"elementor-element elementor-element-c8ecbb8 color-scheme-inherit text-left elementor-widget elementor-widget-text-editor\" data-id=\"c8ecbb8\" data-element_type=\"widget\" data-e-type=\"widget\" data-widget_type=\"text-editor.default\">\n\t\t\t\t<div class=\"elementor-widget-container\">\n\t\t\t\t\t\t\t\t\t<p><strong>Wir waren auch dieses Jahr auf der KTM 2022 Messe. Zusammen mit den L\u00f6sungen, die wir im industriellen Bereich hergestellt haben, nahmen wir an unserem Stand Platz.<\/strong><\/p>\n<p>In Zusammenarbeit mit der Industrie- und Handelskammer Kahramanmara\u015f KMTSO und der Stadtverwaltung von Kahramanmara\u015f; Mit dem Hauptsponsoring von \u0130TH\u0130B und der Unterst\u00fctzung von KOSGEB findet die neunte Ausgabe der International Kahramanmara\u015f Textile Machinery Fair KTM 2022 vom 03. bis 05. November im KAFUM Exhibition Centre unter Beteiligung lokaler und internationaler Besucher und Teilnehmer statt.<\/p>\n<p>Die seit 2014 stattfindende Messe zeigt Rohstoffe sowie die textile und Konfektionskette. Zum neunten Mal organisiert von der ECR Fair Organization, die sich mit den von ihr organisierten Organisationen einen Namen in der Branche gemacht hat, bereitet sich die KTM 2022 darauf vor, wieder viele nationale und internationale Aussteller und Besucher in Kahramanmara\u015f zu begr\u00fc\u00dfen.<\/p>\n<p>UNOX VALF nahm mit seinen Industriel\u00f6sungen und seinen gut ausgestatteten Ingenieuren an seinen St\u00e4nden Platz. Die wertvollen Ingenieure und das Verkaufsteam des UNOX VALF-Standes, der aus vielen Produktgruppen besteht, begr\u00fc\u00dften die Kunden, die den Stand mit gro\u00dfem Interesse besuchten.<\/p>\n\t\t\t\t\t\t\t\t<\/div>\n\t\t\t\t<\/div>\n\t\t\t\t\t<\/div>\n\t\t<\/div>\n\t\t\t\t\t<\/div>\n\t\t<\/section>\n\t\t\t\t<section class=\"wd-negative-gap elementor-section elementor-top-section elementor-element elementor-element-88cd6e7 elementor-section-boxed elementor-section-height-default elementor-section-height-default\" data-id=\"88cd6e7\" data-element_type=\"section\" data-e-type=\"section\">\n\t\t\t\t\t\t<div class=\"elementor-container elementor-column-gap-default\">\n\t\t\t\t\t<div class=\"elementor-column elementor-col-50 elementor-top-column elementor-element elementor-element-5daecfa\" data-id=\"5daecfa\" data-element_type=\"column\" data-e-type=\"column\">\n\t\t\t<div class=\"elementor-widget-wrap elementor-element-populated\">\n\t\t\t\t\t\t<div class=\"elementor-element elementor-element-a8147ca elementor-widget elementor-widget-image\" data-id=\"a8147ca\" data-element_type=\"widget\" data-e-type=\"widget\" data-widget_type=\"image.default\">\n\t\t\t\t<div class=\"elementor-widget-container\">\n\t\t\t\t\t\t\t\t\t\t\t\t\t\t\t<img decoding=\"async\" width=\"1000\" height=\"653\" src=\"https:\/\/unox.com.tr\/wp-content\/themes\/woodmart\/images\/lazy.svg\" data-src=\"https:\/\/unox.com.tr\/wp-content\/uploads\/2022\/12\/IMG_5296.png\" class=\"attachment-large size-large wp-image-37903\" alt=\"\" srcset=\"\" data-srcset=\"https:\/\/unox.com.tr\/wp-content\/uploads\/2022\/12\/IMG_5296.png 1000w, https:\/\/unox.com.tr\/wp-content\/uploads\/2022\/12\/IMG_5296-150x98.png 150w, https:\/\/unox.com.tr\/wp-content\/uploads\/2022\/12\/IMG_5296-600x392.png 600w, https:\/\/unox.com.tr\/wp-content\/uploads\/2022\/12\/IMG_5296-300x196.png 300w, https:\/\/unox.com.tr\/wp-content\/uploads\/2022\/12\/IMG_5296-768x502.png 768w, https:\/\/unox.com.tr\/wp-content\/uploads\/2022\/12\/IMG_5296-640x418.png 640w, https:\/\/unox.com.tr\/wp-content\/uploads\/2022\/12\/IMG_5296-400x261.png 400w, https:\/\/unox.com.tr\/wp-content\/uploads\/2022\/12\/IMG_5296-367x240.png 367w, https:\/\/unox.com.tr\/wp-content\/uploads\/2022\/12\/IMG_5296-560x367.png 560w\" sizes=\"(max-width: 1000px) 100vw, 1000px\" title=\"\">\t\t\t\t\t\t\t\t\t\t\t\t\t\t\t<\/div>\n\t\t\t\t<\/div>\n\t\t\t\t\t<\/div>\n\t\t<\/div>\n\t\t\t\t<div class=\"elementor-column elementor-col-50 elementor-top-column elementor-element elementor-element-3e84c29\" data-id=\"3e84c29\" data-element_type=\"column\" data-e-type=\"column\">\n\t\t\t<div class=\"elementor-widget-wrap elementor-element-populated\">\n\t\t\t\t\t\t<div class=\"elementor-element elementor-element-9aa559d elementor-widget elementor-widget-image\" data-id=\"9aa559d\" data-element_type=\"widget\" data-e-type=\"widget\" data-widget_type=\"image.default\">\n\t\t\t\t<div class=\"elementor-widget-container\">\n\t\t\t\t\t\t\t\t\t\t\t\t\t\t\t<img decoding=\"async\" width=\"1000\" height=\"661\" src=\"https:\/\/unox.com.tr\/wp-content\/themes\/woodmart\/images\/lazy.svg\" data-src=\"https:\/\/unox.com.tr\/wp-content\/uploads\/2022\/12\/IMG_5297.png\" class=\"attachment-large size-large wp-image-37910\" alt=\"\" srcset=\"\" data-srcset=\"https:\/\/unox.com.tr\/wp-content\/uploads\/2022\/12\/IMG_5297.png 1000w, https:\/\/unox.com.tr\/wp-content\/uploads\/2022\/12\/IMG_5297-150x99.png 150w, https:\/\/unox.com.tr\/wp-content\/uploads\/2022\/12\/IMG_5297-600x397.png 600w, https:\/\/unox.com.tr\/wp-content\/uploads\/2022\/12\/IMG_5297-300x198.png 300w, https:\/\/unox.com.tr\/wp-content\/uploads\/2022\/12\/IMG_5297-768x508.png 768w, https:\/\/unox.com.tr\/wp-content\/uploads\/2022\/12\/IMG_5297-640x423.png 640w, https:\/\/unox.com.tr\/wp-content\/uploads\/2022\/12\/IMG_5297-400x264.png 400w, https:\/\/unox.com.tr\/wp-content\/uploads\/2022\/12\/IMG_5297-367x243.png 367w\" sizes=\"(max-width: 1000px) 100vw, 1000px\" title=\"\">\t\t\t\t\t\t\t\t\t\t\t\t\t\t\t<\/div>\n\t\t\t\t<\/div>\n\t\t\t\t\t<\/div>\n\t\t<\/div>\n\t\t\t\t\t<\/div>\n\t\t<\/section>\n\t\t\t\t<section class=\"wd-negative-gap elementor-section elementor-top-section elementor-element elementor-element-696aad1 elementor-section-boxed elementor-section-height-default elementor-section-height-default\" data-id=\"696aad1\" data-element_type=\"section\" data-e-type=\"section\">\n\t\t\t\t\t\t<div class=\"elementor-container elementor-column-gap-default\">\n\t\t\t\t\t<div class=\"elementor-column elementor-col-50 elementor-top-column elementor-element elementor-element-be7d31f\" data-id=\"be7d31f\" data-element_type=\"column\" data-e-type=\"column\">\n\t\t\t<div class=\"elementor-widget-wrap elementor-element-populated\">\n\t\t\t\t\t\t<div class=\"elementor-element elementor-element-c817f4a elementor-widget elementor-widget-image\" data-id=\"c817f4a\" data-element_type=\"widget\" data-e-type=\"widget\" data-widget_type=\"image.default\">\n\t\t\t\t<div class=\"elementor-widget-container\">\n\t\t\t\t\t\t\t\t\t\t\t\t\t\t\t<img decoding=\"async\" width=\"1000\" height=\"653\" src=\"https:\/\/unox.com.tr\/wp-content\/themes\/woodmart\/images\/lazy.svg\" data-src=\"https:\/\/unox.com.tr\/wp-content\/uploads\/2022\/12\/WhatsApp-Image-2022-11-04-at-14.03.32-2.png\" class=\"attachment-large size-large wp-image-37947\" alt=\"\" srcset=\"\" data-srcset=\"https:\/\/unox.com.tr\/wp-content\/uploads\/2022\/12\/WhatsApp-Image-2022-11-04-at-14.03.32-2.png 1000w, https:\/\/unox.com.tr\/wp-content\/uploads\/2022\/12\/WhatsApp-Image-2022-11-04-at-14.03.32-2-150x98.png 150w, https:\/\/unox.com.tr\/wp-content\/uploads\/2022\/12\/WhatsApp-Image-2022-11-04-at-14.03.32-2-600x392.png 600w, https:\/\/unox.com.tr\/wp-content\/uploads\/2022\/12\/WhatsApp-Image-2022-11-04-at-14.03.32-2-300x196.png 300w, https:\/\/unox.com.tr\/wp-content\/uploads\/2022\/12\/WhatsApp-Image-2022-11-04-at-14.03.32-2-768x502.png 768w, https:\/\/unox.com.tr\/wp-content\/uploads\/2022\/12\/WhatsApp-Image-2022-11-04-at-14.03.32-2-640x418.png 640w, https:\/\/unox.com.tr\/wp-content\/uploads\/2022\/12\/WhatsApp-Image-2022-11-04-at-14.03.32-2-400x261.png 400w, https:\/\/unox.com.tr\/wp-content\/uploads\/2022\/12\/WhatsApp-Image-2022-11-04-at-14.03.32-2-367x240.png 367w, https:\/\/unox.com.tr\/wp-content\/uploads\/2022\/12\/WhatsApp-Image-2022-11-04-at-14.03.32-2-560x367.png 560w\" sizes=\"(max-width: 1000px) 100vw, 1000px\" title=\"\">\t\t\t\t\t\t\t\t\t\t\t\t\t\t\t<\/div>\n\t\t\t\t<\/div>\n\t\t\t\t\t<\/div>\n\t\t<\/div>\n\t\t\t\t<div class=\"elementor-column elementor-col-50 elementor-top-column elementor-element elementor-element-88aacad\" data-id=\"88aacad\" data-element_type=\"column\" data-e-type=\"column\">\n\t\t\t<div class=\"elementor-widget-wrap elementor-element-populated\">\n\t\t\t\t\t\t<div class=\"elementor-element elementor-element-97312b4 elementor-widget elementor-widget-image\" data-id=\"97312b4\" data-element_type=\"widget\" data-e-type=\"widget\" data-widget_type=\"image.default\">\n\t\t\t\t<div class=\"elementor-widget-container\">\n\t\t\t\t\t\t\t\t\t\t\t\t\t\t\t<img decoding=\"async\" width=\"1000\" height=\"655\" src=\"https:\/\/unox.com.tr\/wp-content\/themes\/woodmart\/images\/lazy.svg\" data-src=\"https:\/\/unox.com.tr\/wp-content\/uploads\/2022\/12\/IMG_5305.png\" class=\"attachment-large size-large wp-image-37924\" alt=\"\" srcset=\"\" data-srcset=\"https:\/\/unox.com.tr\/wp-content\/uploads\/2022\/12\/IMG_5305.png 1000w, https:\/\/unox.com.tr\/wp-content\/uploads\/2022\/12\/IMG_5305-150x98.png 150w, https:\/\/unox.com.tr\/wp-content\/uploads\/2022\/12\/IMG_5305-600x393.png 600w, https:\/\/unox.com.tr\/wp-content\/uploads\/2022\/12\/IMG_5305-300x197.png 300w, https:\/\/unox.com.tr\/wp-content\/uploads\/2022\/12\/IMG_5305-768x503.png 768w, https:\/\/unox.com.tr\/wp-content\/uploads\/2022\/12\/IMG_5305-640x419.png 640w, https:\/\/unox.com.tr\/wp-content\/uploads\/2022\/12\/IMG_5305-400x262.png 400w, https:\/\/unox.com.tr\/wp-content\/uploads\/2022\/12\/IMG_5305-367x240.png 367w, https:\/\/unox.com.tr\/wp-content\/uploads\/2022\/12\/IMG_5305-560x367.png 560w\" sizes=\"(max-width: 1000px) 100vw, 1000px\" title=\"\">\t\t\t\t\t\t\t\t\t\t\t\t\t\t\t<\/div>\n\t\t\t\t<\/div>\n\t\t\t\t\t<\/div>\n\t\t<\/div>\n\t\t\t\t\t<\/div>\n\t\t<\/section>\n\t\t\t\t<section class=\"wd-negative-gap elementor-section elementor-top-section elementor-element elementor-element-f8a9367 elementor-section-boxed elementor-section-height-default elementor-section-height-default\" data-id=\"f8a9367\" data-element_type=\"section\" data-e-type=\"section\">\n\t\t\t\t\t\t<div class=\"elementor-container elementor-column-gap-default\">\n\t\t\t\t\t<div class=\"elementor-column elementor-col-100 elementor-top-column elementor-element elementor-element-9645691\" data-id=\"9645691\" data-element_type=\"column\" data-e-type=\"column\">\n\t\t\t<div class=\"elementor-widget-wrap elementor-element-populated\">\n\t\t\t\t\t\t<div class=\"elementor-element elementor-element-4e086ad color-scheme-inherit text-left elementor-widget elementor-widget-text-editor\" data-id=\"4e086ad\" data-element_type=\"widget\" data-e-type=\"widget\" data-widget_type=\"text-editor.default\">\n\t\t\t\t<div class=\"elementor-widget-container\">\n\t\t\t\t\t\t\t\t\t<p style=\"letter-spacing: normal;\">Der von vielen Kunden aus der T\u00fcrkei und dem Ausland besuchte Stand stie\u00df auf gro\u00dfes Interesse an der Suche nach L\u00f6sungen f\u00fcr die Bed\u00fcrfnisse und Probleme der Kunden . Regelventile, Kondensatableiter, Stellantriebe und Magnetventile in den Hauptproduktgruppen trugen wesentlich dazu bei, L\u00f6sungspartner f\u00fcr Kundenprobleme zu werden.<\/p>\n<p style=\"letter-spacing: normal;\">W\u00e4hrend der Messe wurde der UNOX VALF-Werbefilm auf seinem Stand gezeigt, damit die G\u00e4ste, die den Stand besuchen, ihre Arbeit besser sehen k\u00f6nnen. <span style=\"color: var( --e-global-color-text ); font-family: var( --e-global-typography-text-font-family ), Open Sans; font-weight: var( --e-global-typography-text-font-weight ); letter-spacing: 0px;\">Produktkatalog und Werbebrosch\u00fcre. Der Stand von UNOX VALF hat seine Besucher mit dem aufrichtigen Interesse und den Leckereien, die er den G\u00e4sten zeigte, auf die beste Weise empfangen. <\/span><\/p>\n<p style=\"letter-spacing: normal;\"><span style=\"font-weight: bold;\">UNOX VALVE \u2013 EIN FREUNDLICHES DANKESCH\u00d6N<\/span><\/p>\n<p style=\"letter-spacing: normal;\">Wir waren sehr stolz und gl\u00fccklich, gemeinsam mit Ihnen auf der KTM-Messe, einer der gr\u00f6\u00dften Organisationen im Industriesektor, zu sein.<\/p>\n<p style=\"letter-spacing: normal;\">Wir m\u00f6chten uns bei Ihnen, unseren gesch\u00e4tzten Besuchern, bedanken, die uns an unserem Stand besucht, sich f\u00fcr unsere Produkte interessiert, unseren Branchenaktivit\u00e4ten zugeh\u00f6rt und unsere Begeisterung mit uns geteilt haben.<\/p>\n<p style=\"letter-spacing: normal;\">Hoffe auf ein Wiedersehen auf der n\u00e4chsten KTM Messe&#8230;<\/p><\/p>\n\t\t\t\t\t\t\t\t<\/div>\n\t\t\t\t<\/div>\n\t\t\t\t\t<\/div>\n\t\t<\/div>\n\t\t\t\t\t<\/div>\n\t\t<\/section>\n\t\t\t\t<\/div>\n\t\t","protected":false},"excerpt":{"rendered":"<p>UNOX-VENTIL AUF DER KTM 2022 MESSE Wir waren auch dieses Jahr auf der KTM 2022 Messe. Zusammen mit den L\u00f6sungen,<\/p>\n","protected":false},"author":1,"featured_media":0,"parent":53984,"menu_order":0,"comment_status":"closed","ping_status":"closed","template":"","meta":{"footnotes":""},"class_list":["post-54002","page","type-page","status-publish","hentry"],"_links":{"self":[{"href":"https:\/\/unox.com.tr\/de\/wp-json\/wp\/v2\/pages\/54002","targetHints":{"allow":["GET"]}}],"collection":[{"href":"https:\/\/unox.com.tr\/de\/wp-json\/wp\/v2\/pages"}],"about":[{"href":"https:\/\/unox.com.tr\/de\/wp-json\/wp\/v2\/types\/page"}],"author":[{"embeddable":true,"href":"https:\/\/unox.com.tr\/de\/wp-json\/wp\/v2\/users\/1"}],"replies":[{"embeddable":true,"href":"https:\/\/unox.com.tr\/de\/wp-json\/wp\/v2\/comments?post=54002"}],"version-history":[{"count":0,"href":"https:\/\/unox.com.tr\/de\/wp-json\/wp\/v2\/pages\/54002\/revisions"}],"up":[{"embeddable":true,"href":"https:\/\/unox.com.tr\/de\/wp-json\/wp\/v2\/pages\/53984"}],"wp:attachment":[{"href":"https:\/\/unox.com.tr\/de\/wp-json\/wp\/v2\/media?parent=54002"}],"curies":[{"name":"wp","href":"https:\/\/api.w.org\/{rel}","templated":true}]}}