{"id":54008,"date":"2020-09-18T09:00:17","date_gmt":"2020-09-18T06:00:17","guid":{"rendered":"https:\/\/unox.com.tr\/gesetz-zum-schutz-personenbezogener-daten\/"},"modified":"2023-03-23T16:17:53","modified_gmt":"2023-03-23T13:17:53","slug":"gesetz-zum-schutz-personenbezogener-daten","status":"publish","type":"page","link":"https:\/\/unox.com.tr\/de\/gesetz-zum-schutz-personenbezogener-daten\/","title":{"rendered":"Gesetz zum Schutz personenbezogener Daten"},"content":{"rendered":"\t\t<div data-elementor-type=\"wp-page\" data-elementor-id=\"54008\" class=\"elementor elementor-54008 elementor-4072\">\n\t\t\t\t\t\t<section class=\"wd-negative-gap elementor-section elementor-top-section elementor-element elementor-element-3671f80 elementor-section-boxed elementor-section-height-default elementor-section-height-default\" data-id=\"3671f80\" data-element_type=\"section\" data-e-type=\"section\">\n\t\t\t\t\t\t<div class=\"elementor-container elementor-column-gap-default\">\n\t\t\t\t\t<div class=\"elementor-column elementor-col-100 elementor-top-column elementor-element elementor-element-71bf32c\" data-id=\"71bf32c\" data-element_type=\"column\" data-e-type=\"column\">\n\t\t\t<div class=\"elementor-widget-wrap elementor-element-populated\">\n\t\t\t\t\t\t<div class=\"elementor-element elementor-element-b4884de elementor-widget elementor-widget-heading\" data-id=\"b4884de\" data-element_type=\"widget\" data-e-type=\"widget\" data-widget_type=\"heading.default\">\n\t\t\t\t<div class=\"elementor-widget-container\">\n\t\t\t\t\t<h2 class=\"elementor-heading-title elementor-size-default\">Gesetz zum Schutz personenbezogener Daten<\/h2>\t\t\t\t<\/div>\n\t\t\t\t<\/div>\n\t\t\t\t<div class=\"elementor-element elementor-element-10db65a elementor-widget-divider--view-line elementor-widget elementor-widget-divider\" data-id=\"10db65a\" data-element_type=\"widget\" data-e-type=\"widget\" data-widget_type=\"divider.default\">\n\t\t\t\t<div class=\"elementor-widget-container\">\n\t\t\t\t\t\t\t<div class=\"elementor-divider\">\n\t\t\t<span class=\"elementor-divider-separator\">\n\t\t\t\t\t\t<\/span>\n\t\t<\/div>\n\t\t\t\t\t\t<\/div>\n\t\t\t\t<\/div>\n\t\t\t\t<div class=\"elementor-element elementor-element-8d106b9 color-scheme-inherit text-left elementor-widget elementor-widget-text-editor\" data-id=\"8d106b9\" data-element_type=\"widget\" data-e-type=\"widget\" data-widget_type=\"text-editor.default\">\n\t\t\t\t<div class=\"elementor-widget-container\">\n\t\t\t\t\t\t\t\t\t<p>Ihre Privatsph\u00e4re wird respektiert und Ihre Datensicherheit wird von Unox Valve Company ernst genommen. In diesem Zusammenhang wurde dieser Text erstellt, um Sie im Rahmen des Gesetzes Nr. 6698 zum Schutz personenbezogener Daten (\u201eGesetz\u201c) und anderer relevanter Gesetze zu informieren und aufzukl\u00e4ren.<\/p>\n<p><strong> Definitionen: <\/strong><\/p>\n<p>F\u00fcr die Zwecke dieses Klarstellungstextes;<\/p>\n<p> <strong>Personal Data:<\/strong> All kinds of information regarding an identified or identifiable natural person,<\/p>\n<p> <strong>Gesetz zum Schutz personenbezogener Daten (\u201eKVKK\u201c):<\/strong> Gesetz Nr. 6698 zum Schutz personenbezogener Daten, das nach der Ver\u00f6ffentlichung im Amtsblatt am 7. April 2016 in Kraft trat,<\/p>\n<p> <strong>Datenverarbeiter<\/strong>: Eine nat\u00fcrliche oder juristische Person, die personenbezogene Daten im Auftrag des Datenverantwortlichen verarbeitet,<\/p>\n<p> <strong>Datenverantwortlicher<\/strong>: Bezieht sich auf die nat\u00fcrliche oder juristische Person, die die Zwecke und Mittel der Verarbeitung personenbezogener Daten bestimmt und f\u00fcr die Einrichtung und Verwaltung des Datenaufzeichnungssystems verantwortlich ist.<\/p>\n<p><strong> Datencontroller: <\/strong><\/p>\n<p>Unox Valve Company<\/p>\n<p>Gebze Sanayi Sitesi No: 67, Cumhuriyet Cd., 41400 Gebze \/ Kocaeli<\/p>\n<p>Wir als Unox Valve Company; Kunden, potenzielle Kunden, unsere Mitarbeiter, Kandidaten, Mitarbeiter, Aktion\u00e4re des Unternehmens, Unternehmen unsere Kunden, Besucher, Lieferanten, Gesch\u00e4ftspartner, Mitarbeiter der Institutionen, mit denen wir zusammenarbeiten, Aktion\u00e4re und Beamte mit 3 ihrer personenbezogenen Daten in unserer Verfassung verbundener Unternehmen der Republik T\u00fcrkei, unserem Land, in dem internationale Vertr\u00e4ge und im Rahmen der einschl\u00e4gigen Gesetzgebung, insbesondere des Datenschutzgesetzes Nr. 6698 (&#8222;KVKK&#8220;), bestehen; Wir gehen sensibel mit dem Thema Sicherung, Verarbeitung und Entsorgung um.<\/p>\n<p>In diesem Zusammenhang m\u00f6chten wir Sie als Datenverantwortliche im Rahmen der KVKK aufkl\u00e4ren. Ihre personenbezogenen Daten, die Sie unserem Unternehmen als Kunden, potenzielle Kunden, Mitarbeiterkandidaten, Mitarbeiter, Gesellschafter, Mitarbeiter des Unternehmens, Besucher, Lieferanten, Gesch\u00e4ftspartner, Mitarbeiter des Unternehmens, Gesellschafter, Mitarbeiter in Zusammenarbeit gem\u00e4\u00df KVKK mitteilen , k\u00f6nnen im Zusammenhang verarbeitet und gemessen, an Dritte in der T\u00fcrkei und im Ausland \u00fcbertragen, gespeichert, zur Profilerstellung verwendet und klassifiziert werden.<\/p>\n<p><strong> Zweck der Verarbeitung Ihrer personenbezogenen Daten: <\/strong><\/p>\n<p>Ihre personenbezogenen Daten gem\u00e4\u00df Artikel 4, 5 und 6 KVKK;<\/p>\n<ol>\n<li>Wie vom Gesetz und der Ehrlichkeitsregel vorgeschrieben,<\/li>\n<li>Im Zusammenhang mit den Zwecken der Verarbeitung, begrenzt und gemessen,<\/li>\n<li>Korrekt und aktuell<\/li>\n<li>F\u00fcr bestimmte explizite und legitime Zwecke,<\/li>\n<li>Sie werden f\u00fcr den Zeitraum verarbeitet, der in den einschl\u00e4gigen Rechtsvorschriften festgelegt oder f\u00fcr den Zweck, f\u00fcr den sie verarbeitet werden, erforderlich ist.<\/li>\n<\/ol>\n<p>Ihre personenbezogenen Daten, unsere Gesch\u00e4ftseinheiten, die die notwendigen Arbeiten ausf\u00fchren, um Sie von den von unserem Unternehmen angebotenen Produkten und Dienstleistungen zu profitieren; Um Ihnen die von unserem Unternehmen angebotenen Produkte und Dienstleistungen anzubieten; Planung und\/oder Durchf\u00fchrung von Marktforschungsaktivit\u00e4ten f\u00fcr den Verkauf und die Vermarktung von Produkten und Dienstleistungen; Planung und\/oder Durchf\u00fchrung von Kundendienstaktivit\u00e4ten; Nachverfolgung von Vertragsprozessen und \/ oder rechtlichen Anfragen, Gew\u00e4hrleistung der rechtlichen, technischen und kaufm\u00e4nnischen Arbeitsplatzsicherheit der relevanten Personen in einer Gesch\u00e4ftsbeziehung; Um die Umsetzung der Personalpolitik unseres Unternehmens sicherzustellen, um eine Bewertung vorzunehmen, wenn Sie sich um eine Stelle bewerben, um unsere gesetzlichen und gesetzlichen Verpflichtungen zu erf\u00fcllen, wenn Sie unser Mitarbeiter sind; Gew\u00e4hrleistung der Qualit\u00e4ts\u00fcberwachung; Verfolgung der gelieferten Produkte; Zum Zwecke der Sicherheit und Identifizierung bei Ihrem Besuch in unserem Gesch\u00e4ft; Kontaktaufnahme mit Ihnen, wenn Sie Informationen von unserem Unternehmen anfordern; Erf\u00fcllung dieses Vertrages, wenn Sie Produkte kaufen; Planung, Steuerung und Ausf\u00fchrung von Informationssicherheitsprozessen; Aufbau und Verwaltung von IT-Infrastrukturen; Nachverfolgung von Finanz- und\/oder Buchhaltungsangelegenheiten; Nachverfolgung von Rechtsangelegenheiten; Planung und Durchf\u00fchrung von Gesch\u00e4ftsaktivit\u00e4ten; Planung und Durchf\u00fchrung von Aktivit\u00e4ten der Unternehmenskommunikation; Planung und Durchf\u00fchrung von Logistikaktivit\u00e4ten; Zum Zwecke der Festlegung und Umsetzung der Handels- und Gesch\u00e4ftsstrategien unseres Unternehmens werden sie gem\u00e4\u00df den Bedingungen und Zwecken der Verarbeitung personenbezogener Daten verarbeitet, die in den Artikeln 5 und 6 des Gesetzes Nr. 6698 festgelegt sind. Die Daten unserer Mitarbeiter, zus\u00e4tzlich zu den Verpflichtungen, die durch das Arbeitsrecht und die Arbeits- und Sozialversicherungsgesetzgebung und andere geltende Gesetze festgelegt sind, sowie im Rahmen unserer Personalpolitik oder aus betrieblichen Gr\u00fcnden wie der Steigerung des Leistungsniveaus und der Mitarbeiterzufriedenheit und Gew\u00e4hrleistung der Arbeitsplatzsicherheit und des Arbeitsfriedens, Es kann von nat\u00fcrlichen oder juristischen Personen verarbeitet werden.<\/p>\n<p><strong> \u00dcbermittlung Ihrer personenbezogenen Daten: <\/strong><\/p>\n<p>Ihre personenbezogenen Daten; Durchf\u00fchrung der erforderlichen Arbeiten durch unsere Gesch\u00e4ftsbereiche, um Sie von den Produkten und Dienstleistungen unseres Unternehmens zu profitieren; Angeboten von unserer Firma<\/p>\n\t\t\t\t\t\t\t\t<\/div>\n\t\t\t\t<\/div>\n\t\t\t\t<div class=\"elementor-element elementor-element-0bef856 elementor-widget elementor-widget-button\" data-id=\"0bef856\" data-element_type=\"widget\" data-e-type=\"widget\" data-widget_type=\"button.default\">\n\t\t\t\t<div class=\"elementor-widget-container\">\n\t\t\t\t\t\t\t\t\t<div class=\"elementor-button-wrapper\">\n\t\t\t\t\t<a class=\"elementor-button elementor-button-link elementor-size-xs\" href=\"http:\/\/www.unox.com.tr\/wp-content\/uploads\/2020\/09\/kvkk-talep.docx\" target=\"_blank\" rel=\"nofollow\">\n\t\t\t\t\t\t<span class=\"elementor-button-content-wrapper\">\n\t\t\t\t\t\t<span class=\"elementor-button-icon\">\n\t\t\t\t<i aria-hidden=\"true\" class=\"far fa-file-word\"><\/i>\t\t\t<\/span>\n\t\t\t\t\t\t\t\t\t<span class=\"elementor-button-text\">Abrufen von Informationen zu personenbezogenen Daten - Transaktionsanfrageformular<\/span>\n\t\t\t\t\t<\/span>\n\t\t\t\t\t<\/a>\n\t\t\t\t<\/div>\n\t\t\t\t\t\t\t\t<\/div>\n\t\t\t\t<\/div>\n\t\t\t\t\t<\/div>\n\t\t<\/div>\n\t\t\t\t\t<\/div>\n\t\t<\/section>\n\t\t\t\t<\/div>\n\t\t","protected":false},"excerpt":{"rendered":"<p>Gesetz zum Schutz personenbezogener Daten Ihre Privatsph\u00e4re wird respektiert und Ihre Datensicherheit wird von Unox Valve Company ernst genommen. In<\/p>\n","protected":false},"author":4,"featured_media":0,"parent":0,"menu_order":0,"comment_status":"closed","ping_status":"closed","template":"","meta":{"footnotes":""},"class_list":["post-54008","page","type-page","status-publish","hentry"],"_links":{"self":[{"href":"https:\/\/unox.com.tr\/de\/wp-json\/wp\/v2\/pages\/54008","targetHints":{"allow":["GET"]}}],"collection":[{"href":"https:\/\/unox.com.tr\/de\/wp-json\/wp\/v2\/pages"}],"about":[{"href":"https:\/\/unox.com.tr\/de\/wp-json\/wp\/v2\/types\/page"}],"author":[{"embeddable":true,"href":"https:\/\/unox.com.tr\/de\/wp-json\/wp\/v2\/users\/4"}],"replies":[{"embeddable":true,"href":"https:\/\/unox.com.tr\/de\/wp-json\/wp\/v2\/comments?post=54008"}],"version-history":[{"count":0,"href":"https:\/\/unox.com.tr\/de\/wp-json\/wp\/v2\/pages\/54008\/revisions"}],"wp:attachment":[{"href":"https:\/\/unox.com.tr\/de\/wp-json\/wp\/v2\/media?parent=54008"}],"curies":[{"name":"wp","href":"https:\/\/api.w.org\/{rel}","templated":true}]}}