{"id":34363,"date":"2022-10-19T13:53:53","date_gmt":"2022-10-19T10:53:53","guid":{"rendered":"https:\/\/www.unox.com.tr\/urun\/lebensmittelechtes-edelstahl-absperrventil\/"},"modified":"2023-03-14T11:44:40","modified_gmt":"2023-03-14T08:44:40","slug":"lebensmittelechtes-rostfreies-schmetterlings-ventil","status":"publish","type":"product","link":"https:\/\/unox.com.tr\/de\/lebensmittelechtes-rostfreies-schmetterlings-ventil\/","title":{"rendered":"Rostfreie Absperrklappe"},"content":{"rendered":"<div id=\"ez-toc-container\" class=\"ez-toc-v2_0_82_2 counter-hierarchy ez-toc-counter ez-toc-grey ez-toc-container-direction\">\n<div class=\"ez-toc-title-container\">\n<p class=\"ez-toc-title\" style=\"cursor:inherit\">Sayfa \u0130\u00e7eri\u011fi<\/p>\n<span class=\"ez-toc-title-toggle\"><a href=\"#\" class=\"ez-toc-pull-right ez-toc-btn ez-toc-btn-xs ez-toc-btn-default ez-toc-toggle\" aria-label=\"Toggle Table of Content\"><span class=\"ez-toc-js-icon-con\"><span class=\"\"><span class=\"eztoc-hide\" style=\"display:none;\">Toggle<\/span><span class=\"ez-toc-icon-toggle-span\"><svg style=\"fill: #999;color:#999\" xmlns=\"http:\/\/www.w3.org\/2000\/svg\" class=\"list-377408\" width=\"20px\" height=\"20px\" viewBox=\"0 0 24 24\" fill=\"none\"><path d=\"M6 6H4v2h2V6zm14 0H8v2h12V6zM4 11h2v2H4v-2zm16 0H8v2h12v-2zM4 16h2v2H4v-2zm16 0H8v2h12v-2z\" fill=\"currentColor\"><\/path><\/svg><svg style=\"fill: #999;color:#999\" class=\"arrow-unsorted-368013\" xmlns=\"http:\/\/www.w3.org\/2000\/svg\" width=\"10px\" height=\"10px\" viewBox=\"0 0 24 24\" version=\"1.2\" baseProfile=\"tiny\"><path d=\"M18.2 9.3l-6.2-6.3-6.2 6.3c-.2.2-.3.4-.3.7s.1.5.3.7c.2.2.4.3.7.3h11c.3 0 .5-.1.7-.3.2-.2.3-.5.3-.7s-.1-.5-.3-.7zM5.8 14.7l6.2 6.3 6.2-6.3c.2-.2.3-.5.3-.7s-.1-.5-.3-.7c-.2-.2-.4-.3-.7-.3h-11c-.3 0-.5.1-.7.3-.2.2-.3.5-.3.7s.1.5.3.7z\"\/><\/svg><\/span><\/span><\/span><\/a><\/span><\/div>\n<nav><ul class='ez-toc-list ez-toc-list-level-1 ' ><li class='ez-toc-page-1 ez-toc-heading-level-2'><a class=\"ez-toc-link ez-toc-heading-1\" href=\"https:\/\/unox.com.tr\/de\/lebensmittelechtes-rostfreies-schmetterlings-ventil\/#Was_ist_ein_Rostfreies_Absperrventil\" >Was ist ein Rostfreies Absperrventil?<\/a><\/li><li class='ez-toc-page-1 ez-toc-heading-level-2'><a class=\"ez-toc-link ez-toc-heading-2\" href=\"https:\/\/unox.com.tr\/de\/lebensmittelechtes-rostfreies-schmetterlings-ventil\/#Wo_wird_das_rostfreie_Absperrventil_verwendet\" >Wo wird das rostfreie Absperrventil verwendet?<\/a><\/li><li class='ez-toc-page-1 ez-toc-heading-level-2'><a class=\"ez-toc-link ez-toc-heading-3\" href=\"https:\/\/unox.com.tr\/de\/lebensmittelechtes-rostfreies-schmetterlings-ventil\/#Allgemeine_Merkmale\" >Allgemeine Merkmale<\/a><\/li><li class='ez-toc-page-1 ez-toc-heading-level-2'><a class=\"ez-toc-link ez-toc-heading-4\" href=\"https:\/\/unox.com.tr\/de\/lebensmittelechtes-rostfreies-schmetterlings-ventil\/#Geltungsbereich\" >Geltungsbereich<\/a><\/li><\/ul><\/nav><\/div>\n<h2><span class=\"ez-toc-section\" id=\"Was_ist_ein_Rostfreies_Absperrventil\"><\/span><span style=\"font-size: 22px;\">Was ist ein Rostfreies Absperrventil?<\/span><span class=\"ez-toc-section-end\"><\/span><\/h2>\n<p>Ein Edelstahl-Absperrventil ist eine Art Ventil, das f\u00fcr den Einsatz in der Lebensmittelverarbeitung und im Transportbereich entwickelt wurde. Es besteht aus Edelstahl, einem korrosionsbest\u00e4ndigen und hygienischen Material, das f\u00fcr den Einsatz in der Lebensmittelindustrie geeignet ist.<\/p>\n<p>Die Absperrklappe besteht aus einer kreisf\u00f6rmigen Scheibe, die sich in einem Rohr oder Kanal dreht, um den Materialfluss zu steuern. Die Scheibe wird an einem Schaft befestigt, der durch einen Griff oder ein Bet\u00e4tigungselement bet\u00e4tigt wird, und erm\u00f6glicht dem Benutzer, das Ventil nach Bedarf zu \u00f6ffnen und zu schlie\u00dfen.<\/p>\n<h2><span class=\"ez-toc-section\" id=\"Wo_wird_das_rostfreie_Absperrventil_verwendet\"><\/span><span style=\"font-size: 22px;\">Wo wird das rostfreie Absperrventil verwendet?<\/span><span class=\"ez-toc-section-end\"><\/span><\/h2>\n<p>Absperrklappen aus Edelstahl werden \u00fcblicherweise in Lebensmittelverarbeitungsbetrieben, Brauereien, Weinkellereien und anderen \u00e4hnlichen Einrichtungen verwendet. Sie werden verwendet, um den Durchfluss von Fl\u00fcssigkeiten, Gasen und anderen Stoffen zu steuern, und sind leicht zu reinigen und zu warten.<\/p>\n<p>Neben der Herstellung aus Edelstahl k\u00f6nnen diese Ventile andere Konstruktionselemente aufweisen, die sie f\u00fcr den Einsatz in der Lebensmittelverarbeitung geeignet machen. Beispielsweise k\u00f6nnen sie glatte, rissfreie Oberfl\u00e4chen haben, um die Ansammlung von Bakterien und anderen Verunreinigungen zu verhindern, und sie k\u00f6nnen mit Dichtungen oder Dichtungen ausgestattet sein, die gegen Speises\u00e4uren und andere korrosive Substanzen best\u00e4ndig sind.<\/p>\n<h2><span class=\"ez-toc-section\" id=\"Allgemeine_Merkmale\"><\/span><span style=\"font-size: 22px;\">Allgemeine Merkmale<\/span><span class=\"ez-toc-section-end\"><\/span><\/h2>\n<ul>\n<li><strong>Dichtung:<\/strong> EPDM, Viton, Teflon, Silikon<\/li>\n<li><strong>K\u00f6rper:<\/strong> AISI 304 \/ AISI 316<\/li>\n<li><strong>Scheibe:<\/strong> AISI 304 \/ AISI 316<\/li>\n<li><strong>Verbindungstyp<\/strong>: Geschwei\u00dft, Gewinde, geklemmt<\/li>\n<li><strong>Druckklasse:<\/strong> PN6 \/ PN10<\/li>\n<\/ul>\n<h2><span class=\"ez-toc-section\" id=\"Geltungsbereich\"><\/span><span style=\"font-size: 22px;\">Geltungsbereich<\/span><span class=\"ez-toc-section-end\"><\/span><\/h2>\n<ul>\n<li>Heizungs-, L\u00fcftungs- und Klimaanlagen<\/li>\n<li>Wasseraufbereitungs- und Wasserverteilungssysteme<\/li>\n<li>Warmwasser, Kaltwasser, Abwasser<\/li>\n<li>Industrielle Anwendungen<\/li>\n<li>Lebensmittel und chemische Fl\u00fcssigkeiten<\/li>\n<li>\u00d6l und Gas<\/li>\n<li>Feuerl\u00f6schsysteme<\/li>\n<\/ul>\n","protected":false},"excerpt":{"rendered":"<p><button style=\"background-color: #11224b; color: #ffffff; padding: 10px 15px; font-family: montserrat; font-weight: bold; font-size: 19px; border-radius: 10px;\"><img decoding=\"async\" style=\"width: 25px; height: 25px;\" src=\"https:\/\/unox.com.tr\/wp-content\/uploads\/2023\/02\/pdf-1.png\">PRODUKTKATALOG<\/button><\/p>\n<p><button style=\"background-color: #11224b; margin-top: 5px; color: white; padding: 0px 15px; width: 150px; height: 55px; border-radius: 10px; border: none; cursor: pointer;\"><br \/>\n<img decoding=\"async\" style=\"width: 120px; height: 30px;\" src=\"https:\/\/unox.com.tr\/wp-content\/uploads\/2023\/02\/4-1.svg\"><\/button><\/p>\n","protected":false},"featured_media":34346,"comment_status":"open","ping_status":"closed","template":"","meta":{"_joinchat":[]},"product_brand":[],"product_cat":[1111,1629,1143],"product_tag":[],"class_list":{"0":"post-34363","1":"product","2":"type-product","3":"status-publish","4":"has-post-thumbnail","6":"product_cat-absperrklappen","7":"product_cat-ventil-aus-rostfreiem-stahl","8":"product_cat-ventilgruppe","10":"first","11":"instock","12":"shipping-taxable","13":"product-type-simple"},"_links":{"self":[{"href":"https:\/\/unox.com.tr\/de\/wp-json\/wp\/v2\/product\/34363","targetHints":{"allow":["GET"]}}],"collection":[{"href":"https:\/\/unox.com.tr\/de\/wp-json\/wp\/v2\/product"}],"about":[{"href":"https:\/\/unox.com.tr\/de\/wp-json\/wp\/v2\/types\/product"}],"replies":[{"embeddable":true,"href":"https:\/\/unox.com.tr\/de\/wp-json\/wp\/v2\/comments?post=34363"}],"version-history":[{"count":0,"href":"https:\/\/unox.com.tr\/de\/wp-json\/wp\/v2\/product\/34363\/revisions"}],"wp:featuredmedia":[{"embeddable":true,"href":"https:\/\/unox.com.tr\/de\/wp-json\/wp\/v2\/media\/34346"}],"wp:attachment":[{"href":"https:\/\/unox.com.tr\/de\/wp-json\/wp\/v2\/media?parent=34363"}],"wp:term":[{"taxonomy":"product_brand","embeddable":true,"href":"https:\/\/unox.com.tr\/de\/wp-json\/wp\/v2\/product_brand?post=34363"},{"taxonomy":"product_cat","embeddable":true,"href":"https:\/\/unox.com.tr\/de\/wp-json\/wp\/v2\/product_cat?post=34363"},{"taxonomy":"product_tag","embeddable":true,"href":"https:\/\/unox.com.tr\/de\/wp-json\/wp\/v2\/product_tag?post=34363"}],"curies":[{"name":"wp","href":"https:\/\/api.w.org\/{rel}","templated":true}]}}