{"id":34376,"date":"2022-10-19T13:34:43","date_gmt":"2022-10-19T13:34:43","guid":{"rendered":"https:\/\/www.unox.com.tr\/urun\/gummikompensator-mit-flansch-aus-edelstahl\/"},"modified":"2023-03-14T11:48:11","modified_gmt":"2023-03-14T08:48:11","slug":"edelstahl-flansch-kaucuk-kompensator","status":"publish","type":"product","link":"https:\/\/unox.com.tr\/de\/edelstahl-flansch-kaucuk-kompensator\/","title":{"rendered":"Gummikompensator mit Flansch aus Edelstahl"},"content":{"rendered":"<div id=\"ez-toc-container\" class=\"ez-toc-v2_0_82_2 counter-hierarchy ez-toc-counter ez-toc-grey ez-toc-container-direction\">\n<div class=\"ez-toc-title-container\">\n<p class=\"ez-toc-title\" style=\"cursor:inherit\">Sayfa \u0130\u00e7eri\u011fi<\/p>\n<span class=\"ez-toc-title-toggle\"><a href=\"#\" class=\"ez-toc-pull-right ez-toc-btn ez-toc-btn-xs ez-toc-btn-default ez-toc-toggle\" aria-label=\"Toggle Table of Content\"><span class=\"ez-toc-js-icon-con\"><span class=\"\"><span class=\"eztoc-hide\" style=\"display:none;\">Toggle<\/span><span class=\"ez-toc-icon-toggle-span\"><svg style=\"fill: #999;color:#999\" xmlns=\"http:\/\/www.w3.org\/2000\/svg\" class=\"list-377408\" width=\"20px\" height=\"20px\" viewBox=\"0 0 24 24\" fill=\"none\"><path d=\"M6 6H4v2h2V6zm14 0H8v2h12V6zM4 11h2v2H4v-2zm16 0H8v2h12v-2zM4 16h2v2H4v-2zm16 0H8v2h12v-2z\" fill=\"currentColor\"><\/path><\/svg><svg style=\"fill: #999;color:#999\" class=\"arrow-unsorted-368013\" xmlns=\"http:\/\/www.w3.org\/2000\/svg\" width=\"10px\" height=\"10px\" viewBox=\"0 0 24 24\" version=\"1.2\" baseProfile=\"tiny\"><path d=\"M18.2 9.3l-6.2-6.3-6.2 6.3c-.2.2-.3.4-.3.7s.1.5.3.7c.2.2.4.3.7.3h11c.3 0 .5-.1.7-.3.2-.2.3-.5.3-.7s-.1-.5-.3-.7zM5.8 14.7l6.2 6.3 6.2-6.3c.2-.2.3-.5.3-.7s-.1-.5-.3-.7c-.2-.2-.4-.3-.7-.3h-11c-.3 0-.5.1-.7.3-.2.2-.3.5-.3.7s.1.5.3.7z\"\/><\/svg><\/span><\/span><\/span><\/a><\/span><\/div>\n<nav><ul class='ez-toc-list ez-toc-list-level-1 ' ><li class='ez-toc-page-1 ez-toc-heading-level-2'><a class=\"ez-toc-link ez-toc-heading-1\" href=\"https:\/\/unox.com.tr\/de\/edelstahl-flansch-kaucuk-kompensator\/#Was_ist_ein_Gummikompensator_mit_Flansch_aus_Edelstahl\" >Was ist ein Gummikompensator mit Flansch aus Edelstahl?<\/a><\/li><li class='ez-toc-page-1 ez-toc-heading-level-2'><a class=\"ez-toc-link ez-toc-heading-2\" href=\"https:\/\/unox.com.tr\/de\/edelstahl-flansch-kaucuk-kompensator\/#Produkteigenschaften\" >Produkteigenschaften<\/a><\/li><li class='ez-toc-page-1 ez-toc-heading-level-2'><a class=\"ez-toc-link ez-toc-heading-3\" href=\"https:\/\/unox.com.tr\/de\/edelstahl-flansch-kaucuk-kompensator\/#Allgemeine_Merkmale\" >Allgemeine Merkmale<\/a><\/li><li class='ez-toc-page-1 ez-toc-heading-level-2'><a class=\"ez-toc-link ez-toc-heading-4\" href=\"https:\/\/unox.com.tr\/de\/edelstahl-flansch-kaucuk-kompensator\/#Geltungsbereich\" >Geltungsbereich<\/a><\/li><\/ul><\/nav><\/div>\n<h2><span class=\"ez-toc-section\" id=\"Was_ist_ein_Gummikompensator_mit_Flansch_aus_Edelstahl\"><\/span><span style=\"font-size: 22px;\">Was ist ein Gummikompensator mit Flansch aus Edelstahl?<\/span><span class=\"ez-toc-section-end\"><\/span><\/h2>\n<p>Gummikompensator mit Flansch aus Edelstahl ist eine Art flexible Kupplung, die verwendet wird, um Rohre, Schl\u00e4uche oder andere Schl\u00e4uche miteinander zu verbinden. Es besteht aus einem Flansch aus Edelstahl f\u00fcr Korrosionsbest\u00e4ndigkeit an beiden Enden und einem Gummibalg in der Mitte, der Bewegung und Fehlausrichtung zwischen den beiden verbundenen Komponenten zul\u00e4sst. Der Balancer wurde entwickelt, um Vibrationen, St\u00f6\u00dfe und W\u00e4rmeausdehnung zu absorbieren und leichte Fehlausrichtungen zwischen verbundenen Komponenten auszugleichen. Es wird h\u00e4ufig in Rohrleitungssystemen verwendet, insbesondere in der Automobil-, Chemie- und Lebensmittelindustrie, wo es helfen kann, den Druck auf Gummikompensatoren zu reduzieren und Lecks zu verhindern. Es wird h\u00e4ufig verwendet, um Ausdehnungen, Kontraktionen oder andere Bewegungen in Rohrleitungssystemen oder Ger\u00e4ten in einer Vielzahl von Branchen auszugleichen, darunter \u00d6l und Gas, chemische Verarbeitung, Energieerzeugung und Schiffstechnik.<\/p>\n<h2><span class=\"ez-toc-section\" id=\"Produkteigenschaften\"><\/span><span style=\"font-size: 22px;\">Produkteigenschaften<\/span><span class=\"ez-toc-section-end\"><\/span><\/h2>\n<ul>\n<li><strong>Gummi:<\/strong> EPDM \/ NBR<\/li>\n<li><strong>Stahldraht:<\/strong> Kohlenstoffstahl<\/li>\n<li><strong>Nylon-Wicklungsfasern:<\/strong> Kunstfaser<\/li>\n<li><strong>Flansch:<\/strong> Edelstahl AISI304L &#8211; Edelstahl AISI316L<\/li>\n<li><strong>Nenndurchmesserwert:<\/strong> DN 32 (1 1\/4&#8220;) &#8212; DN 600 (24&#8220;)<\/li>\n<li><strong>Temperaturbereich:<\/strong> +10 \u00b0C \/ +90 \u00b0C<\/li>\n<li><strong>Druckklasse:<\/strong> PN16<\/li>\n<li><strong>Druckwert:<\/strong> 10 bar<\/li>\n<\/ul>\n<h2><span class=\"ez-toc-section\" id=\"Allgemeine_Merkmale\"><\/span><span style=\"font-size: 22px;\">Allgemeine Merkmale<\/span><span class=\"ez-toc-section-end\"><\/span><\/h2>\n<ul>\n<li>Sie gleichen den Dehnungs-Verk\u00fcrzungs-Zustand aus, der sich aus der Temperatur\u00e4nderung ergibt, und gleichen dadurch die laterale und winklige Bewegung aus.<\/li>\n<li>Sie absorbieren Wasserschl\u00e4ge und verhindern Wasserschl\u00e4ge.<\/li>\n<li>Es hat eine geflanschte Rotationsstruktur, so dass sie einfach zu montieren sind.<\/li>\n<li>Es ist keine Dichtung oder Packung erforderlich.<\/li>\n<\/ul>\n<h2><span class=\"ez-toc-section\" id=\"Geltungsbereich\"><\/span><span style=\"font-size: 22px;\">Geltungsbereich<\/span><span class=\"ez-toc-section-end\"><\/span><\/h2>\n<ul>\n<li>K\u00fchler<\/li>\n<li>Pumps<\/li>\n<li>Luftkompressoren<\/li>\n<li>L\u00fcftungssysteme<\/li>\n<li>Ventilatoren<\/li>\n<li>K\u00fchlt\u00fcrme<\/li>\n<li>W\u00e4rmekraftwerke<\/li>\n<li>Dammsysteme<\/li>\n<li>Kraftwerke<\/li>\n<li>Eisen- und Stahlfelder<\/li>\n<li>Werft-Schiff Bereiche<\/li>\n<li>Papier-Haustier vs. Recyclingbereiche<\/li>\n<\/ul>\n","protected":false},"excerpt":{"rendered":"<p><a href=\"https:\/\/unox.com.tr\/wp-content\/uploads\/2023\/01\/Paslanmaz-Kaucuk-Kompansator-.pdf\" target=\"_blank\" rel=\"noopener\"><button style=\"background-color: #11224b; color: #ffffff; padding: 10px 15px; font-family: montserrat; font-weight: bold; font-size: 19px; border-radius: 10px;\"><img decoding=\"async\" style=\"width: 25px; height: 25px;\" src=\"https:\/\/unox.com.tr\/wp-content\/uploads\/2023\/02\/pdf-1.png\">PRODUKTKATALOG<\/button><\/a><\/p>\n<p><button style=\"background-color: #11224b; margin-top: 5px; color: white; padding: 0px 15px; width: 150px; height: 55px; border-radius: 10px; border: none; cursor: pointer;\"><br \/>\n<img decoding=\"async\" style=\"width: 120px; height: 30px;\" src=\"https:\/\/unox.com.tr\/wp-content\/uploads\/2023\/02\/4-1.svg\"><\/button><\/p>\n","protected":false},"featured_media":69253,"comment_status":"closed","ping_status":"closed","template":"","meta":[],"product_brand":[],"product_cat":[1043],"product_tag":[],"class_list":{"0":"post-34376","1":"product","2":"type-product","3":"status-publish","4":"has-post-thumbnail","6":"product_cat-kompensatoren","8":"first","9":"instock","10":"shipping-taxable","11":"product-type-simple"},"_links":{"self":[{"href":"https:\/\/unox.com.tr\/de\/wp-json\/wp\/v2\/product\/34376","targetHints":{"allow":["GET"]}}],"collection":[{"href":"https:\/\/unox.com.tr\/de\/wp-json\/wp\/v2\/product"}],"about":[{"href":"https:\/\/unox.com.tr\/de\/wp-json\/wp\/v2\/types\/product"}],"replies":[{"embeddable":true,"href":"https:\/\/unox.com.tr\/de\/wp-json\/wp\/v2\/comments?post=34376"}],"version-history":[{"count":0,"href":"https:\/\/unox.com.tr\/de\/wp-json\/wp\/v2\/product\/34376\/revisions"}],"wp:featuredmedia":[{"embeddable":true,"href":"https:\/\/unox.com.tr\/de\/wp-json\/wp\/v2\/media\/69253"}],"wp:attachment":[{"href":"https:\/\/unox.com.tr\/de\/wp-json\/wp\/v2\/media?parent=34376"}],"wp:term":[{"taxonomy":"product_brand","embeddable":true,"href":"https:\/\/unox.com.tr\/de\/wp-json\/wp\/v2\/product_brand?post=34376"},{"taxonomy":"product_cat","embeddable":true,"href":"https:\/\/unox.com.tr\/de\/wp-json\/wp\/v2\/product_cat?post=34376"},{"taxonomy":"product_tag","embeddable":true,"href":"https:\/\/unox.com.tr\/de\/wp-json\/wp\/v2\/product_tag?post=34376"}],"curies":[{"name":"wp","href":"https:\/\/api.w.org\/{rel}","templated":true}]}}