{"id":34388,"date":"2022-10-18T06:18:00","date_gmt":"2022-10-18T06:18:00","guid":{"rendered":"https:\/\/www.unox.com.tr\/urun\/pneumatisches-kolbenventil-flansch-y-typ\/"},"modified":"2023-05-24T16:12:17","modified_gmt":"2023-05-24T13:12:17","slug":"pneumatisches-kolbenventil-geflanschter-y-typ","status":"publish","type":"product","link":"https:\/\/unox.com.tr\/de\/pneumatisches-kolbenventil-geflanschter-y-typ\/","title":{"rendered":"Pneumatisches Kolbenventil (Flansch, Y-Typ)"},"content":{"rendered":"<div id=\"ez-toc-container\" class=\"ez-toc-v2_0_82_2 counter-hierarchy ez-toc-counter ez-toc-grey ez-toc-container-direction\">\n<div class=\"ez-toc-title-container\">\n<p class=\"ez-toc-title\" style=\"cursor:inherit\">Sayfa \u0130\u00e7eri\u011fi<\/p>\n<span class=\"ez-toc-title-toggle\"><a href=\"#\" class=\"ez-toc-pull-right ez-toc-btn ez-toc-btn-xs ez-toc-btn-default ez-toc-toggle\" aria-label=\"Toggle Table of Content\"><span class=\"ez-toc-js-icon-con\"><span class=\"\"><span class=\"eztoc-hide\" style=\"display:none;\">Toggle<\/span><span class=\"ez-toc-icon-toggle-span\"><svg style=\"fill: #999;color:#999\" xmlns=\"http:\/\/www.w3.org\/2000\/svg\" class=\"list-377408\" width=\"20px\" height=\"20px\" viewBox=\"0 0 24 24\" fill=\"none\"><path d=\"M6 6H4v2h2V6zm14 0H8v2h12V6zM4 11h2v2H4v-2zm16 0H8v2h12v-2zM4 16h2v2H4v-2zm16 0H8v2h12v-2z\" fill=\"currentColor\"><\/path><\/svg><svg style=\"fill: #999;color:#999\" class=\"arrow-unsorted-368013\" xmlns=\"http:\/\/www.w3.org\/2000\/svg\" width=\"10px\" height=\"10px\" viewBox=\"0 0 24 24\" version=\"1.2\" baseProfile=\"tiny\"><path d=\"M18.2 9.3l-6.2-6.3-6.2 6.3c-.2.2-.3.4-.3.7s.1.5.3.7c.2.2.4.3.7.3h11c.3 0 .5-.1.7-.3.2-.2.3-.5.3-.7s-.1-.5-.3-.7zM5.8 14.7l6.2 6.3 6.2-6.3c.2-.2.3-.5.3-.7s-.1-.5-.3-.7c-.2-.2-.4-.3-.7-.3h-11c-.3 0-.5.1-.7.3-.2.2-.3.5-.3.7s.1.5.3.7z\"\/><\/svg><\/span><\/span><\/span><\/a><\/span><\/div>\n<nav><ul class='ez-toc-list ez-toc-list-level-1 ' ><li class='ez-toc-page-1 ez-toc-heading-level-2'><a class=\"ez-toc-link ez-toc-heading-1\" href=\"https:\/\/unox.com.tr\/de\/pneumatisches-kolbenventil-geflanschter-y-typ\/#Was_ist_ein_Pneumatisches_Kolbenventil\" >Was ist ein Pneumatisches Kolbenventil?<\/a><\/li><li class='ez-toc-page-1 ez-toc-heading-level-2'><a class=\"ez-toc-link ez-toc-heading-2\" href=\"https:\/\/unox.com.tr\/de\/pneumatisches-kolbenventil-geflanschter-y-typ\/#Arbeitsprinzip\" >Arbeitsprinzip<\/a><\/li><li class='ez-toc-page-1 ez-toc-heading-level-2'><a class=\"ez-toc-link ez-toc-heading-3\" href=\"https:\/\/unox.com.tr\/de\/pneumatisches-kolbenventil-geflanschter-y-typ\/#Produkteigenschaften\" >Produkteigenschaften<\/a><\/li><li class='ez-toc-page-1 ez-toc-heading-level-2'><a class=\"ez-toc-link ez-toc-heading-4\" href=\"https:\/\/unox.com.tr\/de\/pneumatisches-kolbenventil-geflanschter-y-typ\/#Geltungsbereich\" >Geltungsbereich<\/a><\/li><li class='ez-toc-page-1 ez-toc-heading-level-2'><a class=\"ez-toc-link ez-toc-heading-5\" href=\"https:\/\/unox.com.tr\/de\/pneumatisches-kolbenventil-geflanschter-y-typ\/#Vorteile\" >Vorteile<\/a><\/li><\/ul><\/nav><\/div>\n<h2><span class=\"ez-toc-section\" id=\"Was_ist_ein_Pneumatisches_Kolbenventil\"><\/span><span style=\"font-size: 22px;\">Was ist ein Pneumatisches Kolbenventil?<\/span><span class=\"ez-toc-section-end\"><\/span><\/h2>\n<p>Pneumatische Kolbenventile sind eine Art Ventil, das Druckluft oder andere Gase verwendet, um einen Kolben oder eine Membran zu bet\u00e4tigen, die ein Ventil \u00f6ffnet oder schlie\u00dft. Diese Ventile werden h\u00e4ufig in Industrie- und Fertigungsanwendungen eingesetzt, um den Durchfluss von Fl\u00fcssigkeiten, Gasen und anderen Materialien zu steuern. Es kann 2-Wege oder 3-Wege sein, abh\u00e4ngig von der Anzahl der Ports, die sie haben. 2-Wege-Ventile haben zwei Anschl\u00fcsse, w\u00e4hrend 3-Wege-Ventile drei Anschl\u00fcsse haben. Anschl\u00fcsse werden verwendet, um das Ventil mit Rohrleitungen oder anderen Ger\u00e4ten im System zu verbinden Sie sind bekannt f\u00fcr ihre schnellen Reaktionszeiten und hohen Durchflusskapazit\u00e4ten, wodurch sie sich gut f\u00fcr Anwendungen eignen, die eine pr\u00e4zise Steuerung und schnelles Umschalten erfordern. Sie sind auch relativ einfach und leicht zu warten, was sie zu einer beliebten Wahl in vielen industriellen Umgebungen macht.<\/p>\n<h2><span class=\"ez-toc-section\" id=\"Arbeitsprinzip\"><\/span><span style=\"font-size: 22px;\">Arbeitsprinzip<\/span><span class=\"ez-toc-section-end\"><\/span><\/h2>\n<p>Das Ventil bleibt im Normalzustand durch Federkraft geschlossen (offen). Wenn der Kolben durch Druckluft angetrieben wird, \u00f6ffnet (schlie\u00dft) das Ventil. Bei der doppeltwirkenden Ausf\u00fchrung ist das Ventil ge\u00f6ffnet und die Druckluft geschlossen.<\/p>\n<p>Pneumatische Kolbenventile, Geh\u00e4use aus Edelstahl 316, Bet\u00e4tiger aus Edelstahl 304, Y-Ventile f\u00fcr pneumatische Steuerzwecke. Er wird als einfachwirkender Typ hergestellt und ist stromlos geschlossen. Die Standard-Getriebefertigung ist BSP-Getriebe.<\/p>\n<h2><span class=\"ez-toc-section\" id=\"Produkteigenschaften\"><\/span><span style=\"font-size: 22px;\">Produkteigenschaften<\/span><span class=\"ez-toc-section-end\"><\/span><\/h2>\n<ul>\n<li><strong>Geh\u00e4use<\/strong>: Edelstahl<\/li>\n<li><strong>Betriebstemperatur<\/strong>: 180 \u00baC<\/li>\n<li><strong>Betriebsdruck<\/strong>: PN16<\/li>\n<li><strong>Versorgungsdruck<\/strong>: 3 &#8211; 8 bar<\/li>\n<li><strong>Anschluss:<\/strong> Geflanscht<\/li>\n<\/ul>\n<h2><span class=\"ez-toc-section\" id=\"Geltungsbereich\"><\/span><span style=\"font-size: 22px;\">Geltungsbereich<\/span><span class=\"ez-toc-section-end\"><\/span><\/h2>\n<ul>\n<li>Getr\u00e4nkeabf\u00fcllmaschinen<\/li>\n<li>Gasindustrie<\/li>\n<li>Hochtemperaturdesinfektion<\/li>\n<li>Wasser-\/Abwasserbehandlung<\/li>\n<li>Textildruck und F\u00e4rben<\/li>\n<li>Chemieindustrie<\/li>\n<li>Sch\u00e4umende Ausr\u00fcstung<\/li>\n<\/ul>\n<h2><span class=\"ez-toc-section\" id=\"Vorteile\"><\/span><span style=\"font-size: 22px;\">Vorteile<\/span><span class=\"ez-toc-section-end\"><\/span><\/h2>\n<ul>\n<li>Ein gro\u00dfer Durchfluss wird nicht durch Wasserschl\u00e4ge mit geringem Widerstand beeintr\u00e4chtigt.<\/li>\n<li>Mit seiner Y-Form und dem erweiterten Durchflussbereich bietet es einen 30% glatten Durchfluss.<\/li>\n<li>F\u00e4higkeit, viele Jahre zu arbeiten.<\/li>\n<li>Der K\u00f6rper stellt sich automatisch ein und schmiert sich selbst. Es minimiert Ihre Wartungskosten.<\/li>\n<li>Der Zylinder kann um 360 Grad gedreht werden und ist komplett aus Edelstahl gefertigt. Dadurch erhalten Sie eine sehr hohe Leistung.<\/li>\n<\/ul>\n","protected":false},"excerpt":{"rendered":"<p><a href=\"https:\/\/unox.com.tr\/wp-content\/uploads\/2023\/05\/PNOMATIK-PISTONLU-FLANSLI-VANA.pdf\" target=\"_blank\" rel=\"noopener\"><button style=\"background-color: #11224b; color: #ffffff; padding: 10px 15px; font-family: montserrat; font-weight: bold; font-size: 19px; border-radius: 10px;\"><img decoding=\"async\" style=\"width: 25px; height: 25px;\" src=\"https:\/\/unox.com.tr\/wp-content\/uploads\/2023\/02\/pdf-1.png\">PRODUKTKATALOG<\/button><\/a><\/p>\n<p><button style=\"background-color: #11224b; margin-top: 5px; color: white; padding: 0px 15px; width: 150px; height: 55px; border-radius: 10px; border: none; cursor: pointer;\"><br \/>\n<img decoding=\"async\" style=\"width: 120px; height: 30px;\" src=\"https:\/\/unox.com.tr\/wp-content\/uploads\/2023\/02\/4-1.svg\"><\/button><\/p>\n","protected":false},"featured_media":70195,"comment_status":"closed","ping_status":"closed","template":"","meta":{"_joinchat":[]},"product_brand":[],"product_cat":[1142,1117],"product_tag":[],"class_list":{"0":"post-34388","1":"product","2":"type-product","3":"status-publish","4":"has-post-thumbnail","6":"product_cat-pneumatische-kolbenventile","7":"product_cat-pneumatische-ventile","9":"first","10":"instock","11":"shipping-taxable","12":"product-type-simple"},"_links":{"self":[{"href":"https:\/\/unox.com.tr\/de\/wp-json\/wp\/v2\/product\/34388","targetHints":{"allow":["GET"]}}],"collection":[{"href":"https:\/\/unox.com.tr\/de\/wp-json\/wp\/v2\/product"}],"about":[{"href":"https:\/\/unox.com.tr\/de\/wp-json\/wp\/v2\/types\/product"}],"replies":[{"embeddable":true,"href":"https:\/\/unox.com.tr\/de\/wp-json\/wp\/v2\/comments?post=34388"}],"version-history":[{"count":0,"href":"https:\/\/unox.com.tr\/de\/wp-json\/wp\/v2\/product\/34388\/revisions"}],"wp:featuredmedia":[{"embeddable":true,"href":"https:\/\/unox.com.tr\/de\/wp-json\/wp\/v2\/media\/70195"}],"wp:attachment":[{"href":"https:\/\/unox.com.tr\/de\/wp-json\/wp\/v2\/media?parent=34388"}],"wp:term":[{"taxonomy":"product_brand","embeddable":true,"href":"https:\/\/unox.com.tr\/de\/wp-json\/wp\/v2\/product_brand?post=34388"},{"taxonomy":"product_cat","embeddable":true,"href":"https:\/\/unox.com.tr\/de\/wp-json\/wp\/v2\/product_cat?post=34388"},{"taxonomy":"product_tag","embeddable":true,"href":"https:\/\/unox.com.tr\/de\/wp-json\/wp\/v2\/product_tag?post=34388"}],"curies":[{"name":"wp","href":"https:\/\/api.w.org\/{rel}","templated":true}]}}