{"id":34409,"date":"2022-08-05T09:08:31","date_gmt":"2022-08-05T06:08:31","guid":{"rendered":"https:\/\/www.unox.com.tr\/urun\/motorisiertes-2-wege-proportional-heissoelventil-33619\/"},"modified":"2024-03-13T06:51:04","modified_gmt":"2024-03-13T03:51:04","slug":"2-wege-motor-proportional-heizolwagen","status":"publish","type":"product","link":"https:\/\/unox.com.tr\/de\/2-wege-motor-proportional-heizolwagen\/","title":{"rendered":"2 Wege Motorisiertes Proportional Hei\u00df\u00f6lventil &#8211; 33619"},"content":{"rendered":"<div id=\"ez-toc-container\" class=\"ez-toc-v2_0_82_2 counter-hierarchy ez-toc-counter ez-toc-grey ez-toc-container-direction\">\n<div class=\"ez-toc-title-container\">\n<p class=\"ez-toc-title\" style=\"cursor:inherit\">Sayfa \u0130\u00e7eri\u011fi<\/p>\n<span class=\"ez-toc-title-toggle\"><a href=\"#\" class=\"ez-toc-pull-right ez-toc-btn ez-toc-btn-xs ez-toc-btn-default ez-toc-toggle\" aria-label=\"Toggle Table of Content\"><span class=\"ez-toc-js-icon-con\"><span class=\"\"><span class=\"eztoc-hide\" style=\"display:none;\">Toggle<\/span><span class=\"ez-toc-icon-toggle-span\"><svg style=\"fill: #999;color:#999\" xmlns=\"http:\/\/www.w3.org\/2000\/svg\" class=\"list-377408\" width=\"20px\" height=\"20px\" viewBox=\"0 0 24 24\" fill=\"none\"><path d=\"M6 6H4v2h2V6zm14 0H8v2h12V6zM4 11h2v2H4v-2zm16 0H8v2h12v-2zM4 16h2v2H4v-2zm16 0H8v2h12v-2z\" fill=\"currentColor\"><\/path><\/svg><svg style=\"fill: #999;color:#999\" class=\"arrow-unsorted-368013\" xmlns=\"http:\/\/www.w3.org\/2000\/svg\" width=\"10px\" height=\"10px\" viewBox=\"0 0 24 24\" version=\"1.2\" baseProfile=\"tiny\"><path d=\"M18.2 9.3l-6.2-6.3-6.2 6.3c-.2.2-.3.4-.3.7s.1.5.3.7c.2.2.4.3.7.3h11c.3 0 .5-.1.7-.3.2-.2.3-.5.3-.7s-.1-.5-.3-.7zM5.8 14.7l6.2 6.3 6.2-6.3c.2-.2.3-.5.3-.7s-.1-.5-.3-.7c-.2-.2-.4-.3-.7-.3h-11c-.3 0-.5.1-.7.3-.2.2-.3.5-.3.7s.1.5.3.7z\"\/><\/svg><\/span><\/span><\/span><\/a><\/span><\/div>\n<nav><ul class='ez-toc-list ez-toc-list-level-1 ' ><li class='ez-toc-page-1 ez-toc-heading-level-2'><a class=\"ez-toc-link ez-toc-heading-1\" href=\"https:\/\/unox.com.tr\/de\/2-wege-motor-proportional-heizolwagen\/#Was_ist_ein_Motor-Proportional-Heissoelventil\" >Was ist ein Motor-Proportional-Hei\u00df\u00f6lventil?<\/a><\/li><li class='ez-toc-page-1 ez-toc-heading-level-2'><a class=\"ez-toc-link ez-toc-heading-2\" href=\"https:\/\/unox.com.tr\/de\/2-wege-motor-proportional-heizolwagen\/#Was_ist_ein_Regelventil\" >Was ist ein Regelventil?<\/a><\/li><li class='ez-toc-page-1 ez-toc-heading-level-2'><a class=\"ez-toc-link ez-toc-heading-3\" href=\"https:\/\/unox.com.tr\/de\/2-wege-motor-proportional-heizolwagen\/#Was_ist_das_proportionale_Arbeitsprinzip\" >Was ist das proportionale Arbeitsprinzip?<\/a><\/li><li class='ez-toc-page-1 ez-toc-heading-level-2'><a class=\"ez-toc-link ez-toc-heading-4\" href=\"https:\/\/unox.com.tr\/de\/2-wege-motor-proportional-heizolwagen\/#Allgemeine_Merkmale\" >Allgemeine Merkmale<\/a><\/li><li class='ez-toc-page-1 ez-toc-heading-level-2'><a class=\"ez-toc-link ez-toc-heading-5\" href=\"https:\/\/unox.com.tr\/de\/2-wege-motor-proportional-heizolwagen\/#Eigenschaften_des_Elektromotors\" >Eigenschaften des Elektromotors<\/a><\/li><li class='ez-toc-page-1 ez-toc-heading-level-2'><a class=\"ez-toc-link ez-toc-heading-6\" href=\"https:\/\/unox.com.tr\/de\/2-wege-motor-proportional-heizolwagen\/#Materialeigenschaften\" >Materialeigenschaften<\/a><ul class='ez-toc-list-level-3' ><li class='ez-toc-heading-level-3'><a class=\"ez-toc-link ez-toc-heading-7\" href=\"https:\/\/unox.com.tr\/de\/2-wege-motor-proportional-heizolwagen\/#Zubehoer\" >Zubeh\u00f6r<\/a><\/li><\/ul><\/li><\/ul><\/nav><\/div>\n<h2><span class=\"ez-toc-section\" id=\"Was_ist_ein_Motor-Proportional-Heissoelventil\"><\/span><span style=\"font-size: 22px;\">Was ist ein Motor-Proportional-Hei\u00df\u00f6lventil?<\/span><span class=\"ez-toc-section-end\"><\/span><\/h2>\n<p>Ein Hei\u00df\u00f6lventil ist eine Art Ventil zur Steuerung des Durchflusses von hei\u00dfem \u00d6l oder anderen hei\u00dfen Fl\u00fcssigkeiten. Diese Ventile werden im Allgemeinen in industriellen oder gewerblichen Umgebungen eingesetzt, in denen hohe Temperaturen und Dr\u00fccke auftreten, wie z. B. in Prozessanlagen oder Kraftwerken. Das Hei\u00df\u00f6lventil kann in einer Vielzahl von Anwendungen eingesetzt werden, einschlie\u00dflich Heizung, K\u00fchlung, Schmierung und Temperaturregelung. Im Allgemeinen bestehen sie aus Materialien, die hochtemperaturbest\u00e4ndig sind und der korrosiven Wirkung hei\u00dfer \u00d6le standhalten k\u00f6nnen.<\/p>\n<h2><span class=\"ez-toc-section\" id=\"Was_ist_ein_Regelventil\"><\/span><span style=\"font-size: 22px;\">Was ist ein Regelventil?<\/span><span class=\"ez-toc-section-end\"><\/span><\/h2>\n<p>Regelventil; Ein Ventil, das verwendet wird, um Fl\u00fcssigkeit zu steuern, indem die Gr\u00f6\u00dfe des Durchflusskanals ge\u00e4ndert wird, wie es durch ein Signal von einer Steuerung vorgegeben wird. Regelventile regeln Druck, Temperatur, Durchfluss und F\u00fcllstand in allen Prozessen, in denen Fl\u00fcssigkeiten vorhanden sind. Regelventile werden f\u00fcr Kaltwasser, Warmwasser, Dampf, \u00fcberhitztes Wasser, Dampf und Gas usw. verwendet, die durch den Energieverbrauch in Unternehmen erzeugt werden. Es sorgt daf\u00fcr, dass die Fl\u00fcssigkeiten verlustfrei transportiert und kontrolliert werden k\u00f6nnen.<\/p>\n<h2><span class=\"ez-toc-section\" id=\"Was_ist_das_proportionale_Arbeitsprinzip\"><\/span><span style=\"font-size: 22px;\">Was ist das proportionale Arbeitsprinzip?<\/span><span class=\"ez-toc-section-end\"><\/span><\/h2>\n<p>Das proportionale Arbeitsprinzip ist ein Steuerungssystemkonzept, das sich auf die Verwendung eines Steuersignals bezieht, das direkt proportional zum Fehler zwischen dem gew\u00fcnschten Sollwert und dem tats\u00e4chlichen Prozesswert ist. Mit anderen Worten, das Steuersignal wird proportional zur Gr\u00f6\u00dfe und Richtung des Fehlers angepasst. Diese Art von Steuersystem wird in verschiedenen Anwendungen verwendet, wo es notwendig ist, eine Prozessvariable auf einem bestimmten Sollwert oder innerhalb eines bestimmten Bereichs zu halten.<\/p>\n<p>Bei der Proportionalregelung wird das Regelsignal von einem Regler erzeugt, der den Sollwert mit dem Istwert vergleicht und den Fehler berechnet. Der Regler legt dann ein dem Fehler proportionales Steuersignal an den Prozess an. Das Steuersignal wird im Allgemeinen \u00fcber ein Steuerelement wie etwa ein Ventil angelegt, das den Fluss eines Fluids oder die Position eines Mechanismus zum \u00c4ndern der Prozessvariablen einstellen kann.<\/p>\n<h2><span class=\"ez-toc-section\" id=\"Allgemeine_Merkmale\"><\/span><span style=\"font-size: 22px;\">Allgemeine Merkmale<\/span><span class=\"ez-toc-section-end\"><\/span><\/h2>\n<ul>\n<li><strong>Produkt:<\/strong> Motorisiertes 2-Wege-Proportional-Hei\u00df\u00f6lventil (mit zus\u00e4tzlichem Metallbalg)<\/li>\n<li><strong>Abmessungen:<\/strong> DN15 \/ DN20 \/ DN25 \/ DN32 \/ DN40 \/ DN50 \/ DN65 \/ DN80 \/ DN100<\/li>\n<li><strong>Einsatzbereich:<\/strong> Druckdampf- und Hei\u00df\u00f6lleitungen<\/li>\n<li><strong>Anschlussnorm:<\/strong> Flanschanschluss (DIN1092-2)<\/li>\n<li><strong>Druckklasse:<\/strong> PN16- PN25 (Optional PN40)<\/li>\n<li><strong>Max. Betriebstemperatur: <\/strong> 350 \u00b0C<\/li>\n<li><strong>Halsdichtung:<\/strong> Klasse VI-Metall auf Metall und Metallbalg am Hals-PTFE-Graphit<\/li>\n<li><strong>Charakteristik:<\/strong> Gleichprozentig &#8211; Linear<\/li>\n<\/ul>\n<p>Es beh\u00e4lt seine Position bei, wenn die Stromversorgung unterbrochen wird.<\/p>\n<h2><span class=\"ez-toc-section\" id=\"Eigenschaften_des_Elektromotors\"><\/span><span style=\"font-size: 22px;\">Eigenschaften des Elektromotors<\/span><span class=\"ez-toc-section-end\"><\/span><\/h2>\n<ul>\n<li><strong>Versorgung:<\/strong> 24 VAC &#8211; 24 VDC &#8211; 220 VAC (3-Punkt-Floating Control)<\/li>\n<li><strong>Antriebskraft:<\/strong> (N) 1000 N \u2013 2200 N &#8211; 2500 N \u2013 3000 N<\/li>\n<li><strong>Hub:<\/strong> 20 mm f\u00fcr DN 15 \u2013 50 ; 30 mm f\u00fcr DN 50-100<\/li>\n<li><strong>Hubbeendigungszeit:<\/strong> 20 Sek. f\u00fcr DN 15 \u2013 50; 30 Sek. f\u00fcr DN 50-100<\/li>\n<\/ul>\n<h2><span class=\"ez-toc-section\" id=\"Materialeigenschaften\"><\/span><span style=\"font-size: 22px;\">Materialeigenschaften<\/span><span class=\"ez-toc-section-end\"><\/span><\/h2>\n<ul>\n<li><strong>K\u00f6rper:<\/strong> GGG &#8211; 40.3 Sph\u00e4roguss<\/li>\n<li><strong>Abdeckung:<\/strong> GGG &#8211; 40.3 Sph\u00e4roguss<\/li>\n<li><strong>Halsanschluss:<\/strong> ST44- 3 (S275J0)<\/li>\n<li><strong>Aktuatork\u00f6rper:<\/strong> AL6063 ENJ. &#8211; ABS-Kunststoff<\/li>\n<li><strong>Sitz:<\/strong> Edelstahl 1.4571 (AISI316)<\/li>\n<\/ul>\n<h3><span class=\"ez-toc-section\" id=\"Zubehoer\"><\/span><span style=\"font-size: 20px;\">Zubeh\u00f6r<\/span><span class=\"ez-toc-section-end\"><\/span><\/h3>\n<p><em>Fragen Sie nach einem zus\u00e4tzlichen Endschalterkasten.<\/em><\/p>\n<p><em>Fragen Sie nach hohen Delta P&#8217;s..<\/em><\/p>\n<p><em>Fragen Sie nach einer 24-V-AC-24-V-DC-Versorgung.<\/em><\/p>\n<p><em>Fragen Sie uns nach Hochtemperatur- und Spezialanwendungen.<\/em><\/p>\n<p><em>DN100, DN125, DN150 Geh\u00e4usematerial ist PN16 Gusseisen.<\/em><\/p>\n<p><em>Bitte fragen Sie nach anderen Karosseriematerialien.<\/em><\/p>\n","protected":false},"excerpt":{"rendered":"<p><a href=\"https:\/\/unox.com.tr\/wp-content\/uploads\/2023\/01\/2-Yollu-Motorlu-Oransal-Kizgin-Yag-Vanasi-33619.pdf\" target=\"_blank\" rel=\"noopener\"><button style=\"background-color: #11224b; color: #ffffff; padding: 10px 15px; font-family: montserrat; font-weight: bold; font-size: 19px; border-radius: 10px;\"><img decoding=\"async\" style=\"width: 25px; height: 25px;\" src=\"https:\/\/unox.com.tr\/wp-content\/uploads\/2023\/02\/pdf-1.png\">PRODUKTKATALOG<\/button><\/a><\/p>\n<p><button style=\"background-color: #11224b; margin-top: 5px; color: white; padding: 0px 15px; width: 150px; height: 55px; border-radius: 10px; border: none; cursor: pointer;\"><br \/>\n<img decoding=\"async\" style=\"width: 120px; height: 30px;\" src=\"https:\/\/unox.com.tr\/wp-content\/uploads\/2023\/02\/4-1.svg\"><\/button><\/p>\n","protected":false},"featured_media":33922,"comment_status":"open","ping_status":"closed","template":"","meta":[],"product_brand":[],"product_cat":[1656,1082,1081],"product_tag":[],"class_list":{"0":"post-34409","1":"product","2":"type-product","3":"status-publish","4":"has-post-thumbnail","6":"product_cat-heissoelventil","7":"product_cat-regelventile-mit-elektromotor","8":"product_cat-regelventilen","10":"first","11":"instock","12":"shipping-taxable","13":"product-type-simple"},"_links":{"self":[{"href":"https:\/\/unox.com.tr\/de\/wp-json\/wp\/v2\/product\/34409","targetHints":{"allow":["GET"]}}],"collection":[{"href":"https:\/\/unox.com.tr\/de\/wp-json\/wp\/v2\/product"}],"about":[{"href":"https:\/\/unox.com.tr\/de\/wp-json\/wp\/v2\/types\/product"}],"replies":[{"embeddable":true,"href":"https:\/\/unox.com.tr\/de\/wp-json\/wp\/v2\/comments?post=34409"}],"version-history":[{"count":0,"href":"https:\/\/unox.com.tr\/de\/wp-json\/wp\/v2\/product\/34409\/revisions"}],"wp:featuredmedia":[{"embeddable":true,"href":"https:\/\/unox.com.tr\/de\/wp-json\/wp\/v2\/media\/33922"}],"wp:attachment":[{"href":"https:\/\/unox.com.tr\/de\/wp-json\/wp\/v2\/media?parent=34409"}],"wp:term":[{"taxonomy":"product_brand","embeddable":true,"href":"https:\/\/unox.com.tr\/de\/wp-json\/wp\/v2\/product_brand?post=34409"},{"taxonomy":"product_cat","embeddable":true,"href":"https:\/\/unox.com.tr\/de\/wp-json\/wp\/v2\/product_cat?post=34409"},{"taxonomy":"product_tag","embeddable":true,"href":"https:\/\/unox.com.tr\/de\/wp-json\/wp\/v2\/product_tag?post=34409"}],"curies":[{"name":"wp","href":"https:\/\/api.w.org\/{rel}","templated":true}]}}