{"id":34490,"date":"2022-10-24T14:44:32","date_gmt":"2022-10-24T14:44:32","guid":{"rendered":"https:\/\/www.unox.com.tr\/urun\/metallfaltenbalg-kompensator-drehbar-geflanscht-verlegt-60-mm\/"},"modified":"2023-03-14T11:42:43","modified_gmt":"2023-03-14T08:42:43","slug":"60mm-metallgeschutzter-kompensator","status":"publish","type":"product","link":"https:\/\/unox.com.tr\/de\/60mm-metallgeschutzter-kompensator\/","title":{"rendered":"Metallfaltenbalg-Kompensator (Drehbar Geflanscht, Verlegt, 60 mm)"},"content":{"rendered":"<div id=\"ez-toc-container\" class=\"ez-toc-v2_0_83 counter-hierarchy ez-toc-counter ez-toc-grey ez-toc-container-direction\">\n<div class=\"ez-toc-title-container\">\n<p class=\"ez-toc-title\" style=\"cursor:inherit\">Sayfa \u0130\u00e7eri\u011fi<\/p>\n<span class=\"ez-toc-title-toggle\"><a href=\"#\" class=\"ez-toc-pull-right ez-toc-btn ez-toc-btn-xs ez-toc-btn-default ez-toc-toggle\" aria-label=\"Toggle Table of Content\"><span class=\"ez-toc-js-icon-con\"><span class=\"\"><span class=\"eztoc-hide\" style=\"display:none;\">Toggle<\/span><span class=\"ez-toc-icon-toggle-span\"><svg style=\"fill: #999;color:#999\" xmlns=\"http:\/\/www.w3.org\/2000\/svg\" class=\"list-377408\" width=\"20px\" height=\"20px\" viewBox=\"0 0 24 24\" fill=\"none\"><path d=\"M6 6H4v2h2V6zm14 0H8v2h12V6zM4 11h2v2H4v-2zm16 0H8v2h12v-2zM4 16h2v2H4v-2zm16 0H8v2h12v-2z\" fill=\"currentColor\"><\/path><\/svg><svg style=\"fill: #999;color:#999\" class=\"arrow-unsorted-368013\" xmlns=\"http:\/\/www.w3.org\/2000\/svg\" width=\"10px\" height=\"10px\" viewBox=\"0 0 24 24\" version=\"1.2\" baseProfile=\"tiny\"><path d=\"M18.2 9.3l-6.2-6.3-6.2 6.3c-.2.2-.3.4-.3.7s.1.5.3.7c.2.2.4.3.7.3h11c.3 0 .5-.1.7-.3.2-.2.3-.5.3-.7s-.1-.5-.3-.7zM5.8 14.7l6.2 6.3 6.2-6.3c.2-.2.3-.5.3-.7s-.1-.5-.3-.7c-.2-.2-.4-.3-.7-.3h-11c-.3 0-.5.1-.7.3-.2.2-.3.5-.3.7s.1.5.3.7z\"\/><\/svg><\/span><\/span><\/span><\/a><\/span><\/div>\n<nav><ul class='ez-toc-list ez-toc-list-level-1 ' ><li class='ez-toc-page-1 ez-toc-heading-level-2'><a class=\"ez-toc-link ez-toc-heading-1\" href=\"https:\/\/unox.com.tr\/de\/60mm-metallgeschutzter-kompensator\/#Was_ist_ein_Metallfaltenbalg-Kompensator\" >Was ist ein Metallfaltenbalg-Kompensator ?<\/a><\/li><li class='ez-toc-page-1 ez-toc-heading-level-2'><a class=\"ez-toc-link ez-toc-heading-2\" href=\"https:\/\/unox.com.tr\/de\/60mm-metallgeschutzter-kompensator\/#Produkteigenschaften\" >Produkteigenschaften<\/a><\/li><li class='ez-toc-page-1 ez-toc-heading-level-2'><a class=\"ez-toc-link ez-toc-heading-3\" href=\"https:\/\/unox.com.tr\/de\/60mm-metallgeschutzter-kompensator\/#Allgemeine_Merkmale\" >Allgemeine Merkmale<\/a><\/li><li class='ez-toc-page-1 ez-toc-heading-level-2'><a class=\"ez-toc-link ez-toc-heading-4\" href=\"https:\/\/unox.com.tr\/de\/60mm-metallgeschutzter-kompensator\/#Geltungsbereich\" >Geltungsbereich<\/a><\/li><\/ul><\/nav><\/div>\n<h2><span class=\"ez-toc-section\" id=\"Was_ist_ein_Metallfaltenbalg-Kompensator\"><\/span><span style=\"font-size: 22px;\">Was ist ein Metallfaltenbalg-Kompensator ?<\/span><span class=\"ez-toc-section-end\"><\/span><\/h2>\n<p>Vibrationen, L\u00e4rm und Ausrichtungsfehler, die durch verschiedene Faktoren verursacht werden und die Hauptprobleme bei der Installation darstellen, sind von gro\u00dfer Bedeutung. Wir bieten unseren Kunden unsere Kompensatoren an, die wir als h\u00e4ufigste L\u00f6sung f\u00fcr solche Probleme entwickelt haben. <strong>Metallbalg-Kompensatoren<\/strong>; Es absorbiert Vibrationen und Ger\u00e4usche auf maximalem Niveau und eliminiert Achsfehlanpassungen. Sie k\u00f6nnen aufgrund ihrer Struktur bei Berstdr\u00fccken \u00fcber 40 kg\/cm2 und bei normalen Innendr\u00fccken bei 10 kg\/cm2-Werten eingesetzt werden und sind aufgrund ihrer Vakuumfestigkeit von 700 mm Hg in Saug-Druck-Pumpsystemen absolut einsetzbar . Auch bei der Hitzebest\u00e4ndigkeit liefern sie erstklassige Ergebnisse. Heiz- und K\u00fchlleitungen sowie Schalld\u00e4mmung in K\u00e4ltemaschinen vor der Pumpe und hinter der Pumpe minimieren die Vibrationen, die w\u00e4hrend des Betriebs an der Leitung auftreten.<\/p>\n<h2><span class=\"ez-toc-section\" id=\"Produkteigenschaften\"><\/span><span style=\"font-size: 22px;\">Produkteigenschaften<\/span><span class=\"ez-toc-section-end\"><\/span><\/h2>\n<ul>\n<li><strong>Balg:<\/strong> Edelstahl AISI 304<\/li>\n<li><strong>Flansch:<\/strong> Kohlenstoffstahl ST37.2<\/li>\n<li><strong>Auskleidung:<\/strong> Edelstahl AISI 304<\/li>\n<li><strong>Max. Betriebsdruck:<\/strong> 16 Bar<\/li>\n<li><strong>Max. Betriebstemperatur: <\/strong> -80 \/ +425 \u00b0C<\/li>\n<li><strong>Flanschdruckklasse<\/strong>: PN10 \/ PN16<\/li>\n<\/ul>\n<h2><span class=\"ez-toc-section\" id=\"Allgemeine_Merkmale\"><\/span><span style=\"font-size: 22px;\">Allgemeine Merkmale<\/span><span class=\"ez-toc-section-end\"><\/span><\/h2>\n<ul>\n<li>Sie gleichen den Dehnungs-Verk\u00fcrzungs-Zustand aus, der sich aus der Temperatur\u00e4nderung ergibt, und gleichen dadurch die laterale und winklige Bewegung aus.<\/li>\n<li>Sie absorbieren Wasserschl\u00e4ge und verhindern Wasserschl\u00e4ge.<\/li>\n<li>Es hat eine geflanschte Rotationsstruktur, so dass sie einfach zu montieren sind.<\/li>\n<li>Es ist keine Dichtung oder Packung erforderlich.<\/li>\n<li>Es gibt zwei verschiedene Produktoptionen, mit Liner und ohne Liner.<\/li>\n<\/ul>\n<h2><span class=\"ez-toc-section\" id=\"Geltungsbereich\"><\/span><span style=\"font-size: 22px;\">Geltungsbereich<\/span><span class=\"ez-toc-section-end\"><\/span><\/h2>\n<ul>\n<li>K\u00fchler<\/li>\n<li>Pumps<\/li>\n<li>Luftkompressoren<\/li>\n<li>L\u00fcftungssysteme<\/li>\n<li>Ventilatoren<\/li>\n<li>K\u00fchlt\u00fcrme<\/li>\n<li>W\u00e4rmekraftwerke<\/li>\n<li>Dammsysteme<\/li>\n<li>Kraftwerke<\/li>\n<li>Eisen- und Stahlfelder<\/li>\n<li>Werft-Schiff Bereiche<\/li>\n<li>Papier-Haustier vs. Recyclingbereiche<\/li>\n<\/ul>\n","protected":false},"excerpt":{"rendered":"<p><a href=\"https:\/\/unox.com.tr\/wp-content\/uploads\/2023\/01\/Metal-Koruklu-Doner-Flansli-Laynerli-Kompansator60mm-.pdf\" target=\"_blank\" rel=\"noopener\"><button style=\"background-color: #11224b; color: #ffffff; padding: 10px 15px; font-family: montserrat; font-weight: bold; font-size: 19px; border-radius: 10px;\"><img decoding=\"async\" style=\"width: 25px; height: 25px;\" src=\"https:\/\/unox.com.tr\/wp-content\/uploads\/2023\/02\/pdf-1.png\">PRODUKTKATALOG<\/button><\/a><\/p>\n<p><button style=\"background-color: #11224b; margin-top: 5px; color: white; padding: 0px 15px; width: 150px; height: 55px; border-radius: 10px; border: none; cursor: pointer;\"><br \/>\n<img decoding=\"async\" style=\"width: 120px; height: 30px;\" src=\"https:\/\/unox.com.tr\/wp-content\/uploads\/2023\/02\/4-1.svg\"><\/button><\/p>\n","protected":false},"featured_media":69281,"comment_status":"closed","ping_status":"closed","template":"","meta":[],"product_brand":[],"product_cat":[1043,1032],"product_tag":[],"class_list":{"0":"post-34490","1":"product","2":"type-product","3":"status-publish","4":"has-post-thumbnail","6":"product_cat-kompensatoren","7":"product_cat-kompensator-und-schlauche","9":"first","10":"instock","11":"shipping-taxable","12":"product-type-simple"},"_links":{"self":[{"href":"https:\/\/unox.com.tr\/de\/wp-json\/wp\/v2\/product\/34490","targetHints":{"allow":["GET"]}}],"collection":[{"href":"https:\/\/unox.com.tr\/de\/wp-json\/wp\/v2\/product"}],"about":[{"href":"https:\/\/unox.com.tr\/de\/wp-json\/wp\/v2\/types\/product"}],"replies":[{"embeddable":true,"href":"https:\/\/unox.com.tr\/de\/wp-json\/wp\/v2\/comments?post=34490"}],"version-history":[{"count":0,"href":"https:\/\/unox.com.tr\/de\/wp-json\/wp\/v2\/product\/34490\/revisions"}],"wp:featuredmedia":[{"embeddable":true,"href":"https:\/\/unox.com.tr\/de\/wp-json\/wp\/v2\/media\/69281"}],"wp:attachment":[{"href":"https:\/\/unox.com.tr\/de\/wp-json\/wp\/v2\/media?parent=34490"}],"wp:term":[{"taxonomy":"product_brand","embeddable":true,"href":"https:\/\/unox.com.tr\/de\/wp-json\/wp\/v2\/product_brand?post=34490"},{"taxonomy":"product_cat","embeddable":true,"href":"https:\/\/unox.com.tr\/de\/wp-json\/wp\/v2\/product_cat?post=34490"},{"taxonomy":"product_tag","embeddable":true,"href":"https:\/\/unox.com.tr\/de\/wp-json\/wp\/v2\/product_tag?post=34490"}],"curies":[{"name":"wp","href":"https:\/\/api.w.org\/{rel}","templated":true}]}}