{"id":34505,"date":"2022-02-22T06:22:02","date_gmt":"2022-02-22T06:22:02","guid":{"rendered":"https:\/\/www.unox.com.tr\/urun\/probenahmebehaelter\/"},"modified":"2023-03-14T13:01:01","modified_gmt":"2023-03-14T10:01:01","slug":"kessel-wasser-entnahmegefas","status":"publish","type":"product","link":"https:\/\/unox.com.tr\/de\/kessel-wasser-entnahmegefas\/","title":{"rendered":"Probenbeh\u00e4lter"},"content":{"rendered":"<div id=\"ez-toc-container\" class=\"ez-toc-v2_0_82_2 counter-hierarchy ez-toc-counter ez-toc-grey ez-toc-container-direction\">\n<div class=\"ez-toc-title-container\">\n<p class=\"ez-toc-title\" style=\"cursor:inherit\">Sayfa \u0130\u00e7eri\u011fi<\/p>\n<span class=\"ez-toc-title-toggle\"><a href=\"#\" class=\"ez-toc-pull-right ez-toc-btn ez-toc-btn-xs ez-toc-btn-default ez-toc-toggle\" aria-label=\"Toggle Table of Content\"><span class=\"ez-toc-js-icon-con\"><span class=\"\"><span class=\"eztoc-hide\" style=\"display:none;\">Toggle<\/span><span class=\"ez-toc-icon-toggle-span\"><svg style=\"fill: #999;color:#999\" xmlns=\"http:\/\/www.w3.org\/2000\/svg\" class=\"list-377408\" width=\"20px\" height=\"20px\" viewBox=\"0 0 24 24\" fill=\"none\"><path d=\"M6 6H4v2h2V6zm14 0H8v2h12V6zM4 11h2v2H4v-2zm16 0H8v2h12v-2zM4 16h2v2H4v-2zm16 0H8v2h12v-2z\" fill=\"currentColor\"><\/path><\/svg><svg style=\"fill: #999;color:#999\" class=\"arrow-unsorted-368013\" xmlns=\"http:\/\/www.w3.org\/2000\/svg\" width=\"10px\" height=\"10px\" viewBox=\"0 0 24 24\" version=\"1.2\" baseProfile=\"tiny\"><path d=\"M18.2 9.3l-6.2-6.3-6.2 6.3c-.2.2-.3.4-.3.7s.1.5.3.7c.2.2.4.3.7.3h11c.3 0 .5-.1.7-.3.2-.2.3-.5.3-.7s-.1-.5-.3-.7zM5.8 14.7l6.2 6.3 6.2-6.3c.2-.2.3-.5.3-.7s-.1-.5-.3-.7c-.2-.2-.4-.3-.7-.3h-11c-.3 0-.5.1-.7.3-.2.2-.3.5-.3.7s.1.5.3.7z\"\/><\/svg><\/span><\/span><\/span><\/a><\/span><\/div>\n<nav><ul class='ez-toc-list ez-toc-list-level-1 ' ><li class='ez-toc-page-1 ez-toc-heading-level-2'><a class=\"ez-toc-link ez-toc-heading-1\" href=\"https:\/\/unox.com.tr\/de\/kessel-wasser-entnahmegefas\/#Was_ist_ein_Probenbehaelter\" >Was ist ein Probenbeh\u00e4lter?<\/a><\/li><li class='ez-toc-page-1 ez-toc-heading-level-2'><a class=\"ez-toc-link ez-toc-heading-2\" href=\"https:\/\/unox.com.tr\/de\/kessel-wasser-entnahmegefas\/#Wo_wird_der_Probenahmebehaelter_eingesetzt\" >Wo wird der Probenahmebeh\u00e4lter eingesetzt?<\/a><\/li><li class='ez-toc-page-1 ez-toc-heading-level-2'><a class=\"ez-toc-link ez-toc-heading-3\" href=\"https:\/\/unox.com.tr\/de\/kessel-wasser-entnahmegefas\/#Produkteigenschaften\" >Produkteigenschaften<\/a><\/li><li class='ez-toc-page-1 ez-toc-heading-level-2'><a class=\"ez-toc-link ez-toc-heading-4\" href=\"https:\/\/unox.com.tr\/de\/kessel-wasser-entnahmegefas\/#Geltungsbereich\" >Geltungsbereich<\/a><\/li><\/ul><\/nav><\/div>\n<h2><span class=\"ez-toc-section\" id=\"Was_ist_ein_Probenbehaelter\"><\/span><span style=\"font-size: 22px;\">Was ist ein Probenbeh\u00e4lter?<\/span><span class=\"ez-toc-section-end\"><\/span><\/h2>\n<p>Ein Probenahmegef\u00e4\u00df ist ein Ger\u00e4t, mit dem eine Probe einer Substanz, wie z. B. einer Fl\u00fcssigkeit oder eines Gases, zur Analyse oder zum Testen entnommen wird. Probenbeh\u00e4lter werden in einer Vielzahl von Bereichen verwendet, einschlie\u00dflich chemischer Analysen, Umwelt\u00fcberwachung und Qualit\u00e4tskontrolle. Sie sind f\u00fcr die Entnahme einer repr\u00e4sentativen Probe der zu testenden Substanz konzipiert und bestehen in der Regel aus Materialien, die chemisch best\u00e4ndig sind und den Bedingungen der untersuchten Substanz standhalten k\u00f6nnen. Probenbeh\u00e4lter gibt es in vielen verschiedenen Gr\u00f6\u00dfen und Formen und k\u00f6nnen aus einer Vielzahl von Materialien hergestellt werden, darunter Glas, Kunststoff und Metall.<\/p>\n<h2><span class=\"ez-toc-section\" id=\"Wo_wird_der_Probenahmebehaelter_eingesetzt\"><\/span><span style=\"font-size: 22px;\">Wo wird der Probenahmebeh\u00e4lter eingesetzt?<\/span><span class=\"ez-toc-section-end\"><\/span><\/h2>\n<p>Probenbeh\u00e4lter werden in einer Vielzahl von Umgebungen und Branchen verwendet, um Proben von Substanzen f\u00fcr Analysen oder Tests zu sammeln. Einige g\u00e4ngige Beispiele sind:<\/p>\n<ul>\n<li>Chemische Analyse: Probenbecher werden h\u00e4ufig in Labors verwendet, um chemische Proben f\u00fcr die Analyse zu sammeln.<\/li>\n<li>Umwelt\u00fcberwachung: Probenahmebeh\u00e4lter werden verwendet, um Luft-, Wasser- und Bodenproben zu sammeln, um die Umweltbedingungen zu \u00fcberwachen und potenzielle Schadstoffe zu identifizieren.<\/li>\n<li>Qualit\u00e4tskontrolle: Probenbecher werden in Fertigungs- und Produktionsumgebungen verwendet, um Proben von Produkten oder Materialien f\u00fcr Qualit\u00e4tstests zu sammeln.<\/li>\n<li>Forschung: Probenbecher werden in der wissenschaftlichen Forschung verwendet, um Materialproben f\u00fcr Analysen und Experimente zu sammeln.<\/li>\n<\/ul>\n<p>Im Allgemeinen werden Probenahmegef\u00e4\u00dfe in vielen verschiedenen Umgebungen und Branchen verwendet, um repr\u00e4sentative Proben f\u00fcr Tests und Analysen zu sammeln.<\/p>\n<h2><span class=\"ez-toc-section\" id=\"Produkteigenschaften\"><\/span><span style=\"font-size: 22px;\">Produkteigenschaften<\/span><span class=\"ez-toc-section-end\"><\/span><\/h2>\n<ul>\n<li><strong>Dimension:<\/strong> DN80<\/li>\n<li><strong>Modell:<\/strong> UOK<\/li>\n<li><strong>Geh\u00e4use:<\/strong> Edelstahl AISI 316<\/li>\n<li><strong>Spule:<\/strong> 1\/2\u201d Edelstahl AISI 316 L<\/li>\n<li><strong>Spulennenndruck:<\/strong> PN 40<\/li>\n<li><strong>Kaltwasser-Einlass-Auslass:<\/strong> 1\/2&#8243;<\/li>\n<li><strong>Geh\u00e4usenenndruck:<\/strong> PN 16<\/li>\n<\/ul>\n<h2><span class=\"ez-toc-section\" id=\"Geltungsbereich\"><\/span><span style=\"font-size: 22px;\">Geltungsbereich<\/span><span class=\"ez-toc-section-end\"><\/span><\/h2>\n<ul>\n<li>Dampfkocher<\/li>\n<li>Dampfgeneratoren<\/li>\n<\/ul>\n<p>&nbsp;<\/p>\n<p>Sie k\u00f6nnen sich unser Video ansehen, um detailliertere Informationen \u00fcber Kondensatableiter zu erhalten.<\/p>\n<p>&nbsp;<\/p>\n<p><iframe title=\"Kondenstop nedir? \u00c7al\u0131\u015fma Prensibi nedir? What is a steam trap? What is the Working Principle? #10\" width=\"500\" height=\"281\" src=\"https:\/\/www.youtube.com\/embed\/RYm9XG8YP_E?start=7&#038;feature=oembed\" frameborder=\"0\" allow=\"accelerometer; autoplay; clipboard-write; encrypted-media; gyroscope; picture-in-picture; web-share\" referrerpolicy=\"strict-origin-when-cross-origin\" allowfullscreen><\/iframe><\/p>\n","protected":false},"excerpt":{"rendered":"<p><button style=\"background-color: #11224b; color: #ffffff; padding: 10px 15px; font-family: montserrat; font-weight: bold; font-size: 19px; border-radius: 10px;\"><img decoding=\"async\" style=\"width: 25px; height: 25px;\" src=\"https:\/\/unox.com.tr\/wp-content\/uploads\/2023\/02\/pdf-1.png\">PRODUKTKATALOG<\/button><\/p>\n<p><button style=\"background-color: #11224b; margin-top: 5px; color: white; padding: 0px 15px; width: 150px; height: 55px; border-radius: 10px; border: none; cursor: pointer;\"><br \/>\n<img decoding=\"async\" style=\"width: 120px; height: 30px;\" src=\"https:\/\/unox.com.tr\/wp-content\/uploads\/2023\/02\/4-1.svg\"><\/button><\/p>\n","protected":false},"featured_media":33845,"comment_status":"open","ping_status":"closed","template":"","meta":{"_joinchat":[]},"product_brand":[],"product_cat":[1077,1078],"product_tag":[],"class_list":{"0":"post-34505","1":"product","2":"type-product","3":"status-publish","4":"has-post-thumbnail","6":"product_cat-kondensatableiteren","7":"product_cat-kondensatableiter","9":"first","10":"instock","11":"shipping-taxable","12":"product-type-simple"},"_links":{"self":[{"href":"https:\/\/unox.com.tr\/de\/wp-json\/wp\/v2\/product\/34505","targetHints":{"allow":["GET"]}}],"collection":[{"href":"https:\/\/unox.com.tr\/de\/wp-json\/wp\/v2\/product"}],"about":[{"href":"https:\/\/unox.com.tr\/de\/wp-json\/wp\/v2\/types\/product"}],"replies":[{"embeddable":true,"href":"https:\/\/unox.com.tr\/de\/wp-json\/wp\/v2\/comments?post=34505"}],"version-history":[{"count":0,"href":"https:\/\/unox.com.tr\/de\/wp-json\/wp\/v2\/product\/34505\/revisions"}],"wp:featuredmedia":[{"embeddable":true,"href":"https:\/\/unox.com.tr\/de\/wp-json\/wp\/v2\/media\/33845"}],"wp:attachment":[{"href":"https:\/\/unox.com.tr\/de\/wp-json\/wp\/v2\/media?parent=34505"}],"wp:term":[{"taxonomy":"product_brand","embeddable":true,"href":"https:\/\/unox.com.tr\/de\/wp-json\/wp\/v2\/product_brand?post=34505"},{"taxonomy":"product_cat","embeddable":true,"href":"https:\/\/unox.com.tr\/de\/wp-json\/wp\/v2\/product_cat?post=34505"},{"taxonomy":"product_tag","embeddable":true,"href":"https:\/\/unox.com.tr\/de\/wp-json\/wp\/v2\/product_tag?post=34505"}],"curies":[{"name":"wp","href":"https:\/\/api.w.org\/{rel}","templated":true}]}}