{"id":34512,"date":"2022-02-11T08:57:54","date_gmt":"2022-02-11T05:57:54","guid":{"rendered":"https:\/\/www.unox.com.tr\/urun\/ex-geschuetztes-richtungsventil\/"},"modified":"2023-03-14T13:07:57","modified_gmt":"2023-03-14T10:07:57","slug":"ex-geschutztes-wegeventil","status":"publish","type":"product","link":"https:\/\/unox.com.tr\/de\/ex-geschutztes-wegeventil\/","title":{"rendered":"Ex-gesch\u00fctztes Richtungsventil"},"content":{"rendered":"<div id=\"ez-toc-container\" class=\"ez-toc-v2_0_82_2 counter-hierarchy ez-toc-counter ez-toc-grey ez-toc-container-direction\">\n<div class=\"ez-toc-title-container\">\n<p class=\"ez-toc-title\" style=\"cursor:inherit\">Sayfa \u0130\u00e7eri\u011fi<\/p>\n<span class=\"ez-toc-title-toggle\"><a href=\"#\" class=\"ez-toc-pull-right ez-toc-btn ez-toc-btn-xs ez-toc-btn-default ez-toc-toggle\" aria-label=\"Toggle Table of Content\"><span class=\"ez-toc-js-icon-con\"><span class=\"\"><span class=\"eztoc-hide\" style=\"display:none;\">Toggle<\/span><span class=\"ez-toc-icon-toggle-span\"><svg style=\"fill: #999;color:#999\" xmlns=\"http:\/\/www.w3.org\/2000\/svg\" class=\"list-377408\" width=\"20px\" height=\"20px\" viewBox=\"0 0 24 24\" fill=\"none\"><path d=\"M6 6H4v2h2V6zm14 0H8v2h12V6zM4 11h2v2H4v-2zm16 0H8v2h12v-2zM4 16h2v2H4v-2zm16 0H8v2h12v-2z\" fill=\"currentColor\"><\/path><\/svg><svg style=\"fill: #999;color:#999\" class=\"arrow-unsorted-368013\" xmlns=\"http:\/\/www.w3.org\/2000\/svg\" width=\"10px\" height=\"10px\" viewBox=\"0 0 24 24\" version=\"1.2\" baseProfile=\"tiny\"><path d=\"M18.2 9.3l-6.2-6.3-6.2 6.3c-.2.2-.3.4-.3.7s.1.5.3.7c.2.2.4.3.7.3h11c.3 0 .5-.1.7-.3.2-.2.3-.5.3-.7s-.1-.5-.3-.7zM5.8 14.7l6.2 6.3 6.2-6.3c.2-.2.3-.5.3-.7s-.1-.5-.3-.7c-.2-.2-.4-.3-.7-.3h-11c-.3 0-.5.1-.7.3-.2.2-.3.5-.3.7s.1.5.3.7z\"\/><\/svg><\/span><\/span><\/span><\/a><\/span><\/div>\n<nav><ul class='ez-toc-list ez-toc-list-level-1 ' ><li class='ez-toc-page-1 ez-toc-heading-level-2'><a class=\"ez-toc-link ez-toc-heading-1\" href=\"https:\/\/unox.com.tr\/de\/ex-geschutztes-wegeventil\/#Was_ist_ein_Ex-geschuetztes_Richtungsventil\" >Was ist ein Ex-gesch\u00fctztes Richtungsventil?<\/a><\/li><li class='ez-toc-page-1 ez-toc-heading-level-2'><a class=\"ez-toc-link ez-toc-heading-2\" href=\"https:\/\/unox.com.tr\/de\/ex-geschutztes-wegeventil\/#Produkteigenschaften\" >Produkteigenschaften<\/a><ul class='ez-toc-list-level-3' ><li class='ez-toc-heading-level-3'><a class=\"ez-toc-link ez-toc-heading-3\" href=\"https:\/\/unox.com.tr\/de\/ex-geschutztes-wegeventil\/#Allgemeine_Merkmale\" >Allgemeine Merkmale<\/a><\/li><\/ul><\/li><\/ul><\/nav><\/div>\n<h2><span class=\"ez-toc-section\" id=\"Was_ist_ein_Ex-geschuetztes_Richtungsventil\"><\/span><span style=\"font-size: 22px;\">Was ist ein Ex-gesch\u00fctztes Richtungsventil?<\/span><span class=\"ez-toc-section-end\"><\/span><\/h2>\n<p>Ex-gesch\u00fctztes Wegeventil ist eine Art von Ventil, das verwendet wird, um die Bildung von Lichtb\u00f6gen in einer Installation zu verhindern. Dieser Ventiltyp wird in explosionsgef\u00e4hrdeten Umgebungen eingesetzt, insbesondere dort, wo \u00d6l, Gas und andere brennbare Materialien vorhanden sind. Es hat eine hoch feuerbest\u00e4ndige Struktur und ein spezielles Design, damit Flammen das Ventil nicht beeinflussen. Au\u00dferdem werden diese Ventile in Verbindung mit Erdungsdr\u00e4hten und anderen Ma\u00dfnahmen verwendet, um Lichtb\u00f6gen zu verhindern. Ex-gesch\u00fctzte Ventile \u00fcbernehmen die Funktion, die aus dem Betrieb kommende Druckluft zu den Abschnitten innerhalb des Stellantriebs zu leiten (auf-zu).<\/p>\n<h2><span class=\"ez-toc-section\" id=\"Produkteigenschaften\"><\/span><span style=\"font-size: 22px;\">Produkteigenschaften<\/span><span class=\"ez-toc-section-end\"><\/span><\/h2>\n<ul>\n<li><strong>Modell<\/strong>: SV211<\/li>\n<li><strong>Geh\u00e4use:<\/strong> Aluminium<\/li>\n<li><strong>Anschluss<\/strong>: Eingangs- und Ausgangsport: PF\/4<\/li>\n<li><strong>Druck<\/strong>: 12 bar<\/li>\n<li><strong>Temperatur<\/strong>: +5 \u00b0C ~ +70 \u00b0C<\/li>\n<li><strong>Spannungsbereich<\/strong>: \u00b110 %<\/li>\n<li><strong>Max. Frequenz:  <\/strong>5 Zyklen\/Sekunde<\/li>\n<li><strong>Schutz<\/strong>: IP65<\/li>\n<\/ul>\n<h3><span class=\"ez-toc-section\" id=\"Allgemeine_Merkmale\"><\/span><span style=\"font-size: 22px;\"> Allgemeine Merkmale<\/span><span class=\"ez-toc-section-end\"><\/span><\/h3>\n<ul>\n<li>Robustes Geh\u00e4use aus Aluminiumdruckguss<\/li>\n<li>Kann von 3\/5 Stra\u00dfen auf 2\/5 Stra\u00dfen umgebaut werden<\/li>\n<li>Schwenkbarer Ventilkopf f\u00fcr optimale Montage<\/li>\n<li>Direkte Namur-Montage oder Rohrmontage<\/li>\n<\/ul>\n","protected":false},"excerpt":{"rendered":"<p><a href=\"https:\/\/unox.com.tr\/wp-content\/uploads\/2022\/12\/Exproof-Yon-Valfi.pdf\" target=\"_blank\" rel=\"noopener\"><button style=\"background-color: #11224b; color: #ffffff; padding: 10px 15px; font-family: montserrat; font-weight: bold; font-size: 19px; border-radius: 10px;\"><img decoding=\"async\" style=\"width: 25px; height: 25px;\" src=\"https:\/\/unox.com.tr\/wp-content\/uploads\/2023\/02\/pdf-1.png\">PRODUKTKATALOG<\/button><\/a><\/p>\n<p><button style=\"background-color: #11224b; margin-top: 5px; color: white; padding: 0px 15px; width: 150px; height: 55px; border-radius: 10px; border: none; cursor: pointer;\"><br \/>\n<img decoding=\"async\" style=\"width: 120px; height: 30px;\" src=\"https:\/\/unox.com.tr\/wp-content\/uploads\/2023\/02\/4-1.svg\"><\/button><\/p>\n","protected":false},"featured_media":29945,"comment_status":"open","ping_status":"closed","template":"","meta":{"_joinchat":[]},"product_brand":[],"product_cat":[1188],"product_tag":[],"class_list":{"0":"post-34512","1":"product","2":"type-product","3":"status-publish","4":"has-post-thumbnail","6":"product_cat-zubehor-fur-pneumatische-antriebe","8":"first","9":"instock","10":"shipping-taxable","11":"product-type-simple"},"_links":{"self":[{"href":"https:\/\/unox.com.tr\/de\/wp-json\/wp\/v2\/product\/34512","targetHints":{"allow":["GET"]}}],"collection":[{"href":"https:\/\/unox.com.tr\/de\/wp-json\/wp\/v2\/product"}],"about":[{"href":"https:\/\/unox.com.tr\/de\/wp-json\/wp\/v2\/types\/product"}],"replies":[{"embeddable":true,"href":"https:\/\/unox.com.tr\/de\/wp-json\/wp\/v2\/comments?post=34512"}],"version-history":[{"count":0,"href":"https:\/\/unox.com.tr\/de\/wp-json\/wp\/v2\/product\/34512\/revisions"}],"wp:featuredmedia":[{"embeddable":true,"href":"https:\/\/unox.com.tr\/de\/wp-json\/wp\/v2\/media\/29945"}],"wp:attachment":[{"href":"https:\/\/unox.com.tr\/de\/wp-json\/wp\/v2\/media?parent=34512"}],"wp:term":[{"taxonomy":"product_brand","embeddable":true,"href":"https:\/\/unox.com.tr\/de\/wp-json\/wp\/v2\/product_brand?post=34512"},{"taxonomy":"product_cat","embeddable":true,"href":"https:\/\/unox.com.tr\/de\/wp-json\/wp\/v2\/product_cat?post=34512"},{"taxonomy":"product_tag","embeddable":true,"href":"https:\/\/unox.com.tr\/de\/wp-json\/wp\/v2\/product_tag?post=34512"}],"curies":[{"name":"wp","href":"https:\/\/api.w.org\/{rel}","templated":true}]}}