{"id":34519,"date":"2021-12-23T08:36:37","date_gmt":"2021-12-23T05:36:37","guid":{"rendered":"https:\/\/www.unox.com.tr\/urun\/ventile-mit-steigender-spindel\/"},"modified":"2023-03-14T13:13:31","modified_gmt":"2023-03-14T10:13:31","slug":"aufsteigend-nationale-vanas","status":"publish","type":"product","link":"https:\/\/unox.com.tr\/de\/aufsteigend-nationale-vanas\/","title":{"rendered":"Ventile mit Steigendem Schaft"},"content":{"rendered":"<div id=\"ez-toc-container\" class=\"ez-toc-v2_0_82_2 counter-hierarchy ez-toc-counter ez-toc-grey ez-toc-container-direction\">\n<div class=\"ez-toc-title-container\">\n<p class=\"ez-toc-title\" style=\"cursor:inherit\">Sayfa \u0130\u00e7eri\u011fi<\/p>\n<span class=\"ez-toc-title-toggle\"><a href=\"#\" class=\"ez-toc-pull-right ez-toc-btn ez-toc-btn-xs ez-toc-btn-default ez-toc-toggle\" aria-label=\"Toggle Table of Content\"><span class=\"ez-toc-js-icon-con\"><span class=\"\"><span class=\"eztoc-hide\" style=\"display:none;\">Toggle<\/span><span class=\"ez-toc-icon-toggle-span\"><svg style=\"fill: #999;color:#999\" xmlns=\"http:\/\/www.w3.org\/2000\/svg\" class=\"list-377408\" width=\"20px\" height=\"20px\" viewBox=\"0 0 24 24\" fill=\"none\"><path d=\"M6 6H4v2h2V6zm14 0H8v2h12V6zM4 11h2v2H4v-2zm16 0H8v2h12v-2zM4 16h2v2H4v-2zm16 0H8v2h12v-2z\" fill=\"currentColor\"><\/path><\/svg><svg style=\"fill: #999;color:#999\" class=\"arrow-unsorted-368013\" xmlns=\"http:\/\/www.w3.org\/2000\/svg\" width=\"10px\" height=\"10px\" viewBox=\"0 0 24 24\" version=\"1.2\" baseProfile=\"tiny\"><path d=\"M18.2 9.3l-6.2-6.3-6.2 6.3c-.2.2-.3.4-.3.7s.1.5.3.7c.2.2.4.3.7.3h11c.3 0 .5-.1.7-.3.2-.2.3-.5.3-.7s-.1-.5-.3-.7zM5.8 14.7l6.2 6.3 6.2-6.3c.2-.2.3-.5.3-.7s-.1-.5-.3-.7c-.2-.2-.4-.3-.7-.3h-11c-.3 0-.5.1-.7.3-.2.2-.3.5-.3.7s.1.5.3.7z\"\/><\/svg><\/span><\/span><\/span><\/a><\/span><\/div>\n<nav><ul class='ez-toc-list ez-toc-list-level-1 ' ><li class='ez-toc-page-1 ez-toc-heading-level-2'><a class=\"ez-toc-link ez-toc-heading-1\" href=\"https:\/\/unox.com.tr\/de\/aufsteigend-nationale-vanas\/#Was_ist_ein_Ventile_mit_Steigendem_Schaft\" >Was ist ein Ventile mit Steigendem Schaft?<\/a><\/li><li class='ez-toc-page-1 ez-toc-heading-level-2'><a class=\"ez-toc-link ez-toc-heading-2\" href=\"https:\/\/unox.com.tr\/de\/aufsteigend-nationale-vanas\/#Was_ist_ein_Regelventil\" >Was ist ein Regelventil?<\/a><\/li><\/ul><\/nav><\/div>\n<h2><span class=\"ez-toc-section\" id=\"Was_ist_ein_Ventile_mit_Steigendem_Schaft\"><\/span><span style=\"font-size: 22px;\">Was ist ein Ventile mit Steigendem Schaft?<\/span><span class=\"ez-toc-section-end\"><\/span><\/h2>\n<p>Ventile mit steigendem Schaft; Dies sind Ventile, die f\u00fcr den Einsatz als regionale Regel- und Absperrventile ausgelegt sind. Es handelt sich um eine Art Absperrschieber, der den reibungslosen Durchfluss in seiner vollst\u00e4ndig ge\u00f6ffneten Position nicht st\u00f6rt, seine offene Position kann visuell durch die Auf- und Abbewegung der Welle beobachtet werden, und eine elektrische \u00dcberwachung kann durch Anbringen eines \u00dcberwachungsschalters erfolgen. Es kann gesagt werden, dass sie im Vergleich zu Absperrklappen weniger hydraulische Verluste verursachen.<\/p>\n<h2><span class=\"ez-toc-section\" id=\"Was_ist_ein_Regelventil\"><\/span><span style=\"font-size: 22px;\">Was ist ein Regelventil?<\/span><span class=\"ez-toc-section-end\"><\/span><\/h2>\n<p>Regelventil; Ein Ventil, das verwendet wird, um Fl\u00fcssigkeit zu steuern, indem die Gr\u00f6\u00dfe des Durchflusskanals ge\u00e4ndert wird, wie es durch ein Signal von einer Steuerung vorgegeben wird. Regelventile regeln Druck, Temperatur, Durchfluss und F\u00fcllstand in allen Prozessen, in denen Fl\u00fcssigkeiten vorhanden sind. Regelventile werden f\u00fcr Kaltwasser, Warmwasser, Dampf, \u00fcberhitztes Wasser, Dampf und Gas usw. verwendet, die durch den Energieverbrauch in Unternehmen erzeugt werden. Es sorgt daf\u00fcr, dass die Fl\u00fcssigkeiten verlustfrei transportiert und kontrolliert werden k\u00f6nnen. <\/p>\n<p>&nbsp;<\/p>\n","protected":false},"excerpt":{"rendered":"<p><button style=\"background-color: #11224b; color: #ffffff; padding: 10px 15px; font-family: montserrat; font-weight: bold; font-size: 19px; border-radius: 10px;\"><img decoding=\"async\" style=\"width: 25px; height: 25px;\" src=\"https:\/\/unox.com.tr\/wp-content\/uploads\/2023\/02\/pdf-1.png\">PRODUKTKATALOG<\/button><\/p>\n<p><button style=\"background-color: #11224b; margin-top: 5px; color: white; padding: 0px 15px; width: 150px; height: 55px; border-radius: 10px; border: none; cursor: pointer;\"><br \/>\n<img decoding=\"async\" style=\"width: 120px; height: 30px;\" src=\"https:\/\/unox.com.tr\/wp-content\/uploads\/2023\/02\/4-1.svg\"><\/button><\/p>\n","protected":false},"featured_media":29636,"comment_status":"open","ping_status":"closed","template":"","meta":{"_joinchat":[]},"product_brand":[],"product_cat":[1193],"product_tag":[],"class_list":{"0":"post-34519","1":"product","2":"type-product","3":"status-publish","4":"has-post-thumbnail","6":"product_cat-brandgruppen-regelventile","8":"first","9":"instock","10":"shipping-taxable","11":"product-type-simple"},"_links":{"self":[{"href":"https:\/\/unox.com.tr\/de\/wp-json\/wp\/v2\/product\/34519","targetHints":{"allow":["GET"]}}],"collection":[{"href":"https:\/\/unox.com.tr\/de\/wp-json\/wp\/v2\/product"}],"about":[{"href":"https:\/\/unox.com.tr\/de\/wp-json\/wp\/v2\/types\/product"}],"replies":[{"embeddable":true,"href":"https:\/\/unox.com.tr\/de\/wp-json\/wp\/v2\/comments?post=34519"}],"version-history":[{"count":0,"href":"https:\/\/unox.com.tr\/de\/wp-json\/wp\/v2\/product\/34519\/revisions"}],"wp:featuredmedia":[{"embeddable":true,"href":"https:\/\/unox.com.tr\/de\/wp-json\/wp\/v2\/media\/29636"}],"wp:attachment":[{"href":"https:\/\/unox.com.tr\/de\/wp-json\/wp\/v2\/media?parent=34519"}],"wp:term":[{"taxonomy":"product_brand","embeddable":true,"href":"https:\/\/unox.com.tr\/de\/wp-json\/wp\/v2\/product_brand?post=34519"},{"taxonomy":"product_cat","embeddable":true,"href":"https:\/\/unox.com.tr\/de\/wp-json\/wp\/v2\/product_cat?post=34519"},{"taxonomy":"product_tag","embeddable":true,"href":"https:\/\/unox.com.tr\/de\/wp-json\/wp\/v2\/product_tag?post=34519"}],"curies":[{"name":"wp","href":"https:\/\/api.w.org\/{rel}","templated":true}]}}