{"id":34540,"date":"2021-12-23T08:06:19","date_gmt":"2021-12-23T05:06:19","guid":{"rendered":"https:\/\/www.unox.com.tr\/urun\/trockenes-ueberflutungsventil\/"},"modified":"2023-03-14T13:29:43","modified_gmt":"2023-03-14T10:29:43","slug":"trockenlauf-ventil","status":"publish","type":"product","link":"https:\/\/unox.com.tr\/de\/trockenlauf-ventil\/","title":{"rendered":"Trockenes Spr\u00fchflutventil"},"content":{"rendered":"<div id=\"ez-toc-container\" class=\"ez-toc-v2_0_82_2 counter-hierarchy ez-toc-counter ez-toc-grey ez-toc-container-direction\">\n<div class=\"ez-toc-title-container\">\n<p class=\"ez-toc-title\" style=\"cursor:inherit\">Sayfa \u0130\u00e7eri\u011fi<\/p>\n<span class=\"ez-toc-title-toggle\"><a href=\"#\" class=\"ez-toc-pull-right ez-toc-btn ez-toc-btn-xs ez-toc-btn-default ez-toc-toggle\" aria-label=\"Toggle Table of Content\"><span class=\"ez-toc-js-icon-con\"><span class=\"\"><span class=\"eztoc-hide\" style=\"display:none;\">Toggle<\/span><span class=\"ez-toc-icon-toggle-span\"><svg style=\"fill: #999;color:#999\" xmlns=\"http:\/\/www.w3.org\/2000\/svg\" class=\"list-377408\" width=\"20px\" height=\"20px\" viewBox=\"0 0 24 24\" fill=\"none\"><path d=\"M6 6H4v2h2V6zm14 0H8v2h12V6zM4 11h2v2H4v-2zm16 0H8v2h12v-2zM4 16h2v2H4v-2zm16 0H8v2h12v-2z\" fill=\"currentColor\"><\/path><\/svg><svg style=\"fill: #999;color:#999\" class=\"arrow-unsorted-368013\" xmlns=\"http:\/\/www.w3.org\/2000\/svg\" width=\"10px\" height=\"10px\" viewBox=\"0 0 24 24\" version=\"1.2\" baseProfile=\"tiny\"><path d=\"M18.2 9.3l-6.2-6.3-6.2 6.3c-.2.2-.3.4-.3.7s.1.5.3.7c.2.2.4.3.7.3h11c.3 0 .5-.1.7-.3.2-.2.3-.5.3-.7s-.1-.5-.3-.7zM5.8 14.7l6.2 6.3 6.2-6.3c.2-.2.3-.5.3-.7s-.1-.5-.3-.7c-.2-.2-.4-.3-.7-.3h-11c-.3 0-.5.1-.7.3-.2.2-.3.5-.3.7s.1.5.3.7z\"\/><\/svg><\/span><\/span><\/span><\/a><\/span><\/div>\n<nav><ul class='ez-toc-list ez-toc-list-level-1 ' ><li class='ez-toc-page-1 ez-toc-heading-level-2'><a class=\"ez-toc-link ez-toc-heading-1\" href=\"https:\/\/unox.com.tr\/de\/trockenlauf-ventil\/#Was_ist_ein_Trockenes_Spruehflutventil\" >Was ist ein Trockenes Spr\u00fchflutventil?<\/a><\/li><li class='ez-toc-page-1 ez-toc-heading-level-2'><a class=\"ez-toc-link ez-toc-heading-2\" href=\"https:\/\/unox.com.tr\/de\/trockenlauf-ventil\/#Wie_funktioniert_ein_Trockenflutventil\" >Wie funktioniert ein Trockenflutventil?<\/a><\/li><\/ul><\/nav><\/div>\n<h2><span class=\"ez-toc-section\" id=\"Was_ist_ein_Trockenes_Spruehflutventil\"><\/span><span style=\"font-size: 22px;\">Was ist ein Trockenes Spr\u00fchflutventil?<\/span><span class=\"ez-toc-section-end\"><\/span><\/h2>\n<p>Trockenes Spr\u00fchflutventil, das verwendet wird, um gro\u00dfe Mengen Wasser oder andere L\u00f6schmittel im Brandfall freizusetzen. Raid-Systeme sind so konzipiert, dass sie von einem Feueralarm oder einem anderen Erkennungssystem aktiviert werden, und werden typischerweise in Bereichen eingesetzt, in denen ein hohes Brandrisiko besteht oder in denen eine schnelle Reaktion entscheidend ist, um die Ausbreitung eines Feuers zu verhindern.<\/p>\n<p>Es wird im Allgemeinen in Verbindung mit einem Raid-Sprinklersystem verwendet, bei dem es sich um ein Netzwerk von Rohren und Sprinklerk\u00f6pfen handelt, die in einem Geb\u00e4ude oder einer anderen Struktur installiert sind. Wenn das Spr\u00fchflutventil aktiviert wird, \u00f6ffnet es eine Reihe von Ventilen, die Wasser oder ein anderes L\u00f6schmittel aus den Rohren und Sprinklerk\u00f6pfen flie\u00dfen lassen, wodurch eine &#8222;Flut&#8220; aus Wasser oder einer anderen Substanz entsteht, die beim L\u00f6schen des Feuers helfen kann.<\/p>\n<h2><span class=\"ez-toc-section\" id=\"Wie_funktioniert_ein_Trockenflutventil\"><\/span><span style=\"font-size: 22px;\">Wie funktioniert ein Trockenflutventil?<\/span><span class=\"ez-toc-section-end\"><\/span><\/h2>\n<p>Trockene Spr\u00fchflutventile werden als \u201etrocken\u201c bezeichnet, weil sie in der geschlossenen Position kein Wasser oder andere Substanzen enthalten. Dadurch k\u00f6nnen sie in Bereichen installiert werden, in denen Feuchtigkeit oder Minustemperaturen Probleme verursachen k\u00f6nnen, z. B. in ungeheizten Geb\u00e4uden oder im Freien. Wenn das Spr\u00fchflutventil aktiviert wird, wird es typischerweise mit einer Wasserquelle oder einer anderen L\u00f6schmittelquelle verbunden, die dann durch das Sprinklersystem freigesetzt wird.<\/p>\n<p>Spr\u00fchflutventile vom Trockentyp; Es ist f\u00fcr den Einsatz in trockenen Rohrleitungssystemen mit Frostgefahr konzipiert. Er arbeitet vollhydraulisch mit Netzdruck. Es ben\u00f6tigt also keine weitere Energie. Der Inbetriebnahme- und Wartungsprozess im System ist sehr einfach. Es kann horizontal oder vertikal zum Netzwerk montiert werden.<\/p>\n<p>&nbsp;<\/p>\n<p>&nbsp;<\/p>\n<p>&nbsp;<\/p>\n","protected":false},"excerpt":{"rendered":"<p><button style=\"background-color: #11224b; color: #ffffff; padding: 10px 15px; font-family: montserrat; font-weight: bold; font-size: 19px; border-radius: 10px;\"><img decoding=\"async\" style=\"width: 25px; height: 25px;\" src=\"https:\/\/unox.com.tr\/wp-content\/uploads\/2023\/02\/pdf-1.png\">PRODUKTKATALOG<\/button><\/p>\n<p><button style=\"background-color: #11224b; margin-top: 5px; color: white; padding: 0px 15px; width: 150px; height: 55px; border-radius: 10px; border: none; cursor: pointer;\"><br \/>\n<img decoding=\"async\" style=\"width: 120px; height: 30px;\" src=\"https:\/\/unox.com.tr\/wp-content\/uploads\/2023\/02\/4-1.svg\"><\/button><\/p>\n","protected":false},"featured_media":37695,"comment_status":"open","ping_status":"closed","template":"","meta":{"_joinchat":[]},"product_brand":[],"product_cat":[1083,1081],"product_tag":[],"class_list":{"0":"post-34540","1":"product","2":"type-product","3":"status-publish","4":"has-post-thumbnail","6":"product_cat-hydraulische-regelventilen","7":"product_cat-regelventilen","9":"first","10":"instock","11":"shipping-taxable","12":"product-type-simple"},"_links":{"self":[{"href":"https:\/\/unox.com.tr\/de\/wp-json\/wp\/v2\/product\/34540","targetHints":{"allow":["GET"]}}],"collection":[{"href":"https:\/\/unox.com.tr\/de\/wp-json\/wp\/v2\/product"}],"about":[{"href":"https:\/\/unox.com.tr\/de\/wp-json\/wp\/v2\/types\/product"}],"replies":[{"embeddable":true,"href":"https:\/\/unox.com.tr\/de\/wp-json\/wp\/v2\/comments?post=34540"}],"version-history":[{"count":0,"href":"https:\/\/unox.com.tr\/de\/wp-json\/wp\/v2\/product\/34540\/revisions"}],"wp:featuredmedia":[{"embeddable":true,"href":"https:\/\/unox.com.tr\/de\/wp-json\/wp\/v2\/media\/37695"}],"wp:attachment":[{"href":"https:\/\/unox.com.tr\/de\/wp-json\/wp\/v2\/media?parent=34540"}],"wp:term":[{"taxonomy":"product_brand","embeddable":true,"href":"https:\/\/unox.com.tr\/de\/wp-json\/wp\/v2\/product_brand?post=34540"},{"taxonomy":"product_cat","embeddable":true,"href":"https:\/\/unox.com.tr\/de\/wp-json\/wp\/v2\/product_cat?post=34540"},{"taxonomy":"product_tag","embeddable":true,"href":"https:\/\/unox.com.tr\/de\/wp-json\/wp\/v2\/product_tag?post=34540"}],"curies":[{"name":"wp","href":"https:\/\/api.w.org\/{rel}","templated":true}]}}