{"id":34620,"date":"2021-08-24T14:17:24","date_gmt":"2021-08-24T14:17:24","guid":{"rendered":"https:\/\/www.unox.com.tr\/urun\/motorisierter-mini-kugelhahn\/"},"modified":"2023-03-15T10:36:18","modified_gmt":"2023-03-15T07:36:18","slug":"mini-motor-drehschieber","status":"publish","type":"product","link":"https:\/\/unox.com.tr\/de\/mini-motor-drehschieber\/","title":{"rendered":"Mini Motorisierter Kugelhahn"},"content":{"rendered":"<div id=\"ez-toc-container\" class=\"ez-toc-v2_0_82_2 counter-hierarchy ez-toc-counter ez-toc-grey ez-toc-container-direction\">\n<div class=\"ez-toc-title-container\">\n<p class=\"ez-toc-title\" style=\"cursor:inherit\">Sayfa \u0130\u00e7eri\u011fi<\/p>\n<span class=\"ez-toc-title-toggle\"><a href=\"#\" class=\"ez-toc-pull-right ez-toc-btn ez-toc-btn-xs ez-toc-btn-default ez-toc-toggle\" aria-label=\"Toggle Table of Content\"><span class=\"ez-toc-js-icon-con\"><span class=\"\"><span class=\"eztoc-hide\" style=\"display:none;\">Toggle<\/span><span class=\"ez-toc-icon-toggle-span\"><svg style=\"fill: #999;color:#999\" xmlns=\"http:\/\/www.w3.org\/2000\/svg\" class=\"list-377408\" width=\"20px\" height=\"20px\" viewBox=\"0 0 24 24\" fill=\"none\"><path d=\"M6 6H4v2h2V6zm14 0H8v2h12V6zM4 11h2v2H4v-2zm16 0H8v2h12v-2zM4 16h2v2H4v-2zm16 0H8v2h12v-2z\" fill=\"currentColor\"><\/path><\/svg><svg style=\"fill: #999;color:#999\" class=\"arrow-unsorted-368013\" xmlns=\"http:\/\/www.w3.org\/2000\/svg\" width=\"10px\" height=\"10px\" viewBox=\"0 0 24 24\" version=\"1.2\" baseProfile=\"tiny\"><path d=\"M18.2 9.3l-6.2-6.3-6.2 6.3c-.2.2-.3.4-.3.7s.1.5.3.7c.2.2.4.3.7.3h11c.3 0 .5-.1.7-.3.2-.2.3-.5.3-.7s-.1-.5-.3-.7zM5.8 14.7l6.2 6.3 6.2-6.3c.2-.2.3-.5.3-.7s-.1-.5-.3-.7c-.2-.2-.4-.3-.7-.3h-11c-.3 0-.5.1-.7.3-.2.2-.3.5-.3.7s.1.5.3.7z\"\/><\/svg><\/span><\/span><\/span><\/a><\/span><\/div>\n<nav><ul class='ez-toc-list ez-toc-list-level-1 ' ><li class='ez-toc-page-1 ez-toc-heading-level-2'><a class=\"ez-toc-link ez-toc-heading-1\" href=\"https:\/\/unox.com.tr\/de\/mini-motor-drehschieber\/#Was_ist_ein_Mini_Motorisierter_Kugelhahn\" >Was ist ein Mini Motorisierter Kugelhahn?<\/a><\/li><li class='ez-toc-page-1 ez-toc-heading-level-2'><a class=\"ez-toc-link ez-toc-heading-2\" href=\"https:\/\/unox.com.tr\/de\/mini-motor-drehschieber\/#Wo_wird_ein_Mini_Motorisierter_Kugelhahn_verwendet\" >Wo wird ein Mini Motorisierter Kugelhahn verwendet?<\/a><\/li><li class='ez-toc-page-1 ez-toc-heading-level-2'><a class=\"ez-toc-link ez-toc-heading-3\" href=\"https:\/\/unox.com.tr\/de\/mini-motor-drehschieber\/#Produkteigenschaften\" >Produkteigenschaften<\/a><\/li><\/ul><\/nav><\/div>\n<h2><span class=\"ez-toc-section\" id=\"Was_ist_ein_Mini_Motorisierter_Kugelhahn\"><\/span><span style=\"font-size: 22px;\">Was ist ein Mini Motorisierter Kugelhahn?<\/span><span class=\"ez-toc-section-end\"><\/span><\/h2>\n<p>Ein Mini Motorisierter Kugelhahn ist ein kleines Ventil, das einen Elektromotor verwendet, um ein kugelf\u00f6rmiges Element zu \u00f6ffnen und zu schlie\u00dfen, das den Fl\u00fcssigkeitsfluss durch eine Rohrleitung steuert. Die Kugel besteht typischerweise aus Metall oder einem anderen haltbaren Material und ist im Inneren des Ventilk\u00f6rpers angeordnet und weist in ihrer Mitte ein Loch auf, durch das bei ge\u00f6ffnetem Ventil Fl\u00fcssigkeit hindurchtreten kann. Der Elektromotor treibt einen Mechanismus an, der die Kugel dreht, um das Ventil zu \u00f6ffnen oder zu schlie\u00dfen, typischerweise unter Verwendung einer Vierteldrehungsbewegung.<\/p>\n<h2><span class=\"ez-toc-section\" id=\"Wo_wird_ein_Mini_Motorisierter_Kugelhahn_verwendet\"><\/span><span style=\"font-size: 22px;\">Wo wird ein Mini Motorisierter Kugelhahn verwendet?<\/span><span class=\"ez-toc-section-end\"><\/span><\/h2>\n<p>Motorisierte Mini-Kugelh\u00e4hne werden in einer Vielzahl von Anwendungen eingesetzt, bei denen eine pr\u00e4zise Steuerung des Fl\u00fcssigkeitsflusses erforderlich ist. Einige g\u00e4ngige Beispiele sind:<\/p>\n<ul>\n<li>Es wird h\u00e4ufig in der \u00d6l- und Gasindustrie verwendet, um den Fluss von Fl\u00fcssigkeiten wie \u00d6l und Erdgas durch Pipelines zu steuern.<\/li>\n<li>Es wird in Wasseraufbereitungsanlagen verwendet, um den Wasserfluss durch Rohre zu steuern und die Mischung der im Aufbereitungsprozess verwendeten Chemikalien zu regulieren.<\/li>\n<li>HVAC-Systeme: Motorisierte Mini-Kugelh\u00e4hne werden in Heizungs-, L\u00fcftungs- und Klimaanlagen (HVAC)-Systemen verwendet, um den Luftstrom zu steuern und die Temperatur in Geb\u00e4uden und anderen Strukturen zu regulieren.<\/li>\n<li>Es wird in chemischen Verarbeitungsanlagen verwendet, um den Fluss von Chemikalien und anderen gef\u00e4hrlichen Stoffen durch Rohrleitungen zu kontrollieren.<\/li>\n<li>Es wird in der Lebensmittel- und Getr\u00e4nkeindustrie verwendet, um den Fluss von Fl\u00fcssigkeiten wie Milch und Bier durch Rohrleitungen zu steuern.<\/li>\n<li>Es wird in der medizinischen und pharmazeutischen Industrie verwendet, um den Fluss von Fl\u00fcssigkeiten wie Medikamenten und anderen Substanzen durch Rohrleitungen zu steuern.<\/li>\n<\/ul>\n<h2><span class=\"ez-toc-section\" id=\"Produkteigenschaften\"><\/span><span style=\"font-size: 22px;\">Produkteigenschaften<\/span><span class=\"ez-toc-section-end\"><\/span><\/h2>\n<ul>\n<li><strong>Anschluss:<\/strong> Innengewinde<\/li>\n<li><strong>Flusskontrolle:<\/strong> Ein &#8211; Aus<\/li>\n<li><strong>Drehmoment:<\/strong> 2Nm &#8211; 4Nm<\/li>\n<li><strong>Arbeitszeit:<\/strong> Ein: 15 s | Abschaltung: 15s<\/li>\n<li><strong>Betriebsumgebung:<\/strong> 2 &#8211; 80 <b>\u00b0<\/b>C<\/li>\n<li><strong>Ventilk\u00f6rper:<\/strong> Geschmiedetes Messing<\/li>\n<li><strong>Motortyp:<\/strong> Ein\/Aus AC24V \/ AC230V, 50\/60Hz, IP65<\/li>\n<\/ul>\n","protected":false},"excerpt":{"rendered":"<p><a href=\"https:\/\/unox.com.tr\/wp-content\/uploads\/2023\/01\/Mini-Motorlu-Vanalar.pdf\" target=\"_blank\" rel=\"noopener\"><button style=\"background-color: #11224b; color: #ffffff; padding: 10px 15px; font-family: montserrat; font-weight: bold; font-size: 19px; border-radius: 10px;\"><img decoding=\"async\" style=\"width: 25px; height: 25px;\" src=\"https:\/\/unox.com.tr\/wp-content\/uploads\/2023\/02\/pdf-1.png\">PRODUKTKATALOG<\/button><\/a><\/p>\n<p><button style=\"background-color: #11224b; margin-top: 5px; color: white; padding: 0px 15px; width: 150px; height: 55px; border-radius: 10px; border: none; cursor: pointer;\"><br \/>\n<img decoding=\"async\" style=\"width: 120px; height: 30px;\" src=\"https:\/\/unox.com.tr\/wp-content\/uploads\/2023\/02\/4-1.svg\"><\/button><\/p>\n","protected":false},"featured_media":68982,"comment_status":"closed","ping_status":"closed","template":"","meta":[],"product_brand":[],"product_cat":[1005,1119,1021],"product_tag":[],"class_list":{"0":"post-34620","1":"product","2":"type-product","3":"status-publish","4":"has-post-thumbnail","6":"product_cat-elektrische-ventile","7":"product_cat-betatigte-ventile","8":"product_cat-mini-motorventile","10":"first","11":"instock","12":"shipping-taxable","13":"product-type-simple"},"_links":{"self":[{"href":"https:\/\/unox.com.tr\/de\/wp-json\/wp\/v2\/product\/34620","targetHints":{"allow":["GET"]}}],"collection":[{"href":"https:\/\/unox.com.tr\/de\/wp-json\/wp\/v2\/product"}],"about":[{"href":"https:\/\/unox.com.tr\/de\/wp-json\/wp\/v2\/types\/product"}],"replies":[{"embeddable":true,"href":"https:\/\/unox.com.tr\/de\/wp-json\/wp\/v2\/comments?post=34620"}],"version-history":[{"count":0,"href":"https:\/\/unox.com.tr\/de\/wp-json\/wp\/v2\/product\/34620\/revisions"}],"wp:featuredmedia":[{"embeddable":true,"href":"https:\/\/unox.com.tr\/de\/wp-json\/wp\/v2\/media\/68982"}],"wp:attachment":[{"href":"https:\/\/unox.com.tr\/de\/wp-json\/wp\/v2\/media?parent=34620"}],"wp:term":[{"taxonomy":"product_brand","embeddable":true,"href":"https:\/\/unox.com.tr\/de\/wp-json\/wp\/v2\/product_brand?post=34620"},{"taxonomy":"product_cat","embeddable":true,"href":"https:\/\/unox.com.tr\/de\/wp-json\/wp\/v2\/product_cat?post=34620"},{"taxonomy":"product_tag","embeddable":true,"href":"https:\/\/unox.com.tr\/de\/wp-json\/wp\/v2\/product_tag?post=34620"}],"curies":[{"name":"wp","href":"https:\/\/api.w.org\/{rel}","templated":true}]}}