{"id":36263,"date":"2022-11-16T08:11:47","date_gmt":"2022-11-16T08:11:47","guid":{"rendered":"https:\/\/www.unox.com.tr\/urun\/b70a-05-7-bar-druckschalter\/"},"modified":"2024-03-12T07:17:14","modified_gmt":"2024-03-12T04:17:14","slug":"b70a-05-7-bar-druckschalter","status":"publish","type":"product","link":"https:\/\/unox.com.tr\/de\/b70a-05-7-bar-druckschalter\/","title":{"rendered":"B70A 0,5-7 Bar Druckschalter"},"content":{"rendered":"<div id=\"ez-toc-container\" class=\"ez-toc-v2_0_82_2 counter-hierarchy ez-toc-counter ez-toc-grey ez-toc-container-direction\">\n<div class=\"ez-toc-title-container\">\n<p class=\"ez-toc-title\" style=\"cursor:inherit\">Sayfa \u0130\u00e7eri\u011fi<\/p>\n<span class=\"ez-toc-title-toggle\"><a href=\"#\" class=\"ez-toc-pull-right ez-toc-btn ez-toc-btn-xs ez-toc-btn-default ez-toc-toggle\" aria-label=\"Toggle Table of Content\"><span class=\"ez-toc-js-icon-con\"><span class=\"\"><span class=\"eztoc-hide\" style=\"display:none;\">Toggle<\/span><span class=\"ez-toc-icon-toggle-span\"><svg style=\"fill: #999;color:#999\" xmlns=\"http:\/\/www.w3.org\/2000\/svg\" class=\"list-377408\" width=\"20px\" height=\"20px\" viewBox=\"0 0 24 24\" fill=\"none\"><path d=\"M6 6H4v2h2V6zm14 0H8v2h12V6zM4 11h2v2H4v-2zm16 0H8v2h12v-2zM4 16h2v2H4v-2zm16 0H8v2h12v-2z\" fill=\"currentColor\"><\/path><\/svg><svg style=\"fill: #999;color:#999\" class=\"arrow-unsorted-368013\" xmlns=\"http:\/\/www.w3.org\/2000\/svg\" width=\"10px\" height=\"10px\" viewBox=\"0 0 24 24\" version=\"1.2\" baseProfile=\"tiny\"><path d=\"M18.2 9.3l-6.2-6.3-6.2 6.3c-.2.2-.3.4-.3.7s.1.5.3.7c.2.2.4.3.7.3h11c.3 0 .5-.1.7-.3.2-.2.3-.5.3-.7s-.1-.5-.3-.7zM5.8 14.7l6.2 6.3 6.2-6.3c.2-.2.3-.5.3-.7s-.1-.5-.3-.7c-.2-.2-.4-.3-.7-.3h-11c-.3 0-.5.1-.7.3-.2.2-.3.5-.3.7s.1.5.3.7z\"\/><\/svg><\/span><\/span><\/span><\/a><\/span><\/div>\n<nav><ul class='ez-toc-list ez-toc-list-level-1 ' ><li class='ez-toc-page-1 ez-toc-heading-level-2'><a class=\"ez-toc-link ez-toc-heading-1\" href=\"https:\/\/unox.com.tr\/de\/b70a-05-7-bar-druckschalter\/#Was_ist_Druckschalter\" >Was ist Druckschalter?<\/a><\/li><li class='ez-toc-page-1 ez-toc-heading-level-2'><a class=\"ez-toc-link ez-toc-heading-2\" href=\"https:\/\/unox.com.tr\/de\/b70a-05-7-bar-druckschalter\/#Allgemeine_Merkmale\" >Allgemeine Merkmale<\/a><\/li><li class='ez-toc-page-1 ez-toc-heading-level-2'><a class=\"ez-toc-link ez-toc-heading-3\" href=\"https:\/\/unox.com.tr\/de\/b70a-05-7-bar-druckschalter\/#Elektrische_Eigenschaften\" >Elektrische Eigenschaften<\/a><\/li><\/ul><\/nav><\/div>\n<h2><span class=\"ez-toc-section\" id=\"Was_ist_Druckschalter\"><\/span><span style=\"font-size: 22px;\">Was ist Druckschalter?<\/span><span class=\"ez-toc-section-end\"><\/span><\/h2>\n<p>Der Druckschalter ist ein Druckmessger\u00e4t. Manometer werden verwendet, um den Druck von Luft, Gas oder Fl\u00fcssigkeit in einem Beh\u00e4lter zu messen. Der Druckschalter wird bei Erreichen eines bestimmten Druckniveaus aktiviert und kann als Signal verwendet werden. Beispielsweise kann es in einem Luftkompressor verwendet werden, um den Luftdruck zu messen, w\u00e4hrend der Kompressor l\u00e4uft. Wenn das Druckniveau einen bestimmten Wert erreicht, wird der Betrieb des Kompressors gestoppt. Dies hilft Energie zu sparen und reduziert das Risiko von \u00dcberdruck.<\/p>\n<h2><span class=\"ez-toc-section\" id=\"Allgemeine_Merkmale\"><\/span><span style=\"font-size: 22px;\">Allgemeine Merkmale<\/span><span class=\"ez-toc-section-end\"><\/span><\/h2>\n<ul>\n<li>Pr\u00e4zisionselement mit Friktionsmembran.<\/li>\n<li>Einstellbares Differenzial.<\/li>\n<li>Innenanschluss G 1\/4.<\/li>\n<li>Abdeckung mit schlagfestem thermoplastischem Material.<\/li>\n<li>Metallteile sind aus Stahl.<\/li>\n<li>Masseklemme.<\/li>\n<li>Ausgangsanschl\u00fcsse mit zwei Kabelverschraubungen.<\/li>\n<li>Maximale Temperatur des geregelten Fluids: 90\u00b0C.<\/li>\n<li>Zul\u00e4ssige Temperatur des Druckschaltergeh\u00e4uses: -15 \u00f7 60\u00b0C.<\/li>\n<li>Lager- und Transporttemperatur: -35 \u00f7 60\u00b0C.<\/li>\n<li>Einheitsgewicht: 0,39 kg.<\/li>\n<\/ul>\n<h2><span class=\"ez-toc-section\" id=\"Elektrische_Eigenschaften\"><\/span><span style=\"font-size: 22px;\">Elektrische Eigenschaften<\/span><span class=\"ez-toc-section-end\"><\/span><\/h2>\n<ul>\n<li>Bemessungsisolationsspannung Ui 415V~<\/li>\n<li>Dauerbetriebsnennstrom Ith 25A<\/li>\n<\/ul>\n","protected":false},"excerpt":{"rendered":"<p><a href=\"https:\/\/unox.com.tr\/wp-content\/uploads\/2022\/07\/copia1_b70a-2.pdf\" target=\"_blank\" rel=\"noopener\"><button style=\"background-color: #11224b; color: #ffffff; padding: 10px 15px; font-family: montserrat; font-weight: bold; font-size: 19px; border-radius: 10px;\"><img decoding=\"async\" style=\"width: 25px; height: 25px;\" src=\"https:\/\/unox.com.tr\/wp-content\/uploads\/2023\/02\/pdf-1.png\">PRODUKTKATALOG<\/button><\/a><\/p>\n<p><button style=\"background-color: #11224b; margin-top: 5px; color: white; padding: 0px 15px; width: 150px; height: 55px; border-radius: 10px; border: none; cursor: pointer;\"><br \/>\n<img decoding=\"async\" style=\"width: 120px; height: 30px;\" src=\"https:\/\/unox.com.tr\/wp-content\/uploads\/2023\/02\/4-1.svg\"><\/button><\/p>\n","protected":false},"featured_media":36264,"comment_status":"open","ping_status":"closed","template":"","meta":[],"product_brand":[],"product_cat":[1564],"product_tag":[],"class_list":{"0":"post-36263","1":"product","2":"type-product","3":"status-publish","4":"has-post-thumbnail","6":"product_cat-fantini-cosmi-de","8":"first","9":"instock","10":"shipping-taxable","11":"product-type-simple"},"_links":{"self":[{"href":"https:\/\/unox.com.tr\/de\/wp-json\/wp\/v2\/product\/36263","targetHints":{"allow":["GET"]}}],"collection":[{"href":"https:\/\/unox.com.tr\/de\/wp-json\/wp\/v2\/product"}],"about":[{"href":"https:\/\/unox.com.tr\/de\/wp-json\/wp\/v2\/types\/product"}],"replies":[{"embeddable":true,"href":"https:\/\/unox.com.tr\/de\/wp-json\/wp\/v2\/comments?post=36263"}],"version-history":[{"count":0,"href":"https:\/\/unox.com.tr\/de\/wp-json\/wp\/v2\/product\/36263\/revisions"}],"wp:featuredmedia":[{"embeddable":true,"href":"https:\/\/unox.com.tr\/de\/wp-json\/wp\/v2\/media\/36264"}],"wp:attachment":[{"href":"https:\/\/unox.com.tr\/de\/wp-json\/wp\/v2\/media?parent=36263"}],"wp:term":[{"taxonomy":"product_brand","embeddable":true,"href":"https:\/\/unox.com.tr\/de\/wp-json\/wp\/v2\/product_brand?post=36263"},{"taxonomy":"product_cat","embeddable":true,"href":"https:\/\/unox.com.tr\/de\/wp-json\/wp\/v2\/product_cat?post=36263"},{"taxonomy":"product_tag","embeddable":true,"href":"https:\/\/unox.com.tr\/de\/wp-json\/wp\/v2\/product_tag?post=36263"}],"curies":[{"name":"wp","href":"https:\/\/api.w.org\/{rel}","templated":true}]}}