{"id":36307,"date":"2021-05-04T09:23:45","date_gmt":"2021-05-04T06:23:45","guid":{"rendered":"https:\/\/www.unox.com.tr\/urun\/elektrisch-betaetigtes-proportionalventil-mit-mehreren-umdrehungen\/"},"modified":"2023-03-15T10:47:52","modified_gmt":"2023-03-15T07:47:52","slug":"elektrisch-betatigtes-proportionalventil-mit-mehreren-umdrehungen","status":"publish","type":"product","link":"https:\/\/unox.com.tr\/de\/elektrisch-betatigtes-proportionalventil-mit-mehreren-umdrehungen\/","title":{"rendered":"Elektrisch Bet\u00e4tigtes Proportionalventil mit Mehreren Umdrehungen"},"content":{"rendered":"<div id=\"ez-toc-container\" class=\"ez-toc-v2_0_82_2 counter-hierarchy ez-toc-counter ez-toc-grey ez-toc-container-direction\">\n<div class=\"ez-toc-title-container\">\n<p class=\"ez-toc-title\" style=\"cursor:inherit\">Sayfa \u0130\u00e7eri\u011fi<\/p>\n<span class=\"ez-toc-title-toggle\"><a href=\"#\" class=\"ez-toc-pull-right ez-toc-btn ez-toc-btn-xs ez-toc-btn-default ez-toc-toggle\" aria-label=\"Toggle Table of Content\"><span class=\"ez-toc-js-icon-con\"><span class=\"\"><span class=\"eztoc-hide\" style=\"display:none;\">Toggle<\/span><span class=\"ez-toc-icon-toggle-span\"><svg style=\"fill: #999;color:#999\" xmlns=\"http:\/\/www.w3.org\/2000\/svg\" class=\"list-377408\" width=\"20px\" height=\"20px\" viewBox=\"0 0 24 24\" fill=\"none\"><path d=\"M6 6H4v2h2V6zm14 0H8v2h12V6zM4 11h2v2H4v-2zm16 0H8v2h12v-2zM4 16h2v2H4v-2zm16 0H8v2h12v-2z\" fill=\"currentColor\"><\/path><\/svg><svg style=\"fill: #999;color:#999\" class=\"arrow-unsorted-368013\" xmlns=\"http:\/\/www.w3.org\/2000\/svg\" width=\"10px\" height=\"10px\" viewBox=\"0 0 24 24\" version=\"1.2\" baseProfile=\"tiny\"><path d=\"M18.2 9.3l-6.2-6.3-6.2 6.3c-.2.2-.3.4-.3.7s.1.5.3.7c.2.2.4.3.7.3h11c.3 0 .5-.1.7-.3.2-.2.3-.5.3-.7s-.1-.5-.3-.7zM5.8 14.7l6.2 6.3 6.2-6.3c.2-.2.3-.5.3-.7s-.1-.5-.3-.7c-.2-.2-.4-.3-.7-.3h-11c-.3 0-.5.1-.7.3-.2.2-.3.5-.3.7s.1.5.3.7z\"\/><\/svg><\/span><\/span><\/span><\/a><\/span><\/div>\n<nav><ul class='ez-toc-list ez-toc-list-level-1 ' ><li class='ez-toc-page-1 ez-toc-heading-level-2'><a class=\"ez-toc-link ez-toc-heading-1\" href=\"https:\/\/unox.com.tr\/de\/elektrisch-betatigtes-proportionalventil-mit-mehreren-umdrehungen\/#Was_ist_ein_Elektrisch_Betaetigtes_Proportionalventil_mit_mehreren_Umdrehungen\" >Was ist ein Elektrisch Bet\u00e4tigtes Proportionalventil mit mehreren Umdrehungen?<\/a><\/li><li class='ez-toc-page-1 ez-toc-heading-level-2'><a class=\"ez-toc-link ez-toc-heading-2\" href=\"https:\/\/unox.com.tr\/de\/elektrisch-betatigtes-proportionalventil-mit-mehreren-umdrehungen\/#Wie_funktioniert_ein_elektrisch_betaetigtes_Proportionalventil_mit_mehreren_Umdrehungen\" >Wie funktioniert ein elektrisch bet\u00e4tigtes Proportionalventil mit mehreren Umdrehungen?<\/a><\/li><li class='ez-toc-page-1 ez-toc-heading-level-2'><a class=\"ez-toc-link ez-toc-heading-3\" href=\"https:\/\/unox.com.tr\/de\/elektrisch-betatigtes-proportionalventil-mit-mehreren-umdrehungen\/#Allgemeine_Struktur\" >Allgemeine Struktur<\/a><\/li><li class='ez-toc-page-1 ez-toc-heading-level-2'><a class=\"ez-toc-link ez-toc-heading-4\" href=\"https:\/\/unox.com.tr\/de\/elektrisch-betatigtes-proportionalventil-mit-mehreren-umdrehungen\/#Drehmomenteinstellung\" >Drehmomenteinstellung<\/a><\/li><li class='ez-toc-page-1 ez-toc-heading-level-2'><a class=\"ez-toc-link ez-toc-heading-5\" href=\"https:\/\/unox.com.tr\/de\/elektrisch-betatigtes-proportionalventil-mit-mehreren-umdrehungen\/#Produkteigenschaften\" >Produkteigenschaften<\/a><\/li><\/ul><\/nav><\/div>\n<h2><span class=\"ez-toc-section\" id=\"Was_ist_ein_Elektrisch_Betaetigtes_Proportionalventil_mit_mehreren_Umdrehungen\"><\/span><span style=\"font-size: 22px;\">Was ist ein Elektrisch Bet\u00e4tigtes Proportionalventil mit mehreren Umdrehungen?<\/span><span class=\"ez-toc-section-end\"><\/span><\/h2>\n<p>Das elektrische Proportional-Antriebsventil mit mehreren Umdrehungen ist eine Art Ventil, das einen Elektromotor verwendet, um das Ventil proportional zum elektrischen Signal zu \u00f6ffnen und zu schlie\u00dfen. Diese Art von Ventil wird typischerweise in industriellen und kommerziellen Systemen verwendet, um den Durchfluss von Fl\u00fcssigkeiten, Gasen oder anderen Medien zu regulieren.<\/p>\n<p>Elektrisch bet\u00e4tigte Proportionalventile mit mehreren Umdrehungen sind so konzipiert, dass sie eine pr\u00e4zise Steuerung der Durchflussrate des gesteuerten Mediums erm\u00f6glichen. Sie k\u00f6nnen in einer Vielzahl von Anwendungen eingesetzt werden, darunter Prozesssteuerung, Heiz- und K\u00fchlsysteme und Fluidtechniksysteme.<\/p>\n<h2><span class=\"ez-toc-section\" id=\"Wie_funktioniert_ein_elektrisch_betaetigtes_Proportionalventil_mit_mehreren_Umdrehungen\"><\/span><span style=\"font-size: 22px;\">Wie funktioniert ein elektrisch bet\u00e4tigtes Proportionalventil mit mehreren Umdrehungen?<\/span><span class=\"ez-toc-section-end\"><\/span><\/h2>\n<p>Diese Ventile haben typischerweise eine lineare Beziehung zwischen dem an das Ventil angelegten elektrischen Signal und der Position des Ventilk\u00f6rpers, was eine pr\u00e4zise Steuerung der Durchflussrate erm\u00f6glicht. Sie k\u00f6nnen auch Merkmale wie R\u00fcckkopplungssensoren und ausfallsichere Mechanismen aufweisen, um den korrekten und sicheren Betrieb des Ventils zu gew\u00e4hrleisten.<\/p>\n<p>Im Allgemeinen sind elektrische Proportional-Antriebsventile mit mehreren Umdrehungen eine wesentliche Komponente in vielen industriellen und kommerziellen Systemen, da sie eine pr\u00e4zise Steuerung des Medienflusses erm\u00f6glichen und einen sicheren und effizienten Systembetrieb gew\u00e4hrleisten.<\/p>\n<h2><span class=\"ez-toc-section\" id=\"Allgemeine_Struktur\"><\/span><span style=\"font-size: 22px;\">Allgemeine Struktur<\/span><span class=\"ez-toc-section-end\"><\/span><\/h2>\n<p>Elektrische Aktuatoren; Es besteht aus einem 3-Phasen-Motor, einem Drehzahlregler, einer Drehmomentsteuerung, einer Hubsteuerungs-\u00d6ffnungsanzeige, manuellen elektrischen Schaltern, einem manuellen Getriebe und elektrischen Teilen.<\/p>\n<h2><span class=\"ez-toc-section\" id=\"Drehmomenteinstellung\"><\/span><span style=\"font-size: 22px;\">Drehmomenteinstellung<\/span><span class=\"ez-toc-section-end\"><\/span><\/h2>\n<p>Der Stellantrieb enth\u00e4lt einen mechanisch einstellbaren Drehmomentmechanismus. Die erforderlichen Drehmomentregelungseinstellungen sind werkseitig vorgenommen worden. Falls dennoch eine Einstellung erforderlich ist, kann dies mechanisch erfolgen.<\/p>\n<h2><span class=\"ez-toc-section\" id=\"Produkteigenschaften\"><\/span><span style=\"font-size: 22px;\">Produkteigenschaften<\/span><span class=\"ez-toc-section-end\"><\/span><\/h2>\n<ul>\n<li><strong>Stromversorgung:<\/strong> Motor 3-Phasen-Wechselstrom, 380 VAC\/50 Hz.<\/li>\n<li><strong>Umgebungstemperatur\/Luftfeuchtigkeit:<\/strong> -20 \u00b0C bis 60 \u00b0C\/90 %<\/li>\n<li><strong>Elektrischer Schutz:<\/strong> IP67<\/li>\n<li><strong>IEC34\/5: IP67, EC34-1:<\/strong> Isolationsklasse: B, IEC34-1 Einschaltdauer: S2\/15 min<\/li>\n<li><strong>IEC 34-6:<\/strong> IC 5 \/ NEMA: IC40<\/li>\n<li><strong>Modell:<\/strong> AZ15. 380.24.s<\/li>\n<\/ul>\n","protected":false},"excerpt":{"rendered":"<p><a href=\"https:\/\/unox.com.tr\/wp-content\/uploads\/2022\/12\/COK-TURLU-ORANSAL-ELEKTRIKLI-AKTUATORLU-VANA.pdf\" target=\"_blank\" rel=\"noopener\"><button style=\"background-color: #11224b; color: #ffffff; padding: 10px 15px; font-family: montserrat; font-weight: bold; font-size: 19px; border-radius: 10px;\"><img decoding=\"async\" style=\"width: 25px; height: 25px;\" src=\"https:\/\/unox.com.tr\/wp-content\/uploads\/2023\/02\/pdf-1.png\">PRODUKTKATALOG<\/button><\/a><\/p>\n<p><button style=\"background-color: #11224b; margin-top: 5px; color: white; padding: 0px 15px; width: 150px; height: 55px; border-radius: 10px; border: none; cursor: pointer;\"><br \/>\n<img decoding=\"async\" style=\"width: 120px; height: 30px;\" src=\"https:\/\/unox.com.tr\/wp-content\/uploads\/2023\/02\/4-1.svg\"><\/button><\/p>\n","protected":false},"featured_media":25304,"comment_status":"open","ping_status":"closed","template":"","meta":[],"product_brand":[],"product_cat":[1119,1016,1005],"product_tag":[],"class_list":{"0":"post-36307","1":"product","2":"type-product","3":"status-publish","4":"has-post-thumbnail","6":"product_cat-betatigte-ventile","7":"product_cat-elektrisch-betatigte-ventile","8":"product_cat-elektrische-ventile","10":"first","11":"instock","12":"shipping-taxable","13":"product-type-simple"},"_links":{"self":[{"href":"https:\/\/unox.com.tr\/de\/wp-json\/wp\/v2\/product\/36307","targetHints":{"allow":["GET"]}}],"collection":[{"href":"https:\/\/unox.com.tr\/de\/wp-json\/wp\/v2\/product"}],"about":[{"href":"https:\/\/unox.com.tr\/de\/wp-json\/wp\/v2\/types\/product"}],"replies":[{"embeddable":true,"href":"https:\/\/unox.com.tr\/de\/wp-json\/wp\/v2\/comments?post=36307"}],"version-history":[{"count":0,"href":"https:\/\/unox.com.tr\/de\/wp-json\/wp\/v2\/product\/36307\/revisions"}],"wp:featuredmedia":[{"embeddable":true,"href":"https:\/\/unox.com.tr\/de\/wp-json\/wp\/v2\/media\/25304"}],"wp:attachment":[{"href":"https:\/\/unox.com.tr\/de\/wp-json\/wp\/v2\/media?parent=36307"}],"wp:term":[{"taxonomy":"product_brand","embeddable":true,"href":"https:\/\/unox.com.tr\/de\/wp-json\/wp\/v2\/product_brand?post=36307"},{"taxonomy":"product_cat","embeddable":true,"href":"https:\/\/unox.com.tr\/de\/wp-json\/wp\/v2\/product_cat?post=36307"},{"taxonomy":"product_tag","embeddable":true,"href":"https:\/\/unox.com.tr\/de\/wp-json\/wp\/v2\/product_tag?post=36307"}],"curies":[{"name":"wp","href":"https:\/\/api.w.org\/{rel}","templated":true}]}}