{"id":36328,"date":"2020-09-17T13:02:29","date_gmt":"2020-09-17T13:02:29","guid":{"rendered":"https:\/\/www.unox.com.tr\/urun\/pneumatisch-betaetigter-u-pvc-kugelhahn-doppeltwirkend\/"},"modified":"2023-03-21T13:07:26","modified_gmt":"2023-03-21T10:07:26","slug":"pneumatisch-betatigtes-u-pvc-kugelventil-doppelt","status":"publish","type":"product","link":"https:\/\/unox.com.tr\/de\/pneumatisch-betatigtes-u-pvc-kugelventil-doppelt\/","title":{"rendered":"Pneumatisch Bet\u00e4tigter U-PVC Kugelhahn \u2013 Doppeltwirkend"},"content":{"rendered":"<div id=\"ez-toc-container\" class=\"ez-toc-v2_0_82_2 counter-hierarchy ez-toc-counter ez-toc-grey ez-toc-container-direction\">\n<div class=\"ez-toc-title-container\">\n<p class=\"ez-toc-title\" style=\"cursor:inherit\">Sayfa \u0130\u00e7eri\u011fi<\/p>\n<span class=\"ez-toc-title-toggle\"><a href=\"#\" class=\"ez-toc-pull-right ez-toc-btn ez-toc-btn-xs ez-toc-btn-default ez-toc-toggle\" aria-label=\"Toggle Table of Content\"><span class=\"ez-toc-js-icon-con\"><span class=\"\"><span class=\"eztoc-hide\" style=\"display:none;\">Toggle<\/span><span class=\"ez-toc-icon-toggle-span\"><svg style=\"fill: #999;color:#999\" xmlns=\"http:\/\/www.w3.org\/2000\/svg\" class=\"list-377408\" width=\"20px\" height=\"20px\" viewBox=\"0 0 24 24\" fill=\"none\"><path d=\"M6 6H4v2h2V6zm14 0H8v2h12V6zM4 11h2v2H4v-2zm16 0H8v2h12v-2zM4 16h2v2H4v-2zm16 0H8v2h12v-2z\" fill=\"currentColor\"><\/path><\/svg><svg style=\"fill: #999;color:#999\" class=\"arrow-unsorted-368013\" xmlns=\"http:\/\/www.w3.org\/2000\/svg\" width=\"10px\" height=\"10px\" viewBox=\"0 0 24 24\" version=\"1.2\" baseProfile=\"tiny\"><path d=\"M18.2 9.3l-6.2-6.3-6.2 6.3c-.2.2-.3.4-.3.7s.1.5.3.7c.2.2.4.3.7.3h11c.3 0 .5-.1.7-.3.2-.2.3-.5.3-.7s-.1-.5-.3-.7zM5.8 14.7l6.2 6.3 6.2-6.3c.2-.2.3-.5.3-.7s-.1-.5-.3-.7c-.2-.2-.4-.3-.7-.3h-11c-.3 0-.5.1-.7.3-.2.2-.3.5-.3.7s.1.5.3.7z\"\/><\/svg><\/span><\/span><\/span><\/a><\/span><\/div>\n<nav><ul class='ez-toc-list ez-toc-list-level-1 ' ><li class='ez-toc-page-1 ez-toc-heading-level-2'><a class=\"ez-toc-link ez-toc-heading-1\" href=\"https:\/\/unox.com.tr\/de\/pneumatisch-betatigtes-u-pvc-kugelventil-doppelt\/#Was_ist_ein_pneumatisch_betaetigter_U-PVC_Kugelhahn\" >Was ist ein pneumatisch bet\u00e4tigter U-PVC Kugelhahn?<\/a><\/li><li class='ez-toc-page-1 ez-toc-heading-level-2'><a class=\"ez-toc-link ez-toc-heading-2\" href=\"https:\/\/unox.com.tr\/de\/pneumatisch-betatigtes-u-pvc-kugelventil-doppelt\/#Wo_wird_ein_pneumatisch_betaetigter_U-PVC_Kugelhahn_verwendet\" >Wo wird ein pneumatisch bet\u00e4tigter U-PVC Kugelhahn verwendet?<\/a><ul class='ez-toc-list-level-3' ><li class='ez-toc-heading-level-3'><a class=\"ez-toc-link ez-toc-heading-3\" href=\"https:\/\/unox.com.tr\/de\/pneumatisch-betatigtes-u-pvc-kugelventil-doppelt\/#Es_wird_auf_zwei_Arten_ueberprueft\" >Es wird auf zwei Arten \u00fcberpr\u00fcft:<\/a><\/li><li class='ez-toc-page-1 ez-toc-heading-level-3'><a class=\"ez-toc-link ez-toc-heading-4\" href=\"https:\/\/unox.com.tr\/de\/pneumatisch-betatigtes-u-pvc-kugelventil-doppelt\/#Konstruktion\" >Konstruktion<\/a><\/li><\/ul><\/li><\/ul><\/nav><\/div>\n<h2><span class=\"ez-toc-section\" id=\"Was_ist_ein_pneumatisch_betaetigter_U-PVC_Kugelhahn\"><\/span>Was ist ein pneumatisch bet\u00e4tigter U-PVC Kugelhahn?<span class=\"ez-toc-section-end\"><\/span><\/h2>\n<p>U-PVC-Kugelhahn (weichmacherfreies Polyvinylchlorid) ist eine Art Ventil, das zur Steuerung des Durchflusses von Fl\u00fcssigkeiten, Gasen oder anderen Materialien durch ein Rohr oder ein anderes Durchflusssystem verwendet wird. Es besteht aus einem kugelf\u00f6rmigen Bauteil, das an einem K\u00f6rper befestigt und von einem Geh\u00e4use umgeben ist. Die Kugel hat ein Loch, und wenn das Ventil ge\u00f6ffnet ist, richtet sich das Loch mit dem Materialfluss durch das Rohr aus. Wenn das Ventil geschlossen ist, wird die Kugel so gedreht, dass das Loch senkrecht zum Durchfluss steht, wodurch der Materialdurchgang gestoppt wird.<\/p>\n<h2><span class=\"ez-toc-section\" id=\"Wo_wird_ein_pneumatisch_betaetigter_U-PVC_Kugelhahn_verwendet\"><\/span>Wo wird ein pneumatisch bet\u00e4tigter U-PVC Kugelhahn verwendet?<span class=\"ez-toc-section-end\"><\/span><\/h2>\n<p>U-PVC Kugelh\u00e4hne werden h\u00e4ufig in Sanit\u00e4r- und Wasseraufbereitungssystemen sowie in anderen industriellen und gewerblichen Anwendungen eingesetzt. Sie sind bekannt f\u00fcr ihre Langlebigkeit, Korrosionsbest\u00e4ndigkeit und Wartungsfreundlichkeit. Sie sind auch relativ einfach zu bedienen, da sie nur eine Vierteldrehung zum \u00d6ffnen oder Schlie\u00dfen ben\u00f6tigen.<\/p>\n<p>Insgesamt sind U-PVC-Kugelh\u00e4hne eine zuverl\u00e4ssige und kosteng\u00fcnstige Option zur Steuerung des Materialflusses in einer Vielzahl von Anwendungen.<\/p>\n<p><strong>Die allgemeinen Eigenschaften von Polyethylen sind wie folgt:<\/strong><\/p>\n<ul>\n<li>Es ist solide<\/li>\n<li>Best\u00e4ndig gegen S\u00e4uren, Basen und L\u00f6sungsmittel<\/li>\n<li>Dielektrische Eigenschaften sind \u00fcberlegen<\/li>\n<li>Es ist best\u00e4ndig gegen Umwelteinfl\u00fcsse.<\/li>\n<\/ul>\n<p>Als optionale Zusatzelemente kommen Aktuatoren mit variierenden Kr\u00e4ften zwischen 9 nm und 400 nm je nach Anschlussdurchmesser sowie Schaltk\u00e4sten und Wegeventile zum Einsatz.<\/p>\n<p><strong>Unsere pneumatischen Stellantriebe, Kraftinformationen und Ventilanwendungen gem\u00e4\u00df ihren Codes sind wie folgt:<\/strong><\/p>\n<ul>\n<li><strong>UDA 040 =<\/strong> 9 nm<\/li>\n<li><strong>UDA 052<\/strong> =25 nm<\/li>\n<li><strong>UDA 063<\/strong> =50 nm<\/li>\n<li><strong>UDA 083<\/strong> =94 nm<\/li>\n<li><strong>UDA 092 =<\/strong> 135 nm<\/li>\n<li><strong>UDA 105 =<\/strong> 270 nm<\/li>\n<li><strong>UDA 125 =<\/strong> 400 nm<\/li>\n<\/ul>\n<h3><span class=\"ez-toc-section\" id=\"Es_wird_auf_zwei_Arten_ueberprueft\"><\/span><span style=\"font-size: 20px;\">Es wird auf zwei Arten \u00fcberpr\u00fcft:<\/span><span class=\"ez-toc-section-end\"><\/span><\/h3>\n<ol>\n<li>Ein-Aus-Steuerung<\/li>\n<li>Proportionale Steuerung.<\/li>\n<\/ol>\n<h3><span class=\"ez-toc-section\" id=\"Konstruktion\"><\/span><span style=\"font-size: 20px;\">Konstruktion<\/span><span class=\"ez-toc-section-end\"><\/span><\/h3>\n<ul>\n<li>Aluminium-Strangpressprofil, innen und au\u00dfen korrosionsbest\u00e4ndig, lange Lebensdauer und mit einer sehr empfindlichen Verfahrenstechnik erzielte Zylinderoberfl\u00e4che f\u00fcr niedrigen Reibungskoeffizienten<\/li>\n<li> Symmetrische und einfache Einbaulage; Kompakte Kolben aus einer speziellen Aluminiumlegierung, die einen schnellen Betrieb erm\u00f6glichen und gleichzeitig durch einfaches Austauschen der Kolben erm\u00f6glichen, in die entgegengesetzte Richtung zu arbeiten.<\/li>\n<li> Ein symmetrisches, korrosionsbest\u00e4ndiges Ritzel aus hochwertigem Stahl, das auf Wunsch eine Montage in 45\u00b0-90\u00b0-Winkeln erm\u00f6glicht und auch in jeder Winkelmontage harmonisch mit dem Kolbenhub arbeitet.<\/li>\n<li>Lagerelemente aus industriellem Hartkunststoff, die das \u00d6ffnen und Schlie\u00dfen in k\u00fcrzester Zeit erm\u00f6glichen, niedriger Reibungskoeffizient, minimiert den Verschlei\u00df der Reibungsfl\u00e4chen.<\/li>\n<li> In Pr\u00e4zisionsmaschinen mit einer speziellen Verfahrenstechnik ge\u00f6ffnete Modulzahnr\u00e4der, die ger\u00e4uschlos, harmonisch und mit maximaler Effizienz auf Kolben und Ritzel wirken.<\/li>\n<li> Langfristig korrosionsbest\u00e4ndige Befestigungselemente aus Edelstahl.<\/li>\n<\/ul>\n<p>Klicken Sie f\u00fcr mehr <a href=\"\/?product_cat=aktuatorlu-vanalar\">Stellventile.<\/a><\/p>\n","protected":false},"excerpt":{"rendered":"<p><a href=\"https:\/\/unox.com.tr\/wp-content\/uploads\/2022\/12\/PNOMATIK-AKTUATORLU-U-PVC-KURESEL-VANA-CIFT-ETKILI.pdf\" target=\"_blank\" rel=\"noopener\"><button style=\"background-color: #11224b; color: #ffffff; padding: 10px 15px; font-family: montserrat; font-weight: bold; font-size: 19px; border-radius: 10px;\"><img decoding=\"async\" style=\"width: 25px; height: 25px;\" src=\"https:\/\/unox.com.tr\/wp-content\/uploads\/2023\/02\/pdf-1.png\">PRODUKTKATALOG<\/button><\/a><\/p>\n<p><button style=\"background-color: #11224b; margin-top: 5px; color: white; padding: 0px 15px; width: 150px; height: 55px; border-radius: 10px; border: none; cursor: pointer;\"><br \/>\n<img decoding=\"async\" style=\"width: 120px; height: 30px;\" src=\"https:\/\/unox.com.tr\/wp-content\/uploads\/2023\/02\/4-1.svg\"><\/button><\/p>\n","protected":false},"featured_media":33754,"comment_status":"closed","ping_status":"closed","template":"","meta":{"_joinchat":[]},"product_brand":[],"product_cat":[1118,1119,1117],"product_tag":[],"class_list":{"0":"post-36328","1":"product","2":"type-product","3":"status-publish","4":"has-post-thumbnail","6":"product_cat-pneumatisch-betatigte-ventile","7":"product_cat-betatigte-ventile","8":"product_cat-pneumatische-ventile","10":"first","11":"instock","12":"shipping-taxable","13":"product-type-simple"},"_links":{"self":[{"href":"https:\/\/unox.com.tr\/de\/wp-json\/wp\/v2\/product\/36328","targetHints":{"allow":["GET"]}}],"collection":[{"href":"https:\/\/unox.com.tr\/de\/wp-json\/wp\/v2\/product"}],"about":[{"href":"https:\/\/unox.com.tr\/de\/wp-json\/wp\/v2\/types\/product"}],"replies":[{"embeddable":true,"href":"https:\/\/unox.com.tr\/de\/wp-json\/wp\/v2\/comments?post=36328"}],"version-history":[{"count":0,"href":"https:\/\/unox.com.tr\/de\/wp-json\/wp\/v2\/product\/36328\/revisions"}],"wp:featuredmedia":[{"embeddable":true,"href":"https:\/\/unox.com.tr\/de\/wp-json\/wp\/v2\/media\/33754"}],"wp:attachment":[{"href":"https:\/\/unox.com.tr\/de\/wp-json\/wp\/v2\/media?parent=36328"}],"wp:term":[{"taxonomy":"product_brand","embeddable":true,"href":"https:\/\/unox.com.tr\/de\/wp-json\/wp\/v2\/product_brand?post=36328"},{"taxonomy":"product_cat","embeddable":true,"href":"https:\/\/unox.com.tr\/de\/wp-json\/wp\/v2\/product_cat?post=36328"},{"taxonomy":"product_tag","embeddable":true,"href":"https:\/\/unox.com.tr\/de\/wp-json\/wp\/v2\/product_tag?post=36328"}],"curies":[{"name":"wp","href":"https:\/\/api.w.org\/{rel}","templated":true}]}}