{"id":36332,"date":"2020-09-17T13:00:12","date_gmt":"2020-09-17T13:00:12","guid":{"rendered":"https:\/\/www.unox.com.tr\/urun\/pneumatisch-betaetigtes-absperrventil-aus-u-pvc-doppeltwirkend\/"},"modified":"2023-03-21T13:11:34","modified_gmt":"2023-03-21T10:11:34","slug":"pneumatisch-betatigte-u-pvc-absperrklappe-doppelt","status":"publish","type":"product","link":"https:\/\/unox.com.tr\/de\/pneumatisch-betatigte-u-pvc-absperrklappe-doppelt\/","title":{"rendered":"Pneumatisch bet\u00e4tigtes U-PVC Absperrventil \u2013 Doppeltwirkend"},"content":{"rendered":"<div id=\"ez-toc-container\" class=\"ez-toc-v2_0_82_2 counter-hierarchy ez-toc-counter ez-toc-grey ez-toc-container-direction\">\n<div class=\"ez-toc-title-container\">\n<p class=\"ez-toc-title\" style=\"cursor:inherit\">Sayfa \u0130\u00e7eri\u011fi<\/p>\n<span class=\"ez-toc-title-toggle\"><a href=\"#\" class=\"ez-toc-pull-right ez-toc-btn ez-toc-btn-xs ez-toc-btn-default ez-toc-toggle\" aria-label=\"Toggle Table of Content\"><span class=\"ez-toc-js-icon-con\"><span class=\"\"><span class=\"eztoc-hide\" style=\"display:none;\">Toggle<\/span><span class=\"ez-toc-icon-toggle-span\"><svg style=\"fill: #999;color:#999\" xmlns=\"http:\/\/www.w3.org\/2000\/svg\" class=\"list-377408\" width=\"20px\" height=\"20px\" viewBox=\"0 0 24 24\" fill=\"none\"><path d=\"M6 6H4v2h2V6zm14 0H8v2h12V6zM4 11h2v2H4v-2zm16 0H8v2h12v-2zM4 16h2v2H4v-2zm16 0H8v2h12v-2z\" fill=\"currentColor\"><\/path><\/svg><svg style=\"fill: #999;color:#999\" class=\"arrow-unsorted-368013\" xmlns=\"http:\/\/www.w3.org\/2000\/svg\" width=\"10px\" height=\"10px\" viewBox=\"0 0 24 24\" version=\"1.2\" baseProfile=\"tiny\"><path d=\"M18.2 9.3l-6.2-6.3-6.2 6.3c-.2.2-.3.4-.3.7s.1.5.3.7c.2.2.4.3.7.3h11c.3 0 .5-.1.7-.3.2-.2.3-.5.3-.7s-.1-.5-.3-.7zM5.8 14.7l6.2 6.3 6.2-6.3c.2-.2.3-.5.3-.7s-.1-.5-.3-.7c-.2-.2-.4-.3-.7-.3h-11c-.3 0-.5.1-.7.3-.2.2-.3.5-.3.7s.1.5.3.7z\"\/><\/svg><\/span><\/span><\/span><\/a><\/span><\/div>\n<nav><ul class='ez-toc-list ez-toc-list-level-1 ' ><li class='ez-toc-page-1 ez-toc-heading-level-2'><a class=\"ez-toc-link ez-toc-heading-1\" href=\"https:\/\/unox.com.tr\/de\/pneumatisch-betatigte-u-pvc-absperrklappe-doppelt\/#Was_ist_ein_pneumatisch_betaetigtes_U-PVC-Absperrventil\" >Was ist ein pneumatisch bet\u00e4tigtes U-PVC-Absperrventil?<\/a><\/li><li class='ez-toc-page-1 ez-toc-heading-level-2'><a class=\"ez-toc-link ez-toc-heading-2\" href=\"https:\/\/unox.com.tr\/de\/pneumatisch-betatigte-u-pvc-absperrklappe-doppelt\/#Wie_funktioniert_die_Absperrklappe\" >Wie funktioniert die Absperrklappe?<\/a><\/li><li class='ez-toc-page-1 ez-toc-heading-level-2'><a class=\"ez-toc-link ez-toc-heading-3\" href=\"https:\/\/unox.com.tr\/de\/pneumatisch-betatigte-u-pvc-absperrklappe-doppelt\/#Wo_wird_U-PVC_Absperrklappe_verwendet\" >Wo wird U-PVC Absperrklappe verwendet?<\/a><ul class='ez-toc-list-level-3' ><li class='ez-toc-heading-level-3'><a class=\"ez-toc-link ez-toc-heading-4\" href=\"https:\/\/unox.com.tr\/de\/pneumatisch-betatigte-u-pvc-absperrklappe-doppelt\/#Es_wird_auf_zwei_Arten_ueberprueft\" >Es wird auf zwei Arten \u00fcberpr\u00fcft:<\/a><\/li><li class='ez-toc-page-1 ez-toc-heading-level-3'><a class=\"ez-toc-link ez-toc-heading-5\" href=\"https:\/\/unox.com.tr\/de\/pneumatisch-betatigte-u-pvc-absperrklappe-doppelt\/#Konstruktion\" >Konstruktion<\/a><\/li><\/ul><\/li><\/ul><\/nav><\/div>\n<h2><span class=\"ez-toc-section\" id=\"Was_ist_ein_pneumatisch_betaetigtes_U-PVC-Absperrventil\"><\/span><span style=\"font-size: 22px;\">Was ist ein pneumatisch bet\u00e4tigtes U-PVC-Absperrventil?<\/span><span class=\"ez-toc-section-end\"><\/span><\/h2>\n<p>Die U-PVC-Absperrklappe ist eine Art Absperrklappe aus weichmacherfreiem Polyvinylchlorid (U-PVC). Absperrklappen sind Ventile, die zum \u00d6ffnen und Schlie\u00dfen einer Fl\u00fcssigkeit in einem Rohr oder Rohr verwendet werden. U-PVC-Absperrklappen werden im Allgemeinen in Sanit\u00e4r- oder Rohrleitungen verwendet. Diese Arten von Ventilen werden bevorzugt, weil sie leicht sind und einfach installiert werden k\u00f6nnen. Da das U-PVC-Material au\u00dferdem korrosionsbest\u00e4ndig ist, wird von diesen Ventilen eine lange Lebensdauer erwartet.<\/p>\n<h2><span class=\"ez-toc-section\" id=\"Wie_funktioniert_die_Absperrklappe\"><\/span><span style=\"font-size: 22px;\">Wie funktioniert die Absperrklappe?<\/span><span class=\"ez-toc-section-end\"><\/span><\/h2>\n<p>Das Funktionsprinzip von Absperrklappen besteht darin, ein Ventil in Form einer Drosselklappe zu \u00f6ffnen und zu schlie\u00dfen. Dieses Ventil wird durch Drehen mit Hilfe eines Hebels oder einer H\u00fclse ge\u00f6ffnet oder geschlossen. Absperrklappen sind dank ihrer meist halbrunden Ventile verlustarm und leiten das Fluid ohne Reduzierung seiner Geschwindigkeit weiter.<\/p>\n<h2><span class=\"ez-toc-section\" id=\"Wo_wird_U-PVC_Absperrklappe_verwendet\"><\/span><span style=\"font-size: 22px;\">Wo wird U-PVC Absperrklappe verwendet?<\/span><span class=\"ez-toc-section-end\"><\/span><\/h2>\n<ul>\n<li>Es wird h\u00e4ufig in Wasseraufbereitungsanlagen verwendet, um den Wasserfluss w\u00e4hrend verschiedener Behandlungsstufen wie Filtration und Desinfektion zu steuern.<\/li>\n<li>Absperrklappen aus U-PVC sind gegen viele Chemikalien best\u00e4ndig, was sie zu einer guten Wahl f\u00fcr den Einsatz in chemischen Verarbeitungsanlagen macht, in denen korrosive Materialien vorhanden sind.<\/li>\n<li>Es wird in der Lebensmittel- und Getr\u00e4nkeindustrie verwendet, um den Fluss von Fl\u00fcssigkeiten und Gasen wie Luft oder Dampf durch Rohrleitungen zu steuern.<\/li>\n<li>Es wird verwendet, um den Luftstrom durch Kan\u00e4le und L\u00fcftungs\u00f6ffnungen in Heizungs-, L\u00fcftungs- und Klimaanlagen (HVAC)-Systemen zu steuern.<\/li>\n<li>Es wird in landwirtschaftlichen Bew\u00e4sserungssystemen verwendet, um den Wasserfluss zu Feldern und Pflanzen zu steuern.<\/li>\n<li>Es wird verwendet, um den Wasserfluss durch Rohre und Armaturen in Sanit\u00e4rsystemen zu steuern.<\/li>\n<li>Es wird auch in verschiedenen anderen industriellen Anwendungen wie der \u00d6l- und Gasf\u00f6rderung, der pharmazeutischen Produktion und Kraftwerken eingesetzt.<\/li>\n<\/ul>\n<p><strong>Die allgemeinen Eigenschaften von Polyethylen sind wie folgt:<\/strong><\/p>\n<ul>\n<li>Es ist solide<\/li>\n<li>Best\u00e4ndig gegen S\u00e4uren, Basen und L\u00f6sungsmittel<\/li>\n<li>Dielektrische Eigenschaften sind \u00fcberlegen<\/li>\n<li>Es ist best\u00e4ndig gegen Umwelteinfl\u00fcsse.<\/li>\n<\/ul>\n<p>Als optionale Zusatzelemente kommen Aktuatoren mit variierenden Kr\u00e4ften zwischen 9 nm und 400 nm je nach Anschlussdurchmesser sowie Schaltk\u00e4sten und Wegeventile zum Einsatz.<\/p>\n<p><strong>Unsere pneumatischen Stellantriebe, Kraftinformationen und Ventilanwendungen gem\u00e4\u00df ihren Codes sind wie folgt:<\/strong><\/p>\n<ul>\n<li><strong>UDA 040 =<\/strong> 9 nm<\/li>\n<li><strong>UDA 052<\/strong> =25 nm<\/li>\n<li><strong>UDA 063<\/strong> =50 nm<\/li>\n<li><strong>UDA 083<\/strong> =94 nm<\/li>\n<li><strong>UDA 092 =<\/strong> 135 nm<\/li>\n<li><strong>UDA 105 =<\/strong> 270 nm<\/li>\n<li><strong>UDA 125 =<\/strong> 400 nm<\/li>\n<\/ul>\n<h3><span class=\"ez-toc-section\" id=\"Es_wird_auf_zwei_Arten_ueberprueft\"><\/span><span style=\"font-size: 20px;\">Es wird auf zwei Arten \u00fcberpr\u00fcft:<\/span><span class=\"ez-toc-section-end\"><\/span><\/h3>\n<ol>\n<li>Ein-Aus-Steuerung<\/li>\n<li>Proportionale Steuerung.<\/li>\n<\/ol>\n<h3><span class=\"ez-toc-section\" id=\"Konstruktion\"><\/span><span style=\"font-size: 20px;\">Konstruktion<\/span><span class=\"ez-toc-section-end\"><\/span><\/h3>\n<ul>\n<li>Aluminium-Strangpressprofil, innen und au\u00dfen korrosionsbest\u00e4ndig, lange Lebensdauer und mit einer sehr empfindlichen Verfahrenstechnik erzielte Zylinderoberfl\u00e4che f\u00fcr niedrigen Reibungskoeffizienten<\/li>\n<li> Symmetrische und einfache Einbaulage; Kompakte Kolben aus einer speziellen Aluminiumlegierung, die einen schnellen Betrieb erm\u00f6glichen und gleichzeitig durch einfaches Austauschen der Kolben erm\u00f6glichen, in die entgegengesetzte Richtung zu arbeiten.<\/li>\n<li> Ein symmetrisches, korrosionsbest\u00e4ndiges Ritzel aus hochwertigem Stahl, das auf Wunsch eine Montage in 45\u00b0-90\u00b0-Winkeln erm\u00f6glicht und auch in jeder Winkelmontage harmonisch mit dem Kolbenhub arbeitet.<\/li>\n<li>Lagerelemente aus industriellem Hartkunststoff, die das \u00d6ffnen und Schlie\u00dfen in k\u00fcrzester Zeit erm\u00f6glichen, niedriger Reibungskoeffizient, minimiert den Verschlei\u00df der Reibungsfl\u00e4chen.<\/li>\n<li> In Pr\u00e4zisionsmaschinen mit einer speziellen Verfahrenstechnik ge\u00f6ffnete Modulzahnr\u00e4der, die ger\u00e4uschlos, harmonisch und mit maximaler Effizienz auf Kolben und Ritzel wirken.<\/li>\n<li> Langfristig korrosionsbest\u00e4ndige Befestigungselemente aus Edelstahl.<\/li>\n<\/ul>\n<p>&nbsp;<\/p>\n<p><span style=\"font-size: 14px;\"><em>Sie k\u00f6nnen f\u00fcr pneumatische Ventiltypen <a href=\"\/?product_cat=pnomatik-vanalar\">klicken.<\/a><\/em><\/span><\/p>\n","protected":false},"excerpt":{"rendered":"<p><a href=\"https:\/\/unox.com.tr\/wp-content\/uploads\/2022\/12\/PNOMATIK-AKTUATORLU-U-PVC-KELEBEK-VANA-CIFT-ETKILI.pdf\" target=\"_blank\" rel=\"noopener\"><button style=\"background-color: #11224b; color: #ffffff; padding: 10px 15px; font-family: montserrat; font-weight: bold; font-size: 19px; border-radius: 10px;\"><img decoding=\"async\" style=\"width: 25px; height: 25px;\" src=\"https:\/\/unox.com.tr\/wp-content\/uploads\/2023\/02\/pdf-1.png\">PRODUKTKATALOG<\/button><\/a><\/p>\n<p><button style=\"background-color: #11224b; margin-top: 5px; color: white; padding: 0px 15px; width: 150px; height: 55px; border-radius: 10px; border: none; cursor: pointer;\"><br \/>\n<img decoding=\"async\" style=\"width: 120px; height: 30px;\" src=\"https:\/\/unox.com.tr\/wp-content\/uploads\/2023\/02\/4-1.svg\"><\/button><\/p>\n","protected":false},"featured_media":69979,"comment_status":"closed","ping_status":"closed","template":"","meta":{"_joinchat":[]},"product_brand":[],"product_cat":[1118,1119,1117],"product_tag":[],"class_list":{"0":"post-36332","1":"product","2":"type-product","3":"status-publish","4":"has-post-thumbnail","6":"product_cat-pneumatisch-betatigte-ventile","7":"product_cat-betatigte-ventile","8":"product_cat-pneumatische-ventile","10":"first","11":"instock","12":"shipping-taxable","13":"product-type-simple"},"_links":{"self":[{"href":"https:\/\/unox.com.tr\/de\/wp-json\/wp\/v2\/product\/36332","targetHints":{"allow":["GET"]}}],"collection":[{"href":"https:\/\/unox.com.tr\/de\/wp-json\/wp\/v2\/product"}],"about":[{"href":"https:\/\/unox.com.tr\/de\/wp-json\/wp\/v2\/types\/product"}],"replies":[{"embeddable":true,"href":"https:\/\/unox.com.tr\/de\/wp-json\/wp\/v2\/comments?post=36332"}],"version-history":[{"count":0,"href":"https:\/\/unox.com.tr\/de\/wp-json\/wp\/v2\/product\/36332\/revisions"}],"wp:featuredmedia":[{"embeddable":true,"href":"https:\/\/unox.com.tr\/de\/wp-json\/wp\/v2\/media\/69979"}],"wp:attachment":[{"href":"https:\/\/unox.com.tr\/de\/wp-json\/wp\/v2\/media?parent=36332"}],"wp:term":[{"taxonomy":"product_brand","embeddable":true,"href":"https:\/\/unox.com.tr\/de\/wp-json\/wp\/v2\/product_brand?post=36332"},{"taxonomy":"product_cat","embeddable":true,"href":"https:\/\/unox.com.tr\/de\/wp-json\/wp\/v2\/product_cat?post=36332"},{"taxonomy":"product_tag","embeddable":true,"href":"https:\/\/unox.com.tr\/de\/wp-json\/wp\/v2\/product_tag?post=36332"}],"curies":[{"name":"wp","href":"https:\/\/api.w.org\/{rel}","templated":true}]}}