{"id":36333,"date":"2020-09-17T12:56:25","date_gmt":"2020-09-17T09:56:25","guid":{"rendered":"https:\/\/www.unox.com.tr\/urun\/pneumatisch-betaetigtes-edelstahl-absperrventil\/"},"modified":"2023-03-21T13:14:49","modified_gmt":"2023-03-21T10:14:49","slug":"pneumatisch-betatigte-edelstahl-absperrklappe","status":"publish","type":"product","link":"https:\/\/unox.com.tr\/de\/pneumatisch-betatigte-edelstahl-absperrklappe\/","title":{"rendered":"Pneumatisch Bet\u00e4tigte Absperrklappe aus Edelstahl"},"content":{"rendered":"<div id=\"ez-toc-container\" class=\"ez-toc-v2_0_82_2 counter-hierarchy ez-toc-counter ez-toc-grey ez-toc-container-direction\">\n<div class=\"ez-toc-title-container\">\n<p class=\"ez-toc-title\" style=\"cursor:inherit\">Sayfa \u0130\u00e7eri\u011fi<\/p>\n<span class=\"ez-toc-title-toggle\"><a href=\"#\" class=\"ez-toc-pull-right ez-toc-btn ez-toc-btn-xs ez-toc-btn-default ez-toc-toggle\" aria-label=\"Toggle Table of Content\"><span class=\"ez-toc-js-icon-con\"><span class=\"\"><span class=\"eztoc-hide\" style=\"display:none;\">Toggle<\/span><span class=\"ez-toc-icon-toggle-span\"><svg style=\"fill: #999;color:#999\" xmlns=\"http:\/\/www.w3.org\/2000\/svg\" class=\"list-377408\" width=\"20px\" height=\"20px\" viewBox=\"0 0 24 24\" fill=\"none\"><path d=\"M6 6H4v2h2V6zm14 0H8v2h12V6zM4 11h2v2H4v-2zm16 0H8v2h12v-2zM4 16h2v2H4v-2zm16 0H8v2h12v-2z\" fill=\"currentColor\"><\/path><\/svg><svg style=\"fill: #999;color:#999\" class=\"arrow-unsorted-368013\" xmlns=\"http:\/\/www.w3.org\/2000\/svg\" width=\"10px\" height=\"10px\" viewBox=\"0 0 24 24\" version=\"1.2\" baseProfile=\"tiny\"><path d=\"M18.2 9.3l-6.2-6.3-6.2 6.3c-.2.2-.3.4-.3.7s.1.5.3.7c.2.2.4.3.7.3h11c.3 0 .5-.1.7-.3.2-.2.3-.5.3-.7s-.1-.5-.3-.7zM5.8 14.7l6.2 6.3 6.2-6.3c.2-.2.3-.5.3-.7s-.1-.5-.3-.7c-.2-.2-.4-.3-.7-.3h-11c-.3 0-.5.1-.7.3-.2.2-.3.5-.3.7s.1.5.3.7z\"\/><\/svg><\/span><\/span><\/span><\/a><\/span><\/div>\n<nav><ul class='ez-toc-list ez-toc-list-level-1 ' ><li class='ez-toc-page-1 ez-toc-heading-level-2'><a class=\"ez-toc-link ez-toc-heading-1\" href=\"https:\/\/unox.com.tr\/de\/pneumatisch-betatigte-edelstahl-absperrklappe\/#Was_ist_ein_pneumatisch_betaetigtes_Edelstahl_Absperrventil\" >Was ist ein pneumatisch bet\u00e4tigtes Edelstahl Absperrventil?<\/a><\/li><li class='ez-toc-page-1 ez-toc-heading-level-2'><a class=\"ez-toc-link ez-toc-heading-2\" href=\"https:\/\/unox.com.tr\/de\/pneumatisch-betatigte-edelstahl-absperrklappe\/#Produkteigenschaften\" >Produkteigenschaften<\/a><ul class='ez-toc-list-level-3' ><li class='ez-toc-heading-level-3'><a class=\"ez-toc-link ez-toc-heading-3\" href=\"https:\/\/unox.com.tr\/de\/pneumatisch-betatigte-edelstahl-absperrklappe\/#Konstruktion\" >Konstruktion<\/a><\/li><\/ul><\/li><\/ul><\/nav><\/div>\n<h2><span class=\"ez-toc-section\" id=\"Was_ist_ein_pneumatisch_betaetigtes_Edelstahl_Absperrventil\"><\/span><span style=\"font-size: 22px;\">Was ist ein pneumatisch bet\u00e4tigtes Edelstahl Absperrventil?<\/span><span class=\"ez-toc-section-end\"><\/span><\/h2>\n<p>Die Absperrklappe dient zur Durchflussregelung von Fl\u00fcssigkeiten oder Gasen wie Gas, Wasser oder Luft. Es besteht aus einem Paar Kappen und diese Kappen drehen sich um eine Achse. Wenn eine Klappe ge\u00f6ffnet ist, ist die andere geschlossen, damit sie den Durchfluss steuern kann. Absperrklappen werden im Allgemeinen f\u00fcr Rohre oder Schl\u00e4uche mit gro\u00dfem Durchmesser verwendet und werden h\u00e4ufig in Anlagen, Fabriken und Industrieanlagen verwendet, um den Durchfluss von Stoffen wie Wasser, Gas oder Luft zu steuern.<\/p>\n<p>UNOX Pneumatische Stellantriebe; Dies sind vollst\u00e4ndig inl\u00e4ndische Produkte, die in der Forschung und Entwicklung unseres Unternehmens entwickelt wurden. Pneumatische Stellantriebe werden zur Steuerung von Ventilen und Klappen verwendet, die mit 90- und 120-Grad-Drehung schlie\u00dfen oder \u00f6ffnen.<\/p>\n<p>Wie ein Model; Wir haben USA-Modelle f\u00fcr einfachwirkende und UDA-Modelle f\u00fcr doppeltwirkende.<\/p>\n<h2><span class=\"ez-toc-section\" id=\"Produkteigenschaften\"><\/span><span style=\"font-size: 22px;\">Produkteigenschaften<\/span><span class=\"ez-toc-section-end\"><\/span><\/h2>\n<ul>\n<li><strong>Dichtung:<\/strong> EPDM, Viton, Teflon, Silikon<\/li>\n<li><strong>Geh\u00e4use<\/strong>: AISI304 \/ AISI316<\/li>\n<li><strong>Scheibe<\/strong>: AISI304 \/ AISI316<\/li>\n<li><b>Verbindungstyp<\/b>: Geschwei\u00dft, Gewinde, geklemmt<\/li>\n<li><b>Druckklasse<\/b>: PN6 \/ PN10<\/li>\n<\/ul>\n<p><strong>Die pneumatisch bet\u00e4tigte Absperrklappe aus Edelstahl erfolgt auf zwei Arten:<\/strong><\/p>\n<ol>\n<li>Ein-Aus-Steuerung<\/li>\n<li>Proportionale Steuerung.<\/li>\n<\/ol>\n<h3><span class=\"ez-toc-section\" id=\"Konstruktion\"><\/span><span style=\"font-size: 20px;\">Konstruktion<\/span><span class=\"ez-toc-section-end\"><\/span><\/h3>\n<ul>\n<li>Aluminium-Extrusion, korrosionsbest\u00e4ndig innen und au\u00dfen, lange Lebensdauer und niedriger Reibungskoeffizient f\u00fcr die Zylinderoberfl\u00e4che, die mit einer sehr empfindlichen Verfahrenstechnik erzielt wird.<\/li>\n<li>Symmetrische und einfache Einbaulage; Kompakte Kolben aus einer speziellen Aluminiumlegierung, die einen schnellen Betrieb erm\u00f6glichen und gleichzeitig durch einfaches Austauschen der Kolben erm\u00f6glichen, in die entgegengesetzte Richtung zu arbeiten.<\/li>\n<li>Ein symmetrisches, korrosionsbest\u00e4ndiges Ritzel aus hochwertigem Stahl, das auf Wunsch eine Montage in 45\u00b0-90\u00b0-Winkeln erm\u00f6glicht und auch in jeder Winkelmontage harmonisch mit dem Kolbenhub arbeitet.<\/li>\n<li>Lagerelemente aus industriellem Hartkunststoff, die das \u00d6ffnen und Schlie\u00dfen in k\u00fcrzester Zeit erm\u00f6glichen, niedriger Reibungskoeffizient, minimiert den Verschlei\u00df der Reibungsfl\u00e4chen.<\/li>\n<li>In Pr\u00e4zisionsmaschinen mit einer speziellen Verfahrenstechnik ge\u00f6ffnete Modulzahnr\u00e4der, die ger\u00e4uschlos, harmonisch und mit maximaler Effizienz auf Kolben und Ritzel wirken.<\/li>\n<li>Langfristig korrosionsbest\u00e4ndige Befestigungselemente aus Edelstahl.<\/li>\n<li>Volle \u00dcbereinstimmung mit den neuesten Spezifikationen. Zur einfachen Montage und Demontage von Elektromagneten, Endschaltern und anderem Zubeh\u00f6r sowie zum Austausch von Produkten untereinander; Es entspricht den Standards und Normen ISI 5211, DIN 3337 und VDI\/VDE 3845 NAMUR.<\/li>\n<\/ul>\n","protected":false},"excerpt":{"rendered":"<p><a href=\"https:\/\/unox.com.tr\/wp-content\/uploads\/2022\/12\/PNOMATIK-AKTUATORLU-GIDAYA-UYGUN-KELEBEK-VANA.pdf\" target=\"_blank\" rel=\"noopener\"><button style=\"background-color: #11224b; color: #ffffff; padding: 10px 15px; font-family: montserrat; font-weight: bold; font-size: 19px; border-radius: 10px;\"><img decoding=\"async\" style=\"width: 25px; height: 25px;\" src=\"https:\/\/unox.com.tr\/wp-content\/uploads\/2023\/02\/pdf-1.png\">PRODUKTKATALOG<\/button><\/a><\/p>\n<p><button style=\"background-color: #11224b; margin-top: 5px; color: white; padding: 0px 15px; width: 150px; height: 55px; border-radius: 10px; border: none; cursor: pointer;\"><br \/>\n<img decoding=\"async\" style=\"width: 120px; height: 30px;\" src=\"https:\/\/unox.com.tr\/wp-content\/uploads\/2023\/02\/4-1.svg\"><\/button><\/p>\n","protected":false},"featured_media":33718,"comment_status":"open","ping_status":"closed","template":"","meta":{"_joinchat":[]},"product_brand":[],"product_cat":[1119,1118,1117],"product_tag":[],"class_list":{"0":"post-36333","1":"product","2":"type-product","3":"status-publish","4":"has-post-thumbnail","6":"product_cat-betatigte-ventile","7":"product_cat-pneumatisch-betatigte-ventile","8":"product_cat-pneumatische-ventile","10":"first","11":"instock","12":"shipping-taxable","13":"product-type-simple"},"_links":{"self":[{"href":"https:\/\/unox.com.tr\/de\/wp-json\/wp\/v2\/product\/36333","targetHints":{"allow":["GET"]}}],"collection":[{"href":"https:\/\/unox.com.tr\/de\/wp-json\/wp\/v2\/product"}],"about":[{"href":"https:\/\/unox.com.tr\/de\/wp-json\/wp\/v2\/types\/product"}],"replies":[{"embeddable":true,"href":"https:\/\/unox.com.tr\/de\/wp-json\/wp\/v2\/comments?post=36333"}],"version-history":[{"count":0,"href":"https:\/\/unox.com.tr\/de\/wp-json\/wp\/v2\/product\/36333\/revisions"}],"wp:featuredmedia":[{"embeddable":true,"href":"https:\/\/unox.com.tr\/de\/wp-json\/wp\/v2\/media\/33718"}],"wp:attachment":[{"href":"https:\/\/unox.com.tr\/de\/wp-json\/wp\/v2\/media?parent=36333"}],"wp:term":[{"taxonomy":"product_brand","embeddable":true,"href":"https:\/\/unox.com.tr\/de\/wp-json\/wp\/v2\/product_brand?post=36333"},{"taxonomy":"product_cat","embeddable":true,"href":"https:\/\/unox.com.tr\/de\/wp-json\/wp\/v2\/product_cat?post=36333"},{"taxonomy":"product_tag","embeddable":true,"href":"https:\/\/unox.com.tr\/de\/wp-json\/wp\/v2\/product_tag?post=36333"}],"curies":[{"name":"wp","href":"https:\/\/api.w.org\/{rel}","templated":true}]}}