{"id":36344,"date":"2020-09-17T12:51:14","date_gmt":"2020-09-17T12:51:14","guid":{"rendered":"https:\/\/www.unox.com.tr\/urun\/pneumatisch-betaetigter-kugelhahn-aus-edelstahl-doppeltwirkend-mit-gewinde\/"},"modified":"2023-03-21T13:22:56","modified_gmt":"2023-03-21T10:22:56","slug":"pneumatisch-betatigtes-edelstahl-kugelventil","status":"publish","type":"product","link":"https:\/\/unox.com.tr\/de\/pneumatisch-betatigtes-edelstahl-kugelventil\/","title":{"rendered":"Pneumatisch Bet\u00e4tigter Kugelhahn aus Edelstahl \u2013 Doppeltwirkend, mit Gewinde"},"content":{"rendered":"<div id=\"ez-toc-container\" class=\"ez-toc-v2_0_82_2 counter-hierarchy ez-toc-counter ez-toc-grey ez-toc-container-direction\">\n<div class=\"ez-toc-title-container\">\n<p class=\"ez-toc-title\" style=\"cursor:inherit\">Sayfa \u0130\u00e7eri\u011fi<\/p>\n<span class=\"ez-toc-title-toggle\"><a href=\"#\" class=\"ez-toc-pull-right ez-toc-btn ez-toc-btn-xs ez-toc-btn-default ez-toc-toggle\" aria-label=\"Toggle Table of Content\"><span class=\"ez-toc-js-icon-con\"><span class=\"\"><span class=\"eztoc-hide\" style=\"display:none;\">Toggle<\/span><span class=\"ez-toc-icon-toggle-span\"><svg style=\"fill: #999;color:#999\" xmlns=\"http:\/\/www.w3.org\/2000\/svg\" class=\"list-377408\" width=\"20px\" height=\"20px\" viewBox=\"0 0 24 24\" fill=\"none\"><path d=\"M6 6H4v2h2V6zm14 0H8v2h12V6zM4 11h2v2H4v-2zm16 0H8v2h12v-2zM4 16h2v2H4v-2zm16 0H8v2h12v-2z\" fill=\"currentColor\"><\/path><\/svg><svg style=\"fill: #999;color:#999\" class=\"arrow-unsorted-368013\" xmlns=\"http:\/\/www.w3.org\/2000\/svg\" width=\"10px\" height=\"10px\" viewBox=\"0 0 24 24\" version=\"1.2\" baseProfile=\"tiny\"><path d=\"M18.2 9.3l-6.2-6.3-6.2 6.3c-.2.2-.3.4-.3.7s.1.5.3.7c.2.2.4.3.7.3h11c.3 0 .5-.1.7-.3.2-.2.3-.5.3-.7s-.1-.5-.3-.7zM5.8 14.7l6.2 6.3 6.2-6.3c.2-.2.3-.5.3-.7s-.1-.5-.3-.7c-.2-.2-.4-.3-.7-.3h-11c-.3 0-.5.1-.7.3-.2.2-.3.5-.3.7s.1.5.3.7z\"\/><\/svg><\/span><\/span><\/span><\/a><\/span><\/div>\n<nav><ul class='ez-toc-list ez-toc-list-level-1 ' ><li class='ez-toc-page-1 ez-toc-heading-level-2'><a class=\"ez-toc-link ez-toc-heading-1\" href=\"https:\/\/unox.com.tr\/de\/pneumatisch-betatigtes-edelstahl-kugelventil\/#Was_ist_ein_pneumatisch_betaetigter_Kugelhahn_aus_Edelstahl\" >Was ist ein pneumatisch bet\u00e4tigter Kugelhahn aus Edelstahl?<\/a><ul class='ez-toc-list-level-3' ><li class='ez-toc-heading-level-3'><a class=\"ez-toc-link ez-toc-heading-2\" href=\"https:\/\/unox.com.tr\/de\/pneumatisch-betatigtes-edelstahl-kugelventil\/#Konstruktion\" >Konstruktion<\/a><\/li><\/ul><\/li><\/ul><\/nav><\/div>\n<h2><span class=\"ez-toc-section\" id=\"Was_ist_ein_pneumatisch_betaetigter_Kugelhahn_aus_Edelstahl\"><\/span><span style=\"font-size: 22px;\">Was ist ein pneumatisch bet\u00e4tigter Kugelhahn aus Edelstahl?<\/span><span class=\"ez-toc-section-end\"><\/span><\/h2>\n<p>Ein Kugelhahn mit Gewinde wird verwendet, um mithilfe eines mechanischen Getriebesystems Fl\u00fcssigkeiten zu steuern, die durch ein Rohr oder eine Leitung flie\u00dfen. Kugelh\u00e4hne werden im Allgemeinen verwendet, wenn Vorg\u00e4nge an oder von der durch ein Rohr flie\u00dfenden Fl\u00fcssigkeit durchgef\u00fchrt werden. Kugelh\u00e4hne mit Gewinde werden h\u00e4ufig in Gro\u00dfanlagen eingesetzt, um den Durchfluss von industriellen Fl\u00fcssigkeiten und Gasen zu steuern.<\/p>\n<p>Kugelh\u00e4hne mit Gewinde werden aufgrund ihrer vielf\u00e4ltigen Eigenschaften h\u00e4ufig in Industrieanlagen eingesetzt. Es ist zum Beispiel ideal f\u00fcr die Steuerung von Hochdruck-Fl\u00fcssigkeits- und Gasstr\u00f6men und wird h\u00e4ufig in Gro\u00dfanlagen eingesetzt. Dar\u00fcber hinaus k\u00f6nnen Kugelh\u00e4hne mit Gewinde bei hohen Temperaturen oder extremer K\u00e4lte betrieben werden und werden daher h\u00e4ufig in Industrieanlagen bevorzugt.<\/p>\n<p>Entsprechend den Anschlussdurchmessern; Zum Einsatz kommen Aktuatoren im Kraftbereich von 9 nm bis 400 nm und optionale Hilfselemente Schaltk\u00e4sten und Wegeventile.<\/p>\n<p><strong>Unsere pneumatischen Stellantriebe, Kraftinformationen und Ventilanwendungen gem\u00e4\u00df ihren Codes sind wie folgt:<\/strong><\/p>\n<ul>\n<li><strong>UDA 040 =<\/strong> 9 nm<\/li>\n<li><strong>UDA 052<\/strong> = 25 nm<\/li>\n<li><strong>UDA 063<\/strong> = 50 nm<\/li>\n<li><strong>UDA 083 =<\/strong> 94 nm<\/li>\n<li><strong>UDA 092 =<\/strong> 135 nm<\/li>\n<li><strong>UDA 105 =<\/strong> 270 nm<\/li>\n<li><strong>UDA 125 =<\/strong> 400 nm<\/li>\n<\/ul>\n<p><strong>Die Steuerung des pneumatisch bet\u00e4tigten Kugelhahns aus Edelstahl erfolgt auf zwei Arten:<\/strong><\/p>\n<ol>\n<li>Ein-Aus-Steuerung<\/li>\n<li>Proportionale Steuerung<\/li>\n<\/ol>\n<h3><span class=\"ez-toc-section\" id=\"Konstruktion\"><\/span><span style=\"font-size: 20px;\">Konstruktion<\/span><span class=\"ez-toc-section-end\"><\/span><\/h3>\n<ul>\n<li>Aluminium-Strangpressprofil, innen und au\u00dfen korrosionsbest\u00e4ndig, lange Lebensdauer und mit einer sehr empfindlichen Verfahrenstechnik erzielte Zylinderoberfl\u00e4che f\u00fcr niedrigen Reibungskoeffizienten<\/li>\n<li> Symmetrische und einfache Einbaulage; Kompakte Kolben aus einer speziellen Aluminiumlegierung, die einen schnellen Betrieb erm\u00f6glichen und gleichzeitig durch einfaches Austauschen der Kolben erm\u00f6glichen, in die entgegengesetzte Richtung zu arbeiten.<\/li>\n<li> Ein symmetrisches, korrosionsbest\u00e4ndiges Ritzel aus hochwertigem Stahl, das auf Wunsch eine Montage in 45\u00b0-90\u00b0-Winkeln erm\u00f6glicht und auch in jeder Winkelmontage harmonisch mit dem Kolbenhub arbeitet.<\/li>\n<li>Lagerelemente aus industriellem Hartkunststoff, die das \u00d6ffnen und Schlie\u00dfen in k\u00fcrzester Zeit erm\u00f6glichen, niedriger Reibungskoeffizient, minimiert den Verschlei\u00df der Reibungsfl\u00e4chen.<\/li>\n<li> In Pr\u00e4zisionsmaschinen mit einer speziellen Verfahrenstechnik ge\u00f6ffnete Modulzahnr\u00e4der, die ger\u00e4uschlos, harmonisch und mit maximaler Effizienz auf Kolben und Ritzel wirken.<\/li>\n<li> Langfristig korrosionsbest\u00e4ndige Befestigungselemente aus Edelstahl.<\/li>\n<li>Volle \u00dcbereinstimmung mit den neuesten Spezifikationen. Zur einfachen Montage und Demontage von Elektromagneten, Endschaltern und anderem Zubeh\u00f6r sowie zum Austausch von Produkten untereinander; Es erf\u00fcllt die Standards und Normen ISI 5211, DIN 3337 und VDI\/VDE 3845NAMUR.<\/li>\n<\/ul>\n","protected":false},"excerpt":{"rendered":"<p><a href=\"https:\/\/unox.com.tr\/wp-content\/uploads\/2022\/12\/PNOMATIK-AKTUATORLU-DISLI-KURESEL-VANA.pdf\" target=\"_blank\" rel=\"noopener\"><button style=\"background-color: #11224b; color: #ffffff; padding: 10px 15px; font-family: montserrat; font-weight: bold; font-size: 19px; border-radius: 10px;\"><img decoding=\"async\" style=\"width: 25px; height: 25px;\" src=\"https:\/\/unox.com.tr\/wp-content\/uploads\/2023\/02\/pdf-1.png\">PRODUKTKATALOG<\/button><\/a><\/p>\n<p><button style=\"background-color: #11224b; margin-top: 5px; color: white; padding: 0px 15px; width: 150px; height: 55px; border-radius: 10px; border: none; cursor: pointer;\"><br \/>\n<img decoding=\"async\" style=\"width: 120px; height: 30px;\" src=\"https:\/\/unox.com.tr\/wp-content\/uploads\/2023\/02\/4-1.svg\"><\/button><\/p>\n","protected":false},"featured_media":69987,"comment_status":"closed","ping_status":"closed","template":"","meta":[],"product_brand":[],"product_cat":[1118,1119,1117],"product_tag":[],"class_list":{"0":"post-36344","1":"product","2":"type-product","3":"status-publish","4":"has-post-thumbnail","6":"product_cat-pneumatisch-betatigte-ventile","7":"product_cat-betatigte-ventile","8":"product_cat-pneumatische-ventile","10":"first","11":"instock","12":"shipping-taxable","13":"product-type-simple"},"_links":{"self":[{"href":"https:\/\/unox.com.tr\/de\/wp-json\/wp\/v2\/product\/36344","targetHints":{"allow":["GET"]}}],"collection":[{"href":"https:\/\/unox.com.tr\/de\/wp-json\/wp\/v2\/product"}],"about":[{"href":"https:\/\/unox.com.tr\/de\/wp-json\/wp\/v2\/types\/product"}],"replies":[{"embeddable":true,"href":"https:\/\/unox.com.tr\/de\/wp-json\/wp\/v2\/comments?post=36344"}],"version-history":[{"count":0,"href":"https:\/\/unox.com.tr\/de\/wp-json\/wp\/v2\/product\/36344\/revisions"}],"wp:featuredmedia":[{"embeddable":true,"href":"https:\/\/unox.com.tr\/de\/wp-json\/wp\/v2\/media\/69987"}],"wp:attachment":[{"href":"https:\/\/unox.com.tr\/de\/wp-json\/wp\/v2\/media?parent=36344"}],"wp:term":[{"taxonomy":"product_brand","embeddable":true,"href":"https:\/\/unox.com.tr\/de\/wp-json\/wp\/v2\/product_brand?post=36344"},{"taxonomy":"product_cat","embeddable":true,"href":"https:\/\/unox.com.tr\/de\/wp-json\/wp\/v2\/product_cat?post=36344"},{"taxonomy":"product_tag","embeddable":true,"href":"https:\/\/unox.com.tr\/de\/wp-json\/wp\/v2\/product_tag?post=36344"}],"curies":[{"name":"wp","href":"https:\/\/api.w.org\/{rel}","templated":true}]}}