{"id":36351,"date":"2020-09-17T05:58:22","date_gmt":"2020-09-17T05:58:22","guid":{"rendered":"https:\/\/www.unox.com.tr\/urun\/elektrisch-betaetigter-u-pvc-kugelhahn\/"},"modified":"2023-03-23T10:10:08","modified_gmt":"2023-03-23T07:10:08","slug":"elektrisch-betatigter-upvc-kugelhahn","status":"publish","type":"product","link":"https:\/\/unox.com.tr\/de\/elektrisch-betatigter-upvc-kugelhahn\/","title":{"rendered":"Elektrisch Bet\u00e4tigter U-PVC Kugelhahn"},"content":{"rendered":"<div id=\"ez-toc-container\" class=\"ez-toc-v2_0_82_2 counter-hierarchy ez-toc-counter ez-toc-grey ez-toc-container-direction\">\n<div class=\"ez-toc-title-container\">\n<p class=\"ez-toc-title\" style=\"cursor:inherit\">Sayfa \u0130\u00e7eri\u011fi<\/p>\n<span class=\"ez-toc-title-toggle\"><a href=\"#\" class=\"ez-toc-pull-right ez-toc-btn ez-toc-btn-xs ez-toc-btn-default ez-toc-toggle\" aria-label=\"Toggle Table of Content\"><span class=\"ez-toc-js-icon-con\"><span class=\"\"><span class=\"eztoc-hide\" style=\"display:none;\">Toggle<\/span><span class=\"ez-toc-icon-toggle-span\"><svg style=\"fill: #999;color:#999\" xmlns=\"http:\/\/www.w3.org\/2000\/svg\" class=\"list-377408\" width=\"20px\" height=\"20px\" viewBox=\"0 0 24 24\" fill=\"none\"><path d=\"M6 6H4v2h2V6zm14 0H8v2h12V6zM4 11h2v2H4v-2zm16 0H8v2h12v-2zM4 16h2v2H4v-2zm16 0H8v2h12v-2z\" fill=\"currentColor\"><\/path><\/svg><svg style=\"fill: #999;color:#999\" class=\"arrow-unsorted-368013\" xmlns=\"http:\/\/www.w3.org\/2000\/svg\" width=\"10px\" height=\"10px\" viewBox=\"0 0 24 24\" version=\"1.2\" baseProfile=\"tiny\"><path d=\"M18.2 9.3l-6.2-6.3-6.2 6.3c-.2.2-.3.4-.3.7s.1.5.3.7c.2.2.4.3.7.3h11c.3 0 .5-.1.7-.3.2-.2.3-.5.3-.7s-.1-.5-.3-.7zM5.8 14.7l6.2 6.3 6.2-6.3c.2-.2.3-.5.3-.7s-.1-.5-.3-.7c-.2-.2-.4-.3-.7-.3h-11c-.3 0-.5.1-.7.3-.2.2-.3.5-.3.7s.1.5.3.7z\"\/><\/svg><\/span><\/span><\/span><\/a><\/span><\/div>\n<nav><ul class='ez-toc-list ez-toc-list-level-1 ' ><li class='ez-toc-page-1 ez-toc-heading-level-2'><a class=\"ez-toc-link ez-toc-heading-1\" href=\"https:\/\/unox.com.tr\/de\/elektrisch-betatigter-upvc-kugelhahn\/#Was_ist_ein_elektrisch_betaetigter_U-PVC_Kugelhahn\" >Was ist ein elektrisch bet\u00e4tigter U-PVC Kugelhahn?<\/a><\/li><li class='ez-toc-page-1 ez-toc-heading-level-2'><a class=\"ez-toc-link ez-toc-heading-2\" href=\"https:\/\/unox.com.tr\/de\/elektrisch-betatigter-upvc-kugelhahn\/#Wie_funktioniert_ein_elektrisch_betaetigter_U-PVC_Kugelhahn\" >Wie funktioniert ein elektrisch bet\u00e4tigter U-PVC Kugelhahn?<\/a><\/li><li class='ez-toc-page-1 ez-toc-heading-level-2'><a class=\"ez-toc-link ez-toc-heading-3\" href=\"https:\/\/unox.com.tr\/de\/elektrisch-betatigter-upvc-kugelhahn\/#Wo_wird_ein_elektrisch_betaetigter_U-PVC_Kugelhahn_verwendet\" >Wo wird ein elektrisch bet\u00e4tigter U-PVC Kugelhahn verwendet?<\/a><\/li><\/ul><\/nav><\/div>\n<h2><span class=\"ez-toc-section\" id=\"Was_ist_ein_elektrisch_betaetigter_U-PVC_Kugelhahn\"><\/span><span style=\"font-size: 22px;\">Was ist ein elektrisch bet\u00e4tigter U-PVC Kugelhahn?<\/span><span class=\"ez-toc-section-end\"><\/span><\/h2>\n<p>Der elektrisch bet\u00e4tigte U-PVC Kugelhahn ist eine Art Ventil, das einen Elektromotor verwendet, um eine kugelf\u00f6rmige Kugel in einem Rohr oder Rohrleitungssystem zu \u00f6ffnen und zu schlie\u00dfen. Die Kugel besteht typischerweise aus U-PVC, einem Kunststoffmaterial, das korrosions- und verschlei\u00dffest ist, was es zu einer beliebten Wahl f\u00fcr den Einsatz in Rohrleitungssystemen macht.<\/p>\n<p>Elektrisch bet\u00e4tigte U-PVC Kugelh\u00e4hne werden in einer Vielzahl von Anwendungen eingesetzt, darunter Wasseraufbereitung, chemische Verarbeitung und industrielle Fertigung. Sie werden im Allgemeinen manuellen Ventilen vorgezogen, da sie ferngesteuert und schnell und pr\u00e4zise betrieben werden k\u00f6nnen. Au\u00dferdem sind sie relativ wartungsarm und langlebig.<\/p>\n<h2><span class=\"ez-toc-section\" id=\"Wie_funktioniert_ein_elektrisch_betaetigter_U-PVC_Kugelhahn\"><\/span><span style=\"font-size: 22px;\">Wie funktioniert ein elektrisch bet\u00e4tigter U-PVC Kugelhahn?<\/span><span class=\"ez-toc-section-end\"><\/span><\/h2>\n<p>Bei einem Kugelhahn ist die Kugel im Inneren des Ventilk\u00f6rpers montiert und mit einem Sitz abgedichtet. Wenn das Ventil ge\u00f6ffnet ist, wird die Kugel senkrecht zum Fl\u00fcssigkeitsstrom gedreht, wodurch sie durch das Ventil flie\u00dfen kann. Wenn das Ventil geschlossen ist, dreht sich die Kugel parallel zum Fl\u00fcssigkeitsstrom und blockiert den Durchfluss. Der Elektromotor wird verwendet, um die Kugel zu drehen, um das Ventil nach Bedarf zu \u00f6ffnen oder zu schlie\u00dfen.<\/p>\n<h2><span class=\"ez-toc-section\" id=\"Wo_wird_ein_elektrisch_betaetigter_U-PVC_Kugelhahn_verwendet\"><\/span><span style=\"font-size: 22px;\">Wo wird ein elektrisch bet\u00e4tigter U-PVC Kugelhahn verwendet?<\/span><span class=\"ez-toc-section-end\"><\/span><\/h2>\n<p>Elektrisch bet\u00e4tigte U-PVC Kugelh\u00e4hne k\u00f6nnen in einer Vielzahl von Anwendungen eingesetzt werden, bei denen eine pr\u00e4zise Steuerung des Fl\u00fcssigkeitsflusses erforderlich ist. Einige g\u00e4ngige Beispiele sind:<\/p>\n<ul>\n<li>Es kann in Wasseraufbereitungsanlagen verwendet werden, um den Wasserfluss in verschiedenen Behandlungsstufen zu steuern.<\/li>\n<li>Es kann in chemischen Verarbeitungsanlagen verwendet werden, um den Fluss von Chemikalien durch Rohre und Rohrleitungssysteme zu steuern.<\/li>\n<li>Industrielle Produktion: Es kann in verschiedenen industriellen Produktionsprozessen eingesetzt werden, um den Fluss von Fl\u00fcssigkeiten wie \u00d6l, Gas oder anderen Chemikalien zu steuern.<\/li>\n<li>Landwirtschaftliche Bew\u00e4sserung: Diese Ventile k\u00f6nnen in landwirtschaftlichen Bew\u00e4sserungssystemen verwendet werden, um den Wasserfluss zu den Pflanzen zu steuern.<\/li>\n<li>Es kann verwendet werden, um den Fluss von Luft, Wasser oder anderen Fl\u00fcssigkeiten durch Rohre und Rohrleitungssysteme in HLK-Systemen (Heizungs-, L\u00fcftungs- und Klimaanlagen) zu steuern.<\/li>\n<li>Es kann verwendet werden, um den Durchfluss von Fl\u00fcssigkeiten wie Wasser, Milch oder anderen Lebensmittelprodukten in Lebensmittel- und Getr\u00e4nkeverarbeitungsanlagen zu steuern.<\/li>\n<\/ul>\n<p><strong>Die allgemeinen Eigenschaften von Polyethylen sind wie folgt:<\/strong><\/p>\n<ul>\n<li>Es ist solide<\/li>\n<li>Best\u00e4ndig gegen S\u00e4uren, Basen und L\u00f6sungsmittel<\/li>\n<li>Dielektrische Eigenschaften sind \u00fcberlegen<\/li>\n<li>Es ist best\u00e4ndig gegen Umwelteinfl\u00fcsse.<\/li>\n<\/ul>\n","protected":false},"excerpt":{"rendered":"<p><a href=\"https:\/\/unox.com.tr\/wp-content\/uploads\/2022\/12\/ELEKTRIK-AKTUATORLU-U-PVC-KURESEL-VANA.pdf\" target=\"_blank\" rel=\"noopener\"><button style=\"background-color: #11224b; color: #ffffff; padding: 10px 15px; font-family: montserrat; font-weight: bold; font-size: 19px; border-radius: 10px;\"><img decoding=\"async\" style=\"width: 25px; height: 25px;\" src=\"https:\/\/unox.com.tr\/wp-content\/uploads\/2023\/02\/pdf-1.png\">PRODUKTKATALOG<\/button><\/a><\/p>\n<p><button style=\"background-color: #11224b; margin-top: 5px; color: white; padding: 0px 15px; width: 150px; height: 55px; border-radius: 10px; border: none; cursor: pointer;\"><br \/>\n<img decoding=\"async\" style=\"width: 120px; height: 30px;\" src=\"https:\/\/unox.com.tr\/wp-content\/uploads\/2023\/02\/4-1.svg\"><\/button><\/p>\n","protected":false},"featured_media":70116,"comment_status":"closed","ping_status":"closed","template":"","meta":[],"product_brand":[],"product_cat":[1016,1119,1005],"product_tag":[],"class_list":{"0":"post-36351","1":"product","2":"type-product","3":"status-publish","4":"has-post-thumbnail","6":"product_cat-elektrisch-betatigte-ventile","7":"product_cat-betatigte-ventile","8":"product_cat-elektrische-ventile","10":"first","11":"instock","12":"shipping-taxable","13":"product-type-simple"},"_links":{"self":[{"href":"https:\/\/unox.com.tr\/de\/wp-json\/wp\/v2\/product\/36351","targetHints":{"allow":["GET"]}}],"collection":[{"href":"https:\/\/unox.com.tr\/de\/wp-json\/wp\/v2\/product"}],"about":[{"href":"https:\/\/unox.com.tr\/de\/wp-json\/wp\/v2\/types\/product"}],"replies":[{"embeddable":true,"href":"https:\/\/unox.com.tr\/de\/wp-json\/wp\/v2\/comments?post=36351"}],"version-history":[{"count":0,"href":"https:\/\/unox.com.tr\/de\/wp-json\/wp\/v2\/product\/36351\/revisions"}],"wp:featuredmedia":[{"embeddable":true,"href":"https:\/\/unox.com.tr\/de\/wp-json\/wp\/v2\/media\/70116"}],"wp:attachment":[{"href":"https:\/\/unox.com.tr\/de\/wp-json\/wp\/v2\/media?parent=36351"}],"wp:term":[{"taxonomy":"product_brand","embeddable":true,"href":"https:\/\/unox.com.tr\/de\/wp-json\/wp\/v2\/product_brand?post=36351"},{"taxonomy":"product_cat","embeddable":true,"href":"https:\/\/unox.com.tr\/de\/wp-json\/wp\/v2\/product_cat?post=36351"},{"taxonomy":"product_tag","embeddable":true,"href":"https:\/\/unox.com.tr\/de\/wp-json\/wp\/v2\/product_tag?post=36351"}],"curies":[{"name":"wp","href":"https:\/\/api.w.org\/{rel}","templated":true}]}}