{"id":36363,"date":"2020-09-17T05:43:57","date_gmt":"2020-09-17T05:43:57","guid":{"rendered":"https:\/\/www.unox.com.tr\/urun\/elektrisch-betaetigter-kugelhahn-mit-gewinde\/"},"modified":"2023-03-23T11:22:28","modified_gmt":"2023-03-23T08:22:28","slug":"elektrisch-betatigter-kugelhahn","status":"publish","type":"product","link":"https:\/\/unox.com.tr\/de\/elektrisch-betatigter-kugelhahn\/","title":{"rendered":"Elektrisch Bet\u00e4tigter Kugelhahn mit Gewinde"},"content":{"rendered":"<div id=\"ez-toc-container\" class=\"ez-toc-v2_0_82_2 counter-hierarchy ez-toc-counter ez-toc-grey ez-toc-container-direction\">\n<div class=\"ez-toc-title-container\">\n<p class=\"ez-toc-title\" style=\"cursor:inherit\">Sayfa \u0130\u00e7eri\u011fi<\/p>\n<span class=\"ez-toc-title-toggle\"><a href=\"#\" class=\"ez-toc-pull-right ez-toc-btn ez-toc-btn-xs ez-toc-btn-default ez-toc-toggle\" aria-label=\"Toggle Table of Content\"><span class=\"ez-toc-js-icon-con\"><span class=\"\"><span class=\"eztoc-hide\" style=\"display:none;\">Toggle<\/span><span class=\"ez-toc-icon-toggle-span\"><svg style=\"fill: #999;color:#999\" xmlns=\"http:\/\/www.w3.org\/2000\/svg\" class=\"list-377408\" width=\"20px\" height=\"20px\" viewBox=\"0 0 24 24\" fill=\"none\"><path d=\"M6 6H4v2h2V6zm14 0H8v2h12V6zM4 11h2v2H4v-2zm16 0H8v2h12v-2zM4 16h2v2H4v-2zm16 0H8v2h12v-2z\" fill=\"currentColor\"><\/path><\/svg><svg style=\"fill: #999;color:#999\" class=\"arrow-unsorted-368013\" xmlns=\"http:\/\/www.w3.org\/2000\/svg\" width=\"10px\" height=\"10px\" viewBox=\"0 0 24 24\" version=\"1.2\" baseProfile=\"tiny\"><path d=\"M18.2 9.3l-6.2-6.3-6.2 6.3c-.2.2-.3.4-.3.7s.1.5.3.7c.2.2.4.3.7.3h11c.3 0 .5-.1.7-.3.2-.2.3-.5.3-.7s-.1-.5-.3-.7zM5.8 14.7l6.2 6.3 6.2-6.3c.2-.2.3-.5.3-.7s-.1-.5-.3-.7c-.2-.2-.4-.3-.7-.3h-11c-.3 0-.5.1-.7.3-.2.2-.3.5-.3.7s.1.5.3.7z\"\/><\/svg><\/span><\/span><\/span><\/a><\/span><\/div>\n<nav><ul class='ez-toc-list ez-toc-list-level-1 ' ><li class='ez-toc-page-1 ez-toc-heading-level-2'><a class=\"ez-toc-link ez-toc-heading-1\" href=\"https:\/\/unox.com.tr\/de\/elektrisch-betatigter-kugelhahn\/#Was_ist_ein_elektrisch_betaetigter_Kugelhahn_mit_Gewinde\" >Was ist ein elektrisch bet\u00e4tigter Kugelhahn mit Gewinde?<\/a><\/li><li class='ez-toc-page-1 ez-toc-heading-level-2'><a class=\"ez-toc-link ez-toc-heading-2\" href=\"https:\/\/unox.com.tr\/de\/elektrisch-betatigter-kugelhahn\/#Wo_wird_ein_elektrisch_betaetigter_Kugelhahn_mit_Gewinde_verwendet\" >Wo wird ein elektrisch bet\u00e4tigter Kugelhahn mit Gewinde verwendet?<\/a><\/li><li class='ez-toc-page-1 ez-toc-heading-level-2'><a class=\"ez-toc-link ez-toc-heading-3\" href=\"https:\/\/unox.com.tr\/de\/elektrisch-betatigter-kugelhahn\/#Produkteigenschaften\" >Produkteigenschaften<\/a><\/li><\/ul><\/nav><\/div>\n<h2 class=\"serp-title\" data-format=\"%title% %sep% %sitename%\" data-empty-title=\"\u00d6zel ba\u015fl\u0131k girmek i\u00e7in t\u0131klay\u0131n\"><span class=\"ez-toc-section\" id=\"Was_ist_ein_elektrisch_betaetigter_Kugelhahn_mit_Gewinde\"><\/span><span style=\"font-size: 22px;\">Was ist ein elektrisch bet\u00e4tigter Kugelhahn mit Gewinde?<\/span><span class=\"ez-toc-section-end\"><\/span><\/h2>\n<p>Ein elektrisch bet\u00e4tigter Kugelhahn mit Gewinde ist eine Art Ventil, das von einem Elektromotor gesteuert wird und zur Regulierung des Fl\u00fcssigkeitsflusses durch ein Rohrleitungssystem verwendet wird. Es besteht aus einer Kugel mit einem Loch in der Mitte, die im Ventilk\u00f6rper positioniert ist. Fluid kann durch das Ventil flie\u00dfen, wenn die Kugel so gedreht wird, dass die Bohrung mit den Einlass- und Auslass\u00f6ffnungen ausgerichtet ist. Wenn die Kugel so gedreht wird, dass das Loch senkrecht zu den Einlass- und Auslass\u00f6ffnungen steht, wird der Fl\u00fcssigkeitsfluss blockiert.<\/p>\n<p>Der Kugelhahn wird von einem Elektromotor angetrieben bzw. gesteuert. Der Motor ist mit einem Getriebesystem verbunden, das die Kugel in die gew\u00fcnschte Position dreht. Das Ventil kann durch Senden eines elektrischen Signals an den Motor ge\u00f6ffnet oder geschlossen werden, wobei der Motor dann die Kugel in die entsprechende Position zur\u00fcckf\u00fchrt.<\/p>\n<h2 class=\"serp-title\" data-format=\"%title% %sep% %sitename%\" data-empty-title=\"\u00d6zel ba\u015fl\u0131k girmek i\u00e7in t\u0131klay\u0131n\"><span class=\"ez-toc-section\" id=\"Wo_wird_ein_elektrisch_betaetigter_Kugelhahn_mit_Gewinde_verwendet\"><\/span><span style=\"font-size: 22px;\">Wo wird ein elektrisch bet\u00e4tigter Kugelhahn mit Gewinde verwendet?<\/span><span class=\"ez-toc-section-end\"><\/span><\/h2>\n<p>Elektrisch bet\u00e4tigte Gewindekugelh\u00e4hne werden in einer Vielzahl von industriellen und kommerziellen Anwendungen eingesetzt, bei denen eine pr\u00e4zise Steuerung des Fl\u00fcssigkeitsflusses erforderlich ist. Einige Branchen- und Systembeispiele, in denen sie verwendet werden k\u00f6nnen, sind:<\/p>\n<ul>\n<li>Es wird h\u00e4ufig in der \u00d6l- und Gasindustrie verwendet, um den Fluss von Fl\u00fcssigkeiten durch Pipelines zu steuern. Sie eignen sich besonders f\u00fcr Anwendungen mit hohen Druck- und Temperaturschwankungen.<\/li>\n<li>Wasseraufbereitungsanlagen: Diese Ventile werden verwendet, um den Wasserfluss in Kl\u00e4ranlagen zu steuern, einschlie\u00dflich der Regulierung des Wasserflusses in und aus Tanks und Reservoirs.<\/li>\n<li>Es wird in chemischen Verarbeitungsanlagen verwendet, um den Fluss von Chemikalien und anderen Fl\u00fcssigkeiten durch Rohrleitungen zu steuern. Sie k\u00f6nnen eine Vielzahl von Fl\u00fcssigkeiten verarbeiten, darunter S\u00e4uren, Basen und korrosive Materialien.<\/li>\n<li>Es wird in Kraftwerken verwendet, um den Fluss von Dampf und anderen Fl\u00fcssigkeiten durch Rohre und Ventile zu steuern.<\/li>\n<li>Es wird in der Lebensmittel- und Getr\u00e4nkeindustrie verwendet, um den Durchfluss von Fl\u00fcssigkeiten wie Wasser, Milch und anderen Getr\u00e4nken zu steuern. Sie werden in Anwendungen eingesetzt, in denen Sauberkeit und Hygiene wichtig sind, wie z. B. Abf\u00fcll- und Konservenprozesse.<\/li>\n<\/ul>\n<p>Im Allgemeinen werden elektrisch bet\u00e4tigte Kugelh\u00e4hne mit Gewinde in einer Vielzahl von Branchen und Anwendungen eingesetzt, in denen eine pr\u00e4zise Steuerung des Fl\u00fcssigkeitsflusses erforderlich ist. Sie sind langlebig, zuverl\u00e4ssig und wartungsfreundlich, was sie zu einer beliebten Wahl f\u00fcr viele industrielle und kommerzielle Systeme macht. Sie bieten eine Reihe von Vorteilen, darunter geringer Druckabfall, einfache Wartung und die F\u00e4higkeit, eine Vielzahl von Fl\u00fcssigkeiten zu handhaben.<\/p>\n<h2><span class=\"ez-toc-section\" id=\"Produkteigenschaften\"><\/span><span style=\"font-size: 22px;\">Produkteigenschaften<\/span><span class=\"ez-toc-section-end\"><\/span><\/h2>\n<ul>\n<li><strong>Geh\u00e4use:<\/strong> Edelstahl AISI 304<\/li>\n<li><strong>Schutzklasse:<\/strong> IP 68<\/li>\n<li><strong>Bewegungszeit:<\/strong> 8\/10 Sek.<\/li>\n<li><strong>Umgebungstemperatur:<\/strong> -10 +80 \u00b0C<\/li>\n<li><strong>Elektrischer Anschluss:<\/strong> 1\/2&#8243; wasserdicht<\/li>\n<li><strong>Anschluss:<\/strong> ISO 5211<\/li>\n<\/ul>\n","protected":false},"excerpt":{"rendered":"<p><a href=\"https:\/\/unox.com.tr\/wp-content\/uploads\/2022\/12\/ELEKTRIK-AKTUATORLU-DISLI-KURESEL-VANA.pdf\" target=\"_blank\" rel=\"noopener\"><button style=\"background-color: #11224b; color: #ffffff; padding: 10px 15px; font-family: montserrat; font-weight: bold; font-size: 19px; border-radius: 10px;\"><img decoding=\"async\" style=\"width: 25px; height: 25px;\" src=\"https:\/\/unox.com.tr\/wp-content\/uploads\/2023\/02\/pdf-1.png\">PRODUKTKATALOG<\/button><\/a><\/p>\n<p><button style=\"background-color: #11224b; margin-top: 5px; color: white; padding: 0px 15px; width: 150px; height: 55px; border-radius: 10px; border: none; cursor: pointer;\"><br \/>\n<img decoding=\"async\" style=\"width: 120px; height: 30px;\" src=\"https:\/\/unox.com.tr\/wp-content\/uploads\/2023\/02\/4-1.svg\"><\/button><\/p>\n","protected":false},"featured_media":69130,"comment_status":"closed","ping_status":"closed","template":"","meta":{"_joinchat":[]},"product_brand":[],"product_cat":[1016,1119,1005],"product_tag":[],"class_list":{"0":"post-36363","1":"product","2":"type-product","3":"status-publish","4":"has-post-thumbnail","6":"product_cat-elektrisch-betatigte-ventile","7":"product_cat-betatigte-ventile","8":"product_cat-elektrische-ventile","10":"first","11":"instock","12":"shipping-taxable","13":"product-type-simple"},"_links":{"self":[{"href":"https:\/\/unox.com.tr\/de\/wp-json\/wp\/v2\/product\/36363","targetHints":{"allow":["GET"]}}],"collection":[{"href":"https:\/\/unox.com.tr\/de\/wp-json\/wp\/v2\/product"}],"about":[{"href":"https:\/\/unox.com.tr\/de\/wp-json\/wp\/v2\/types\/product"}],"replies":[{"embeddable":true,"href":"https:\/\/unox.com.tr\/de\/wp-json\/wp\/v2\/comments?post=36363"}],"version-history":[{"count":0,"href":"https:\/\/unox.com.tr\/de\/wp-json\/wp\/v2\/product\/36363\/revisions"}],"wp:featuredmedia":[{"embeddable":true,"href":"https:\/\/unox.com.tr\/de\/wp-json\/wp\/v2\/media\/69130"}],"wp:attachment":[{"href":"https:\/\/unox.com.tr\/de\/wp-json\/wp\/v2\/media?parent=36363"}],"wp:term":[{"taxonomy":"product_brand","embeddable":true,"href":"https:\/\/unox.com.tr\/de\/wp-json\/wp\/v2\/product_brand?post=36363"},{"taxonomy":"product_cat","embeddable":true,"href":"https:\/\/unox.com.tr\/de\/wp-json\/wp\/v2\/product_cat?post=36363"},{"taxonomy":"product_tag","embeddable":true,"href":"https:\/\/unox.com.tr\/de\/wp-json\/wp\/v2\/product_tag?post=36363"}],"curies":[{"name":"wp","href":"https:\/\/api.w.org\/{rel}","templated":true}]}}