{"id":36450,"date":"2022-11-25T06:27:41","date_gmt":"2022-11-25T03:27:41","guid":{"rendered":"https:\/\/www.unox.com.tr\/urun\/elektrisch-betaetigtes-absperrventil-aus-u-pvc-set\/"},"modified":"2023-03-14T10:19:24","modified_gmt":"2023-03-14T07:19:24","slug":"elektrisch-betatigtes-u-pvc-kit-drosselklappe","status":"publish","type":"product","link":"https:\/\/unox.com.tr\/de\/elektrisch-betatigtes-u-pvc-kit-drosselklappe\/","title":{"rendered":"Elektrisch Bet\u00e4tigtes Absperrventil aus U-PVC-Set"},"content":{"rendered":"<div id=\"ez-toc-container\" class=\"ez-toc-v2_0_82_2 counter-hierarchy ez-toc-counter ez-toc-grey ez-toc-container-direction\">\n<div class=\"ez-toc-title-container\">\n<p class=\"ez-toc-title\" style=\"cursor:inherit\">Sayfa \u0130\u00e7eri\u011fi<\/p>\n<span class=\"ez-toc-title-toggle\"><a href=\"#\" class=\"ez-toc-pull-right ez-toc-btn ez-toc-btn-xs ez-toc-btn-default ez-toc-toggle\" aria-label=\"Toggle Table of Content\"><span class=\"ez-toc-js-icon-con\"><span class=\"\"><span class=\"eztoc-hide\" style=\"display:none;\">Toggle<\/span><span class=\"ez-toc-icon-toggle-span\"><svg style=\"fill: #999;color:#999\" xmlns=\"http:\/\/www.w3.org\/2000\/svg\" class=\"list-377408\" width=\"20px\" height=\"20px\" viewBox=\"0 0 24 24\" fill=\"none\"><path d=\"M6 6H4v2h2V6zm14 0H8v2h12V6zM4 11h2v2H4v-2zm16 0H8v2h12v-2zM4 16h2v2H4v-2zm16 0H8v2h12v-2z\" fill=\"currentColor\"><\/path><\/svg><svg style=\"fill: #999;color:#999\" class=\"arrow-unsorted-368013\" xmlns=\"http:\/\/www.w3.org\/2000\/svg\" width=\"10px\" height=\"10px\" viewBox=\"0 0 24 24\" version=\"1.2\" baseProfile=\"tiny\"><path d=\"M18.2 9.3l-6.2-6.3-6.2 6.3c-.2.2-.3.4-.3.7s.1.5.3.7c.2.2.4.3.7.3h11c.3 0 .5-.1.7-.3.2-.2.3-.5.3-.7s-.1-.5-.3-.7zM5.8 14.7l6.2 6.3 6.2-6.3c.2-.2.3-.5.3-.7s-.1-.5-.3-.7c-.2-.2-.4-.3-.7-.3h-11c-.3 0-.5.1-.7.3-.2.2-.3.5-.3.7s.1.5.3.7z\"\/><\/svg><\/span><\/span><\/span><\/a><\/span><\/div>\n<nav><ul class='ez-toc-list ez-toc-list-level-1 ' ><li class='ez-toc-page-1 ez-toc-heading-level-2'><a class=\"ez-toc-link ez-toc-heading-1\" href=\"https:\/\/unox.com.tr\/de\/elektrisch-betatigtes-u-pvc-kit-drosselklappe\/#Was_ist_eine_elektrisch_betaetigte_Absperrklappe_aus_U-PVC-Set\" >Was ist eine elektrisch bet\u00e4tigte Absperrklappe aus U-PVC-Set?<\/a><\/li><li class='ez-toc-page-1 ez-toc-heading-level-2'><a class=\"ez-toc-link ez-toc-heading-2\" href=\"https:\/\/unox.com.tr\/de\/elektrisch-betatigtes-u-pvc-kit-drosselklappe\/#Wo_wird_das_U-PVC-Set_Absperrklappe_mit_elektrischem_Antrieb_verwendet\" >Wo wird das U-PVC-Set Absperrklappe mit elektrischem Antrieb verwendet?<\/a><\/li><\/ul><\/nav><\/div>\n<h2><span class=\"ez-toc-section\" id=\"Was_ist_eine_elektrisch_betaetigte_Absperrklappe_aus_U-PVC-Set\"><\/span><span style=\"font-size: 22px;\">Was ist eine elektrisch bet\u00e4tigte Absperrklappe aus U-PVC-Set?<\/span><span class=\"ez-toc-section-end\"><\/span><\/h2>\n<p>Die elektrisch bet\u00e4tigte Absperrklappe aus U-PVC-Set ist eine Art Regelventil, das zur Regulierung des Durchflusses von Fl\u00fcssigkeiten wie Gasen, Fl\u00fcssigkeiten und Schl\u00e4mmen in einem Rohrleitungssystem verwendet wird. Es besteht aus einem kreisf\u00f6rmigen, scheibenf\u00f6rmigen Element, bekannt als Schmetterling, das auf einer Spindel montiert ist und innerhalb des Rohrleitungssystems gedreht wird, um den Fl\u00fcssigkeitsstrom zu \u00f6ffnen und zu schlie\u00dfen. Das Ventil wird von einem Elektromotor bet\u00e4tigt oder gesteuert, der den Schaft und die Drosselklappe in die gew\u00fcnschte Position dreht.<\/p>\n<p>U-PVC-Material ist eine Kunststoffart, die aufgrund ihrer Korrosionsbest\u00e4ndigkeit, Haltbarkeit und geringen Kosten in Rohr- und Ventilanwendungen weit verbreitet ist. Die Absperrklappe ist mit einer U-f\u00f6rmigen Scheibe ausgestattet, die es erm\u00f6glicht, mit minimalem Druck und Drehmoment zu \u00f6ffnen und zu schlie\u00dfen, wodurch sie f\u00fcr den Einsatz in Systemen mit niedrigen Dr\u00fccken und Durchflussraten geeignet ist.<\/p>\n<h2><span class=\"ez-toc-section\" id=\"Wo_wird_das_U-PVC-Set_Absperrklappe_mit_elektrischem_Antrieb_verwendet\"><\/span><span style=\"font-size: 22px;\">Wo wird das U-PVC-Set Absperrklappe mit elektrischem Antrieb verwendet?<\/span><span class=\"ez-toc-section-end\"><\/span><\/h2>\n<p>Elektrisch bet\u00e4tigte U-PVC-Team-Absperrklappen werden in einer Vielzahl von industriellen und kommerziellen Anwendungen eingesetzt, darunter Wasseraufbereitung, chemische Verarbeitung, \u00d6l- und Gasf\u00f6rderung, Bergbauindustrie, Schiffbau und Bohranlagen, Lebensmittel- und Chemieunternehmen, Feuerl\u00f6schsysteme und Energie Generation verwendet als. Sie werden auch in HLK-Systemen (Heizungs-, L\u00fcftungs- und Klimaanlagen) und anderen Rohrleitungssystemen verwendet, in denen eine Durchflussregelung erforderlich ist.<\/p>\n<p><strong>Die allgemeinen Eigenschaften von Polyethylen sind wie folgt:<\/strong><\/p>\n<ul>\n<li>Es ist solide<\/li>\n<li>Best\u00e4ndig gegen S\u00e4uren, Basen und L\u00f6sungsmittel<\/li>\n<li>Dielektrische Eigenschaften sind \u00fcberlegen<\/li>\n<li>Es ist best\u00e4ndig gegen Umwelteinfl\u00fcsse.<\/li>\n<\/ul>\n","protected":false},"excerpt":{"rendered":"<p><a href=\"https:\/\/unox.com.tr\/wp-content\/uploads\/2022\/12\/ELEKTRIK-AKTUATORLU-U-PVC-TAKIM-KELEBEK-VANA-.pdf\" target=\"_blank\" rel=\"noopener\"><button style=\"background-color: #11224b; color: #ffffff; padding: 10px 15px; font-family: montserrat; font-weight: bold; font-size: 19px; border-radius: 10px;\"><img decoding=\"async\" style=\"width: 25px; height: 25px;\" src=\"https:\/\/unox.com.tr\/wp-content\/uploads\/2023\/02\/pdf-1.png\">PRODUKTKATALOG<\/button><\/a><\/p>\n<p><button style=\"background-color: #11224b; margin-top: 5px; color: white; padding: 0px 15px; width: 150px; height: 55px; border-radius: 10px; border: none; cursor: pointer;\"><br \/>\n<img decoding=\"async\" style=\"width: 120px; height: 30px;\" src=\"https:\/\/unox.com.tr\/wp-content\/uploads\/2023\/02\/4-1.svg\"><\/button><\/p>\n","protected":false},"featured_media":36441,"comment_status":"open","ping_status":"closed","template":"","meta":[],"product_brand":[],"product_cat":[1119,1016,1005],"product_tag":[],"class_list":{"0":"post-36450","1":"product","2":"type-product","3":"status-publish","4":"has-post-thumbnail","6":"product_cat-betatigte-ventile","7":"product_cat-elektrisch-betatigte-ventile","8":"product_cat-elektrische-ventile","10":"first","11":"instock","12":"shipping-taxable","13":"product-type-simple"},"_links":{"self":[{"href":"https:\/\/unox.com.tr\/de\/wp-json\/wp\/v2\/product\/36450","targetHints":{"allow":["GET"]}}],"collection":[{"href":"https:\/\/unox.com.tr\/de\/wp-json\/wp\/v2\/product"}],"about":[{"href":"https:\/\/unox.com.tr\/de\/wp-json\/wp\/v2\/types\/product"}],"replies":[{"embeddable":true,"href":"https:\/\/unox.com.tr\/de\/wp-json\/wp\/v2\/comments?post=36450"}],"version-history":[{"count":0,"href":"https:\/\/unox.com.tr\/de\/wp-json\/wp\/v2\/product\/36450\/revisions"}],"wp:featuredmedia":[{"embeddable":true,"href":"https:\/\/unox.com.tr\/de\/wp-json\/wp\/v2\/media\/36441"}],"wp:attachment":[{"href":"https:\/\/unox.com.tr\/de\/wp-json\/wp\/v2\/media?parent=36450"}],"wp:term":[{"taxonomy":"product_brand","embeddable":true,"href":"https:\/\/unox.com.tr\/de\/wp-json\/wp\/v2\/product_brand?post=36450"},{"taxonomy":"product_cat","embeddable":true,"href":"https:\/\/unox.com.tr\/de\/wp-json\/wp\/v2\/product_cat?post=36450"},{"taxonomy":"product_tag","embeddable":true,"href":"https:\/\/unox.com.tr\/de\/wp-json\/wp\/v2\/product_tag?post=36450"}],"curies":[{"name":"wp","href":"https:\/\/api.w.org\/{rel}","templated":true}]}}