{"id":36453,"date":"2021-03-10T06:08:36","date_gmt":"2021-03-10T03:08:36","guid":{"rendered":"https:\/\/www.unox.com.tr\/urun\/proportionale-elektrische-multiturn-stellantriebe\/"},"modified":"2023-03-15T11:21:17","modified_gmt":"2023-03-15T08:21:17","slug":"multiturn-proportional-elektro-stellantriebe","status":"publish","type":"product","link":"https:\/\/unox.com.tr\/de\/multiturn-proportional-elektro-stellantriebe\/","title":{"rendered":"Proportionale Elektrische Multiturn Stellantriebe"},"content":{"rendered":"<div id=\"ez-toc-container\" class=\"ez-toc-v2_0_82_2 counter-hierarchy ez-toc-counter ez-toc-grey ez-toc-container-direction\">\n<div class=\"ez-toc-title-container\">\n<p class=\"ez-toc-title\" style=\"cursor:inherit\">Sayfa \u0130\u00e7eri\u011fi<\/p>\n<span class=\"ez-toc-title-toggle\"><a href=\"#\" class=\"ez-toc-pull-right ez-toc-btn ez-toc-btn-xs ez-toc-btn-default ez-toc-toggle\" aria-label=\"Toggle Table of Content\"><span class=\"ez-toc-js-icon-con\"><span class=\"\"><span class=\"eztoc-hide\" style=\"display:none;\">Toggle<\/span><span class=\"ez-toc-icon-toggle-span\"><svg style=\"fill: #999;color:#999\" xmlns=\"http:\/\/www.w3.org\/2000\/svg\" class=\"list-377408\" width=\"20px\" height=\"20px\" viewBox=\"0 0 24 24\" fill=\"none\"><path d=\"M6 6H4v2h2V6zm14 0H8v2h12V6zM4 11h2v2H4v-2zm16 0H8v2h12v-2zM4 16h2v2H4v-2zm16 0H8v2h12v-2z\" fill=\"currentColor\"><\/path><\/svg><svg style=\"fill: #999;color:#999\" class=\"arrow-unsorted-368013\" xmlns=\"http:\/\/www.w3.org\/2000\/svg\" width=\"10px\" height=\"10px\" viewBox=\"0 0 24 24\" version=\"1.2\" baseProfile=\"tiny\"><path d=\"M18.2 9.3l-6.2-6.3-6.2 6.3c-.2.2-.3.4-.3.7s.1.5.3.7c.2.2.4.3.7.3h11c.3 0 .5-.1.7-.3.2-.2.3-.5.3-.7s-.1-.5-.3-.7zM5.8 14.7l6.2 6.3 6.2-6.3c.2-.2.3-.5.3-.7s-.1-.5-.3-.7c-.2-.2-.4-.3-.7-.3h-11c-.3 0-.5.1-.7.3-.2.2-.3.5-.3.7s.1.5.3.7z\"\/><\/svg><\/span><\/span><\/span><\/a><\/span><\/div>\n<nav><ul class='ez-toc-list ez-toc-list-level-1 ' ><li class='ez-toc-page-1 ez-toc-heading-level-2'><a class=\"ez-toc-link ez-toc-heading-1\" href=\"https:\/\/unox.com.tr\/de\/multiturn-proportional-elektro-stellantriebe\/#Was_sind_Proportionale_Elektrische_Multiturn_Stellantriebe\" >Was sind Proportionale Elektrische Multiturn Stellantriebe?<\/a><\/li><li class='ez-toc-page-1 ez-toc-heading-level-2'><a class=\"ez-toc-link ez-toc-heading-2\" href=\"https:\/\/unox.com.tr\/de\/multiturn-proportional-elektro-stellantriebe\/#Wo_werden_elektrische_Proportionalantriebe_mit_mehreren_Umdrehungen_verwendet\" >Wo werden elektrische Proportionalantriebe mit mehreren Umdrehungen verwendet?<\/a><\/li><li class='ez-toc-page-1 ez-toc-heading-level-2'><a class=\"ez-toc-link ez-toc-heading-3\" href=\"https:\/\/unox.com.tr\/de\/multiturn-proportional-elektro-stellantriebe\/#Allgemeine_Struktur\" >Allgemeine Struktur<\/a><\/li><li class='ez-toc-page-1 ez-toc-heading-level-2'><a class=\"ez-toc-link ez-toc-heading-4\" href=\"https:\/\/unox.com.tr\/de\/multiturn-proportional-elektro-stellantriebe\/#Drehmomenteinstellung\" >Drehmomenteinstellung<\/a><\/li><li class='ez-toc-page-1 ez-toc-heading-level-2'><a class=\"ez-toc-link ez-toc-heading-5\" href=\"https:\/\/unox.com.tr\/de\/multiturn-proportional-elektro-stellantriebe\/#Produkteigenschaften\" >Produkteigenschaften<\/a><\/li><\/ul><\/nav><\/div>\n<h2><span class=\"ez-toc-section\" id=\"Was_sind_Proportionale_Elektrische_Multiturn_Stellantriebe\"><\/span><span style=\"font-size: 22px;\">Was sind Proportionale Elektrische Multiturn Stellantriebe?<\/span><span class=\"ez-toc-section-end\"><\/span><\/h2>\n<p>Proportionale elektrische Multiturn-Aktuatoren sind eine Art elektrischer Aktuatoren, die sich \u00fcber einen Bereich von Winkeln drehen k\u00f6nnen, typischerweise um mehr als 360 Grad. Diese Aktuatoren werden h\u00e4ufig in Anwendungen eingesetzt, in denen eine pr\u00e4zise Drehwinkelsteuerung erforderlich ist, wie z. B. Ventilsteuerungssysteme oder Robotik. Sie bestehen typischerweise aus einer Art R\u00fcckkopplungsmechanismus wie einem Motor, einem Getriebezug und einem Encoder, um die Position der Ausgangswelle genau zu steuern. Der Begriff &#8222;proportional&#8220; bezieht sich auf die F\u00e4higkeit des Aktuators, die Position der Ausgangswelle proportional zu einem Eingangssignal wie Spannung oder Strom zu steuern. Dies erm\u00f6glicht eine pr\u00e4zise Steuerung der Position des Aktuators und kann in Anwendungen n\u00fctzlich sein, in denen eine sanfte und pr\u00e4zise Bewegung erforderlich ist.<\/p>\n<h2><span class=\"ez-toc-section\" id=\"Wo_werden_elektrische_Proportionalantriebe_mit_mehreren_Umdrehungen_verwendet\"><\/span><span style=\"font-size: 22px;\">Wo werden elektrische Proportionalantriebe mit mehreren Umdrehungen verwendet?<\/span><span class=\"ez-toc-section-end\"><\/span><\/h2>\n<p>Stellantriebe werden in der Energieerzeugungsindustrie, der Metallurgie, der Erd\u00f6l-, Chemie-, Papier-, Produktions- und Raffinerieindustrie h\u00e4ufig eingesetzt, da sie im Vergleich zu manuellen Handr\u00e4dern kleiner, leichter und wartungsfreundlicher sind.<\/p>\n<h2><span class=\"ez-toc-section\" id=\"Allgemeine_Struktur\"><\/span><span style=\"font-size: 22px;\">Allgemeine Struktur<\/span><span class=\"ez-toc-section-end\"><\/span><\/h2>\n<p>Elektrische Aktuatoren; Es besteht aus einem 3-Phasen-Motor, einem Drehzahlregler, einer Drehmomentsteuerung, einer Hubsteuerungs-\u00d6ffnungsanzeige, manuellen elektrischen Schaltern, einem manuellen Getriebe und elektrischen Teilen.<\/p>\n<h2><span class=\"ez-toc-section\" id=\"Drehmomenteinstellung\"><\/span><span style=\"font-size: 22px;\">Drehmomenteinstellung<\/span><span class=\"ez-toc-section-end\"><\/span><\/h2>\n<p>Der Stellantrieb enth\u00e4lt einen mechanisch einstellbaren Drehmomentmechanismus. Die erforderlichen Drehmomentregelungseinstellungen sind werkseitig vorgenommen worden. Falls dennoch eine Einstellung erforderlich ist, kann dies mechanisch erfolgen.<\/p>\n<h2><span class=\"ez-toc-section\" id=\"Produkteigenschaften\"><\/span><span style=\"font-size: 22px;\">Produkteigenschaften<\/span><span class=\"ez-toc-section-end\"><\/span><\/h2>\n<ul>\n<li><strong>Stromversorgung:<\/strong> Motor 3-Phasen-Wechselstrom, 380 VAC\/50 Hz.<\/li>\n<li><strong>Umgebungstemperatur\/Luftfeuchtigkeit:<\/strong> -20 \u00b0C bis 60 \u00b0C\/90 %<\/li>\n<li><strong>Elektrischer Schutz:<\/strong> IP67<\/li>\n<li><strong>IEC34\/5: IP67, EC34-1:<\/strong> Isolationsklasse: B, IEC34-1 Einschaltdauer: S2\/15 min<\/li>\n<li><strong>IEC 34-6:<\/strong> IC 5 \/ NEMA: IC40<\/li>\n<\/ul>\n","protected":false},"excerpt":{"rendered":"<p><a href=\"https:\/\/unox.com.tr\/wp-content\/uploads\/2022\/12\/COK-TURLU-ORANSAL-ELEKTRIKLI-AKTUATOR-1.pdf\" target=\"_blank\" rel=\"noopener\"><button style=\"background-color: #11224b; color: #ffffff; padding: 10px 15px; font-family: montserrat; font-weight: bold; font-size: 19px; border-radius: 10px;\"><img decoding=\"async\" style=\"width: 25px; height: 25px;\" src=\"https:\/\/unox.com.tr\/wp-content\/uploads\/2023\/02\/pdf-1.png\">PRODUKTKATALOG<\/button><\/a><\/p>\n<p><button style=\"background-color: #11224b; margin-top: 5px; color: white; padding: 0px 15px; width: 150px; height: 55px; border-radius: 10px; border: none; cursor: pointer;\"><br \/>\n<img decoding=\"async\" style=\"width: 120px; height: 30px;\" src=\"https:\/\/unox.com.tr\/wp-content\/uploads\/2023\/02\/4-1.svg\"><\/button><\/p>\n","protected":false},"featured_media":40936,"comment_status":"open","ping_status":"closed","template":"","meta":{"_joinchat":[]},"product_brand":[],"product_cat":[1011,1560],"product_tag":[],"class_list":{"0":"post-36453","1":"product","2":"type-product","3":"status-publish","4":"has-post-thumbnail","6":"product_cat-elektrische-stellantriebe","7":"product_cat-stellantriebe","9":"first","10":"instock","11":"shipping-taxable","12":"product-type-simple"},"_links":{"self":[{"href":"https:\/\/unox.com.tr\/de\/wp-json\/wp\/v2\/product\/36453","targetHints":{"allow":["GET"]}}],"collection":[{"href":"https:\/\/unox.com.tr\/de\/wp-json\/wp\/v2\/product"}],"about":[{"href":"https:\/\/unox.com.tr\/de\/wp-json\/wp\/v2\/types\/product"}],"replies":[{"embeddable":true,"href":"https:\/\/unox.com.tr\/de\/wp-json\/wp\/v2\/comments?post=36453"}],"version-history":[{"count":0,"href":"https:\/\/unox.com.tr\/de\/wp-json\/wp\/v2\/product\/36453\/revisions"}],"wp:featuredmedia":[{"embeddable":true,"href":"https:\/\/unox.com.tr\/de\/wp-json\/wp\/v2\/media\/40936"}],"wp:attachment":[{"href":"https:\/\/unox.com.tr\/de\/wp-json\/wp\/v2\/media?parent=36453"}],"wp:term":[{"taxonomy":"product_brand","embeddable":true,"href":"https:\/\/unox.com.tr\/de\/wp-json\/wp\/v2\/product_brand?post=36453"},{"taxonomy":"product_cat","embeddable":true,"href":"https:\/\/unox.com.tr\/de\/wp-json\/wp\/v2\/product_cat?post=36453"},{"taxonomy":"product_tag","embeddable":true,"href":"https:\/\/unox.com.tr\/de\/wp-json\/wp\/v2\/product_tag?post=36453"}],"curies":[{"name":"wp","href":"https:\/\/api.w.org\/{rel}","templated":true}]}}