{"id":36460,"date":"2020-12-03T13:28:09","date_gmt":"2020-12-03T10:28:09","guid":{"rendered":"https:\/\/www.unox.com.tr\/urun\/proportionaler-elektrischer-4-20-ma-stellantrieb\/"},"modified":"2023-03-15T13:07:59","modified_gmt":"2023-03-15T10:07:59","slug":"4-20ma-proportional-elektro-stellantrieb","status":"publish","type":"product","link":"https:\/\/unox.com.tr\/de\/4-20ma-proportional-elektro-stellantrieb\/","title":{"rendered":"4-20-mA Proportionaler Elektrischer Stellantrieb"},"content":{"rendered":"<div id=\"ez-toc-container\" class=\"ez-toc-v2_0_82_2 counter-hierarchy ez-toc-counter ez-toc-grey ez-toc-container-direction\">\n<div class=\"ez-toc-title-container\">\n<p class=\"ez-toc-title\" style=\"cursor:inherit\">Sayfa \u0130\u00e7eri\u011fi<\/p>\n<span class=\"ez-toc-title-toggle\"><a href=\"#\" class=\"ez-toc-pull-right ez-toc-btn ez-toc-btn-xs ez-toc-btn-default ez-toc-toggle\" aria-label=\"Toggle Table of Content\"><span class=\"ez-toc-js-icon-con\"><span class=\"\"><span class=\"eztoc-hide\" style=\"display:none;\">Toggle<\/span><span class=\"ez-toc-icon-toggle-span\"><svg style=\"fill: #999;color:#999\" xmlns=\"http:\/\/www.w3.org\/2000\/svg\" class=\"list-377408\" width=\"20px\" height=\"20px\" viewBox=\"0 0 24 24\" fill=\"none\"><path d=\"M6 6H4v2h2V6zm14 0H8v2h12V6zM4 11h2v2H4v-2zm16 0H8v2h12v-2zM4 16h2v2H4v-2zm16 0H8v2h12v-2z\" fill=\"currentColor\"><\/path><\/svg><svg style=\"fill: #999;color:#999\" class=\"arrow-unsorted-368013\" xmlns=\"http:\/\/www.w3.org\/2000\/svg\" width=\"10px\" height=\"10px\" viewBox=\"0 0 24 24\" version=\"1.2\" baseProfile=\"tiny\"><path d=\"M18.2 9.3l-6.2-6.3-6.2 6.3c-.2.2-.3.4-.3.7s.1.5.3.7c.2.2.4.3.7.3h11c.3 0 .5-.1.7-.3.2-.2.3-.5.3-.7s-.1-.5-.3-.7zM5.8 14.7l6.2 6.3 6.2-6.3c.2-.2.3-.5.3-.7s-.1-.5-.3-.7c-.2-.2-.4-.3-.7-.3h-11c-.3 0-.5.1-.7.3-.2.2-.3.5-.3.7s.1.5.3.7z\"\/><\/svg><\/span><\/span><\/span><\/a><\/span><\/div>\n<nav><ul class='ez-toc-list ez-toc-list-level-1 ' ><li class='ez-toc-page-1 ez-toc-heading-level-2'><a class=\"ez-toc-link ez-toc-heading-1\" href=\"https:\/\/unox.com.tr\/de\/4-20ma-proportional-elektro-stellantrieb\/#Was_ist_ein_Proportionaler_Elektrischer_Stellantrieb\" >Was ist ein Proportionaler Elektrischer Stellantrieb?<\/a><\/li><li class='ez-toc-page-1 ez-toc-heading-level-2'><a class=\"ez-toc-link ez-toc-heading-2\" href=\"https:\/\/unox.com.tr\/de\/4-20ma-proportional-elektro-stellantrieb\/#Allgemeine_Struktur\" >Allgemeine Struktur<\/a><\/li><li class='ez-toc-page-1 ez-toc-heading-level-2'><a class=\"ez-toc-link ez-toc-heading-3\" href=\"https:\/\/unox.com.tr\/de\/4-20ma-proportional-elektro-stellantrieb\/#Drehmomenteinstellung\" >Drehmomenteinstellung<\/a><\/li><li class='ez-toc-page-1 ez-toc-heading-level-2'><a class=\"ez-toc-link ez-toc-heading-4\" href=\"https:\/\/unox.com.tr\/de\/4-20ma-proportional-elektro-stellantrieb\/#Produkteigenschaften\" >Produkteigenschaften<\/a><\/li><\/ul><\/nav><\/div>\n<h2><span class=\"ez-toc-section\" id=\"Was_ist_ein_Proportionaler_Elektrischer_Stellantrieb\"><\/span><span style=\"font-size: 22px;\">Was ist ein Proportionaler Elektrischer Stellantrieb?<\/span><span class=\"ez-toc-section-end\"><\/span><\/h2>\n<p>Ein proportionaler elektrischer Aktuator ist eine Art Ger\u00e4t, das ein elektrisches Signal in eine mechanische Bewegung umwandelt. In der Regel verwendet, um die Position, Geschwindigkeit oder Kraft eines mechanischen Systems wie eines Ventils, Motors oder Roboters zu steuern.<\/p>\n<p>Proportionale elektrische Aktuatoren werden h\u00e4ufig in Anwendungen eingesetzt, in denen eine pr\u00e4zise Steuerung erforderlich ist, wie z. B. in der Fertigung, Prozesssteuerung und Automobilsystemen. Sie k\u00f6nnen zur Steuerung einer Vielzahl von Bewegungen und Kr\u00e4ften verwendet werden und werden h\u00e4ufig dort eingesetzt, wo eine direkte Beziehung zwischen dem Eingangssignal und der Ausgangsbewegung besteht.<\/p>\n<p>Proportionale elektrische Aktuatoren k\u00f6nnen nach der Art des elektrischen Signals klassifiziert werden, das sie zur Steuerung der Bewegung des Aktuators verwenden. Einige g\u00e4ngige Arten von proportionalen elektrischen Stellantrieben sind:<\/p>\n<ul>\n<li>Gleichstrommotor-Aktuatoren, die einen Gleichstrommotor verwenden, um eine mechanische Bewegung bereitzustellen<\/li>\n<li>Schrittmotoraktuatoren, die Schrittmotoren verwenden, um pr\u00e4zise, \u200b\u200binkrementelle Bewegungen bereitzustellen<\/li>\n<li>Linearaktuatoren, die Linearmotoren oder Kugelumlaufspindeln verwenden, um eine lineare Bewegung bereitzustellen<\/li>\n<li>Pneumatische Stellantriebe, die Druckluft verwenden, um eine mechanische Bewegung bereitzustellen<\/li>\n<\/ul>\n<p>Proportionale elektrische Aktuatoren werden typischerweise durch eine elektronische Steuerung gesteuert, die ein Eingangssignal aufnimmt und es in ein elektrisches Signal umwandelt, das zum Steuern des Aktuators geeignet ist. Die Steuerung kann auch zus\u00e4tzliche Merkmale wie R\u00fcckkopplungssteuerung, Verriegelungen und Diagnose umfassen.<\/p>\n<p>Seine Anwendungsgebiete k\u00f6nnen auf Ventiltypen wie Kugelventile, Klappenventile und alle Drehbewegungen angewendet werden.<\/p>\n<h2><span class=\"ez-toc-section\" id=\"Allgemeine_Struktur\"><\/span><span style=\"font-size: 22px;\">Allgemeine Struktur<\/span><span class=\"ez-toc-section-end\"><\/span><\/h2>\n<p>Elektrische Aktuatoren; Es besteht aus einem 3-Phasen-Motor, einem Drehzahlregler, einer Drehmomentsteuerung, einer Hubsteuerungs-\u00d6ffnungsanzeige, manuellen elektrischen Schaltern, einem manuellen Getriebe und elektrischen Teilen.<\/p>\n<h2><span class=\"ez-toc-section\" id=\"Drehmomenteinstellung\"><\/span><span style=\"font-size: 22px;\">Drehmomenteinstellung<\/span><span class=\"ez-toc-section-end\"><\/span><\/h2>\n<p>Der Stellantrieb enth\u00e4lt einen mechanisch einstellbaren Drehmomentmechanismus. Die erforderlichen Drehmomentregelungseinstellungen sind werkseitig vorgenommen worden. Falls dennoch eine Einstellung erforderlich ist, kann dies mechanisch erfolgen.<\/p>\n<h2><span class=\"ez-toc-section\" id=\"Produkteigenschaften\"><\/span><span style=\"font-size: 22px;\">Produkteigenschaften<\/span><span class=\"ez-toc-section-end\"><\/span><\/h2>\n<ul>\n<li><strong>Geh\u00e4use:<\/strong> Aluminium<\/li>\n<li><strong>Schutzklasse<\/strong>: IP 67 &#8211; IP 68<\/li>\n<li><strong>Betriebstemperatur:<\/strong> -10 +80 \u00b0C<\/li>\n<li><strong>Anschluss:<\/strong> ISO 5211<\/li>\n<li><strong>Elektrischer Anschluss:<\/strong> 1\/2&#8243; wasserdicht<\/li>\n<\/ul>\n<p>Unsere elektrischen Stellantriebe von UNOX; Bet\u00e4tigte Absperrklappe, bet\u00e4tigtes Kugelventil und linear elektrisch bet\u00e4tigtes Ventil, elektrisch bet\u00e4tigte Mini-Kugelh\u00e4hne.<\/p>\n","protected":false},"excerpt":{"rendered":"<p><a href=\"https:\/\/unox.com.tr\/wp-content\/uploads\/2023\/01\/4-20mA-Oransal-Elektrikli-Aktuator.pdf\" target=\"_blank\" rel=\"noopener\"><button style=\"background-color: #11224b; color: #ffffff; padding: 10px 15px; font-family: montserrat; font-weight: bold; font-size: 19px; border-radius: 10px;\"><img decoding=\"async\" style=\"width: 25px; height: 25px;\" src=\"https:\/\/unox.com.tr\/wp-content\/uploads\/2023\/02\/pdf-1.png\">PRODUKTKATALOG<\/button><\/a><\/p>\n<p><button style=\"background-color: #11224b; margin-top: 5px; color: white; padding: 0px 15px; width: 150px; height: 55px; border-radius: 10px; border: none; cursor: pointer;\"><br \/>\n<img decoding=\"async\" style=\"width: 120px; height: 30px;\" src=\"https:\/\/unox.com.tr\/wp-content\/uploads\/2023\/02\/4-1.svg\"><\/button><\/p>\n","protected":false},"featured_media":28614,"comment_status":"open","ping_status":"closed","template":"","meta":[],"product_brand":[],"product_cat":[1011,1560],"product_tag":[],"class_list":{"0":"post-36460","1":"product","2":"type-product","3":"status-publish","4":"has-post-thumbnail","6":"product_cat-elektrische-stellantriebe","7":"product_cat-stellantriebe","9":"first","10":"instock","11":"shipping-taxable","12":"product-type-simple"},"_links":{"self":[{"href":"https:\/\/unox.com.tr\/de\/wp-json\/wp\/v2\/product\/36460","targetHints":{"allow":["GET"]}}],"collection":[{"href":"https:\/\/unox.com.tr\/de\/wp-json\/wp\/v2\/product"}],"about":[{"href":"https:\/\/unox.com.tr\/de\/wp-json\/wp\/v2\/types\/product"}],"replies":[{"embeddable":true,"href":"https:\/\/unox.com.tr\/de\/wp-json\/wp\/v2\/comments?post=36460"}],"version-history":[{"count":0,"href":"https:\/\/unox.com.tr\/de\/wp-json\/wp\/v2\/product\/36460\/revisions"}],"wp:featuredmedia":[{"embeddable":true,"href":"https:\/\/unox.com.tr\/de\/wp-json\/wp\/v2\/media\/28614"}],"wp:attachment":[{"href":"https:\/\/unox.com.tr\/de\/wp-json\/wp\/v2\/media?parent=36460"}],"wp:term":[{"taxonomy":"product_brand","embeddable":true,"href":"https:\/\/unox.com.tr\/de\/wp-json\/wp\/v2\/product_brand?post=36460"},{"taxonomy":"product_cat","embeddable":true,"href":"https:\/\/unox.com.tr\/de\/wp-json\/wp\/v2\/product_cat?post=36460"},{"taxonomy":"product_tag","embeddable":true,"href":"https:\/\/unox.com.tr\/de\/wp-json\/wp\/v2\/product_tag?post=36460"}],"curies":[{"name":"wp","href":"https:\/\/api.w.org\/{rel}","templated":true}]}}