{"id":36487,"date":"2021-04-01T13:52:53","date_gmt":"2021-04-01T13:52:53","guid":{"rendered":"https:\/\/www.unox.com.tr\/urun\/ex-endschalterbox\/"},"modified":"2023-05-12T17:23:30","modified_gmt":"2023-05-12T14:23:30","slug":"ex-endschalter-box","status":"publish","type":"product","link":"https:\/\/unox.com.tr\/de\/ex-endschalter-box\/","title":{"rendered":"Ex-gesch\u00fctzter Endschalterkasten (UAPL 410)"},"content":{"rendered":"<div id=\"ez-toc-container\" class=\"ez-toc-v2_0_82_2 counter-hierarchy ez-toc-counter ez-toc-grey ez-toc-container-direction\">\n<div class=\"ez-toc-title-container\">\n<p class=\"ez-toc-title\" style=\"cursor:inherit\">Sayfa \u0130\u00e7eri\u011fi<\/p>\n<span class=\"ez-toc-title-toggle\"><a href=\"#\" class=\"ez-toc-pull-right ez-toc-btn ez-toc-btn-xs ez-toc-btn-default ez-toc-toggle\" aria-label=\"Toggle Table of Content\"><span class=\"ez-toc-js-icon-con\"><span class=\"\"><span class=\"eztoc-hide\" style=\"display:none;\">Toggle<\/span><span class=\"ez-toc-icon-toggle-span\"><svg style=\"fill: #999;color:#999\" xmlns=\"http:\/\/www.w3.org\/2000\/svg\" class=\"list-377408\" width=\"20px\" height=\"20px\" viewBox=\"0 0 24 24\" fill=\"none\"><path d=\"M6 6H4v2h2V6zm14 0H8v2h12V6zM4 11h2v2H4v-2zm16 0H8v2h12v-2zM4 16h2v2H4v-2zm16 0H8v2h12v-2z\" fill=\"currentColor\"><\/path><\/svg><svg style=\"fill: #999;color:#999\" class=\"arrow-unsorted-368013\" xmlns=\"http:\/\/www.w3.org\/2000\/svg\" width=\"10px\" height=\"10px\" viewBox=\"0 0 24 24\" version=\"1.2\" baseProfile=\"tiny\"><path d=\"M18.2 9.3l-6.2-6.3-6.2 6.3c-.2.2-.3.4-.3.7s.1.5.3.7c.2.2.4.3.7.3h11c.3 0 .5-.1.7-.3.2-.2.3-.5.3-.7s-.1-.5-.3-.7zM5.8 14.7l6.2 6.3 6.2-6.3c.2-.2.3-.5.3-.7s-.1-.5-.3-.7c-.2-.2-.4-.3-.7-.3h-11c-.3 0-.5.1-.7.3-.2.2-.3.5-.3.7s.1.5.3.7z\"\/><\/svg><\/span><\/span><\/span><\/a><\/span><\/div>\n<nav><ul class='ez-toc-list ez-toc-list-level-1 ' ><li class='ez-toc-page-1 ez-toc-heading-level-2'><a class=\"ez-toc-link ez-toc-heading-1\" href=\"https:\/\/unox.com.tr\/de\/ex-endschalter-box\/#Was_ist_eine_Ex-Geschuetzte_Endschalterbox\" >Was ist eine Ex-Gesch\u00fctzte Endschalterbox?<\/a><\/li><li class='ez-toc-page-1 ez-toc-heading-level-2'><a class=\"ez-toc-link ez-toc-heading-2\" href=\"https:\/\/unox.com.tr\/de\/ex-endschalter-box\/#Wo_wird_die_Ex-Geschuetzte_Endschalterbox_Verwendet\" >Wo wird die Ex-Gesch\u00fctzte Endschalterbox Verwendet?<\/a><\/li><li class='ez-toc-page-1 ez-toc-heading-level-2'><a class=\"ez-toc-link ez-toc-heading-3\" href=\"https:\/\/unox.com.tr\/de\/ex-endschalter-box\/#Produkteigenschaften\" >Produkteigenschaften<\/a><\/li><\/ul><\/nav><\/div>\n<h2><span class=\"ez-toc-section\" id=\"Was_ist_eine_Ex-Geschuetzte_Endschalterbox\"><\/span><span style=\"font-size: 22px;\">Was ist eine Ex-Gesch\u00fctzte Endschalterbox?<\/span><span class=\"ez-toc-section-end\"><\/span><\/h2>\n<p>Der Ex-Endschalterkasten, auch als explosionsgesch\u00fctzter Endschalterkasten bekannt, ist eine Art elektrisches Geh\u00e4use, das dazu bestimmt ist, elektrische Komponenten in potenziell gef\u00e4hrlichen Umgebungen aufzunehmen und zu sch\u00fctzen. Zu diesen Umgebungen k\u00f6nnen Bereiche geh\u00f6ren, in denen brennbare Gase, D\u00e4mpfe oder St\u00e4ube vorhanden sind oder in denen durch diese Materialien Explosionsgefahr besteht. Es soll die Bildung von Funken oder anderen Z\u00fcndquellen innerhalb des Geh\u00e4uses verhindern und gew\u00e4hrleistet, dass die elektrischen Komponenten im Inneren vor Explosionsgefahr gesch\u00fctzt sind. Es kann auch so ausgelegt werden, dass es externen Explosionen standh\u00e4lt und elektrische Komponenten im Falle einer Explosion au\u00dferhalb des Geh\u00e4uses vor Sch\u00e4den sch\u00fctzt. Diese Boxen werden typischerweise in Branchen eingesetzt, in denen aufgrund des Vorhandenseins von brennbaren Materialien wie \u00d6l und Gas, chemische Verarbeitung und Bergbau Explosionsgefahr besteht.<\/p>\n<p>Ex-gesch\u00fctzte Endschalterbox; Es ist ein Kasten mit einem Richtungsanzeiger, der die offene oder geschlossene Position des Stellantriebs (des Ventils, an dem er befestigt ist) anzeigt. Es wird oben am Aktuator befestigt. Es erf\u00fcllt die Funktion, das System zu informieren, indem es die Position des Antriebs (offen-geschlossen) in ein elektrisches Signal umwandelt.<\/p>\n<h2><span class=\"ez-toc-section\" id=\"Wo_wird_die_Ex-Geschuetzte_Endschalterbox_Verwendet\"><\/span><span style=\"font-size: 22px;\">Wo wird die Ex-Gesch\u00fctzte Endschalterbox Verwendet?<\/span><span class=\"ez-toc-section-end\"><\/span><\/h2>\n<p>Ex-Gesch\u00fctzte Endschalterbox werden typischerweise in industriellen Umgebungen eingesetzt, in denen aufgrund des Vorhandenseins von brennbaren Gasen, D\u00e4mpfen oder Staub Explosionsgefahr besteht. Zu diesen Umgebungen k\u00f6nnen \u00d6l- und Gasraffinerien, chemische Verarbeitungsanlagen und Minen sowie andere Orte geh\u00f6ren, an denen brennbare Materialien vorhanden sind.<\/p>\n<p>Es wird auch verwendet, um elektrische Komponenten wie Schalter und Sensoren vor Explosionsgefahr zu sch\u00fctzen. Diese Boxen sollen die Bildung von Funken oder anderen Z\u00fcndquellen innerhalb des Geh\u00e4uses verhindern und die elektrischen Komponenten im Inneren vor Explosionsgefahr sch\u00fctzen.<\/p>\n<p>Zus\u00e4tzlich zum Schutz elektrischer Komponenten kann es auch verwendet werden, um einen sicheren Ort f\u00fcr elektrische Leitungen und Verbindungen in potenziell gef\u00e4hrlichen Umgebungen bereitzustellen. Sie k\u00f6nnen verwendet werden, um elektrische Anschlussdosen, Schalttafeln und andere elektrische Ger\u00e4te zu umgeben, um Unf\u00e4lle zu vermeiden und die Sicherheit des Personals zu gew\u00e4hrleisten, das in diesen Umgebungen arbeitet.<\/p>\n<h2><span class=\"ez-toc-section\" id=\"Produkteigenschaften\"><\/span><span style=\"font-size: 22px;\">Produkteigenschaften<\/span><span class=\"ez-toc-section-end\"><\/span><\/h2>\n<ul>\n<li><strong>Schutzklasse:<\/strong> IP 67<\/li>\n<li><strong>Anschlussteil :<\/strong> Namur VDI \/ VDE 3845<\/li>\n<li><strong>Modell<\/strong>: UAPL 410<\/li>\n<\/ul>\n<p>&nbsp;<\/p>\n","protected":false},"excerpt":{"rendered":"<p><a href=\"https:\/\/unox.com.tr\/wp-content\/uploads\/2023\/05\/Exproof-Limit-Switch-Box.pdf\" target=\"_blank\" rel=\"noopener\"><button style=\"background-color: #11224b; color: #ffffff; padding: 10px 15px; font-family: montserrat; font-weight: bold; font-size: 19px; border-radius: 10px;\"><img decoding=\"async\" style=\"width: 25px; height: 25px;\" src=\"https:\/\/unox.com.tr\/wp-content\/uploads\/2023\/02\/pdf-1.png\">PRODUKTKATALOG<\/button><\/a><\/p>\n<p><button style=\"background-color: #11224b; margin-top: 5px; color: white; padding: 0px 15px; width: 150px; height: 55px; border-radius: 10px; border: none; cursor: pointer;\"><br \/>\n<img decoding=\"async\" style=\"width: 120px; height: 30px;\" src=\"https:\/\/unox.com.tr\/wp-content\/uploads\/2023\/02\/4-1.svg\"><\/button><\/p>\n","protected":false},"featured_media":69704,"comment_status":"closed","ping_status":"closed","template":"","meta":[],"product_brand":[],"product_cat":[1188],"product_tag":[],"class_list":{"0":"post-36487","1":"product","2":"type-product","3":"status-publish","4":"has-post-thumbnail","6":"product_cat-zubehor-fur-pneumatische-antriebe","8":"first","9":"instock","10":"shipping-taxable","11":"product-type-simple"},"_links":{"self":[{"href":"https:\/\/unox.com.tr\/de\/wp-json\/wp\/v2\/product\/36487","targetHints":{"allow":["GET"]}}],"collection":[{"href":"https:\/\/unox.com.tr\/de\/wp-json\/wp\/v2\/product"}],"about":[{"href":"https:\/\/unox.com.tr\/de\/wp-json\/wp\/v2\/types\/product"}],"replies":[{"embeddable":true,"href":"https:\/\/unox.com.tr\/de\/wp-json\/wp\/v2\/comments?post=36487"}],"version-history":[{"count":0,"href":"https:\/\/unox.com.tr\/de\/wp-json\/wp\/v2\/product\/36487\/revisions"}],"wp:featuredmedia":[{"embeddable":true,"href":"https:\/\/unox.com.tr\/de\/wp-json\/wp\/v2\/media\/69704"}],"wp:attachment":[{"href":"https:\/\/unox.com.tr\/de\/wp-json\/wp\/v2\/media?parent=36487"}],"wp:term":[{"taxonomy":"product_brand","embeddable":true,"href":"https:\/\/unox.com.tr\/de\/wp-json\/wp\/v2\/product_brand?post=36487"},{"taxonomy":"product_cat","embeddable":true,"href":"https:\/\/unox.com.tr\/de\/wp-json\/wp\/v2\/product_cat?post=36487"},{"taxonomy":"product_tag","embeddable":true,"href":"https:\/\/unox.com.tr\/de\/wp-json\/wp\/v2\/product_tag?post=36487"}],"curies":[{"name":"wp","href":"https:\/\/api.w.org\/{rel}","templated":true}]}}