{"id":36595,"date":"2020-09-29T12:07:51","date_gmt":"2020-09-29T12:07:51","guid":{"rendered":"https:\/\/www.unox.com.tr\/urun\/dampf-magnetventil-normalerweise-offen-bhr-a\/"},"modified":"2024-05-31T17:09:41","modified_gmt":"2024-05-31T14:09:41","slug":"dampf-magnetventil-stromlos-offen-bhr-a","status":"publish","type":"product","link":"https:\/\/unox.com.tr\/de\/dampf-magnetventil-stromlos-offen-bhr-a\/","title":{"rendered":"Dampf Magnetventil \u2013 Normalerweise Offen (BHR A)"},"content":{"rendered":"<p><strong><span style=\"font-size: 22px;\">Was ist ein Dampf Magnetventil?<\/span><\/strong><\/p>\n<p>Das Dampf Magnetventil ist ein elektromechanisches Ventil, das die Bewegung von Dampf in einer Richtung in einer Rohrleitung zul\u00e4sst oder blockiert. Dieses Ventil wird von einer als Solenoid bezeichneten Magnetspule gesteuert und wird h\u00e4ufig in einem System wie einem Dampfkessel verwendet. Das Dampf Magnetventil erh\u00f6ht die Effizienz des Systems und gew\u00e4hrleistet seine Sicherheit, indem es die Dampfbewegung in die richtige Richtung gew\u00e4hrleistet.<\/p>\n<p>Magnetventile; Es wird in zwei Ausf\u00fchrungen hergestellt, als normalerweise geschlossen (um das geschlossene Ventil zu \u00f6ffnen, wenn es Energie von der Spule erh\u00e4lt) und als normalerweise offen (um das offene Ventil zu schlie\u00dfen, wenn es Energie von der Spule erh\u00e4lt).<\/p>\n<p><strong><span style=\"font-size: 22px;\">Wo wird das Dampfmagnetventil verwendet?<\/span><\/strong><\/p>\n<p>Dampf-Magnetventile sind f\u00fcr Installationen mit hohen Temperaturen (80 \u00b0C \u2013 180 \u00b0C) ausgelegt. Es wird im Allgemeinen in der Industrie und in Anlagen zur Steuerung von Dampf eingesetzt. Es kann verwendet werden, um die Dampfverteilung in Dampfsystemen zu steuern, um sicherzustellen, dass der Dampf in die richtigen Bereiche geleitet wird, und um den Dampffluss zu regulieren. Es kann auch verwendet werden, um den Betrieb von dampfbetriebenen Ger\u00e4ten und die sichere Verwendung von Dampf zu gew\u00e4hrleisten.<\/p>\n<p><strong><span style=\"font-size: 22px;\">Normalerweise Offenes Betriebssystem<\/span><\/strong><\/p>\n<p>Das normalerweise offene Magnetventil l\u00e4sst zun\u00e4chst den Durchfluss von Fl\u00fcssigkeit zu. Um das Ventil zu schlie\u00dfen, bewegt sich die Spule mit dem zur Spule kommenden elektrischen Strom und dr\u00fcckt den Kern nach unten und schlie\u00dft die M\u00fcndung des \u00d6ffnungslochs. In kurzer Zeit verteilt sich der Druck homogen auf der Membran und der Druck, der h\u00f6her ist als der Druck der Fl\u00fcssigkeit, verhindert, dass die Fl\u00fcssigkeit die Membran anhebt, sodass das Ventil in der geschlossenen Position ist. All dies geschieht in sehr kurzer Zeit. Unser Produkt wurde entwickelt, um die beste Effizienz zu erzielen.<\/p>\n<p><strong><span style=\"font-size: 22px;\">Allgemeine Merkmale<\/span><\/strong><\/p>\n<ul>\n<li><strong>Dichtung<\/strong>: PTFE \/ EPDM<\/li>\n<li><strong>H\u00fclse<\/strong>: Messing<\/li>\n<li><strong>K\u00f6rper<\/strong>: Messing<\/li>\n<li><strong>Kern<\/strong>: Rostfrei<\/li>\n<li><strong>S\u0131cakl\u0131k<\/strong>: -10 \/ +180 \u00b0C<\/li>\n<li><strong>Spule<\/strong>: Sockel<\/li>\n<\/ul>\n<p><strong>Vorschl\u00e4ge<\/strong><\/p>\n<p>Montieren Sie das Magnetventil so, dass die Spule oben ist. In der Installation, wie z. B. einem Schmutzf\u00e4nger vor dem Magnetventil usw. Filter verwenden. Wir verwenden haltbareres Membran- und Dichtungsmaterial f\u00fcr hohe Temperaturen. Geben Sie bei Ihren Bestellungen Ihren Membran- und Dichtungswunsch f\u00fcr hohe Temperaturen an.<\/p>\n<p><strong><span style=\"font-size: 22px;\">Dinge, die bei der Auswahl eines Dampf-Magnetventils zu beachten sind:<\/span><\/strong><\/p>\n<ul>\n<li>Die Spule sollte entsprechend der zu verwendenden Betriebsspannung (AC-DC) ausgew\u00e4hlt werden. Schutz und Isolierung sollten entsprechend dem Ort vorgesehen werden, an dem sie angebracht werden. (Strom schaltet sich ein, wenn Luft hereinkommt, und schaltet sich wieder aus, wenn Sie den Strom abschalten)<\/li>\n<li>In der Linie oder dem System, das Sie verwenden, min. und max. Druckwerte sind sehr wichtig bei der Auswahl des Ventils. <\/li>\n<li>Die Qualit\u00e4t und Temperatur der Fl\u00fcssigkeit ist ein direkter Faktor bei der Auswahl des Ventils.<\/li>\n<li>Die Richtung der Fl\u00fcssigkeit und die Pfeilmarkierung auf dem Geh\u00e4use weisen in die gleiche Richtung und es sollte auf die Montage geachtet werden.<\/li>\n<li>Da das Magnetventil nicht als R\u00fcckschlagventil wirkt, flie\u00dft das Fluid bei Gegendr\u00fccken zur\u00fcck. In diesen F\u00e4llen ist der Einbau eines R\u00fcckschlagventils nach dem Magnetventil f\u00fcr den Anschluss richtig.<\/li>\n<li>Die Leitung, an der das Ventil angeschlossen ist, muss frei von Verunreinigungen sein.<\/li>\n<\/ul>\n<p>[table id=&#8220;6&#8243; \/]<\/p>\n","protected":false},"excerpt":{"rendered":"<p><a href=\"https:\/\/unox.com.tr\/wp-content\/uploads\/2024\/05\/BUHAR-N.A.pdf\" target=\"_blank\" rel=\"noopener\"><button style=\"background-color: #11224b; color: #ffffff; padding: 10px 15px; font-family: montserrat; font-weight: bold; font-size: 19px; border-radius: 10px;\"><img decoding=\"async\" style=\"width: 25px; height: 25px;\" src=\"https:\/\/unox.com.tr\/wp-content\/uploads\/2023\/02\/pdf-1.png\">PRODUKTKATALOG<\/button><\/a><\/p>\n<p><button style=\"background-color: #11224b; margin-top: 5px; color: white; padding: 0px 15px; width: 150px; height: 55px; border-radius: 10px; border: none; cursor: default;\"><br \/>\n<img decoding=\"async\" style=\"width: 120px; height: 30px;\" src=\"https:\/\/unox.com.tr\/wp-content\/uploads\/2023\/02\/4-1.svg\"><\/button><\/p>\n","protected":false},"featured_media":68718,"comment_status":"closed","ping_status":"closed","template":"","meta":[],"product_brand":[],"product_cat":[1386,1202],"product_tag":[],"class_list":{"0":"post-36595","1":"product","2":"type-product","3":"status-publish","4":"has-post-thumbnail","6":"product_cat-dampf-magnetventile","7":"product_cat-magnetventile","9":"first","10":"instock","11":"shipping-taxable","12":"product-type-simple"},"_links":{"self":[{"href":"https:\/\/unox.com.tr\/de\/wp-json\/wp\/v2\/product\/36595","targetHints":{"allow":["GET"]}}],"collection":[{"href":"https:\/\/unox.com.tr\/de\/wp-json\/wp\/v2\/product"}],"about":[{"href":"https:\/\/unox.com.tr\/de\/wp-json\/wp\/v2\/types\/product"}],"replies":[{"embeddable":true,"href":"https:\/\/unox.com.tr\/de\/wp-json\/wp\/v2\/comments?post=36595"}],"version-history":[{"count":0,"href":"https:\/\/unox.com.tr\/de\/wp-json\/wp\/v2\/product\/36595\/revisions"}],"wp:featuredmedia":[{"embeddable":true,"href":"https:\/\/unox.com.tr\/de\/wp-json\/wp\/v2\/media\/68718"}],"wp:attachment":[{"href":"https:\/\/unox.com.tr\/de\/wp-json\/wp\/v2\/media?parent=36595"}],"wp:term":[{"taxonomy":"product_brand","embeddable":true,"href":"https:\/\/unox.com.tr\/de\/wp-json\/wp\/v2\/product_brand?post=36595"},{"taxonomy":"product_cat","embeddable":true,"href":"https:\/\/unox.com.tr\/de\/wp-json\/wp\/v2\/product_cat?post=36595"},{"taxonomy":"product_tag","embeddable":true,"href":"https:\/\/unox.com.tr\/de\/wp-json\/wp\/v2\/product_tag?post=36595"}],"curies":[{"name":"wp","href":"https:\/\/api.w.org\/{rel}","templated":true}]}}