{"id":36657,"date":"2020-09-29T07:36:03","date_gmt":"2020-09-29T04:36:03","guid":{"rendered":"https:\/\/www.unox.com.tr\/urun\/pneumatisches-2-wege-ein-aus-heissoelventil-33612\/"},"modified":"2023-03-15T17:06:02","modified_gmt":"2023-03-15T14:06:02","slug":"2-wege-pneumatisches-ein-aus-heisolventil","status":"publish","type":"product","link":"https:\/\/unox.com.tr\/de\/2-wege-pneumatisches-ein-aus-heisolventil\/","title":{"rendered":"2 Wege Pneumatisches Ein-Aus Hei\u00df\u00f6lventil &#8211; 33612"},"content":{"rendered":"<div id=\"ez-toc-container\" class=\"ez-toc-v2_0_82_2 counter-hierarchy ez-toc-counter ez-toc-grey ez-toc-container-direction\">\n<div class=\"ez-toc-title-container\">\n<p class=\"ez-toc-title\" style=\"cursor:inherit\">Sayfa \u0130\u00e7eri\u011fi<\/p>\n<span class=\"ez-toc-title-toggle\"><a href=\"#\" class=\"ez-toc-pull-right ez-toc-btn ez-toc-btn-xs ez-toc-btn-default ez-toc-toggle\" aria-label=\"Toggle Table of Content\"><span class=\"ez-toc-js-icon-con\"><span class=\"\"><span class=\"eztoc-hide\" style=\"display:none;\">Toggle<\/span><span class=\"ez-toc-icon-toggle-span\"><svg style=\"fill: #999;color:#999\" xmlns=\"http:\/\/www.w3.org\/2000\/svg\" class=\"list-377408\" width=\"20px\" height=\"20px\" viewBox=\"0 0 24 24\" fill=\"none\"><path d=\"M6 6H4v2h2V6zm14 0H8v2h12V6zM4 11h2v2H4v-2zm16 0H8v2h12v-2zM4 16h2v2H4v-2zm16 0H8v2h12v-2z\" fill=\"currentColor\"><\/path><\/svg><svg style=\"fill: #999;color:#999\" class=\"arrow-unsorted-368013\" xmlns=\"http:\/\/www.w3.org\/2000\/svg\" width=\"10px\" height=\"10px\" viewBox=\"0 0 24 24\" version=\"1.2\" baseProfile=\"tiny\"><path d=\"M18.2 9.3l-6.2-6.3-6.2 6.3c-.2.2-.3.4-.3.7s.1.5.3.7c.2.2.4.3.7.3h11c.3 0 .5-.1.7-.3.2-.2.3-.5.3-.7s-.1-.5-.3-.7zM5.8 14.7l6.2 6.3 6.2-6.3c.2-.2.3-.5.3-.7s-.1-.5-.3-.7c-.2-.2-.4-.3-.7-.3h-11c-.3 0-.5.1-.7.3-.2.2-.3.5-.3.7s.1.5.3.7z\"\/><\/svg><\/span><\/span><\/span><\/a><\/span><\/div>\n<nav><ul class='ez-toc-list ez-toc-list-level-1 ' ><li class='ez-toc-page-1 ez-toc-heading-level-2'><a class=\"ez-toc-link ez-toc-heading-1\" href=\"https:\/\/unox.com.tr\/de\/2-wege-pneumatisches-ein-aus-heisolventil\/#Was_ist_ein_2_Wege_Pneumatisches_Ein-Aus_Heissoelventil\" >Was ist ein 2 Wege Pneumatisches Ein-Aus Hei\u00df\u00f6lventil?<\/a><\/li><li class='ez-toc-page-1 ez-toc-heading-level-2'><a class=\"ez-toc-link ez-toc-heading-2\" href=\"https:\/\/unox.com.tr\/de\/2-wege-pneumatisches-ein-aus-heisolventil\/#Was_ist_ein_Regelventil\" >Was ist ein Regelventil?<\/a><\/li><li class='ez-toc-page-1 ez-toc-heading-level-2'><a class=\"ez-toc-link ez-toc-heading-3\" href=\"https:\/\/unox.com.tr\/de\/2-wege-pneumatisches-ein-aus-heisolventil\/#Was_ist_das_Ein-Aus-Arbeitsprinzip\" >Was ist das Ein-Aus-Arbeitsprinzip?<\/a><\/li><li class='ez-toc-page-1 ez-toc-heading-level-2'><a class=\"ez-toc-link ez-toc-heading-4\" href=\"https:\/\/unox.com.tr\/de\/2-wege-pneumatisches-ein-aus-heisolventil\/#Allgemeine_Merkmale\" >Allgemeine Merkmale<\/a><\/li><li class='ez-toc-page-1 ez-toc-heading-level-2'><a class=\"ez-toc-link ez-toc-heading-5\" href=\"https:\/\/unox.com.tr\/de\/2-wege-pneumatisches-ein-aus-heisolventil\/#Materialeigenschaften\" >Materialeigenschaften<\/a><\/li><\/ul><\/nav><\/div>\n<h2><span class=\"ez-toc-section\" id=\"Was_ist_ein_2_Wege_Pneumatisches_Ein-Aus_Heissoelventil\"><\/span><span style=\"font-size: 22px;\">Was ist ein 2 Wege Pneumatisches Ein-Aus Hei\u00df\u00f6lventil?<\/span><span class=\"ez-toc-section-end\"><\/span><\/h2>\n<p>Das 2 Wege pneumatische Ein-Aus Hei\u00df\u00f6lventil ist eine Art Ventil, das zur Steuerung des Durchflusses von hei\u00dfem \u00d6l oder anderen hei\u00dfen Fl\u00fcssigkeiten entwickelt wurde. Diese Ventile werden im Allgemeinen in industriellen oder gewerblichen Umgebungen eingesetzt, in denen hohe Temperaturen und Dr\u00fccke auftreten, wie z. B. in Prozessanlagen oder Kraftwerken. Das Hei\u00df\u00f6lventil kann in einer Vielzahl von Anwendungen eingesetzt werden, einschlie\u00dflich Heizung, K\u00fchlung, Schmierung und Temperaturregelung. Im Allgemeinen bestehen sie aus Materialien, die hochtemperaturbest\u00e4ndig sind und der korrosiven Wirkung hei\u00dfer \u00d6le standhalten k\u00f6nnen.<\/p>\n<h2><span class=\"ez-toc-section\" id=\"Was_ist_ein_Regelventil\"><\/span><span style=\"font-size: 22px;\">Was ist ein Regelventil?<\/span><span class=\"ez-toc-section-end\"><\/span><\/h2>\n<p>Regelventil; Ein Ventil, das verwendet wird, um Fl\u00fcssigkeit zu steuern, indem die Gr\u00f6\u00dfe des Durchflusskanals ge\u00e4ndert wird, wie es durch ein Signal von einer Steuerung vorgegeben wird. Regelventile regeln Druck, Temperatur, Durchfluss und F\u00fcllstand in allen Prozessen, in denen Fl\u00fcssigkeiten vorhanden sind. Regelventile werden f\u00fcr Kaltwasser, Warmwasser, Dampf, \u00fcberhitztes Wasser, Dampf und Gas usw. verwendet, die durch den Energieverbrauch in Unternehmen erzeugt werden. Es sorgt daf\u00fcr, dass die Fl\u00fcssigkeiten verlustfrei transportiert und kontrolliert werden k\u00f6nnen.<\/p>\n<h2><span class=\"ez-toc-section\" id=\"Was_ist_das_Ein-Aus-Arbeitsprinzip\"><\/span><span style=\"font-size: 22px;\">Was ist das Ein-Aus-Arbeitsprinzip?<\/span><span class=\"ez-toc-section-end\"><\/span><\/h2>\n<p>Das Ein-Aus-Betriebsprinzip bezieht sich auf ein Steuersystem, bei dem ein Ger\u00e4t oder System ohne Zwischenbedingungen vollst\u00e4ndig ge\u00f6ffnet oder vollst\u00e4ndig geschlossen ist. Diese Art der Steuerung wird h\u00e4ufig in einfachen Systemen verwendet, in denen ein Ger\u00e4t oder System basierend auf einer bestimmten Bedingung oder Eingabe ein- oder ausgeschaltet werden muss.<\/p>\n<p>Ein Beispiel f\u00fcr das On-Off-Funktionsprinzip ist ein Thermostat, der das Heiz- oder K\u00fchlsystem steuert. Wenn der Thermostat auf eine bestimmte Temperatur eingestellt ist, schaltet er das System nach Bedarf ein oder aus, um diese Temperatur zu halten. Wenn die Temperatur im Raum unter den Sollwert f\u00e4llt, wird die Heizung eingeschaltet, wenn die Temperatur \u00fcber den Sollwert steigt, wird die Heizung ausgeschaltet.<\/p>\n<p>Das Ein-Aus-Funktionsprinzip wird h\u00e4ufig in einfachen Steuerungssystemen verwendet, da es relativ einfach zu implementieren und zu verstehen ist. Es ist jedoch m\u00f6glicherweise weniger empfindlich als andere Steuermethoden, da es keine Feinabstimmung oder Zwischenzust\u00e4nde zul\u00e4sst.<\/p>\n<h2><span class=\"ez-toc-section\" id=\"Allgemeine_Merkmale\"><\/span><span style=\"font-size: 22px;\">Allgemeine Merkmale<\/span><span class=\"ez-toc-section-end\"><\/span><\/h2>\n<ul>\n<li><strong>Produkt:<\/strong> Pneumatisches 2-Wege-Ein-Aus-Hei\u00df\u00f6lventil (mit Metallbalgzusatz)<\/li>\n<li><strong>Abmessungen:<\/strong> DN15 \/ DN20 \/ DN25 \/ DN32 \/ DN40 \/ DN50 \/ DN65 \/ DN80 \/ DN100<\/li>\n<li><strong>Einsatzbereich:<\/strong> Druckdampf- und Hei\u00df\u00f6lleitungen<\/li>\n<li><strong>Anschlussnorm:<\/strong> Flanschanschluss (DIN1092-2)<\/li>\n<li><strong>Druckklasse:<\/strong> PN25<\/li>\n<li><strong>Sicherheitsposition:<\/strong> Normalerweise geschlossen &#8211; Normalerweise offen<\/li>\n<li><strong>Versiegelungsklasse:<\/strong> KLASSE IV Metall auf Metall<\/li>\n<li><strong>Max. Betriebstemperatur:<\/strong> 350 \u00b0C<\/li>\n<li><strong>Halsabdichtung:<\/strong> Mit V-Pack-Metallbalg<\/li>\n<li><strong>Charakteristik:<\/strong> Ein &#8211; Aus<\/li>\n<\/ul>\n<h2><span class=\"ez-toc-section\" id=\"Materialeigenschaften\"><\/span><span style=\"font-size: 22px;\">Materialeigenschaften<\/span><span class=\"ez-toc-section-end\"><\/span><\/h2>\n<ul>\n<li><strong>K\u00f6rper:<\/strong> GGG &#8211; 40.3 Sph\u00e4roguss<\/li>\n<li><strong>Abdeckung:<\/strong> GGG &#8211; 40.3 Sph\u00e4roguss<\/li>\n<li><strong>Halsanschluss:<\/strong> ST44- 3 (S275J0)<\/li>\n<li><strong>Sitz:<\/strong> Edelstahl 1.4571 (AISI316)<\/li>\n<\/ul>\n<p><strong>Zubeh\u00f6r<\/strong><\/p>\n<p><em>Fragen Sie nach einem zus\u00e4tzlichen Endschalterkasten.<\/em><\/p>\n<p><em>Fragen Sie nach der Handsteuerung.<\/em><\/p>\n<p><em>DN100, DN125, DN150 Geh\u00e4usematerial ist PN16 Gusseisen.<\/em><\/p>\n<p><em>Bitte fragen Sie nach anderen Karosseriematerialien.<\/em><\/p>\n","protected":false},"excerpt":{"rendered":"<p><a href=\"https:\/\/unox.com.tr\/wp-content\/uploads\/2023\/01\/2-Yollu-Pnomatik-On-Off-Kizgin-Yag-Vanasi-33612.pdf\" target=\"_blank\" rel=\"noopener\"><button style=\"background-color: #11224b; color: #ffffff; padding: 10px 15px; font-family: montserrat; font-weight: bold; font-size: 19px; border-radius: 10px;\"><img decoding=\"async\" style=\"width: 25px; height: 25px;\" src=\"https:\/\/unox.com.tr\/wp-content\/uploads\/2023\/02\/pdf-1.png\">PRODUKTKATALOG<\/button><\/a><\/p>\n<p><button style=\"background-color: #11224b; margin-top: 5px; color: white; padding: 0px 15px; width: 150px; height: 55px; border-radius: 10px; border: none; cursor: pointer;\"><br \/>\n<img decoding=\"async\" style=\"width: 120px; height: 30px;\" src=\"https:\/\/unox.com.tr\/wp-content\/uploads\/2023\/02\/4-1.svg\"><\/button><\/p>\n","protected":false},"featured_media":33957,"comment_status":"open","ping_status":"closed","template":"","meta":{"_joinchat":[]},"product_brand":[],"product_cat":[1656,1084,1081],"product_tag":[],"class_list":{"0":"post-36657","1":"product","2":"type-product","3":"status-publish","4":"has-post-thumbnail","6":"product_cat-heissoelventil","7":"product_cat-pneumatisches-auf-zu-regelventile","8":"product_cat-regelventilen","10":"first","11":"instock","12":"shipping-taxable","13":"product-type-simple"},"_links":{"self":[{"href":"https:\/\/unox.com.tr\/de\/wp-json\/wp\/v2\/product\/36657","targetHints":{"allow":["GET"]}}],"collection":[{"href":"https:\/\/unox.com.tr\/de\/wp-json\/wp\/v2\/product"}],"about":[{"href":"https:\/\/unox.com.tr\/de\/wp-json\/wp\/v2\/types\/product"}],"replies":[{"embeddable":true,"href":"https:\/\/unox.com.tr\/de\/wp-json\/wp\/v2\/comments?post=36657"}],"version-history":[{"count":0,"href":"https:\/\/unox.com.tr\/de\/wp-json\/wp\/v2\/product\/36657\/revisions"}],"wp:featuredmedia":[{"embeddable":true,"href":"https:\/\/unox.com.tr\/de\/wp-json\/wp\/v2\/media\/33957"}],"wp:attachment":[{"href":"https:\/\/unox.com.tr\/de\/wp-json\/wp\/v2\/media?parent=36657"}],"wp:term":[{"taxonomy":"product_brand","embeddable":true,"href":"https:\/\/unox.com.tr\/de\/wp-json\/wp\/v2\/product_brand?post=36657"},{"taxonomy":"product_cat","embeddable":true,"href":"https:\/\/unox.com.tr\/de\/wp-json\/wp\/v2\/product_cat?post=36657"},{"taxonomy":"product_tag","embeddable":true,"href":"https:\/\/unox.com.tr\/de\/wp-json\/wp\/v2\/product_tag?post=36657"}],"curies":[{"name":"wp","href":"https:\/\/api.w.org\/{rel}","templated":true}]}}