{"id":36660,"date":"2020-09-28T15:55:12","date_gmt":"2020-09-28T12:55:12","guid":{"rendered":"https:\/\/www.unox.com.tr\/urun\/rostfreie-thermodynamische-falle\/"},"modified":"2023-03-15T17:10:27","modified_gmt":"2023-03-15T14:10:27","slug":"edelstahl-thermodynamische-falle","status":"publish","type":"product","link":"https:\/\/unox.com.tr\/de\/edelstahl-thermodynamische-falle\/","title":{"rendered":"Rostfreier Thermodynamischer Kondensatableiter"},"content":{"rendered":"<div id=\"ez-toc-container\" class=\"ez-toc-v2_0_83 counter-hierarchy ez-toc-counter ez-toc-grey ez-toc-container-direction\">\n<div class=\"ez-toc-title-container\">\n<p class=\"ez-toc-title\" style=\"cursor:inherit\">Sayfa \u0130\u00e7eri\u011fi<\/p>\n<span class=\"ez-toc-title-toggle\"><a href=\"#\" class=\"ez-toc-pull-right ez-toc-btn ez-toc-btn-xs ez-toc-btn-default ez-toc-toggle\" aria-label=\"Toggle Table of Content\"><span class=\"ez-toc-js-icon-con\"><span class=\"\"><span class=\"eztoc-hide\" style=\"display:none;\">Toggle<\/span><span class=\"ez-toc-icon-toggle-span\"><svg style=\"fill: #999;color:#999\" xmlns=\"http:\/\/www.w3.org\/2000\/svg\" class=\"list-377408\" width=\"20px\" height=\"20px\" viewBox=\"0 0 24 24\" fill=\"none\"><path d=\"M6 6H4v2h2V6zm14 0H8v2h12V6zM4 11h2v2H4v-2zm16 0H8v2h12v-2zM4 16h2v2H4v-2zm16 0H8v2h12v-2z\" fill=\"currentColor\"><\/path><\/svg><svg style=\"fill: #999;color:#999\" class=\"arrow-unsorted-368013\" xmlns=\"http:\/\/www.w3.org\/2000\/svg\" width=\"10px\" height=\"10px\" viewBox=\"0 0 24 24\" version=\"1.2\" baseProfile=\"tiny\"><path d=\"M18.2 9.3l-6.2-6.3-6.2 6.3c-.2.2-.3.4-.3.7s.1.5.3.7c.2.2.4.3.7.3h11c.3 0 .5-.1.7-.3.2-.2.3-.5.3-.7s-.1-.5-.3-.7zM5.8 14.7l6.2 6.3 6.2-6.3c.2-.2.3-.5.3-.7s-.1-.5-.3-.7c-.2-.2-.4-.3-.7-.3h-11c-.3 0-.5.1-.7.3-.2.2-.3.5-.3.7s.1.5.3.7z\"\/><\/svg><\/span><\/span><\/span><\/a><\/span><\/div>\n<nav><ul class='ez-toc-list ez-toc-list-level-1 ' ><li class='ez-toc-page-1 ez-toc-heading-level-2'><a class=\"ez-toc-link ez-toc-heading-1\" href=\"https:\/\/unox.com.tr\/de\/edelstahl-thermodynamische-falle\/#Was_ist_eine_Rostfreier_Thermodynamischer_Kondensatableiter\" >Was ist eine Rostfreier Thermodynamischer Kondensatableiter?<\/a><\/li><li class='ez-toc-page-1 ez-toc-heading-level-2'><a class=\"ez-toc-link ez-toc-heading-2\" href=\"https:\/\/unox.com.tr\/de\/edelstahl-thermodynamische-falle\/#Einsatzbereiche\" >Einsatzbereiche<\/a><\/li><li class='ez-toc-page-1 ez-toc-heading-level-2'><a class=\"ez-toc-link ez-toc-heading-3\" href=\"https:\/\/unox.com.tr\/de\/edelstahl-thermodynamische-falle\/#Produkteigenschaften\" >Produkteigenschaften<\/a><\/li><li class='ez-toc-page-1 ez-toc-heading-level-2'><a class=\"ez-toc-link ez-toc-heading-4\" href=\"https:\/\/unox.com.tr\/de\/edelstahl-thermodynamische-falle\/#Vorteile_Rostfreier_Thermodynamischer_Kondensatableiter\" >Vorteile Rostfreier Thermodynamischer Kondensatableiter<\/a><\/li><\/ul><\/nav><\/div>\n<h2><span class=\"ez-toc-section\" id=\"Was_ist_eine_Rostfreier_Thermodynamischer_Kondensatableiter\"><\/span><span style=\"font-size: 22px;\">Was ist eine Rostfreier Thermodynamischer Kondensatableiter?<\/span><span class=\"ez-toc-section-end\"><\/span><\/h2>\n<p>Ein thermodynamischer Ableiter, auch bekannt als W\u00e4rmefalle oder Kondensatableiter, ist eine Vorrichtung, die verwendet wird, um Kondensat, Dampf oder andere Gase aus einem System zu entfernen. Es wurde entwickelt, um den Durchgang dieser Substanzen zu erm\u00f6glichen und gleichzeitig einen W\u00e4rme- oder Dampfverlust aus dem System zu verhindern. Rostfreie thermodynamische Ableiter bestehen aus rostfreiem Stahl und werden in Anwendungen eingesetzt, bei denen Korrosionsbest\u00e4ndigkeit wichtig ist, wie z. B. in der Lebensmittel- und Getr\u00e4nkeindustrie oder in rauen Umgebungen.<\/p>\n<p>Es funktioniert, indem es die Prinzipien der Thermodynamik nutzt, um die Kondensation oder den Dampf im System von anderen Gasen zu trennen. Sie arbeiten nach dem Unterschied in Dichte und W\u00e4rmekapazit\u00e4t der getrennten Stoffe. W\u00e4hrend der Ableiter arbeitet, l\u00e4sst er das Kondensat oder den Dampf passieren und verhindert gleichzeitig einen W\u00e4rme- oder Dampfverlust aus dem System.<\/p>\n<h2><span class=\"ez-toc-section\" id=\"Einsatzbereiche\"><\/span><span style=\"font-size: 22px;\">Einsatzbereiche<\/span><span class=\"ez-toc-section-end\"><\/span><\/h2>\n<p>Thermodynamische Kondensatableiter werden in einer Vielzahl von industriellen und kommerziellen Anwendungen, einschlie\u00dflich Dampfheizsystemen, Prozessanlagen und Kraftwerken, weit verbreitet verwendet. Sie sind eine wesentliche Komponente in diesen Systemen, da sie dazu beitragen, die Effizienz und Effektivit\u00e4t des Systems aufrechtzuerhalten, indem sie bei Bedarf Kondensat und Dampf entfernen.<\/p>\n<h2><span class=\"ez-toc-section\" id=\"Produkteigenschaften\"><\/span><span style=\"font-size: 22px;\">Produkteigenschaften<\/span><span class=\"ez-toc-section-end\"><\/span><\/h2>\n<ul>\n<li><strong>Modell:<\/strong> UKT &#8211; 77 D<\/li>\n<li><strong>Gr\u00f6\u00dfe:<\/strong> 1\/2\u2033 &#8211; 3\/4\u2033 &#8211; 1\u2033<\/li>\n<li><strong>Geh\u00e4use:<\/strong> ASTM A743 GrCA40F<\/li>\n<li><strong>Siebscheibensitz:<\/strong> Edelstahl 420<\/li>\n<li><strong>Max. Betriebsdruck:<\/strong> 40 BAR<\/li>\n<li><strong>Max. Betriebstemperatur: <\/strong>400 \u00b0C<\/li>\n<li><strong>Mindestbetriebsdruck:  <\/strong>0,3 BAR<\/li>\n<li><strong>Anschluss:<\/strong> BSP- oder NPT-Gewinde optional<\/li>\n<\/ul>\n<h2><span class=\"ez-toc-section\" id=\"Vorteile_Rostfreier_Thermodynamischer_Kondensatableiter\"><\/span><span style=\"font-size: 22px;\">Vorteile Rostfreier Thermodynamischer Kondensatableiter<\/span><span class=\"ez-toc-section-end\"><\/span><\/h2>\n<ul>\n<li>Es kann in allen Betriebsbereichen ohne interne Anpassungen oder Modifikationen arbeiten.<\/li>\n<li>Sie sind kompakt, einfach, leicht und haben f\u00fcr ihre Gr\u00f6\u00dfe eine gro\u00dfe Kondensationskapazit\u00e4t.<\/li>\n<li>Es kann in Hochdruck und \u00fcberhitztem Dampf eingesetzt werden und ist unempfindlich gegen\u00fcber Wasserschl\u00e4gen oder Vibrationen.<\/li>\n<\/ul>\n<p>&nbsp;<\/p>\n<p>Sie k\u00f6nnen sich unser Video ansehen, um detailliertere Informationen \u00fcber Kondensatableiter zu erhalten.<\/p>\n<p>&nbsp;<\/p>\n<p><iframe title=\"Kondenstop nedir? \u00c7al\u0131\u015fma Prensibi nedir? What is a steam trap? What is the Working Principle? #10\" width=\"500\" height=\"281\" src=\"https:\/\/www.youtube.com\/embed\/RYm9XG8YP_E?feature=oembed\" frameborder=\"0\" allow=\"accelerometer; autoplay; clipboard-write; encrypted-media; gyroscope; picture-in-picture; web-share\" referrerpolicy=\"strict-origin-when-cross-origin\" allowfullscreen><\/iframe><\/p>\n","protected":false},"excerpt":{"rendered":"<p><a href=\"https:\/\/unox.com.tr\/wp-content\/uploads\/2023\/01\/Paslanmaz-Termodinamik-Kondenstop.pdf\" target=\"_blank\" rel=\"noopener\"><button style=\"background-color: #11224b; color: #ffffff; padding: 10px 15px; font-family: montserrat; font-weight: bold; font-size: 19px; border-radius: 10px;\"><img decoding=\"async\" style=\"width: 25px; height: 25px;\" src=\"https:\/\/unox.com.tr\/wp-content\/uploads\/2023\/02\/pdf-1.png\">PRODUKTKATALOG<\/button><\/a><\/p>\n<p><button style=\"background-color: #11224b; margin-top: 5px; color: white; padding: 0px 15px; width: 150px; height: 55px; border-radius: 10px; border: none; cursor: pointer;\"><br \/>\n<img decoding=\"async\" style=\"width: 120px; height: 30px;\" src=\"https:\/\/unox.com.tr\/wp-content\/uploads\/2023\/02\/4-1.svg\"><\/button><\/p>\n","protected":false},"featured_media":30527,"comment_status":"open","ping_status":"closed","template":"","meta":[],"product_brand":[],"product_cat":[1078,1077],"product_tag":[],"class_list":{"0":"post-36660","1":"product","2":"type-product","3":"status-publish","4":"has-post-thumbnail","6":"product_cat-kondensatableiter","7":"product_cat-kondensatableiteren","9":"first","10":"instock","11":"shipping-taxable","12":"product-type-simple"},"_links":{"self":[{"href":"https:\/\/unox.com.tr\/de\/wp-json\/wp\/v2\/product\/36660","targetHints":{"allow":["GET"]}}],"collection":[{"href":"https:\/\/unox.com.tr\/de\/wp-json\/wp\/v2\/product"}],"about":[{"href":"https:\/\/unox.com.tr\/de\/wp-json\/wp\/v2\/types\/product"}],"replies":[{"embeddable":true,"href":"https:\/\/unox.com.tr\/de\/wp-json\/wp\/v2\/comments?post=36660"}],"version-history":[{"count":0,"href":"https:\/\/unox.com.tr\/de\/wp-json\/wp\/v2\/product\/36660\/revisions"}],"wp:featuredmedia":[{"embeddable":true,"href":"https:\/\/unox.com.tr\/de\/wp-json\/wp\/v2\/media\/30527"}],"wp:attachment":[{"href":"https:\/\/unox.com.tr\/de\/wp-json\/wp\/v2\/media?parent=36660"}],"wp:term":[{"taxonomy":"product_brand","embeddable":true,"href":"https:\/\/unox.com.tr\/de\/wp-json\/wp\/v2\/product_brand?post=36660"},{"taxonomy":"product_cat","embeddable":true,"href":"https:\/\/unox.com.tr\/de\/wp-json\/wp\/v2\/product_cat?post=36660"},{"taxonomy":"product_tag","embeddable":true,"href":"https:\/\/unox.com.tr\/de\/wp-json\/wp\/v2\/product_tag?post=36660"}],"curies":[{"name":"wp","href":"https:\/\/api.w.org\/{rel}","templated":true}]}}