{"id":36666,"date":"2020-09-28T15:42:27","date_gmt":"2020-09-28T12:42:27","guid":{"rendered":"https:\/\/www.unox.com.tr\/urun\/fluessigkeitsfalle-entgaser-in-fluessigkeitskreislaeufen\/"},"modified":"2023-03-15T17:14:30","modified_gmt":"2023-03-15T14:14:30","slug":"flussigkeit-mull-flussigkeitskreislaufe-luft","status":"publish","type":"product","link":"https:\/\/unox.com.tr\/de\/flussigkeit-mull-flussigkeitskreislaufe-luft\/","title":{"rendered":"Fl\u00fcssigkeitsfalle \u201eEntgaser in Fl\u00fcssigkeit Skreisl\u00e4ufen\u201c"},"content":{"rendered":"<div id=\"ez-toc-container\" class=\"ez-toc-v2_0_82_2 counter-hierarchy ez-toc-counter ez-toc-grey ez-toc-container-direction\">\n<div class=\"ez-toc-title-container\">\n<p class=\"ez-toc-title\" style=\"cursor:inherit\">Sayfa \u0130\u00e7eri\u011fi<\/p>\n<span class=\"ez-toc-title-toggle\"><a href=\"#\" class=\"ez-toc-pull-right ez-toc-btn ez-toc-btn-xs ez-toc-btn-default ez-toc-toggle\" aria-label=\"Toggle Table of Content\"><span class=\"ez-toc-js-icon-con\"><span class=\"\"><span class=\"eztoc-hide\" style=\"display:none;\">Toggle<\/span><span class=\"ez-toc-icon-toggle-span\"><svg style=\"fill: #999;color:#999\" xmlns=\"http:\/\/www.w3.org\/2000\/svg\" class=\"list-377408\" width=\"20px\" height=\"20px\" viewBox=\"0 0 24 24\" fill=\"none\"><path d=\"M6 6H4v2h2V6zm14 0H8v2h12V6zM4 11h2v2H4v-2zm16 0H8v2h12v-2zM4 16h2v2H4v-2zm16 0H8v2h12v-2z\" fill=\"currentColor\"><\/path><\/svg><svg style=\"fill: #999;color:#999\" class=\"arrow-unsorted-368013\" xmlns=\"http:\/\/www.w3.org\/2000\/svg\" width=\"10px\" height=\"10px\" viewBox=\"0 0 24 24\" version=\"1.2\" baseProfile=\"tiny\"><path d=\"M18.2 9.3l-6.2-6.3-6.2 6.3c-.2.2-.3.4-.3.7s.1.5.3.7c.2.2.4.3.7.3h11c.3 0 .5-.1.7-.3.2-.2.3-.5.3-.7s-.1-.5-.3-.7zM5.8 14.7l6.2 6.3 6.2-6.3c.2-.2.3-.5.3-.7s-.1-.5-.3-.7c-.2-.2-.4-.3-.7-.3h-11c-.3 0-.5.1-.7.3-.2.2-.3.5-.3.7s.1.5.3.7z\"\/><\/svg><\/span><\/span><\/span><\/a><\/span><\/div>\n<nav><ul class='ez-toc-list ez-toc-list-level-1 ' ><li class='ez-toc-page-1 ez-toc-heading-level-2'><a class=\"ez-toc-link ez-toc-heading-1\" href=\"https:\/\/unox.com.tr\/de\/flussigkeit-mull-flussigkeitskreislaufe-luft\/#Was_ist_eine_Fluessigkeitsfalle\" >Was ist eine Fl\u00fcssigkeitsfalle?<\/a><ul class='ez-toc-list-level-3' ><li class='ez-toc-heading-level-3'><a class=\"ez-toc-link ez-toc-heading-2\" href=\"https:\/\/unox.com.tr\/de\/flussigkeit-mull-flussigkeitskreislaufe-luft\/#Es_gibt_verschiedene_Arten_von_Fluessigkeitsfallen_darunter\" >Es gibt verschiedene Arten von Fl\u00fcssigkeitsfallen, darunter:<\/a><\/li><\/ul><\/li><li class='ez-toc-page-1 ez-toc-heading-level-2'><a class=\"ez-toc-link ez-toc-heading-3\" href=\"https:\/\/unox.com.tr\/de\/flussigkeit-mull-flussigkeitskreislaufe-luft\/#Produkteigenschaften\" >Produkteigenschaften<\/a><\/li><li class='ez-toc-page-1 ez-toc-heading-level-2'><a class=\"ez-toc-link ez-toc-heading-4\" href=\"https:\/\/unox.com.tr\/de\/flussigkeit-mull-flussigkeitskreislaufe-luft\/#Anwendungsbereiche_fuer_Fluessigkeitsabscheider\" >Anwendungsbereiche f\u00fcr Fl\u00fcssigkeitsabscheider<\/a><\/li><\/ul><\/nav><\/div>\n<h2><span class=\"ez-toc-section\" id=\"Was_ist_eine_Fluessigkeitsfalle\"><\/span><span style=\"font-size: 22px;\">Was ist eine Fl\u00fcssigkeitsfalle?<\/span><span class=\"ez-toc-section-end\"><\/span><\/h2>\n<p>Luft und nicht kondensierte Gase, die nicht aus Rohrleitungen entfernt werden k\u00f6nnen, verursachen St\u00f6rungen und Leistungseinbu\u00dfen in Systemen, die Fl\u00fcssigkeiten verwenden. UNOX Gewinde-Fl\u00fcssigkeitsabscheider, der die Rolle des Luftreinigers in Fl\u00fcssigkeitskreisl\u00e4ufen spielt, verhindert die Verschlechterung von Metallen und Legierungen, das Verstopfen von Systemen, den Verschlei\u00df von Pumpen und hilft, die Zirkulation und Zirkulationsbewegung vollst\u00e4ndig zu realisieren.<\/p>\n<p>Es wird verwendet, um die Luft aus den UNOX-Fl\u00fcssigkeitssystemen zu entfernen, die L\u00e4rmbel\u00e4stigung verursacht und die Zirkulation erschwert, indem sie innerhalb des Kondensatableitersystems aus dem System zirkuliert. Es kann vor Ort gewartet werden, ohne es bei Bedarf vom System zu trennen. Sie k\u00f6nnen je nach Beschaffenheit der Anlage in unterschiedlichen Durchmessern ausgew\u00e4hlt und eingesetzt werden.<\/p>\n<p>Fl\u00fcssigkeitsfallen bestehen typischerweise aus Materialien, die korrosionsbest\u00e4ndig sind und den Temperatur- und Druckbedingungen des Systems standhalten, in dem sie verwendet werden. Sie k\u00f6nnen je nach Anwendung leicht zu reinigen oder auszutauschen sein.<\/p>\n<h3><span class=\"ez-toc-section\" id=\"Es_gibt_verschiedene_Arten_von_Fluessigkeitsfallen_darunter\"><\/span><span style=\"font-size: 18px;\">Es gibt verschiedene Arten von Fl\u00fcssigkeitsfallen, darunter:<\/span><span class=\"ez-toc-section-end\"><\/span><\/h3>\n<ul>\n<li><strong>Schwerkraftfallen<\/strong>: Diese nutzen das Gewicht der Fl\u00fcssigkeit, um sie von dem durch das System str\u00f6menden Gas oder Dampf zu trennen.<\/li>\n<li><strong>Koh\u00e4sive Fallen<\/strong>: Diese verwenden einen Filter oder ein Netz, um Fl\u00fcssigkeitstr\u00f6pfchen von Gas oder Dampf zu trennen, die durch das System str\u00f6men.<\/li>\n<li><strong>Zentrifugalfallen<\/strong>: Diese verwenden eine Rotationskraft, um die Fl\u00fcssigkeit von dem durch das System str\u00f6menden Gas oder Dampf zu trennen.<\/li>\n<li><strong>Vakuumfallen<\/strong>: Diese verwenden ein Vakuum, um die Fl\u00fcssigkeit von dem durch das System str\u00f6menden Gas oder Dampf zu trennen.<\/li>\n<\/ul>\n<h2><span class=\"ez-toc-section\" id=\"Produkteigenschaften\"><\/span><span style=\"font-size: 22px;\">Produkteigenschaften<\/span><span class=\"ez-toc-section-end\"><\/span><\/h2>\n<ul>\n<li><strong>Geh\u00e4use<\/strong>: GGG 40.3 Sph\u00e4roguss<\/li>\n<li><strong>Decke:<\/strong> GGG Sph\u00e4roguss<\/li>\n<li><strong>Max. Betriebsdruck :<\/strong> 16 Bar<\/li>\n<li><strong>Max. Betriebstemperatur<\/strong>: 250\u00b0C<\/li>\n<li><strong>\u25b2p:<\/strong> 4,5 &#8211; 10 &#8211; 14bar<\/li>\n<\/ul>\n<h2><span class=\"ez-toc-section\" id=\"Anwendungsbereiche_fuer_Fluessigkeitsabscheider\"><\/span><span style=\"font-size: 22px;\">Anwendungsbereiche f\u00fcr Fl\u00fcssigkeitsabscheider<\/span><span class=\"ez-toc-section-end\"><\/span><\/h2>\n<ul>\n<li>Panzer<\/li>\n<li>W\u00e4rmetauscher<\/li>\n<li>Heizbatterien<\/li>\n<li>\u00d6fen<\/li>\n<li>Bef\u00fcllen und Entleeren von Beh\u00e4ltern<\/li>\n<li>Warmwasserboiler<\/li>\n<li>Fl\u00fcssigkeitskreisl\u00e4ufe<\/li>\n<\/ul>\n<p>&nbsp;<\/p>\n<p>Sie k\u00f6nnen sich unser Video ansehen, um detailliertere Informationen \u00fcber Kondensatableiter zu erhalten.<\/p>\n<p>&nbsp;<\/p>\n<p><iframe title=\"Kondenstop nedir? \u00c7al\u0131\u015fma Prensibi nedir? What is a steam trap? What is the Working Principle? #10\" width=\"500\" height=\"281\" src=\"https:\/\/www.youtube.com\/embed\/RYm9XG8YP_E?feature=oembed\" frameborder=\"0\" allow=\"accelerometer; autoplay; clipboard-write; encrypted-media; gyroscope; picture-in-picture; web-share\" referrerpolicy=\"strict-origin-when-cross-origin\" allowfullscreen><\/iframe><\/p>\n","protected":false},"excerpt":{"rendered":"<p><a href=\"https:\/\/unox.com.tr\/wp-content\/uploads\/2023\/01\/Sivi-Kondenstopu-Sivi-Devrelerde-Hava-Atici.pdf\" target=\"_blank\" rel=\"noopener\"><button style=\"background-color: #11224b; color: #ffffff; padding: 10px 15px; font-family: montserrat; font-weight: bold; font-size: 19px; border-radius: 10px;\"><img decoding=\"async\" style=\"width: 25px; height: 25px;\" src=\"https:\/\/unox.com.tr\/wp-content\/uploads\/2023\/02\/pdf-1.png\">PRODUKTKATALOG<\/button><\/a><\/p>\n<p><a href=\"https:\/\/unox.com.tr\/wp-content\/uploads\/2023\/02\/Sivi-Kondenstopu-Sivi-Devrelerde-Hava-Atici-1.pdf\" target=\"_blank\" rel=\"noopener\"><button style=\"background-color: #11224b; margin-top: 5px; color: #ffffff; padding: 10px 15px; font-family: montserrat; font-weight: bold; font-size: 16px; border-radius: 10px;\"><img decoding=\"async\" style=\"width: 25px; height: 25px;\" src=\"https:\/\/unox.com.tr\/wp-content\/uploads\/2023\/02\/pdf-1.png\">BEDIENUNGSANLEITUNG<\/button><\/a><\/p>\n<p><button style=\"background-color: #11224b; margin-top: 5px; color: white; padding: 0px 15px; width: 150px; height: 55px; border-radius: 10px; border: none; cursor: pointer;\"><br \/>\n<img decoding=\"async\" style=\"width: 120px; height: 30px;\" src=\"https:\/\/unox.com.tr\/wp-content\/uploads\/2023\/02\/4-1.svg\"><\/button><\/p>\n","protected":false},"featured_media":29642,"comment_status":"open","ping_status":"closed","template":"","meta":[],"product_brand":[],"product_cat":[1078,1077],"product_tag":[],"class_list":{"0":"post-36666","1":"product","2":"type-product","3":"status-publish","4":"has-post-thumbnail","6":"product_cat-kondensatableiter","7":"product_cat-kondensatableiteren","9":"first","10":"instock","11":"shipping-taxable","12":"product-type-simple"},"_links":{"self":[{"href":"https:\/\/unox.com.tr\/de\/wp-json\/wp\/v2\/product\/36666","targetHints":{"allow":["GET"]}}],"collection":[{"href":"https:\/\/unox.com.tr\/de\/wp-json\/wp\/v2\/product"}],"about":[{"href":"https:\/\/unox.com.tr\/de\/wp-json\/wp\/v2\/types\/product"}],"replies":[{"embeddable":true,"href":"https:\/\/unox.com.tr\/de\/wp-json\/wp\/v2\/comments?post=36666"}],"version-history":[{"count":0,"href":"https:\/\/unox.com.tr\/de\/wp-json\/wp\/v2\/product\/36666\/revisions"}],"wp:featuredmedia":[{"embeddable":true,"href":"https:\/\/unox.com.tr\/de\/wp-json\/wp\/v2\/media\/29642"}],"wp:attachment":[{"href":"https:\/\/unox.com.tr\/de\/wp-json\/wp\/v2\/media?parent=36666"}],"wp:term":[{"taxonomy":"product_brand","embeddable":true,"href":"https:\/\/unox.com.tr\/de\/wp-json\/wp\/v2\/product_brand?post=36666"},{"taxonomy":"product_cat","embeddable":true,"href":"https:\/\/unox.com.tr\/de\/wp-json\/wp\/v2\/product_cat?post=36666"},{"taxonomy":"product_tag","embeddable":true,"href":"https:\/\/unox.com.tr\/de\/wp-json\/wp\/v2\/product_tag?post=36666"}],"curies":[{"name":"wp","href":"https:\/\/api.w.org\/{rel}","templated":true}]}}