{"id":36669,"date":"2020-09-18T07:20:23","date_gmt":"2020-09-18T07:20:23","guid":{"rendered":"https:\/\/www.unox.com.tr\/urun\/y-typ-edelstahlsieb\/"},"modified":"2024-03-10T06:01:17","modified_gmt":"2024-03-10T03:01:17","slug":"y-typ-edelstahlsieb","status":"publish","type":"product","link":"https:\/\/unox.com.tr\/de\/y-typ-edelstahlsieb\/","title":{"rendered":"Y-Typ-Edelstahl Sieb"},"content":{"rendered":"<div id=\"ez-toc-container\" class=\"ez-toc-v2_0_82_2 counter-hierarchy ez-toc-counter ez-toc-grey ez-toc-container-direction\">\n<div class=\"ez-toc-title-container\">\n<p class=\"ez-toc-title\" style=\"cursor:inherit\">Sayfa \u0130\u00e7eri\u011fi<\/p>\n<span class=\"ez-toc-title-toggle\"><a href=\"#\" class=\"ez-toc-pull-right ez-toc-btn ez-toc-btn-xs ez-toc-btn-default ez-toc-toggle\" aria-label=\"Toggle Table of Content\"><span class=\"ez-toc-js-icon-con\"><span class=\"\"><span class=\"eztoc-hide\" style=\"display:none;\">Toggle<\/span><span class=\"ez-toc-icon-toggle-span\"><svg style=\"fill: #999;color:#999\" xmlns=\"http:\/\/www.w3.org\/2000\/svg\" class=\"list-377408\" width=\"20px\" height=\"20px\" viewBox=\"0 0 24 24\" fill=\"none\"><path d=\"M6 6H4v2h2V6zm14 0H8v2h12V6zM4 11h2v2H4v-2zm16 0H8v2h12v-2zM4 16h2v2H4v-2zm16 0H8v2h12v-2z\" fill=\"currentColor\"><\/path><\/svg><svg style=\"fill: #999;color:#999\" class=\"arrow-unsorted-368013\" xmlns=\"http:\/\/www.w3.org\/2000\/svg\" width=\"10px\" height=\"10px\" viewBox=\"0 0 24 24\" version=\"1.2\" baseProfile=\"tiny\"><path d=\"M18.2 9.3l-6.2-6.3-6.2 6.3c-.2.2-.3.4-.3.7s.1.5.3.7c.2.2.4.3.7.3h11c.3 0 .5-.1.7-.3.2-.2.3-.5.3-.7s-.1-.5-.3-.7zM5.8 14.7l6.2 6.3 6.2-6.3c.2-.2.3-.5.3-.7s-.1-.5-.3-.7c-.2-.2-.4-.3-.7-.3h-11c-.3 0-.5.1-.7.3-.2.2-.3.5-.3.7s.1.5.3.7z\"\/><\/svg><\/span><\/span><\/span><\/a><\/span><\/div>\n<nav><ul class='ez-toc-list ez-toc-list-level-1 ' ><li class='ez-toc-page-1 ez-toc-heading-level-2'><a class=\"ez-toc-link ez-toc-heading-1\" href=\"https:\/\/unox.com.tr\/de\/y-typ-edelstahlsieb\/#Was_ist_ein_Edelstahl_Sieb\" >Was ist ein Edelstahl Sieb?<\/a><\/li><li class='ez-toc-page-1 ez-toc-heading-level-2'><a class=\"ez-toc-link ez-toc-heading-2\" href=\"https:\/\/unox.com.tr\/de\/y-typ-edelstahlsieb\/#Wo_wird_das_Sieb_verwendet\" >Wo wird das Sieb verwendet?<\/a><\/li><li class='ez-toc-page-1 ez-toc-heading-level-2'><a class=\"ez-toc-link ez-toc-heading-3\" href=\"https:\/\/unox.com.tr\/de\/y-typ-edelstahlsieb\/#Produkteigenschaften\" >Produkteigenschaften<\/a><\/li><li class='ez-toc-page-1 ez-toc-heading-level-2'><a class=\"ez-toc-link ez-toc-heading-4\" href=\"https:\/\/unox.com.tr\/de\/y-typ-edelstahlsieb\/#Geltungsbereich\" >Geltungsbereich<\/a><\/li><\/ul><\/nav><\/div>\n<h2><span class=\"ez-toc-section\" id=\"Was_ist_ein_Edelstahl_Sieb\"><\/span><span style=\"font-size: 22px;\">Was ist ein Edelstahl Sieb?<\/span><span class=\"ez-toc-section-end\"><\/span><\/h2>\n<p>Es kann als ein Rohrfitting definiert werden, das als Sieb oder Filter dient, um zu verhindern, dass sich Fl\u00fcssigkeitsstrom aus Feststoffen in oder mischen. Es f\u00e4ngt Rohrleitungsr\u00fcckst\u00e4nde wie Zunder, Rost, Fugenmasse und Schwei\u00dfmetall in Rohrleitungen auf, sch\u00fctzt Ger\u00e4te und Prozesse vor ihren sch\u00e4dlichen Auswirkungen und reduziert so Ausfallzeiten und Wartungsarbeiten. Die Verwendung der richtigen Filter an den richtigen Stellen, Pumpen, Durchflussmessern, Ableitern, Steuerventilen usw. Es ist ein Muss f\u00fcr teure und kritische Durchflussger\u00e4te wie Gesundheit und langlebigen Betrieb.  Diese mechanischen Einrichtungen, die ohne Demontage leicht gereinigt werden k\u00f6nnen, sind auch sehr wartungsfreundlich.<\/p>\n<h2><span class=\"ez-toc-section\" id=\"Wo_wird_das_Sieb_verwendet\"><\/span><span style=\"font-size: 22px;\">Wo wird das Sieb verwendet?<\/span><span class=\"ez-toc-section-end\"><\/span><\/h2>\n<p>Siebe werden in verschiedenen Sanit\u00e4rsystemen verwendet. Diese Sanit\u00e4rsysteme umfassen verschiedene Systeme wie Sanit\u00e4r-, Gas-, L\u00fcftungs-, Heizungs- und K\u00fchlsysteme. Es wird verwendet, um das Eindringen von Schmutz, Schmutz und anderen Abf\u00e4llen in die Ventile zu verhindern, damit der Betrieb der Installationssysteme ordnungsgem\u00e4\u00df fortgesetzt wird. Es ist ein wichtiger Bestandteil zur Aufrechterhaltung der ordnungsgem\u00e4\u00dfen Funktion von Sanit\u00e4ranlagen und wird daher an verschiedenen Stellen eingesetzt.<\/p>\n<h2><span class=\"ez-toc-section\" id=\"Produkteigenschaften\"><\/span><span style=\"font-size: 22px;\">Produkteigenschaften<\/span><span class=\"ez-toc-section-end\"><\/span><\/h2>\n<ul>\n<li><strong>Dichtung:<\/strong> EPDM, Viton, Teflon, Silikon<\/li>\n<li><strong>K\u00f6rper:<\/strong> AISI 304 \/ AISI 316<\/li>\n<li><strong>Scheibe:<\/strong> AISI 304 \/ AISI 316<\/li>\n<li><strong>Verbindungstyp:<\/strong> Geschwei\u00dft \/ Gewinde \/ Geklemmt<\/li>\n<li><strong>Druckklasse:<\/strong> PN6 \/ PN10<\/li>\n<\/ul>\n<h2><span class=\"ez-toc-section\" id=\"Geltungsbereich\"><\/span><span style=\"font-size: 22px;\">Geltungsbereich<\/span><span class=\"ez-toc-section-end\"><\/span><\/h2>\n<p>Y-Filter werden in einer Vielzahl von Fl\u00fcssigkeitsfiltrationsanwendungen eingesetzt, um nachgeschaltete Systemkomponenten in vielen Branchen zu sch\u00fctzen, darunter chemische Verarbeitung, Erd\u00f6l, Energieerzeugung und Schifffahrt.<\/p>\n<p>Wasseraufbereitungsanwendungen sind sehr verbreitet, wenn Y-Siebe verwendet werden, um Ger\u00e4te zu sch\u00fctzen, die durch unerw\u00fcnschten Sand, Kies oder andere Ablagerungen besch\u00e4digt oder verstopft werden k\u00f6nnten.<\/p>\n","protected":false},"excerpt":{"rendered":"<p><a href=\"https:\/\/unox.com.tr\/wp-content\/uploads\/2023\/01\/Y-tipi-Paslanmaz-Pislik-Tutucu.pdf\" target=\"_blank\" rel=\"noopener\"><button style=\"background-color: #11224b; color: #ffffff; padding: 10px 15px; font-family: montserrat; font-weight: bold; font-size: 19px; border-radius: 10px;\"><img decoding=\"async\" style=\"width: 25px; height: 25px;\" src=\"https:\/\/unox.com.tr\/wp-content\/uploads\/2023\/02\/pdf-1.png\">PRODUKTKATALOG<\/button><\/a><\/p>\n<p><button style=\"background-color: #11224b; margin-top: 5px; color: white; padding: 0px 15px; width: 150px; height: 55px; border-radius: 10px; border: none; cursor: pointer;\"><br \/>\n<img decoding=\"async\" style=\"width: 120px; height: 30px;\" src=\"https:\/\/unox.com.tr\/wp-content\/uploads\/2023\/02\/4-1.svg\"><\/button><\/p>\n","protected":false},"featured_media":69514,"comment_status":"closed","ping_status":"closed","template":"","meta":{"_joinchat":[]},"product_brand":[],"product_cat":[1388,1629,1143],"product_tag":[],"class_list":{"0":"post-36669","1":"product","2":"type-product","3":"status-publish","4":"has-post-thumbnail","6":"product_cat-y-typ-siebe","7":"product_cat-ventil-aus-rostfreiem-stahl","8":"product_cat-ventilgruppe","10":"first","11":"instock","12":"shipping-taxable","13":"product-type-simple"},"_links":{"self":[{"href":"https:\/\/unox.com.tr\/de\/wp-json\/wp\/v2\/product\/36669","targetHints":{"allow":["GET"]}}],"collection":[{"href":"https:\/\/unox.com.tr\/de\/wp-json\/wp\/v2\/product"}],"about":[{"href":"https:\/\/unox.com.tr\/de\/wp-json\/wp\/v2\/types\/product"}],"replies":[{"embeddable":true,"href":"https:\/\/unox.com.tr\/de\/wp-json\/wp\/v2\/comments?post=36669"}],"version-history":[{"count":0,"href":"https:\/\/unox.com.tr\/de\/wp-json\/wp\/v2\/product\/36669\/revisions"}],"wp:featuredmedia":[{"embeddable":true,"href":"https:\/\/unox.com.tr\/de\/wp-json\/wp\/v2\/media\/69514"}],"wp:attachment":[{"href":"https:\/\/unox.com.tr\/de\/wp-json\/wp\/v2\/media?parent=36669"}],"wp:term":[{"taxonomy":"product_brand","embeddable":true,"href":"https:\/\/unox.com.tr\/de\/wp-json\/wp\/v2\/product_brand?post=36669"},{"taxonomy":"product_cat","embeddable":true,"href":"https:\/\/unox.com.tr\/de\/wp-json\/wp\/v2\/product_cat?post=36669"},{"taxonomy":"product_tag","embeddable":true,"href":"https:\/\/unox.com.tr\/de\/wp-json\/wp\/v2\/product_tag?post=36669"}],"curies":[{"name":"wp","href":"https:\/\/api.w.org\/{rel}","templated":true}]}}