{"id":39734,"date":"2022-12-12T06:08:37","date_gmt":"2022-12-12T06:08:37","guid":{"rendered":"https:\/\/www.unox.com.tr\/urun\/geflanschtes-durchgangsventil\/"},"modified":"2023-03-14T09:26:05","modified_gmt":"2023-03-14T06:26:05","slug":"flansch-glob-ventil","status":"publish","type":"product","link":"https:\/\/unox.com.tr\/de\/flansch-glob-ventil\/","title":{"rendered":"Flanschkugelventil"},"content":{"rendered":"<div id=\"ez-toc-container\" class=\"ez-toc-v2_0_82_2 counter-hierarchy ez-toc-counter ez-toc-grey ez-toc-container-direction\">\n<div class=\"ez-toc-title-container\">\n<p class=\"ez-toc-title\" style=\"cursor:inherit\">Sayfa \u0130\u00e7eri\u011fi<\/p>\n<span class=\"ez-toc-title-toggle\"><a href=\"#\" class=\"ez-toc-pull-right ez-toc-btn ez-toc-btn-xs ez-toc-btn-default ez-toc-toggle\" aria-label=\"Toggle Table of Content\"><span class=\"ez-toc-js-icon-con\"><span class=\"\"><span class=\"eztoc-hide\" style=\"display:none;\">Toggle<\/span><span class=\"ez-toc-icon-toggle-span\"><svg style=\"fill: #999;color:#999\" xmlns=\"http:\/\/www.w3.org\/2000\/svg\" class=\"list-377408\" width=\"20px\" height=\"20px\" viewBox=\"0 0 24 24\" fill=\"none\"><path d=\"M6 6H4v2h2V6zm14 0H8v2h12V6zM4 11h2v2H4v-2zm16 0H8v2h12v-2zM4 16h2v2H4v-2zm16 0H8v2h12v-2z\" fill=\"currentColor\"><\/path><\/svg><svg style=\"fill: #999;color:#999\" class=\"arrow-unsorted-368013\" xmlns=\"http:\/\/www.w3.org\/2000\/svg\" width=\"10px\" height=\"10px\" viewBox=\"0 0 24 24\" version=\"1.2\" baseProfile=\"tiny\"><path d=\"M18.2 9.3l-6.2-6.3-6.2 6.3c-.2.2-.3.4-.3.7s.1.5.3.7c.2.2.4.3.7.3h11c.3 0 .5-.1.7-.3.2-.2.3-.5.3-.7s-.1-.5-.3-.7zM5.8 14.7l6.2 6.3 6.2-6.3c.2-.2.3-.5.3-.7s-.1-.5-.3-.7c-.2-.2-.4-.3-.7-.3h-11c-.3 0-.5.1-.7.3-.2.2-.3.5-.3.7s.1.5.3.7z\"\/><\/svg><\/span><\/span><\/span><\/a><\/span><\/div>\n<nav><ul class='ez-toc-list ez-toc-list-level-1 ' ><li class='ez-toc-page-1 ez-toc-heading-level-2'><a class=\"ez-toc-link ez-toc-heading-1\" href=\"https:\/\/unox.com.tr\/de\/flansch-glob-ventil\/#Was_ist_ein_Kugelventil\" >Was ist ein Kugelventil?<\/a><\/li><li class='ez-toc-page-1 ez-toc-heading-level-2'><a class=\"ez-toc-link ez-toc-heading-2\" href=\"https:\/\/unox.com.tr\/de\/flansch-glob-ventil\/#Wo_wird_das_Absperrventil_verwendet\" >Wo wird das Absperrventil verwendet?<\/a><\/li><li class='ez-toc-page-1 ez-toc-heading-level-2'><a class=\"ez-toc-link ez-toc-heading-3\" href=\"https:\/\/unox.com.tr\/de\/flansch-glob-ventil\/#Geltungsbereich\" >Geltungsbereich<\/a><\/li><\/ul><\/nav><\/div>\n<h2><span class=\"ez-toc-section\" id=\"Was_ist_ein_Kugelventil\"><\/span><span style=\"font-size: 22px;\">Was ist ein Kugelventil?<\/span><span class=\"ez-toc-section-end\"><\/span><\/h2>\n<p>Absperrventile sind ein bevorzugter Ventiltyp in empfindlichen Durchfluss\u00fcbertragungsanwendungen. Diese Ventiltypen bieten eine sehr effektive Dichtleistung und werden mit diesen Eigenschaften in vielen Bereichen eingesetzt.<br \/>\nDas Arbeitsprinzip basiert im Allgemeinen darauf, den Durchfluss zu unterbrechen oder umgekehrt freizugeben, wenn eine Scheibe, die sich senkrecht zur Bewegung des Fluids bewegt, auf dem Sitz im Inneren des Ventilk\u00f6rpers sitzt. Dieses System erm\u00f6glicht auch eine vollst\u00e4ndige Abdichtung.<\/p>\n<h2><span class=\"ez-toc-section\" id=\"Wo_wird_das_Absperrventil_verwendet\"><\/span><span style=\"font-size: 22px;\">Wo wird das Absperrventil verwendet?<\/span><span class=\"ez-toc-section-end\"><\/span><\/h2>\n<p>Absperrventile werden in einer Vielzahl von Branchen und Anwendungen eingesetzt. Sie werden h\u00e4ufig verwendet, um den Durchfluss von Fl\u00fcssigkeiten oder Gasen in Rohrleitungen zu regulieren. Sie werden im Allgemeinen dort eingesetzt, wo eine pr\u00e4zise Steuerung des Durchflusses erforderlich ist, wie z. B. bei der Steuerung von Dampf oder anderen unter Druck stehenden Fl\u00fcssigkeiten in einem Kraftwerk oder bei der Regulierung des \u00d6l- oder Erdgasflusses in einer Raffinerie oder Pipeline. Es wird auch in Wasseraufbereitungsanlagen und anderen industriellen Umgebungen verwendet, in denen die Durchflusskontrolle wichtig ist. Dar\u00fcber hinaus wird es manchmal verwendet, um den Wasserfluss in privaten und gewerblichen Sanit\u00e4rsystemen zu steuern.<\/p>\n<h2><span class=\"ez-toc-section\" id=\"Geltungsbereich\"><\/span><span style=\"font-size: 22px;\">Geltungsbereich<\/span><span class=\"ez-toc-section-end\"><\/span><\/h2>\n<ul>\n<li>Wasser<\/li>\n<li>warmes Wasser<\/li>\n<li>Hei\u00dfes Wasser<\/li>\n<li>Dampf<\/li>\n<li>Pressluft<\/li>\n<li>Nicht brennbare Gase<\/li>\n<li>Industrielle Anwendungen<\/li>\n<\/ul>\n","protected":false},"excerpt":{"rendered":"<p><a href=\"https:\/\/unox.com.tr\/wp-content\/uploads\/2022\/12\/GLOB-VANA.pdf\" target=\"_blank\" rel=\"noopener\"><button style=\"background-color: #11224b; color: #ffffff; padding: 10px 15px; font-family: montserrat; font-weight: bold; font-size: 19px; border-radius: 10px;\"><img decoding=\"async\" style=\"width: 25px; height: 25px;\" src=\"https:\/\/unox.com.tr\/wp-content\/uploads\/2023\/02\/pdf-1.png\">PRODUKTKATALOG<\/button><\/a><\/p>\n<p><button style=\"background-color: #11224b; margin-top: 5px; color: white; padding: 0px 15px; width: 150px; height: 55px; border-radius: 10px; border: none; cursor: pointer;\"><br \/>\n<img decoding=\"async\" style=\"width: 120px; height: 30px;\" src=\"https:\/\/unox.com.tr\/wp-content\/uploads\/2023\/02\/4-1.svg\"><\/button><\/p>\n","protected":false},"featured_media":69367,"comment_status":"closed","ping_status":"closed","template":"","meta":{"_joinchat":[]},"product_brand":[],"product_cat":[1398,1143],"product_tag":[],"class_list":{"0":"post-39734","1":"product","2":"type-product","3":"status-publish","4":"has-post-thumbnail","6":"product_cat-kugelventile","7":"product_cat-ventilgruppe","9":"first","10":"instock","11":"shipping-taxable","12":"product-type-simple"},"_links":{"self":[{"href":"https:\/\/unox.com.tr\/de\/wp-json\/wp\/v2\/product\/39734","targetHints":{"allow":["GET"]}}],"collection":[{"href":"https:\/\/unox.com.tr\/de\/wp-json\/wp\/v2\/product"}],"about":[{"href":"https:\/\/unox.com.tr\/de\/wp-json\/wp\/v2\/types\/product"}],"replies":[{"embeddable":true,"href":"https:\/\/unox.com.tr\/de\/wp-json\/wp\/v2\/comments?post=39734"}],"version-history":[{"count":0,"href":"https:\/\/unox.com.tr\/de\/wp-json\/wp\/v2\/product\/39734\/revisions"}],"wp:featuredmedia":[{"embeddable":true,"href":"https:\/\/unox.com.tr\/de\/wp-json\/wp\/v2\/media\/69367"}],"wp:attachment":[{"href":"https:\/\/unox.com.tr\/de\/wp-json\/wp\/v2\/media?parent=39734"}],"wp:term":[{"taxonomy":"product_brand","embeddable":true,"href":"https:\/\/unox.com.tr\/de\/wp-json\/wp\/v2\/product_brand?post=39734"},{"taxonomy":"product_cat","embeddable":true,"href":"https:\/\/unox.com.tr\/de\/wp-json\/wp\/v2\/product_cat?post=39734"},{"taxonomy":"product_tag","embeddable":true,"href":"https:\/\/unox.com.tr\/de\/wp-json\/wp\/v2\/product_tag?post=39734"}],"curies":[{"name":"wp","href":"https:\/\/api.w.org\/{rel}","templated":true}]}}