{"id":39746,"date":"2022-12-09T14:21:33","date_gmt":"2022-12-09T11:21:33","guid":{"rendered":"https:\/\/www.unox.com.tr\/urun\/flanschkugelhahn-voller-durchgang-2p\/"},"modified":"2024-03-10T15:28:23","modified_gmt":"2024-03-10T12:28:23","slug":"flanschkugelhahn-volldurchgang-2p","status":"publish","type":"product","link":"https:\/\/unox.com.tr\/de\/flanschkugelhahn-volldurchgang-2p\/","title":{"rendered":"Flanschkugelhahn &#8211; Voller Durchgang \/ 2P"},"content":{"rendered":"<div id=\"ez-toc-container\" class=\"ez-toc-v2_0_82_2 counter-hierarchy ez-toc-counter ez-toc-grey ez-toc-container-direction\">\n<div class=\"ez-toc-title-container\">\n<p class=\"ez-toc-title\" style=\"cursor:inherit\">Sayfa \u0130\u00e7eri\u011fi<\/p>\n<span class=\"ez-toc-title-toggle\"><a href=\"#\" class=\"ez-toc-pull-right ez-toc-btn ez-toc-btn-xs ez-toc-btn-default ez-toc-toggle\" aria-label=\"Toggle Table of Content\"><span class=\"ez-toc-js-icon-con\"><span class=\"\"><span class=\"eztoc-hide\" style=\"display:none;\">Toggle<\/span><span class=\"ez-toc-icon-toggle-span\"><svg style=\"fill: #999;color:#999\" xmlns=\"http:\/\/www.w3.org\/2000\/svg\" class=\"list-377408\" width=\"20px\" height=\"20px\" viewBox=\"0 0 24 24\" fill=\"none\"><path d=\"M6 6H4v2h2V6zm14 0H8v2h12V6zM4 11h2v2H4v-2zm16 0H8v2h12v-2zM4 16h2v2H4v-2zm16 0H8v2h12v-2z\" fill=\"currentColor\"><\/path><\/svg><svg style=\"fill: #999;color:#999\" class=\"arrow-unsorted-368013\" xmlns=\"http:\/\/www.w3.org\/2000\/svg\" width=\"10px\" height=\"10px\" viewBox=\"0 0 24 24\" version=\"1.2\" baseProfile=\"tiny\"><path d=\"M18.2 9.3l-6.2-6.3-6.2 6.3c-.2.2-.3.4-.3.7s.1.5.3.7c.2.2.4.3.7.3h11c.3 0 .5-.1.7-.3.2-.2.3-.5.3-.7s-.1-.5-.3-.7zM5.8 14.7l6.2 6.3 6.2-6.3c.2-.2.3-.5.3-.7s-.1-.5-.3-.7c-.2-.2-.4-.3-.7-.3h-11c-.3 0-.5.1-.7.3-.2.2-.3.5-.3.7s.1.5.3.7z\"\/><\/svg><\/span><\/span><\/span><\/a><\/span><\/div>\n<nav><ul class='ez-toc-list ez-toc-list-level-1 ' ><li class='ez-toc-page-1 ez-toc-heading-level-2'><a class=\"ez-toc-link ez-toc-heading-1\" href=\"https:\/\/unox.com.tr\/de\/flanschkugelhahn-volldurchgang-2p\/#Was_ist_ein_Flanschkugelhahn\" >Was ist ein Flanschkugelhahn?<\/a><\/li><li class='ez-toc-page-1 ez-toc-heading-level-2'><a class=\"ez-toc-link ez-toc-heading-2\" href=\"https:\/\/unox.com.tr\/de\/flanschkugelhahn-volldurchgang-2p\/#Was_ist_Flansch\" >Was ist Flansch?<\/a><\/li><li class='ez-toc-page-1 ez-toc-heading-level-2'><a class=\"ez-toc-link ez-toc-heading-3\" href=\"https:\/\/unox.com.tr\/de\/flanschkugelhahn-volldurchgang-2p\/#Geltungsbereich\" >Geltungsbereich<\/a><\/li><li class='ez-toc-page-1 ez-toc-heading-level-2'><a class=\"ez-toc-link ez-toc-heading-4\" href=\"https:\/\/unox.com.tr\/de\/flanschkugelhahn-volldurchgang-2p\/#Vor-_und_Nachteile_von_Kugelhaehnen\" >Vor- und Nachteile von Kugelh\u00e4hnen<\/a><ul class='ez-toc-list-level-3' ><li class='ez-toc-heading-level-3'><a class=\"ez-toc-link ez-toc-heading-5\" href=\"https:\/\/unox.com.tr\/de\/flanschkugelhahn-volldurchgang-2p\/#Vorteile\" >Vorteile<\/a><\/li><li class='ez-toc-page-1 ez-toc-heading-level-3'><a class=\"ez-toc-link ez-toc-heading-6\" href=\"https:\/\/unox.com.tr\/de\/flanschkugelhahn-volldurchgang-2p\/#Nachteile\" >Nachteile<\/a><\/li><\/ul><\/li><\/ul><\/nav><\/div>\n<h2><span class=\"ez-toc-section\" id=\"Was_ist_ein_Flanschkugelhahn\"><\/span><span style=\"font-size: 22px;\">Was ist ein Flanschkugelhahn?<\/span><span class=\"ez-toc-section-end\"><\/span><\/h2>\n<p>Flanschkugelhahn; Es ist ein Drehschieber mit Vierteldrehung, der eine kugelf\u00f6rmige Scheibe verwendet, um den Durchfluss zu stoppen oder zu starten. Es ist definiert als ein mechanisches Ger\u00e4t, das den Fluss verschiedener Arten von Fl\u00fcssigkeiten durch die \u00d6ffnung einer Kugel mit einer \u00d6ffnung in der Mitte des Ventils lenkt und moduliert. Durch Drehen des Griffs am Kugelventil \u00f6ffnet\/schlie\u00dft es manuell den Anschluss, der den Druck des Fl\u00fcssigkeitsflusses steuert. Langlebigkeit und hervorragendes Absperren sind Merkmale, die den Kugelhahn gegen\u00fcber anderen Ventiltypen vorteilhaft machen.<\/p>\n<h2><span class=\"ez-toc-section\" id=\"Was_ist_Flansch\"><\/span><span style=\"font-size: 22px;\">Was ist Flansch?<\/span><span class=\"ez-toc-section-end\"><\/span><\/h2>\n<p>Edelstahl-Flanschabmessungen k\u00f6nnen bei geflanschten Kugelh\u00e4hnen abweichen. Das wichtigste Merkmal der mit Edelstahlflansch hergestellten Ventile ist ihre hohe Haltbarkeit. Rostfreie Flansche haben unterschiedliche Typen und unterschiedliche Flanschgr\u00f6\u00dfen, je nachdem, wo sie verwendet werden. Rostfreie Blindflansche und genormte Flansche werden in verschiedenen Gr\u00f6\u00dfen hergestellt und in rostfreien Kugelh\u00e4hnen verwendet. Zu ber\u00fccksichtigende Merkmale zur Bestimmung des geeigneten Ventils sind Temperatur und Druck, Anzahl der Anschl\u00fcsse, Ventilgr\u00f6\u00dfe, Geh\u00e4usematerialtyp, Endanschl\u00fcsse und Konfigurationen.<\/p>\n<h2><span class=\"ez-toc-section\" id=\"Geltungsbereich\"><\/span><span style=\"font-size: 22px;\">Geltungsbereich<\/span><span class=\"ez-toc-section-end\"><\/span><\/h2>\n<ul>\n<li>Luft-, Gas- und Fl\u00fcssigkeitsanwendungen<\/li>\n<li>Abfl\u00fcsse und Entl\u00fcftungen in Fl\u00fcssigkeiten, Gasen und anderen Fl\u00fcssigkeiten<\/li>\n<li>Dampfdienst<\/li>\n<li>Verpflegungsm\u00f6glichkeiten<\/li>\n<li>Chemieindustrie<\/li>\n<li>Papier-Haustier vs. Recyclingbereiche<\/li>\n<\/ul>\n<h2><span class=\"ez-toc-section\" id=\"Vor-_und_Nachteile_von_Kugelhaehnen\"><\/span><span style=\"font-size: 22px;\">Vor- und Nachteile von Kugelh\u00e4hnen<\/span><span class=\"ez-toc-section-end\"><\/span><\/h2>\n<h3><span class=\"ez-toc-section\" id=\"Vorteile\"><\/span><span style=\"font-size: 20px;\">Vorteile<\/span><span class=\"ez-toc-section-end\"><\/span><\/h3>\n<ul>\n<li>Schneller Ein-Aus-Betrieb<\/li>\n<li>Dichter Verschluss mit niedrigem Drehmoment<\/li>\n<li>Kleiner als die meisten anderen Ventile<\/li>\n<\/ul>\n<h3><span class=\"ez-toc-section\" id=\"Nachteile\"><\/span><span style=\"font-size: 20px;\">Nachteile<\/span><span class=\"ez-toc-section-end\"><\/span><\/h3>\n<ul>\n<li>Herk\u00f6mmliche Kugelh\u00e4hne haben schlechte Drosseleigenschaften.<\/li>\n<li>In G\u00fclle oder anderen Anwendungen k\u00f6nnen sich Schwebeteilchen absetzen, in Geh\u00e4usehohlr\u00e4umen eingeschlossen werden und Verschlei\u00df, Lecks oder Ventilversagen verursachen.<\/li>\n<\/ul>\n<p>&nbsp;<\/p>\n","protected":false},"excerpt":{"rendered":"<p><a href=\"https:\/\/unox.com.tr\/wp-content\/uploads\/2022\/12\/FLANSLI-KURESEL-VANA.pdf\" target=\"_blank\" rel=\"noopener\"><button style=\"background-color: #11224b; color: #ffffff; padding: 10px 15px; font-family: montserrat; font-weight: bold; font-size: 19px; border-radius: 10px;\"><img decoding=\"async\" style=\"width: 25px; height: 25px;\" src=\"https:\/\/unox.com.tr\/wp-content\/uploads\/2023\/02\/pdf-1.png\">PRODUKTKATALOG<\/button><\/a><\/p>\n<p><button style=\"background-color: #11224b; margin-top: 5px; color: white; padding: 0px 15px; width: 150px; height: 55px; border-radius: 10px; border: none; cursor: pointer;\"><br \/>\n<img decoding=\"async\" style=\"width: 120px; height: 30px;\" src=\"https:\/\/unox.com.tr\/wp-content\/uploads\/2023\/02\/4-1.svg\"><\/button><\/p>\n","protected":false},"featured_media":59379,"comment_status":"open","ping_status":"closed","template":"","meta":[],"product_brand":[],"product_cat":[1151,1143],"product_tag":[],"class_list":{"0":"post-39746","1":"product","2":"type-product","3":"status-publish","4":"has-post-thumbnail","6":"product_cat-kugelhahne","7":"product_cat-ventilgruppe","9":"first","10":"instock","11":"shipping-taxable","12":"product-type-simple"},"_links":{"self":[{"href":"https:\/\/unox.com.tr\/de\/wp-json\/wp\/v2\/product\/39746","targetHints":{"allow":["GET"]}}],"collection":[{"href":"https:\/\/unox.com.tr\/de\/wp-json\/wp\/v2\/product"}],"about":[{"href":"https:\/\/unox.com.tr\/de\/wp-json\/wp\/v2\/types\/product"}],"replies":[{"embeddable":true,"href":"https:\/\/unox.com.tr\/de\/wp-json\/wp\/v2\/comments?post=39746"}],"version-history":[{"count":0,"href":"https:\/\/unox.com.tr\/de\/wp-json\/wp\/v2\/product\/39746\/revisions"}],"wp:featuredmedia":[{"embeddable":true,"href":"https:\/\/unox.com.tr\/de\/wp-json\/wp\/v2\/media\/59379"}],"wp:attachment":[{"href":"https:\/\/unox.com.tr\/de\/wp-json\/wp\/v2\/media?parent=39746"}],"wp:term":[{"taxonomy":"product_brand","embeddable":true,"href":"https:\/\/unox.com.tr\/de\/wp-json\/wp\/v2\/product_brand?post=39746"},{"taxonomy":"product_cat","embeddable":true,"href":"https:\/\/unox.com.tr\/de\/wp-json\/wp\/v2\/product_cat?post=39746"},{"taxonomy":"product_tag","embeddable":true,"href":"https:\/\/unox.com.tr\/de\/wp-json\/wp\/v2\/product_tag?post=39746"}],"curies":[{"name":"wp","href":"https:\/\/api.w.org\/{rel}","templated":true}]}}