{"id":40008,"date":"2020-09-18T07:07:30","date_gmt":"2020-09-18T07:07:30","guid":{"rendered":"https:\/\/www.unox.com.tr\/urun\/2-teiliger-edelstahl-kugelhahn-mit-gewinde-flansch-oben\/"},"modified":"2023-03-16T09:13:38","modified_gmt":"2023-03-16T06:13:38","slug":"2-teiliger-edelstahl-kugelventil-dis-flansch","status":"publish","type":"product","link":"https:\/\/unox.com.tr\/de\/2-teiliger-edelstahl-kugelventil-dis-flansch\/","title":{"rendered":"2 Teiliger Edelstahl Kugelhahn \u2013 mit Gewinde, Flansch Oben"},"content":{"rendered":"<div id=\"ez-toc-container\" class=\"ez-toc-v2_0_82_2 counter-hierarchy ez-toc-counter ez-toc-grey ez-toc-container-direction\">\n<div class=\"ez-toc-title-container\">\n<p class=\"ez-toc-title\" style=\"cursor:inherit\">Sayfa \u0130\u00e7eri\u011fi<\/p>\n<span class=\"ez-toc-title-toggle\"><a href=\"#\" class=\"ez-toc-pull-right ez-toc-btn ez-toc-btn-xs ez-toc-btn-default ez-toc-toggle\" aria-label=\"Toggle Table of Content\"><span class=\"ez-toc-js-icon-con\"><span class=\"\"><span class=\"eztoc-hide\" style=\"display:none;\">Toggle<\/span><span class=\"ez-toc-icon-toggle-span\"><svg style=\"fill: #999;color:#999\" xmlns=\"http:\/\/www.w3.org\/2000\/svg\" class=\"list-377408\" width=\"20px\" height=\"20px\" viewBox=\"0 0 24 24\" fill=\"none\"><path d=\"M6 6H4v2h2V6zm14 0H8v2h12V6zM4 11h2v2H4v-2zm16 0H8v2h12v-2zM4 16h2v2H4v-2zm16 0H8v2h12v-2z\" fill=\"currentColor\"><\/path><\/svg><svg style=\"fill: #999;color:#999\" class=\"arrow-unsorted-368013\" xmlns=\"http:\/\/www.w3.org\/2000\/svg\" width=\"10px\" height=\"10px\" viewBox=\"0 0 24 24\" version=\"1.2\" baseProfile=\"tiny\"><path d=\"M18.2 9.3l-6.2-6.3-6.2 6.3c-.2.2-.3.4-.3.7s.1.5.3.7c.2.2.4.3.7.3h11c.3 0 .5-.1.7-.3.2-.2.3-.5.3-.7s-.1-.5-.3-.7zM5.8 14.7l6.2 6.3 6.2-6.3c.2-.2.3-.5.3-.7s-.1-.5-.3-.7c-.2-.2-.4-.3-.7-.3h-11c-.3 0-.5.1-.7.3-.2.2-.3.5-.3.7s.1.5.3.7z\"\/><\/svg><\/span><\/span><\/span><\/a><\/span><\/div>\n<nav><ul class='ez-toc-list ez-toc-list-level-1 ' ><li class='ez-toc-page-1 ez-toc-heading-level-2'><a class=\"ez-toc-link ez-toc-heading-1\" href=\"https:\/\/unox.com.tr\/de\/2-teiliger-edelstahl-kugelventil-dis-flansch\/#Was_ist_ein_zweiteiliger_Kugelhahn_aus_Edelstahl\" >Was ist ein zweiteiliger Kugelhahn aus Edelstahl?<\/a><\/li><li class='ez-toc-page-1 ez-toc-heading-level-2'><a class=\"ez-toc-link ez-toc-heading-2\" href=\"https:\/\/unox.com.tr\/de\/2-teiliger-edelstahl-kugelventil-dis-flansch\/#Wie_funktioniert_ein_zweiteiliger_Kugelhahn\" >Wie funktioniert ein zweiteiliger Kugelhahn?<\/a><\/li><li class='ez-toc-page-1 ez-toc-heading-level-2'><a class=\"ez-toc-link ez-toc-heading-3\" href=\"https:\/\/unox.com.tr\/de\/2-teiliger-edelstahl-kugelventil-dis-flansch\/#Allgemeine_Merkmale\" >Allgemeine Merkmale<\/a><\/li><li class='ez-toc-page-1 ez-toc-heading-level-2'><a class=\"ez-toc-link ez-toc-heading-4\" href=\"https:\/\/unox.com.tr\/de\/2-teiliger-edelstahl-kugelventil-dis-flansch\/#Geltungsbereich\" >Geltungsbereich<\/a><\/li><li class='ez-toc-page-1 ez-toc-heading-level-2'><a class=\"ez-toc-link ez-toc-heading-5\" href=\"https:\/\/unox.com.tr\/de\/2-teiliger-edelstahl-kugelventil-dis-flansch\/#Vor-_und_Nachteile_von_Kugelhaehnen\" >Vor- und Nachteile von Kugelh\u00e4hnen<\/a><ul class='ez-toc-list-level-3' ><li class='ez-toc-heading-level-3'><a class=\"ez-toc-link ez-toc-heading-6\" href=\"https:\/\/unox.com.tr\/de\/2-teiliger-edelstahl-kugelventil-dis-flansch\/#Vorteile\" >Vorteile<\/a><\/li><li class='ez-toc-page-1 ez-toc-heading-level-3'><a class=\"ez-toc-link ez-toc-heading-7\" href=\"https:\/\/unox.com.tr\/de\/2-teiliger-edelstahl-kugelventil-dis-flansch\/#Nachteile\" >Nachteile<\/a><\/li><\/ul><\/li><\/ul><\/nav><\/div>\n<h2><span class=\"ez-toc-section\" id=\"Was_ist_ein_zweiteiliger_Kugelhahn_aus_Edelstahl\"><\/span><span style=\"font-size: 22px;\">Was ist ein zweiteiliger Kugelhahn aus Edelstahl?<\/span><span class=\"ez-toc-section-end\"><\/span><\/h2>\n<p>2-teiliges Edelstahl-Kugelventil; Es ist ein Drehschieber mit Vierteldrehung, der eine kugelf\u00f6rmige Scheibe verwendet, um den Durchfluss zu stoppen oder zu starten. Es ist definiert als ein mechanisches Ger\u00e4t, das den Fluss verschiedener Arten von Fl\u00fcssigkeiten durch die \u00d6ffnung einer Kugel mit einer \u00d6ffnung in der Mitte des Ventils lenkt und moduliert. Durch Drehen des Griffs am Ventil \u00f6ffnet\/schlie\u00dft es manuell den Anschluss, der den Druck des Fl\u00fcssigkeitsflusses steuert. Langlebigkeit und hervorragendes Absperren sind Merkmale, die den Kugelhahn gegen\u00fcber anderen Ventiltypen vorteilhaft machen.<\/p>\n<h2><span class=\"ez-toc-section\" id=\"Wie_funktioniert_ein_zweiteiliger_Kugelhahn\"><\/span><span style=\"font-size: 22px;\">Wie funktioniert ein zweiteiliger Kugelhahn?<\/span><span class=\"ez-toc-section-end\"><\/span><\/h2>\n<p>Komplexere Steuersysteme, die Ventile verwenden, die den Durchfluss durch ein Rohr regulieren m\u00fcssen, ben\u00f6tigen einen Stellantrieb. Der Aktuator steuert das Ventil pneumatisch oder elektrisch und stellt sicher, dass der Fl\u00fcssigkeitsfluss richtig positioniert ist, um empfindlich auf unterschiedliche Dr\u00fccke und Durchflussniveaus zu reagieren. Zu ber\u00fccksichtigende Merkmale zur Bestimmung des geeigneten Ventils sind Temperatur und Druck, Anzahl der Anschl\u00fcsse, Ventilgr\u00f6\u00dfe, Geh\u00e4usematerialtyp, Endanschl\u00fcsse und Konfigurationen.<\/p>\n<h2><span class=\"ez-toc-section\" id=\"Allgemeine_Merkmale\"><\/span><span style=\"font-size: 22px;\">Allgemeine Merkmale<\/span><span class=\"ez-toc-section-end\"><\/span><\/h2>\n<ul>\n<li><strong>Geh\u00e4use:<\/strong> Edelstahl AISI304<\/li>\n<li><strong>Kugel:<\/strong> Edelstahl AISI304<\/li>\n<li><strong>Anschl\u00fcsse:<\/strong> Gewinde BSP<\/li>\n<li><strong>Nenndurchmesser:<\/strong> DN15 (1\/2&#8243;) &#8211; DN100 (4&#8243;)<\/li>\n<li><strong>Druckwerte:<\/strong> max. 63 bar<\/li>\n<li><strong>Temperatur :<\/strong> -10\u00baC&#8217;\/+180\u00baC je nach Materialstruktur<\/li>\n<\/ul>\n<h2><span class=\"ez-toc-section\" id=\"Geltungsbereich\"><\/span><span style=\"font-size: 22px;\">Geltungsbereich<\/span><span class=\"ez-toc-section-end\"><\/span><\/h2>\n<ul>\n<li>Luft-, Gas- und Fl\u00fcssigkeitsanwendungen<\/li>\n<li>Abfl\u00fcsse und Entl\u00fcftungen in Fl\u00fcssigkeiten, Gasen und anderen Fl\u00fcssigkeiten<\/li>\n<li>Dampfdienst<\/li>\n<li>Verpflegungsm\u00f6glichkeiten<\/li>\n<li>Chemieindustrie<\/li>\n<li>Papier-Haustier vs. Recyclingbereiche<\/li>\n<\/ul>\n<h2><span class=\"ez-toc-section\" id=\"Vor-_und_Nachteile_von_Kugelhaehnen\"><\/span><span style=\"font-size: 22px;\">Vor- und Nachteile von Kugelh\u00e4hnen<\/span><span class=\"ez-toc-section-end\"><\/span><\/h2>\n<h3><span class=\"ez-toc-section\" id=\"Vorteile\"><\/span><span style=\"font-size: 20px;\">Vorteile<\/span><span class=\"ez-toc-section-end\"><\/span><\/h3>\n<ul>\n<li>Schneller Ein-Aus-Betrieb.<\/li>\n<li>Dichter Verschluss mit niedrigem Drehmoment.<\/li>\n<li>Kleiner als die meisten anderen Ventile.<\/li>\n<\/ul>\n<h3><span class=\"ez-toc-section\" id=\"Nachteile\"><\/span><span style=\"font-size: 20px;\">Nachteile<\/span><span class=\"ez-toc-section-end\"><\/span><\/h3>\n<ul>\n<li>Herk\u00f6mmliche Kugelh\u00e4hne haben schlechte Drosseleigenschaften.<\/li>\n<li>In G\u00fclle oder anderen Anwendungen k\u00f6nnen sich Schwebeteilchen absetzen, in Geh\u00e4usehohlr\u00e4umen eingeschlossen werden und Verschlei\u00df, Lecks oder Ventilversagen verursachen.<\/li>\n<\/ul>\n<p>&nbsp;<\/p>\n<p><img decoding=\"async\" class=\"size-medium wp-image-37735 aligncenter\" src=\"https:\/\/unox.com.tr\/wp-content\/themes\/woodmart\/images\/lazy.svg\" data-src=\"https:\/\/unox.com.tr\/wp-content\/uploads\/2020\/09\/2-parcali-tepe-flansli-300x186.png\" alt=\"\" width=\"300\" height=\"186\" title=\"\" srcset=\"\" data-srcset=\"https:\/\/unox.com.tr\/wp-content\/uploads\/2020\/09\/2-parcali-tepe-flansli-300x186.png 300w, https:\/\/unox.com.tr\/wp-content\/uploads\/2020\/09\/2-parcali-tepe-flansli-150x93.png 150w, https:\/\/unox.com.tr\/wp-content\/uploads\/2020\/09\/2-parcali-tepe-flansli-400x248.png 400w, https:\/\/unox.com.tr\/wp-content\/uploads\/2020\/09\/2-parcali-tepe-flansli-367x228.png 367w, https:\/\/unox.com.tr\/wp-content\/uploads\/2020\/09\/2-parcali-tepe-flansli.png 435w\" sizes=\"(max-width: 300px) 100vw, 300px\" \/><\/p>\n","protected":false},"excerpt":{"rendered":"<p><a href=\"https:\/\/unox.com.tr\/wp-content\/uploads\/2023\/01\/2-PARCALI-DISLI-TEPE-FLANSLI-PASLANMAZ-KURESEL-VANA-Kopya.pdf\" target=\"_blank\" rel=\"noopener\"><button style=\"background-color: #11224b; color: #ffffff; padding: 10px 15px; font-family: montserrat; font-weight: bold; font-size: 19px; border-radius: 10px;\"><img decoding=\"async\" style=\"width: 25px; height: 25px;\" src=\"https:\/\/unox.com.tr\/wp-content\/uploads\/2023\/02\/pdf-1.png\">PRODUKTKATALOG<\/button><\/a><\/p>\n<p><button style=\"background-color: #11224b; margin-top: 5px; color: white; padding: 0px 15px; width: 150px; height: 55px; border-radius: 10px; border: none; cursor: pointer;\"><br \/>\n<img decoding=\"async\" style=\"width: 120px; height: 30px;\" src=\"https:\/\/unox.com.tr\/wp-content\/uploads\/2023\/02\/4-1.svg\"><\/button><\/p>\n","protected":false},"featured_media":69725,"comment_status":"closed","ping_status":"closed","template":"","meta":{"_joinchat":[]},"product_brand":[],"product_cat":[1151,1629,1143],"product_tag":[],"class_list":{"0":"post-40008","1":"product","2":"type-product","3":"status-publish","4":"has-post-thumbnail","6":"product_cat-kugelhahne","7":"product_cat-ventil-aus-rostfreiem-stahl","8":"product_cat-ventilgruppe","10":"first","11":"instock","12":"shipping-taxable","13":"product-type-simple"},"_links":{"self":[{"href":"https:\/\/unox.com.tr\/de\/wp-json\/wp\/v2\/product\/40008","targetHints":{"allow":["GET"]}}],"collection":[{"href":"https:\/\/unox.com.tr\/de\/wp-json\/wp\/v2\/product"}],"about":[{"href":"https:\/\/unox.com.tr\/de\/wp-json\/wp\/v2\/types\/product"}],"replies":[{"embeddable":true,"href":"https:\/\/unox.com.tr\/de\/wp-json\/wp\/v2\/comments?post=40008"}],"version-history":[{"count":0,"href":"https:\/\/unox.com.tr\/de\/wp-json\/wp\/v2\/product\/40008\/revisions"}],"wp:featuredmedia":[{"embeddable":true,"href":"https:\/\/unox.com.tr\/de\/wp-json\/wp\/v2\/media\/69725"}],"wp:attachment":[{"href":"https:\/\/unox.com.tr\/de\/wp-json\/wp\/v2\/media?parent=40008"}],"wp:term":[{"taxonomy":"product_brand","embeddable":true,"href":"https:\/\/unox.com.tr\/de\/wp-json\/wp\/v2\/product_brand?post=40008"},{"taxonomy":"product_cat","embeddable":true,"href":"https:\/\/unox.com.tr\/de\/wp-json\/wp\/v2\/product_cat?post=40008"},{"taxonomy":"product_tag","embeddable":true,"href":"https:\/\/unox.com.tr\/de\/wp-json\/wp\/v2\/product_tag?post=40008"}],"curies":[{"name":"wp","href":"https:\/\/api.w.org\/{rel}","templated":true}]}}