{"id":40022,"date":"2020-09-18T06:56:04","date_gmt":"2020-09-18T03:56:04","guid":{"rendered":"https:\/\/www.unox.com.tr\/urun\/getriebeabsperrklappe-aus-u-pvc\/"},"modified":"2023-03-16T09:47:58","modified_gmt":"2023-03-16T06:47:58","slug":"u-pvc-reduktor-absperrklappe","status":"publish","type":"product","link":"https:\/\/unox.com.tr\/de\/u-pvc-reduktor-absperrklappe\/","title":{"rendered":"U-PVC Getriebe Absperrklappe"},"content":{"rendered":"<div id=\"ez-toc-container\" class=\"ez-toc-v2_0_82_2 counter-hierarchy ez-toc-counter ez-toc-grey ez-toc-container-direction\">\n<div class=\"ez-toc-title-container\">\n<p class=\"ez-toc-title\" style=\"cursor:inherit\">Sayfa \u0130\u00e7eri\u011fi<\/p>\n<span class=\"ez-toc-title-toggle\"><a href=\"#\" class=\"ez-toc-pull-right ez-toc-btn ez-toc-btn-xs ez-toc-btn-default ez-toc-toggle\" aria-label=\"Toggle Table of Content\"><span class=\"ez-toc-js-icon-con\"><span class=\"\"><span class=\"eztoc-hide\" style=\"display:none;\">Toggle<\/span><span class=\"ez-toc-icon-toggle-span\"><svg style=\"fill: #999;color:#999\" xmlns=\"http:\/\/www.w3.org\/2000\/svg\" class=\"list-377408\" width=\"20px\" height=\"20px\" viewBox=\"0 0 24 24\" fill=\"none\"><path d=\"M6 6H4v2h2V6zm14 0H8v2h12V6zM4 11h2v2H4v-2zm16 0H8v2h12v-2zM4 16h2v2H4v-2zm16 0H8v2h12v-2z\" fill=\"currentColor\"><\/path><\/svg><svg style=\"fill: #999;color:#999\" class=\"arrow-unsorted-368013\" xmlns=\"http:\/\/www.w3.org\/2000\/svg\" width=\"10px\" height=\"10px\" viewBox=\"0 0 24 24\" version=\"1.2\" baseProfile=\"tiny\"><path d=\"M18.2 9.3l-6.2-6.3-6.2 6.3c-.2.2-.3.4-.3.7s.1.5.3.7c.2.2.4.3.7.3h11c.3 0 .5-.1.7-.3.2-.2.3-.5.3-.7s-.1-.5-.3-.7zM5.8 14.7l6.2 6.3 6.2-6.3c.2-.2.3-.5.3-.7s-.1-.5-.3-.7c-.2-.2-.4-.3-.7-.3h-11c-.3 0-.5.1-.7.3-.2.2-.3.5-.3.7s.1.5.3.7z\"\/><\/svg><\/span><\/span><\/span><\/a><\/span><\/div>\n<nav><ul class='ez-toc-list ez-toc-list-level-1 ' ><li class='ez-toc-page-1 ez-toc-heading-level-2'><a class=\"ez-toc-link ez-toc-heading-1\" href=\"https:\/\/unox.com.tr\/de\/u-pvc-reduktor-absperrklappe\/#Was_ist_eine_U-PVC_Getriebe_Absperrklappe\" >Was ist eine U-PVC Getriebe Absperrklappe?<\/a><\/li><li class='ez-toc-page-1 ez-toc-heading-level-2'><a class=\"ez-toc-link ez-toc-heading-2\" href=\"https:\/\/unox.com.tr\/de\/u-pvc-reduktor-absperrklappe\/#Was_ist_Getriebebox\" >Was ist Getriebebox?<\/a><ul class='ez-toc-list-level-4' ><li class='ez-toc-heading-level-4'><ul class='ez-toc-list-level-4' ><li class='ez-toc-heading-level-4'><a class=\"ez-toc-link ez-toc-heading-3\" href=\"https:\/\/unox.com.tr\/de\/u-pvc-reduktor-absperrklappe\/#Die_allgemeinen_Eigenschaften_von_Polyethylen_sind_wie_folgt\" >Die allgemeinen Eigenschaften von Polyethylen sind wie folgt:<\/a><\/li><\/ul><\/li><\/ul><\/li><\/ul><\/nav><\/div>\n<h2><span class=\"ez-toc-section\" id=\"Was_ist_eine_U-PVC_Getriebe_Absperrklappe\"><\/span><span style=\"font-size: 22px;\">Was ist eine U-PVC Getriebe Absperrklappe?<\/span><span class=\"ez-toc-section-end\"><\/span><\/h2>\n<p>Absperrklappen; Es f\u00fchrt den Ein-Aus-Betrieb durch rotierende Scheiben aus Nickel, Edelstahl oder anderen Materialien (AISI304, AISI316, AL-BR) durch, die um eine Welle in der Mitte befestigt sind. Es erf\u00fcllt die Funktion, den Fl\u00fcssigkeits- oder Gasfluss zu starten, zu verlangsamen oder vollst\u00e4ndig zu blockieren, indem es die Scheibe mit einer Gummi- oder Kunststoffdichtung um die Welle zusammendr\u00fcckt. Es ist das Ger\u00e4t, das zum Stoppen, Regulieren oder Starten des Durchflusses verwendet wird und \u00fcber eine Klappe verf\u00fcgt, die eine Vierteldrehung um die eigene Achse ausf\u00fchren kann, sowie \u00fcber eine Dichtung.<\/p>\n<p>Getriebe absperrklappen sind modular aufgebaut. Auf diese Weise k\u00f6nnen gew\u00fcnschte unterschiedliche Optionen auf dem Grundk\u00f6rper einfach und schnell aufgebracht werden. In Ventilen verwendete Dichtungen sind EPDM und FPM. Auf Wunsch k\u00f6nnen auch Dichtungen aus anderen Materialien verwendet werden.<\/p>\n<h2><span class=\"ez-toc-section\" id=\"Was_ist_Getriebebox\"><\/span><span style=\"font-size: 22px;\">Was ist Getriebebox?<\/span><span class=\"ez-toc-section-end\"><\/span><\/h2>\n<p>Ein Untersetzungsgetriebe ist ein Mittel zur Reduzierung von Bewegungsenergie oder -leistung in einem mechanischen System. Es wird im Allgemeinen verwendet, um die Drehleistung von Motoren zu reduzieren oder zu \u00e4ndern. Es kann auch verwendet werden, um die Drehzahl und das Drehmoment mechanischer Systeme zu erh\u00f6hen. Getriebe bestehen aus einer Reihe von Zahnr\u00e4dern und Wellen und sind in der Regel aus metallischen Werkstoffen gefertigt. Seine Anwendungsbereiche sind sehr breit und es kann in Industriemaschinen und -anlagen, Fahrzeugen, Haushaltsger\u00e4ten und sogar einigen Spielzeugen verwendet werden.<\/p>\n<p>Es bietet 80 % Leichtg\u00e4ngigkeit in Systemen mit 90\u00b0-Drehung in Kugel-, Klappen- und K\u00fckenh\u00e4hnen. Es wird empfohlen, es insbesondere in den Gr\u00f6\u00dfen DN150 &#8211; DN300 zu verwenden. Der Einsatz ist ab DN350 zwingend erforderlich.<\/p>\n<h4><span class=\"ez-toc-section\" id=\"Die_allgemeinen_Eigenschaften_von_Polyethylen_sind_wie_folgt\"><\/span>Die allgemeinen Eigenschaften von Polyethylen sind wie folgt:<span class=\"ez-toc-section-end\"><\/span><\/h4>\n<ul>\n<li>Es ist solide<\/li>\n<li>Best\u00e4ndig gegen S\u00e4uren, Basen und L\u00f6sungsmittel<\/li>\n<li>Dielektrische Eigenschaften sind \u00fcberlegen<\/li>\n<li>Es ist best\u00e4ndig gegen Umwelteinfl\u00fcsse.<\/li>\n<\/ul>\n","protected":false},"excerpt":{"rendered":"<p><a href=\"https:\/\/unox.com.tr\/wp-content\/uploads\/2023\/01\/U-PVC-Reduktorlu-Kelebek-Vana.pdf\" target=\"_blank\" rel=\"noopener\"><button style=\"background-color: #11224b; color: #ffffff; padding: 10px 15px; font-family: montserrat; font-weight: bold; font-size: 19px; border-radius: 10px;\"><img decoding=\"async\" style=\"width: 25px; height: 25px;\" src=\"https:\/\/unox.com.tr\/wp-content\/uploads\/2023\/02\/pdf-1.png\">PRODUKTKATALOG<\/button><\/a><\/p>\n<p><button style=\"background-color: #11224b; margin-top: 5px; color: white; padding: 0px 15px; width: 150px; height: 55px; border-radius: 10px; border: none; cursor: pointer;\"><br \/>\n<img decoding=\"async\" style=\"width: 120px; height: 30px;\" src=\"https:\/\/unox.com.tr\/wp-content\/uploads\/2023\/02\/4-1.svg\"><\/button><\/p>\n","protected":false},"featured_media":37003,"comment_status":"open","ping_status":"closed","template":"","meta":[],"product_brand":[],"product_cat":[1111,1153,1143],"product_tag":[],"class_list":{"0":"post-40022","1":"product","2":"type-product","3":"status-publish","4":"has-post-thumbnail","6":"product_cat-absperrklappen","7":"product_cat-getriebe","8":"product_cat-ventilgruppe","10":"first","11":"instock","12":"shipping-taxable","13":"product-type-simple"},"_links":{"self":[{"href":"https:\/\/unox.com.tr\/de\/wp-json\/wp\/v2\/product\/40022","targetHints":{"allow":["GET"]}}],"collection":[{"href":"https:\/\/unox.com.tr\/de\/wp-json\/wp\/v2\/product"}],"about":[{"href":"https:\/\/unox.com.tr\/de\/wp-json\/wp\/v2\/types\/product"}],"replies":[{"embeddable":true,"href":"https:\/\/unox.com.tr\/de\/wp-json\/wp\/v2\/comments?post=40022"}],"version-history":[{"count":0,"href":"https:\/\/unox.com.tr\/de\/wp-json\/wp\/v2\/product\/40022\/revisions"}],"wp:featuredmedia":[{"embeddable":true,"href":"https:\/\/unox.com.tr\/de\/wp-json\/wp\/v2\/media\/37003"}],"wp:attachment":[{"href":"https:\/\/unox.com.tr\/de\/wp-json\/wp\/v2\/media?parent=40022"}],"wp:term":[{"taxonomy":"product_brand","embeddable":true,"href":"https:\/\/unox.com.tr\/de\/wp-json\/wp\/v2\/product_brand?post=40022"},{"taxonomy":"product_cat","embeddable":true,"href":"https:\/\/unox.com.tr\/de\/wp-json\/wp\/v2\/product_cat?post=40022"},{"taxonomy":"product_tag","embeddable":true,"href":"https:\/\/unox.com.tr\/de\/wp-json\/wp\/v2\/product_tag?post=40022"}],"curies":[{"name":"wp","href":"https:\/\/api.w.org\/{rel}","templated":true}]}}