{"id":40025,"date":"2020-09-18T06:55:20","date_gmt":"2020-09-18T06:55:20","guid":{"rendered":"https:\/\/www.unox.com.tr\/urun\/reduzierer\/"},"modified":"2023-03-16T09:51:13","modified_gmt":"2023-03-16T06:51:13","slug":"reduzierer","status":"publish","type":"product","link":"https:\/\/unox.com.tr\/de\/reduzierer\/","title":{"rendered":"Getriebebox"},"content":{"rendered":"<div id=\"ez-toc-container\" class=\"ez-toc-v2_0_82_2 counter-hierarchy ez-toc-counter ez-toc-grey ez-toc-container-direction\">\n<div class=\"ez-toc-title-container\">\n<p class=\"ez-toc-title\" style=\"cursor:inherit\">Sayfa \u0130\u00e7eri\u011fi<\/p>\n<span class=\"ez-toc-title-toggle\"><a href=\"#\" class=\"ez-toc-pull-right ez-toc-btn ez-toc-btn-xs ez-toc-btn-default ez-toc-toggle\" aria-label=\"Toggle Table of Content\"><span class=\"ez-toc-js-icon-con\"><span class=\"\"><span class=\"eztoc-hide\" style=\"display:none;\">Toggle<\/span><span class=\"ez-toc-icon-toggle-span\"><svg style=\"fill: #999;color:#999\" xmlns=\"http:\/\/www.w3.org\/2000\/svg\" class=\"list-377408\" width=\"20px\" height=\"20px\" viewBox=\"0 0 24 24\" fill=\"none\"><path d=\"M6 6H4v2h2V6zm14 0H8v2h12V6zM4 11h2v2H4v-2zm16 0H8v2h12v-2zM4 16h2v2H4v-2zm16 0H8v2h12v-2z\" fill=\"currentColor\"><\/path><\/svg><svg style=\"fill: #999;color:#999\" class=\"arrow-unsorted-368013\" xmlns=\"http:\/\/www.w3.org\/2000\/svg\" width=\"10px\" height=\"10px\" viewBox=\"0 0 24 24\" version=\"1.2\" baseProfile=\"tiny\"><path d=\"M18.2 9.3l-6.2-6.3-6.2 6.3c-.2.2-.3.4-.3.7s.1.5.3.7c.2.2.4.3.7.3h11c.3 0 .5-.1.7-.3.2-.2.3-.5.3-.7s-.1-.5-.3-.7zM5.8 14.7l6.2 6.3 6.2-6.3c.2-.2.3-.5.3-.7s-.1-.5-.3-.7c-.2-.2-.4-.3-.7-.3h-11c-.3 0-.5.1-.7.3-.2.2-.3.5-.3.7s.1.5.3.7z\"\/><\/svg><\/span><\/span><\/span><\/a><\/span><\/div>\n<nav><ul class='ez-toc-list ez-toc-list-level-1 ' ><li class='ez-toc-page-1 ez-toc-heading-level-2'><a class=\"ez-toc-link ez-toc-heading-1\" href=\"https:\/\/unox.com.tr\/de\/reduzierer\/#Was_ist_Getriebebox\" >Was ist Getriebebox?<\/a><\/li><li class='ez-toc-page-1 ez-toc-heading-level-2'><a class=\"ez-toc-link ez-toc-heading-2\" href=\"https:\/\/unox.com.tr\/de\/reduzierer\/#Wo_wird_der_Getriebebox_eingesetzt\" >Wo wird der Getriebebox eingesetzt?<\/a><\/li><li class='ez-toc-page-1 ez-toc-heading-level-2'><a class=\"ez-toc-link ez-toc-heading-3\" href=\"https:\/\/unox.com.tr\/de\/reduzierer\/#Produkteigenschaften\" >Produkteigenschaften<\/a><\/li><\/ul><\/nav><\/div>\n<h2><span class=\"ez-toc-section\" id=\"Was_ist_Getriebebox\"><\/span><span style=\"font-size: 22px;\">Was ist Getriebebox?<\/span><span class=\"ez-toc-section-end\"><\/span><\/h2>\n<p>Ein Untersetzungsgetriebe ist ein Mittel zur Reduzierung von Bewegungsenergie oder -leistung in einem mechanischen System. Es wird im Allgemeinen verwendet, um die Drehleistung von Motoren zu reduzieren oder zu \u00e4ndern. Es kann auch verwendet werden, um die Drehzahl und das Drehmoment mechanischer Systeme zu erh\u00f6hen. Getriebe bestehen aus einer Reihe von Zahnr\u00e4dern und Wellen und sind in der Regel aus metallischen Werkstoffen gefertigt. Seine Anwendungsbereiche sind sehr breit und es kann in Industriemaschinen und -anlagen, Fahrzeugen, Haushaltsger\u00e4ten und sogar einigen Spielzeugen verwendet werden.<\/p>\n<p>Es bietet 80 % Leichtg\u00e4ngigkeit in Systemen mit 90\u00b0-Drehung in Kugel-, Klappen- und K\u00fckenh\u00e4hnen. Es wird empfohlen, es insbesondere in den Gr\u00f6\u00dfen DN150 &#8211; DN300 zu verwenden. Der Einsatz ist ab DN350 zwingend erforderlich.<\/p>\n<h2><span class=\"ez-toc-section\" id=\"Wo_wird_der_Getriebebox_eingesetzt\"><\/span><span style=\"font-size: 22px;\">Wo wird der Getriebebox eingesetzt?<\/span><span class=\"ez-toc-section-end\"><\/span><\/h2>\n<p>Mechanische Unox-Getriebe mit Vierteldrehung eignen sich f\u00fcr den Einsatz in allgemeinen Industrieanwendungen, chemischen Prozessen, HLK- und Bew\u00e4sserungssystemen. Es ist sehr vielseitig einsetzbar und wird in vielen verschiedenen industriellen und gewerblichen Anwendungen eingesetzt. Zum Beispiel:<\/p>\n<ul>\n<li>Es wird verwendet, um die Arbeitsbedingungen und Belastungen von Industriemaschinen und -anlagen zu regeln. Beispielsweise wird es in einem Kransystem verwendet, um die vom Motor zur\u00fcckgegebene Leistung in die Geschwindigkeit und das Drehmoment umzuwandeln, die den Kran bewegen.<\/li>\n<li>Es wird verwendet, um die Leistung von Motoren zu regulieren, die Fahrzeugen helfen, sich zu bewegen. Beispielsweise wird es verwendet, um die vom Motor zur\u00fcckgegebene Leistung, die die Hinterr\u00e4der eines Autos bewegt, in die Geschwindigkeit und das Drehmoment umzuwandeln, mit denen sich die R\u00e4der bewegen k\u00f6nnen.<\/li>\n<li>Es wird auch verwendet, um die Arbeitsbedingungen und Belastungen von Haushaltsger\u00e4ten zu regulieren. Beispielsweise wird es verwendet, um die vom Motor eines Staubsaugers zur\u00fcckgegebene Leistung in die Geschwindigkeit und das Drehmoment umzuwandeln, mit denen sich der Staubsauger bewegen kann.<\/li>\n<\/ul>\n<p>Diese Beispiele zeigen nur einige Anwendungen, aber in Wirklichkeit gibt es noch viel mehr.<\/p>\n<h2><span class=\"ez-toc-section\" id=\"Produkteigenschaften\"><\/span><span style=\"font-size: 22px;\">Produkteigenschaften<\/span><span class=\"ez-toc-section-end\"><\/span><\/h2>\n<ul>\n<li><strong>Geh\u00e4use:<\/strong> Gusseisen GG25<\/li>\n<li><strong>Anschl\u00fcsse:<\/strong> ISO 5211<\/li>\n<\/ul>\n<p>&nbsp;<\/p>\n<p><img decoding=\"async\" class=\"alignnone wp-image-37822\" src=\"https:\/\/unox.com.tr\/wp-content\/themes\/woodmart\/images\/lazy.svg\" data-src=\"https:\/\/unox.com.tr\/wp-content\/uploads\/2020\/09\/reduktor-3-300x250.png\" alt=\"\" width=\"627\" height=\"523\" title=\"\" srcset=\"\" data-srcset=\"https:\/\/unox.com.tr\/wp-content\/uploads\/2020\/09\/reduktor-3-300x250.png 300w, https:\/\/unox.com.tr\/wp-content\/uploads\/2020\/09\/reduktor-3-150x125.png 150w, https:\/\/unox.com.tr\/wp-content\/uploads\/2020\/09\/reduktor-3-600x501.png 600w, https:\/\/unox.com.tr\/wp-content\/uploads\/2020\/09\/reduktor-3-640x534.png 640w, https:\/\/unox.com.tr\/wp-content\/uploads\/2020\/09\/reduktor-3-400x334.png 400w, https:\/\/unox.com.tr\/wp-content\/uploads\/2020\/09\/reduktor-3-367x306.png 367w, https:\/\/unox.com.tr\/wp-content\/uploads\/2020\/09\/reduktor-3.png 703w\" sizes=\"(max-width: 627px) 100vw, 627px\" \/><\/p>\n","protected":false},"excerpt":{"rendered":"<p><a href=\"https:\/\/unox.com.tr\/wp-content\/uploads\/2023\/01\/Reduktor.pdf\" target=\"_blank\" rel=\"noopener\"><button style=\"background-color: #11224b; color: #ffffff; padding: 10px 15px; font-family: montserrat; font-weight: bold; font-size: 19px; border-radius: 10px;\"><img decoding=\"async\" style=\"width: 25px; height: 25px;\" src=\"https:\/\/unox.com.tr\/wp-content\/uploads\/2023\/02\/pdf-1.png\">PRODUKTKATALOG<\/button><\/a><\/p>\n<p><button style=\"background-color: #11224b; margin-top: 5px; color: white; padding: 0px 15px; width: 150px; height: 55px; border-radius: 10px; border: none; cursor: pointer;\"><br \/>\n<img decoding=\"async\" style=\"width: 120px; height: 30px;\" src=\"https:\/\/unox.com.tr\/wp-content\/uploads\/2023\/02\/4-1.svg\"><\/button><\/p>\n","protected":false},"featured_media":69194,"comment_status":"closed","ping_status":"closed","template":"","meta":{"_joinchat":[]},"product_brand":[],"product_cat":[1153,1143],"product_tag":[],"class_list":{"0":"post-40025","1":"product","2":"type-product","3":"status-publish","4":"has-post-thumbnail","6":"product_cat-getriebe","7":"product_cat-ventilgruppe","9":"first","10":"instock","11":"shipping-taxable","12":"product-type-simple"},"_links":{"self":[{"href":"https:\/\/unox.com.tr\/de\/wp-json\/wp\/v2\/product\/40025","targetHints":{"allow":["GET"]}}],"collection":[{"href":"https:\/\/unox.com.tr\/de\/wp-json\/wp\/v2\/product"}],"about":[{"href":"https:\/\/unox.com.tr\/de\/wp-json\/wp\/v2\/types\/product"}],"replies":[{"embeddable":true,"href":"https:\/\/unox.com.tr\/de\/wp-json\/wp\/v2\/comments?post=40025"}],"version-history":[{"count":0,"href":"https:\/\/unox.com.tr\/de\/wp-json\/wp\/v2\/product\/40025\/revisions"}],"wp:featuredmedia":[{"embeddable":true,"href":"https:\/\/unox.com.tr\/de\/wp-json\/wp\/v2\/media\/69194"}],"wp:attachment":[{"href":"https:\/\/unox.com.tr\/de\/wp-json\/wp\/v2\/media?parent=40025"}],"wp:term":[{"taxonomy":"product_brand","embeddable":true,"href":"https:\/\/unox.com.tr\/de\/wp-json\/wp\/v2\/product_brand?post=40025"},{"taxonomy":"product_cat","embeddable":true,"href":"https:\/\/unox.com.tr\/de\/wp-json\/wp\/v2\/product_cat?post=40025"},{"taxonomy":"product_tag","embeddable":true,"href":"https:\/\/unox.com.tr\/de\/wp-json\/wp\/v2\/product_tag?post=40025"}],"curies":[{"name":"wp","href":"https:\/\/api.w.org\/{rel}","templated":true}]}}