{"id":40060,"date":"2020-09-18T06:54:04","date_gmt":"2020-09-18T06:54:04","guid":{"rendered":"https:\/\/www.unox.com.tr\/urun\/absperrklappe-vom-ansatztyp-edelstahlklappe\/"},"modified":"2023-03-16T09:54:01","modified_gmt":"2023-03-16T06:54:01","slug":"edelstahl-klappklappen-absperrklappe","status":"publish","type":"product","link":"https:\/\/unox.com.tr\/de\/edelstahl-klappklappen-absperrklappe\/","title":{"rendered":"Absperrklappe vom Ansatztyp (Edelstahl Klappe)"},"content":{"rendered":"<div id=\"ez-toc-container\" class=\"ez-toc-v2_0_83 counter-hierarchy ez-toc-counter ez-toc-grey ez-toc-container-direction\">\n<div class=\"ez-toc-title-container\">\n<p class=\"ez-toc-title\" style=\"cursor:inherit\">Sayfa \u0130\u00e7eri\u011fi<\/p>\n<span class=\"ez-toc-title-toggle\"><a href=\"#\" class=\"ez-toc-pull-right ez-toc-btn ez-toc-btn-xs ez-toc-btn-default ez-toc-toggle\" aria-label=\"Toggle Table of Content\"><span class=\"ez-toc-js-icon-con\"><span class=\"\"><span class=\"eztoc-hide\" style=\"display:none;\">Toggle<\/span><span class=\"ez-toc-icon-toggle-span\"><svg style=\"fill: #999;color:#999\" xmlns=\"http:\/\/www.w3.org\/2000\/svg\" class=\"list-377408\" width=\"20px\" height=\"20px\" viewBox=\"0 0 24 24\" fill=\"none\"><path d=\"M6 6H4v2h2V6zm14 0H8v2h12V6zM4 11h2v2H4v-2zm16 0H8v2h12v-2zM4 16h2v2H4v-2zm16 0H8v2h12v-2z\" fill=\"currentColor\"><\/path><\/svg><svg style=\"fill: #999;color:#999\" class=\"arrow-unsorted-368013\" xmlns=\"http:\/\/www.w3.org\/2000\/svg\" width=\"10px\" height=\"10px\" viewBox=\"0 0 24 24\" version=\"1.2\" baseProfile=\"tiny\"><path d=\"M18.2 9.3l-6.2-6.3-6.2 6.3c-.2.2-.3.4-.3.7s.1.5.3.7c.2.2.4.3.7.3h11c.3 0 .5-.1.7-.3.2-.2.3-.5.3-.7s-.1-.5-.3-.7zM5.8 14.7l6.2 6.3 6.2-6.3c.2-.2.3-.5.3-.7s-.1-.5-.3-.7c-.2-.2-.4-.3-.7-.3h-11c-.3 0-.5.1-.7.3-.2.2-.3.5-.3.7s.1.5.3.7z\"\/><\/svg><\/span><\/span><\/span><\/a><\/span><\/div>\n<nav><ul class='ez-toc-list ez-toc-list-level-1 ' ><li class='ez-toc-page-1 ez-toc-heading-level-2'><a class=\"ez-toc-link ez-toc-heading-1\" href=\"https:\/\/unox.com.tr\/de\/edelstahl-klappklappen-absperrklappe\/#Was_ist_eine_Absperrklappe_vom_Ansatztyp\" >Was ist eine Absperrklappe vom Ansatztyp?<\/a><\/li><li class='ez-toc-page-1 ez-toc-heading-level-2'><a class=\"ez-toc-link ez-toc-heading-2\" href=\"https:\/\/unox.com.tr\/de\/edelstahl-klappklappen-absperrklappe\/#Wie_funktioniert_die_Absperrklappe_vom_Ansatztyp\" >Wie funktioniert die Absperrklappe vom Ansatztyp ?<\/a><\/li><li class='ez-toc-page-1 ez-toc-heading-level-2'><a class=\"ez-toc-link ez-toc-heading-3\" href=\"https:\/\/unox.com.tr\/de\/edelstahl-klappklappen-absperrklappe\/#Produkteigenschaften\" >Produkteigenschaften<\/a><\/li><li class='ez-toc-page-1 ez-toc-heading-level-2'><a class=\"ez-toc-link ez-toc-heading-4\" href=\"https:\/\/unox.com.tr\/de\/edelstahl-klappklappen-absperrklappe\/#Geltungsbereich\" >Geltungsbereich<\/a><\/li><\/ul><\/nav><\/div>\n<h2><span class=\"ez-toc-section\" id=\"Was_ist_eine_Absperrklappe_vom_Ansatztyp\"><\/span><span style=\"font-size: 22px;\">Was ist eine Absperrklappe vom Ansatztyp?<\/span><span class=\"ez-toc-section-end\"><\/span><\/h2>\n<p><strong>Absperrklappen vom Ansatztyp;<\/strong> Es f\u00fchrt den Ein-Aus-Betrieb durch rotierende Scheiben aus Nickel, Edelstahl oder anderen Materialien (AISI304, AISI316, AL-BR) durch, die um eine Welle in der Mitte befestigt sind. Es erf\u00fcllt die Funktion, den Fl\u00fcssigkeits- oder Gasfluss zu starten, zu verlangsamen oder vollst\u00e4ndig zu blockieren, indem es die Scheibe mit einer Gummi- oder Kunststoffdichtung um die Welle zusammendr\u00fcckt. Es ist das Ger\u00e4t, das zum Stoppen, Regulieren oder Starten des Durchflusses verwendet wird und \u00fcber eine Klappe verf\u00fcgt, die eine Vierteldrehung um die eigene Achse ausf\u00fchren kann, sowie \u00fcber eine Dichtung.<\/p>\n<h2><span class=\"ez-toc-section\" id=\"Wie_funktioniert_die_Absperrklappe_vom_Ansatztyp\"><\/span><span style=\"font-size: 22px;\">Wie funktioniert die Absperrklappe vom Ansatztyp ?<\/span><span class=\"ez-toc-section-end\"><\/span><\/h2>\n<p><strong>Absperrklappen vom Ansatztyp<\/strong> sind Ventiltypen mit vorstehenden Ohren, die den gesamten K\u00f6rper bedecken und so konstruiert sind, dass sie zu den Schraubenl\u00f6chern am Flansch passen, an den sie angeschlossen werden. Es wird zwischen zwei Flanschen montiert, indem es mit Schrauben, Stehbolzen und Muttern befestigt wird. Dadurch ist es unm\u00f6glich, nur eine Seite des Rohrleitungssystems vom Ventil zu trennen. Neben der manuellen Steuerung eignet es sich auch f\u00fcr die Montage von pneumatischen Stellantrieben und elektrischen Stellantrieben.<\/p>\n<p>Es wird zwischen die Rohrflansche gesetzt und die Flanschschrauben umschlie\u00dfen den Ventilk\u00f6rper. Es ist einfach zu installieren, kann aber nicht als Absperrventil verwendet werden. Neben der Bereitstellung einer manuellen Steuerung ist es auch f\u00fcr die Montage eines <strong>pneumatischen Stellantriebs<\/strong> und eines <strong>elektrischen Stellantriebs<\/strong> geeignet.<\/p>\n<h2><span class=\"ez-toc-section\" id=\"Produkteigenschaften\"><\/span><span style=\"font-size: 22px;\">Produkteigenschaften<\/span><span class=\"ez-toc-section-end\"><\/span><\/h2>\n<ul>\n<li><strong>K\u00f6rper:<\/strong> GGG-40 Sph\u00e4roguss<\/li>\n<li><strong>Ventil:<\/strong> Edelstahl AISI 304<\/li>\n<li><strong>Schaft:<\/strong> Edelstahl AISI 420<\/li>\n<li><strong>Dichtung:<\/strong> EPDM<\/li>\n<li><strong>Max. Betriebstemperatur: <\/strong> 120 \u00baC<\/li>\n<li><strong>Arbeitsdruck:<\/strong> PN16 (DN25 &#8211; 300)<\/li>\n<li><strong>Farbe:<\/strong> Elektrostatische Pulverbeschichtung<\/li>\n<li><strong>Anschluss:<\/strong> Kabelschuh Typ TS EN 1092-2<\/li>\n<\/ul>\n<h2><span class=\"ez-toc-section\" id=\"Geltungsbereich\"><\/span><span style=\"font-size: 22px;\">Geltungsbereich<\/span><span class=\"ez-toc-section-end\"><\/span><\/h2>\n<ul>\n<li>Heizungs-, L\u00fcftungs- und Klimaanlagen<\/li>\n<li>Wasseraufbereitungs- und Verteilungssysteme<\/li>\n<li>Bergbauindustrie<\/li>\n<li>Schiffbau und Bohranlagen<\/li>\n<li>Lebensmittel- und Chemieunternehmen<\/li>\n<li>Feuerl\u00f6schsysteme<\/li>\n<li>Wasser, Seewasser, Staub, Gas, Abwasser und Luft<\/li>\n<\/ul>\n","protected":false},"excerpt":{"rendered":"<p><a href=\"https:\/\/unox.com.tr\/wp-content\/uploads\/2023\/01\/Lug-Tip-Paslanmaz.pdf\" target=\"_blank\" rel=\"noopener\"><button style=\"background-color: #11224b; color: #ffffff; padding: 10px 15px; font-family: montserrat; font-weight: bold; font-size: 19px; border-radius: 10px;\"><img decoding=\"async\" style=\"width: 25px; height: 25px;\" src=\"https:\/\/unox.com.tr\/wp-content\/uploads\/2023\/02\/pdf-1.png\">PRODUKTKATALOG<\/button><\/a><\/p>\n<p><button style=\"background-color: #11224b; margin-top: 5px; color: white; padding: 0px 15px; width: 150px; height: 55px; border-radius: 10px; border: none; cursor: pointer;\"><br \/>\n<img decoding=\"async\" style=\"width: 120px; height: 30px;\" src=\"https:\/\/unox.com.tr\/wp-content\/uploads\/2023\/02\/4-1.svg\"><\/button><\/p>\n","protected":false},"featured_media":69866,"comment_status":"closed","ping_status":"closed","template":"","meta":[],"product_brand":[],"product_cat":[1111,1143],"product_tag":[],"class_list":{"0":"post-40060","1":"product","2":"type-product","3":"status-publish","4":"has-post-thumbnail","6":"product_cat-absperrklappen","7":"product_cat-ventilgruppe","9":"first","10":"instock","11":"shipping-taxable","12":"product-type-simple"},"_links":{"self":[{"href":"https:\/\/unox.com.tr\/de\/wp-json\/wp\/v2\/product\/40060","targetHints":{"allow":["GET"]}}],"collection":[{"href":"https:\/\/unox.com.tr\/de\/wp-json\/wp\/v2\/product"}],"about":[{"href":"https:\/\/unox.com.tr\/de\/wp-json\/wp\/v2\/types\/product"}],"replies":[{"embeddable":true,"href":"https:\/\/unox.com.tr\/de\/wp-json\/wp\/v2\/comments?post=40060"}],"version-history":[{"count":0,"href":"https:\/\/unox.com.tr\/de\/wp-json\/wp\/v2\/product\/40060\/revisions"}],"wp:featuredmedia":[{"embeddable":true,"href":"https:\/\/unox.com.tr\/de\/wp-json\/wp\/v2\/media\/69866"}],"wp:attachment":[{"href":"https:\/\/unox.com.tr\/de\/wp-json\/wp\/v2\/media?parent=40060"}],"wp:term":[{"taxonomy":"product_brand","embeddable":true,"href":"https:\/\/unox.com.tr\/de\/wp-json\/wp\/v2\/product_brand?post=40060"},{"taxonomy":"product_cat","embeddable":true,"href":"https:\/\/unox.com.tr\/de\/wp-json\/wp\/v2\/product_cat?post=40060"},{"taxonomy":"product_tag","embeddable":true,"href":"https:\/\/unox.com.tr\/de\/wp-json\/wp\/v2\/product_tag?post=40060"}],"curies":[{"name":"wp","href":"https:\/\/api.w.org\/{rel}","templated":true}]}}