{"id":40066,"date":"2020-09-18T06:51:47","date_gmt":"2020-09-18T03:51:47","guid":{"rendered":"https:\/\/www.unox.com.tr\/urun\/manueller-plattenschieber\/"},"modified":"2023-03-16T09:58:36","modified_gmt":"2023-03-16T06:58:36","slug":"manueller-messerschieber","status":"publish","type":"product","link":"https:\/\/unox.com.tr\/de\/manueller-messerschieber\/","title":{"rendered":"Manuelles Messerschieberventil"},"content":{"rendered":"<div id=\"ez-toc-container\" class=\"ez-toc-v2_0_83 counter-hierarchy ez-toc-counter ez-toc-grey ez-toc-container-direction\">\n<div class=\"ez-toc-title-container\">\n<p class=\"ez-toc-title\" style=\"cursor:inherit\">Sayfa \u0130\u00e7eri\u011fi<\/p>\n<span class=\"ez-toc-title-toggle\"><a href=\"#\" class=\"ez-toc-pull-right ez-toc-btn ez-toc-btn-xs ez-toc-btn-default ez-toc-toggle\" aria-label=\"Toggle Table of Content\"><span class=\"ez-toc-js-icon-con\"><span class=\"\"><span class=\"eztoc-hide\" style=\"display:none;\">Toggle<\/span><span class=\"ez-toc-icon-toggle-span\"><svg style=\"fill: #999;color:#999\" xmlns=\"http:\/\/www.w3.org\/2000\/svg\" class=\"list-377408\" width=\"20px\" height=\"20px\" viewBox=\"0 0 24 24\" fill=\"none\"><path d=\"M6 6H4v2h2V6zm14 0H8v2h12V6zM4 11h2v2H4v-2zm16 0H8v2h12v-2zM4 16h2v2H4v-2zm16 0H8v2h12v-2z\" fill=\"currentColor\"><\/path><\/svg><svg style=\"fill: #999;color:#999\" class=\"arrow-unsorted-368013\" xmlns=\"http:\/\/www.w3.org\/2000\/svg\" width=\"10px\" height=\"10px\" viewBox=\"0 0 24 24\" version=\"1.2\" baseProfile=\"tiny\"><path d=\"M18.2 9.3l-6.2-6.3-6.2 6.3c-.2.2-.3.4-.3.7s.1.5.3.7c.2.2.4.3.7.3h11c.3 0 .5-.1.7-.3.2-.2.3-.5.3-.7s-.1-.5-.3-.7zM5.8 14.7l6.2 6.3 6.2-6.3c.2-.2.3-.5.3-.7s-.1-.5-.3-.7c-.2-.2-.4-.3-.7-.3h-11c-.3 0-.5.1-.7.3-.2.2-.3.5-.3.7s.1.5.3.7z\"\/><\/svg><\/span><\/span><\/span><\/a><\/span><\/div>\n<nav><ul class='ez-toc-list ez-toc-list-level-1 ' ><li class='ez-toc-page-1 ez-toc-heading-level-2'><a class=\"ez-toc-link ez-toc-heading-1\" href=\"https:\/\/unox.com.tr\/de\/manueller-messerschieber\/#Was_ist_ein_Manuelles_Messerschieberventil\" >Was ist ein Manuelles Messerschieberventil?<\/a><\/li><li class='ez-toc-page-1 ez-toc-heading-level-2'><a class=\"ez-toc-link ez-toc-heading-2\" href=\"https:\/\/unox.com.tr\/de\/manueller-messerschieber\/#Technische_Informationen_zum_manuellen_Plattenschieber\" >Technische Informationen zum manuellen Plattenschieber<\/a><\/li><li class='ez-toc-page-1 ez-toc-heading-level-2'><a class=\"ez-toc-link ez-toc-heading-3\" href=\"https:\/\/unox.com.tr\/de\/manueller-messerschieber\/#Allgemeine_Merkmale\" >Allgemeine Merkmale<\/a><\/li><li class='ez-toc-page-1 ez-toc-heading-level-2'><a class=\"ez-toc-link ez-toc-heading-4\" href=\"https:\/\/unox.com.tr\/de\/manueller-messerschieber\/#Geltungsbereich\" >Geltungsbereich<\/a><\/li><\/ul><\/nav><\/div>\n<h2><span class=\"ez-toc-section\" id=\"Was_ist_ein_Manuelles_Messerschieberventil\"><\/span><span style=\"font-size: 22px;\">Was ist ein Manuelles Messerschieberventil?<\/span><span class=\"ez-toc-section-end\"><\/span><\/h2>\n<p>Ein manuelles Schieberventil ist eine Art Ventil, das einen Schieber oder eine keilf\u00f6rmige Scheibe verwendet, um den Fl\u00fcssigkeitsfluss durch eine Rohrleitung zu steuern. Der Schieber wird manuell durch Drehen eines Hebels oder Rades bet\u00e4tigt, wodurch der Schieber angehoben oder abgesenkt wird, um das Ventil zu \u00f6ffnen oder zu schlie\u00dfen. Das Tor hat eine scharfe Kante, daher das sogenannte &#8222;Messertor&#8220;, das es ihm erm\u00f6glicht, Feststoffe zu durchschneiden, die in der Fl\u00fcssigkeit vorhanden sein k\u00f6nnen. Diese Art von Ventil wird h\u00e4ufig in Anwendungen eingesetzt, in denen ein schnelles Absperren erforderlich ist, wie z. B. Bew\u00e4sserungssysteme, Abwasserbehandlungsanlagen und industrielle Prozessleitungen. Es wird auch h\u00e4ufig in Anwendungen eingesetzt, in denen zu erwarten ist, dass Feststoffe in der Fl\u00fcssigkeit vorhanden sind, da die scharfe Kante der T\u00fcr es erm\u00f6glicht, den Feststofffluss effektiv zu unterbrechen und zu schlie\u00dfen.<\/p>\n<h2><span class=\"ez-toc-section\" id=\"Technische_Informationen_zum_manuellen_Plattenschieber\"><\/span><span style=\"font-size: 22px;\">Technische Informationen zum manuellen Plattenschieber<\/span><span class=\"ez-toc-section-end\"><\/span><\/h2>\n<ul>\n<li><strong>K\u00f6rper:<\/strong> GGG-40<\/li>\n<li><strong>Klinge:<\/strong> AISI 304, AISI 316<\/li>\n<li><strong>Sitzring:<\/strong> EPDM, NBR, Viton, Teflon<\/li>\n<li><strong>Betriebstemperatur:<\/strong> -10 \u00baC \/ +110 \u00baC<\/li>\n<li><strong>Arbeitsdruck:<\/strong> 16 bar<\/li>\n<li><strong>Druckklasse:<\/strong> PN16<\/li>\n<\/ul>\n<h2><span class=\"ez-toc-section\" id=\"Allgemeine_Merkmale\"><\/span><span style=\"font-size: 22px;\">Allgemeine Merkmale<\/span><span class=\"ez-toc-section-end\"><\/span><\/h2>\n<ul>\n<li>Eine einseitige Abdichtung ist m\u00f6glich, wobei die Einbaurichtung beachtet werden muss.<\/li>\n<li>Er kann zwischen zwei Flanschen am Ende einer Rohrleitung oder mit einem gegen\u00fcberliegenden Flansch eingebaut werden. PN10-Flansch ist verf\u00fcgbar.<\/li>\n<li>Die Klepe-Dichtung kann vor Ort ausgetauscht werden.<\/li>\n<li>Dank des oberen Flansches f\u00fcr die Montage von Antrieben geeignet.<\/li>\n<li>Der Dichtungssitz aus EPDM-Gummi befindet sich im Inneren des Geh\u00e4uses.<\/li>\n<li>Es sind Modelle mit manuellem Schwungrad, pneumatischem Kolben, elektrischem Antrieb und Getriebe erh\u00e4ltlich.<\/li>\n<\/ul>\n<h2><span class=\"ez-toc-section\" id=\"Geltungsbereich\"><\/span><span style=\"font-size: 22px;\">Geltungsbereich<\/span><span class=\"ez-toc-section-end\"><\/span><\/h2>\n<ul>\n<li>Schlammfl\u00fcssigkeiten<\/li>\n<li>Abfall, Warm- und Kaltwasser<\/li>\n<li>Einrichtung der Anlage<\/li>\n<li>Wasseraufbereitungsanlagen<\/li>\n<li>Sch\u00f6pfwerke<\/li>\n<li>Panzer<\/li>\n<li>Anwendungen in Meerwasser<\/li>\n<li>Kraftwerke<\/li>\n<li>Industrielle Anwendungen<\/li>\n<\/ul>\n","protected":false},"excerpt":{"rendered":"<p><a href=\"https:\/\/unox.com.tr\/wp-content\/uploads\/2023\/01\/Manuel-Bicak-Surgulu-Vana.pdf\" target=\"_blank\" rel=\"noopener\"><button style=\"background-color: #11224b; color: #ffffff; padding: 10px 15px; font-family: montserrat; font-weight: bold; font-size: 19px; border-radius: 10px;\"><img decoding=\"async\" style=\"width: 25px; height: 25px;\" src=\"https:\/\/unox.com.tr\/wp-content\/uploads\/2023\/02\/pdf-1.png\">PRODUKTKATALOG<\/button><\/a><\/p>\n<p><button style=\"background-color: #11224b; margin-top: 5px; color: white; padding: 0px 15px; width: 150px; height: 55px; border-radius: 10px; border: none; cursor: pointer;\"><br \/>\n<img decoding=\"async\" style=\"width: 120px; height: 30px;\" src=\"https:\/\/unox.com.tr\/wp-content\/uploads\/2023\/02\/4-1.svg\"><\/button><\/p>\n","protected":false},"featured_media":34246,"comment_status":"open","ping_status":"closed","template":"","meta":[],"product_brand":[],"product_cat":[1144,1143],"product_tag":[],"class_list":{"0":"post-40066","1":"product","2":"type-product","3":"status-publish","4":"has-post-thumbnail","6":"product_cat-ventile-mit-messer","7":"product_cat-ventilgruppe","9":"first","10":"instock","11":"shipping-taxable","12":"product-type-simple"},"_links":{"self":[{"href":"https:\/\/unox.com.tr\/de\/wp-json\/wp\/v2\/product\/40066","targetHints":{"allow":["GET"]}}],"collection":[{"href":"https:\/\/unox.com.tr\/de\/wp-json\/wp\/v2\/product"}],"about":[{"href":"https:\/\/unox.com.tr\/de\/wp-json\/wp\/v2\/types\/product"}],"replies":[{"embeddable":true,"href":"https:\/\/unox.com.tr\/de\/wp-json\/wp\/v2\/comments?post=40066"}],"version-history":[{"count":0,"href":"https:\/\/unox.com.tr\/de\/wp-json\/wp\/v2\/product\/40066\/revisions"}],"wp:featuredmedia":[{"embeddable":true,"href":"https:\/\/unox.com.tr\/de\/wp-json\/wp\/v2\/media\/34246"}],"wp:attachment":[{"href":"https:\/\/unox.com.tr\/de\/wp-json\/wp\/v2\/media?parent=40066"}],"wp:term":[{"taxonomy":"product_brand","embeddable":true,"href":"https:\/\/unox.com.tr\/de\/wp-json\/wp\/v2\/product_brand?post=40066"},{"taxonomy":"product_cat","embeddable":true,"href":"https:\/\/unox.com.tr\/de\/wp-json\/wp\/v2\/product_cat?post=40066"},{"taxonomy":"product_tag","embeddable":true,"href":"https:\/\/unox.com.tr\/de\/wp-json\/wp\/v2\/product_tag?post=40066"}],"curies":[{"name":"wp","href":"https:\/\/api.w.org\/{rel}","templated":true}]}}