{"id":40070,"date":"2020-09-18T06:50:09","date_gmt":"2020-09-18T03:50:09","guid":{"rendered":"https:\/\/www.unox.com.tr\/urun\/zwischenflansch-rueckschlagklappe\/"},"modified":"2023-03-16T10:02:44","modified_gmt":"2023-03-16T07:02:44","slug":"wafer-typ-schwenk-ruckschlagventil","status":"publish","type":"product","link":"https:\/\/unox.com.tr\/de\/wafer-typ-schwenk-ruckschlagventil\/","title":{"rendered":"Zwischenflansch R\u00fcckschlagventil"},"content":{"rendered":"<div id=\"ez-toc-container\" class=\"ez-toc-v2_0_83 counter-hierarchy ez-toc-counter ez-toc-grey ez-toc-container-direction\">\n<div class=\"ez-toc-title-container\">\n<p class=\"ez-toc-title\" style=\"cursor:inherit\">Sayfa \u0130\u00e7eri\u011fi<\/p>\n<span class=\"ez-toc-title-toggle\"><a href=\"#\" class=\"ez-toc-pull-right ez-toc-btn ez-toc-btn-xs ez-toc-btn-default ez-toc-toggle\" aria-label=\"Toggle Table of Content\"><span class=\"ez-toc-js-icon-con\"><span class=\"\"><span class=\"eztoc-hide\" style=\"display:none;\">Toggle<\/span><span class=\"ez-toc-icon-toggle-span\"><svg style=\"fill: #999;color:#999\" xmlns=\"http:\/\/www.w3.org\/2000\/svg\" class=\"list-377408\" width=\"20px\" height=\"20px\" viewBox=\"0 0 24 24\" fill=\"none\"><path d=\"M6 6H4v2h2V6zm14 0H8v2h12V6zM4 11h2v2H4v-2zm16 0H8v2h12v-2zM4 16h2v2H4v-2zm16 0H8v2h12v-2z\" fill=\"currentColor\"><\/path><\/svg><svg style=\"fill: #999;color:#999\" class=\"arrow-unsorted-368013\" xmlns=\"http:\/\/www.w3.org\/2000\/svg\" width=\"10px\" height=\"10px\" viewBox=\"0 0 24 24\" version=\"1.2\" baseProfile=\"tiny\"><path d=\"M18.2 9.3l-6.2-6.3-6.2 6.3c-.2.2-.3.4-.3.7s.1.5.3.7c.2.2.4.3.7.3h11c.3 0 .5-.1.7-.3.2-.2.3-.5.3-.7s-.1-.5-.3-.7zM5.8 14.7l6.2 6.3 6.2-6.3c.2-.2.3-.5.3-.7s-.1-.5-.3-.7c-.2-.2-.4-.3-.7-.3h-11c-.3 0-.5.1-.7.3-.2.2-.3.5-.3.7s.1.5.3.7z\"\/><\/svg><\/span><\/span><\/span><\/a><\/span><\/div>\n<nav><ul class='ez-toc-list ez-toc-list-level-1 ' ><li class='ez-toc-page-1 ez-toc-heading-level-2'><a class=\"ez-toc-link ez-toc-heading-1\" href=\"https:\/\/unox.com.tr\/de\/wafer-typ-schwenk-ruckschlagventil\/#Was_ist_eine_Zwischenflansch_Rueckschlagklappe\" >Was ist eine Zwischenflansch R\u00fcckschlagklappe?<\/a><\/li><li class='ez-toc-page-1 ez-toc-heading-level-2'><a class=\"ez-toc-link ez-toc-heading-2\" href=\"https:\/\/unox.com.tr\/de\/wafer-typ-schwenk-ruckschlagventil\/#Wie_funktioniert_ein_Zwischenflansch_Rueckschlagventil\" >Wie funktioniert ein Zwischenflansch R\u00fcckschlagventil?<\/a><\/li><li class='ez-toc-page-1 ez-toc-heading-level-2'><a class=\"ez-toc-link ez-toc-heading-3\" href=\"https:\/\/unox.com.tr\/de\/wafer-typ-schwenk-ruckschlagventil\/#Produkteigenschaften\" >Produkteigenschaften<\/a><\/li><li class='ez-toc-page-1 ez-toc-heading-level-2'><a class=\"ez-toc-link ez-toc-heading-4\" href=\"https:\/\/unox.com.tr\/de\/wafer-typ-schwenk-ruckschlagventil\/#Einsatzbereiche\" >Einsatzbereiche<\/a><\/li><li class='ez-toc-page-1 ez-toc-heading-level-2'><a class=\"ez-toc-link ez-toc-heading-5\" href=\"https:\/\/unox.com.tr\/de\/wafer-typ-schwenk-ruckschlagventil\/#Anwendungen\" >Anwendungen<\/a><\/li><\/ul><\/nav><\/div>\n<h2><span class=\"ez-toc-section\" id=\"Was_ist_eine_Zwischenflansch_Rueckschlagklappe\"><\/span><span style=\"font-size: 22px;\">Was ist eine Zwischenflansch R\u00fcckschlagklappe?<\/span><span class=\"ez-toc-section-end\"><\/span><\/h2>\n<p>Ein R\u00fcckschlagventil, auch R\u00fcckschlagventil oder R\u00fcckschlagventil genannt, ist eine mechanische Vorrichtung, durch die Fl\u00fcssigkeit oder Gas nur in eine Richtung flie\u00dfen kann. Es ist so konzipiert, dass es automatisch abschaltet, wenn der Fl\u00fcssigkeits- oder Gasfluss die Richtung \u00e4ndert, wodurch ein R\u00fcckfluss verhindert wird. Es wird h\u00e4ufig in Sanit\u00e4r-, Rohrleitungs- und anderen Fl\u00fcssigkeitshandhabungssystemen verwendet, um den Fl\u00fcssigkeits- oder Gasfluss in einer bestimmten Richtung aufrechtzuerhalten und einen R\u00fcckfluss zu verhindern. Sie werden auch in einer Vielzahl anderer Anwendungen wie \u00d6l- und Gaspipelines, Bew\u00e4sserungssystemen und industriellen Prozessen eingesetzt. R\u00fcckschlagventile sind in einer Vielzahl von Gr\u00f6\u00dfen, Materialien und Konfigurationen f\u00fcr unterschiedliche Anwendungen und Betriebsbedingungen erh\u00e4ltlich.<\/p>\n<h2><span class=\"ez-toc-section\" id=\"Wie_funktioniert_ein_Zwischenflansch_Rueckschlagventil\"><\/span><span style=\"font-size: 22px;\">Wie funktioniert ein Zwischenflansch R\u00fcckschlagventil?<\/span><span class=\"ez-toc-section-end\"><\/span><\/h2>\n<p>Ventile pr\u00fcfen; sind Absperrventile, die einen Durchfluss in eine Richtung zulassen und einen R\u00fcckfluss automatisch verhindern. Eine R\u00fcckschlagklappe ist eine schwingende Scheibe, die an einem Scharnier oder einer Welle montiert ist. Die Scheibe schwenkt aus dem Schlitz in die \u00d6ffnungsposition, um einen Vorw\u00e4rtsfluss zu erm\u00f6glichen, und wenn der Fluss stoppt, kehrt die Scheibe in den Schlitz zur\u00fcck, um einen R\u00fcckfluss zu verhindern. Das Gewicht des Tellers und der R\u00fcckfluss beeinflussen das Schlie\u00dfverhalten des Ventils.<\/p>\n<h2><span class=\"ez-toc-section\" id=\"Produkteigenschaften\"><\/span><span style=\"font-size: 22px;\">Produkteigenschaften<\/span><span class=\"ez-toc-section-end\"><\/span><\/h2>\n<ul>\n<li><strong>Dichtung:<\/strong> EPDM<\/li>\n<li><strong>Gr\u00f6\u00dfe:<\/strong> DN25 &#8211; DN300<\/li>\n<li><strong>Max. Hitze:<\/strong> 130 \u00baC<\/li>\n<\/ul>\n<h2><span class=\"ez-toc-section\" id=\"Einsatzbereiche\"><\/span><span style=\"font-size: 22px;\">Einsatzbereiche<\/span><span class=\"ez-toc-section-end\"><\/span><\/h2>\n<ul>\n<li>Heizungs-\/Warmwassersysteme,<\/li>\n<li>Wasseraufbereitungs- und Abwassersysteme,<\/li>\n<li>Dampferzeugungs- und Speisesysteme,<\/li>\n<li>Energieleitungen (Wasser, Luft, Dampf etc.)<\/li>\n<li>Leitsysteme f\u00fcr Raffinerien und Chemieanlagen.<\/li>\n<\/ul>\n<h2><span class=\"ez-toc-section\" id=\"Anwendungen\"><\/span><span style=\"font-size: 22px;\">Anwendungen<\/span><span class=\"ez-toc-section-end\"><\/span><\/h2>\n<p>Es kann ortsunabh\u00e4ngig zwischen Rohrleitungsflanschen f\u00fcr Fl\u00fcssigkeiten, Gase und D\u00e4mpfe eingebaut werden.<\/p>\n<p>&nbsp;<\/p>\n<p><img decoding=\"async\" class=\" wp-image-41798\" src=\"https:\/\/unox.com.tr\/wp-content\/themes\/woodmart\/images\/lazy.svg\" data-src=\"https:\/\/unox.com.tr\/wp-content\/uploads\/2020\/09\/Ekran-Alintisi-300x105.png\" alt=\"zwischenflansch r\u00fcckschlagventil\" width=\"480\" height=\"168\" title=\"\" srcset=\"\" data-srcset=\"https:\/\/unox.com.tr\/wp-content\/uploads\/2020\/09\/Ekran-Alintisi-300x105.png 300w, https:\/\/unox.com.tr\/wp-content\/uploads\/2020\/09\/Ekran-Alintisi-150x53.png 150w, https:\/\/unox.com.tr\/wp-content\/uploads\/2020\/09\/Ekran-Alintisi-400x141.png 400w, https:\/\/unox.com.tr\/wp-content\/uploads\/2020\/09\/Ekran-Alintisi-367x129.png 367w, https:\/\/unox.com.tr\/wp-content\/uploads\/2020\/09\/Ekran-Alintisi.png 538w\" sizes=\"(max-width: 480px) 100vw, 480px\" \/><\/p>\n","protected":false},"excerpt":{"rendered":"<p><a href=\"https:\/\/unox.com.tr\/wp-content\/uploads\/2023\/01\/Wafer-Tip-Calpara-Cekvalf.pdf\" target=\"_blank\" rel=\"noopener\"><button style=\"background-color: #11224b; color: #ffffff; padding: 10px 15px; font-family: montserrat; font-weight: bold; font-size: 19px; border-radius: 10px;\"><img decoding=\"async\" style=\"width: 25px; height: 25px;\" src=\"https:\/\/unox.com.tr\/wp-content\/uploads\/2023\/02\/pdf-1.png\">PRODUKTKATALOG<\/button><\/a><\/p>\n<p><button style=\"background-color: #11224b; margin-top: 5px; color: white; padding: 0px 15px; width: 150px; height: 55px; border-radius: 10px; border: none; cursor: pointer;\"><br \/>\n<img decoding=\"async\" style=\"width: 120px; height: 30px;\" src=\"https:\/\/unox.com.tr\/wp-content\/uploads\/2023\/02\/4-1.svg\"><\/button><\/p>\n","protected":false},"featured_media":30437,"comment_status":"open","ping_status":"closed","template":"","meta":[],"product_brand":[],"product_cat":[1400,1143],"product_tag":[],"class_list":{"0":"post-40070","1":"product","2":"type-product","3":"status-publish","4":"has-post-thumbnail","6":"product_cat-prufe-ventile","7":"product_cat-ventilgruppe","9":"first","10":"instock","11":"shipping-taxable","12":"product-type-simple"},"_links":{"self":[{"href":"https:\/\/unox.com.tr\/de\/wp-json\/wp\/v2\/product\/40070","targetHints":{"allow":["GET"]}}],"collection":[{"href":"https:\/\/unox.com.tr\/de\/wp-json\/wp\/v2\/product"}],"about":[{"href":"https:\/\/unox.com.tr\/de\/wp-json\/wp\/v2\/types\/product"}],"replies":[{"embeddable":true,"href":"https:\/\/unox.com.tr\/de\/wp-json\/wp\/v2\/comments?post=40070"}],"version-history":[{"count":0,"href":"https:\/\/unox.com.tr\/de\/wp-json\/wp\/v2\/product\/40070\/revisions"}],"wp:featuredmedia":[{"embeddable":true,"href":"https:\/\/unox.com.tr\/de\/wp-json\/wp\/v2\/media\/30437"}],"wp:attachment":[{"href":"https:\/\/unox.com.tr\/de\/wp-json\/wp\/v2\/media?parent=40070"}],"wp:term":[{"taxonomy":"product_brand","embeddable":true,"href":"https:\/\/unox.com.tr\/de\/wp-json\/wp\/v2\/product_brand?post=40070"},{"taxonomy":"product_cat","embeddable":true,"href":"https:\/\/unox.com.tr\/de\/wp-json\/wp\/v2\/product_cat?post=40070"},{"taxonomy":"product_tag","embeddable":true,"href":"https:\/\/unox.com.tr\/de\/wp-json\/wp\/v2\/product_tag?post=40070"}],"curies":[{"name":"wp","href":"https:\/\/api.w.org\/{rel}","templated":true}]}}