{"id":40075,"date":"2020-09-18T06:48:21","date_gmt":"2020-09-18T06:48:21","guid":{"rendered":"https:\/\/www.unox.com.tr\/urun\/edelstahl-disc-rueckschlagventil\/"},"modified":"2023-03-16T10:19:14","modified_gmt":"2023-03-16T07:19:14","slug":"edelstahl-disco-ruckschlagventil","status":"publish","type":"product","link":"https:\/\/unox.com.tr\/de\/edelstahl-disco-ruckschlagventil\/","title":{"rendered":"Edelstahl Disco R\u00fcckschlagventil"},"content":{"rendered":"<div id=\"ez-toc-container\" class=\"ez-toc-v2_0_83 counter-hierarchy ez-toc-counter ez-toc-grey ez-toc-container-direction\">\n<div class=\"ez-toc-title-container\">\n<p class=\"ez-toc-title\" style=\"cursor:inherit\">Sayfa \u0130\u00e7eri\u011fi<\/p>\n<span class=\"ez-toc-title-toggle\"><a href=\"#\" class=\"ez-toc-pull-right ez-toc-btn ez-toc-btn-xs ez-toc-btn-default ez-toc-toggle\" aria-label=\"Toggle Table of Content\"><span class=\"ez-toc-js-icon-con\"><span class=\"\"><span class=\"eztoc-hide\" style=\"display:none;\">Toggle<\/span><span class=\"ez-toc-icon-toggle-span\"><svg style=\"fill: #999;color:#999\" xmlns=\"http:\/\/www.w3.org\/2000\/svg\" class=\"list-377408\" width=\"20px\" height=\"20px\" viewBox=\"0 0 24 24\" fill=\"none\"><path d=\"M6 6H4v2h2V6zm14 0H8v2h12V6zM4 11h2v2H4v-2zm16 0H8v2h12v-2zM4 16h2v2H4v-2zm16 0H8v2h12v-2z\" fill=\"currentColor\"><\/path><\/svg><svg style=\"fill: #999;color:#999\" class=\"arrow-unsorted-368013\" xmlns=\"http:\/\/www.w3.org\/2000\/svg\" width=\"10px\" height=\"10px\" viewBox=\"0 0 24 24\" version=\"1.2\" baseProfile=\"tiny\"><path d=\"M18.2 9.3l-6.2-6.3-6.2 6.3c-.2.2-.3.4-.3.7s.1.5.3.7c.2.2.4.3.7.3h11c.3 0 .5-.1.7-.3.2-.2.3-.5.3-.7s-.1-.5-.3-.7zM5.8 14.7l6.2 6.3 6.2-6.3c.2-.2.3-.5.3-.7s-.1-.5-.3-.7c-.2-.2-.4-.3-.7-.3h-11c-.3 0-.5.1-.7.3-.2.2-.3.5-.3.7s.1.5.3.7z\"\/><\/svg><\/span><\/span><\/span><\/a><\/span><\/div>\n<nav><ul class='ez-toc-list ez-toc-list-level-1 ' ><li class='ez-toc-page-1 ez-toc-heading-level-2'><a class=\"ez-toc-link ez-toc-heading-1\" href=\"https:\/\/unox.com.tr\/de\/edelstahl-disco-ruckschlagventil\/#Was_ist_ein_Edelstahl_Disco_Rueckschlagventil\" >Was ist ein Edelstahl Disco R\u00fcckschlagventil?<\/a><\/li><li class='ez-toc-page-1 ez-toc-heading-level-2'><a class=\"ez-toc-link ez-toc-heading-2\" href=\"https:\/\/unox.com.tr\/de\/edelstahl-disco-ruckschlagventil\/#Technische_Information\" >Technische Information<\/a><\/li><li class='ez-toc-page-1 ez-toc-heading-level-2'><a class=\"ez-toc-link ez-toc-heading-3\" href=\"https:\/\/unox.com.tr\/de\/edelstahl-disco-ruckschlagventil\/#Einsatzbereiche\" >Einsatzbereiche<\/a><\/li><li class='ez-toc-page-1 ez-toc-heading-level-2'><a class=\"ez-toc-link ez-toc-heading-4\" href=\"https:\/\/unox.com.tr\/de\/edelstahl-disco-ruckschlagventil\/#Anwendungen\" >Anwendungen<\/a><\/li><\/ul><\/nav><\/div>\n<h2><span class=\"ez-toc-section\" id=\"Was_ist_ein_Edelstahl_Disco_Rueckschlagventil\"><\/span><span style=\"font-size: 22px;\">Was ist ein Edelstahl Disco R\u00fcckschlagventil?<\/span><span class=\"ez-toc-section-end\"><\/span><\/h2>\n<p>Ein Edelstahl Disco R\u00fcckschlagventil ist eine Art Ventil, das einen R\u00fcckfluss verhindert, indem es die Fl\u00fcssigkeit nur in eine Richtung flie\u00dfen l\u00e4sst. Es besteht aus einem Ventilk\u00f6rper mit einer schwenkbaren Klappe oder Scheibe, die an einem Schaft befestigt ist. Wenn die Fl\u00fcssigkeit in die richtige Richtung flie\u00dft, wird die Scheibe aus dem Weg gezogen, sodass die Fl\u00fcssigkeit durch das Ventil flie\u00dfen kann. Wenn der Fl\u00fcssigkeitsfluss stoppt oder die Richtung \u00e4ndert, kehrt die Scheibe in ihre urspr\u00fcngliche Position zur\u00fcck und verhindert, dass die Fl\u00fcssigkeit in die entgegengesetzte Richtung flie\u00dft.<\/p>\n<p>Edelstahl ist eine Stahlsorte, die h\u00e4ufig im R\u00fcckschlagventilbau verwendet wird, da sie korrosionsbest\u00e4ndig ist. R\u00fcckschlagventile werden h\u00e4ufig in einer Vielzahl von Anwendungen eingesetzt, darunter Wasseraufbereitungsanlagen, chemische Verarbeitungsanlagen sowie \u00d6l- und Gaspipelines, um einen R\u00fcckfluss zu verhindern und Ger\u00e4te und Pipelines vor Besch\u00e4digungen zu sch\u00fctzen.<\/p>\n<p>R\u00fcckschlagventile sind Allzweckarmaturen und haben Anwendungsgebiete f\u00fcr Fl\u00fcssigkeiten, Gase und Dampf. Sie erh\u00f6hen die Betriebssicherheit und k\u00f6nnen je nach Situation komplizierte Vorrichtungen ersetzen. Die Verwendung einer solchen Armatur macht das Unox Disco-R\u00fcckschlagventil aufgrund seiner Eigenschaften wie kurzer Montageweg und Montagezeit sowie Platzersparnis vorteilhaft.<\/p>\n<h2><span class=\"ez-toc-section\" id=\"Technische_Information\"><\/span><span style=\"font-size: 22px;\">Technische Information<\/span><span class=\"ez-toc-section-end\"><\/span><\/h2>\n<ul>\n<li><strong>K\u00f6rper:<\/strong> AISI 316 &#8211; CF8M<\/li>\n<li><strong>Scheibe:<\/strong> AISI 316 &#8211; CF8M<\/li>\n<li><strong>Feder:<\/strong> AISI 31 &#8211; CF8<\/li>\n<li><strong>Federdruckplatte:<\/strong> AISI 316 &#8211; CF8M<\/li>\n<li><strong>Abmessungen:<\/strong> DN15 &#8211; DN100<\/li>\n<li><strong>Betriebstemperatur:<\/strong> -10 \u00b0C &#8211; 300 \u00b0C<\/li>\n<\/ul>\n<h2><span class=\"ez-toc-section\" id=\"Einsatzbereiche\"><\/span><span style=\"font-size: 22px;\">Einsatzbereiche<\/span><span class=\"ez-toc-section-end\"><\/span><\/h2>\n<ul>\n<li>Heizungs-\/Warmwassersysteme,<\/li>\n<li>Wasseraufbereitungs- und Abwassersysteme,<\/li>\n<li>Dampferzeugungs- und Speisesysteme,<\/li>\n<li>Energieleitungen (Wasser, Luft, Dampf etc.)<\/li>\n<li>Leitsysteme f\u00fcr Raffinerien und Chemieanlagen.<\/li>\n<\/ul>\n<h2><span class=\"ez-toc-section\" id=\"Anwendungen\"><\/span><span style=\"font-size: 22px;\">Anwendungen<\/span><span class=\"ez-toc-section-end\"><\/span><\/h2>\n<p><strong>R\u00fcckschlagventile<\/strong> k\u00f6nnen ortsunabh\u00e4ngig zwischen Rohrleitungsflansche f\u00fcr Fl\u00fcssigkeiten, Gase und D\u00e4mpfe eingebaut werden.<\/p>\n<p>&nbsp;<\/p>\n<p><img decoding=\"async\" class=\"alignnone wp-image-37799\" src=\"https:\/\/unox.com.tr\/wp-content\/themes\/woodmart\/images\/lazy.svg\" data-src=\"https:\/\/unox.com.tr\/wp-content\/uploads\/2020\/09\/disko-cekvalf-300x139.png\" alt=\"\" width=\"556\" height=\"258\" title=\"\" srcset=\"\" data-srcset=\"https:\/\/unox.com.tr\/wp-content\/uploads\/2020\/09\/disko-cekvalf-300x139.png 300w, https:\/\/unox.com.tr\/wp-content\/uploads\/2020\/09\/disko-cekvalf-150x70.png 150w, https:\/\/unox.com.tr\/wp-content\/uploads\/2020\/09\/disko-cekvalf-600x279.png 600w, https:\/\/unox.com.tr\/wp-content\/uploads\/2020\/09\/disko-cekvalf-640x297.png 640w, https:\/\/unox.com.tr\/wp-content\/uploads\/2020\/09\/disko-cekvalf-400x186.png 400w, https:\/\/unox.com.tr\/wp-content\/uploads\/2020\/09\/disko-cekvalf-367x170.png 367w, https:\/\/unox.com.tr\/wp-content\/uploads\/2020\/09\/disko-cekvalf.png 657w\" sizes=\"(max-width: 556px) 100vw, 556px\" \/><\/p>\n<ol>\n<li>K\u00f6rper<\/li>\n<li>Scheibe<\/li>\n<li>Pfeil<\/li>\n<li>Federdruckplatte<\/li>\n<\/ol>\n","protected":false},"excerpt":{"rendered":"<p><a href=\"https:\/\/unox.com.tr\/wp-content\/uploads\/2023\/01\/Paslanmaz-Disko-Cekvalf.pdf\" target=\"_blank\" rel=\"noopener\"><button style=\"background-color: #11224b; color: #ffffff; padding: 10px 15px; font-family: montserrat; font-weight: bold; font-size: 19px; border-radius: 10px;\"><img decoding=\"async\" style=\"width: 25px; height: 25px;\" src=\"https:\/\/unox.com.tr\/wp-content\/uploads\/2023\/02\/pdf-1.png\">PRODUKTKATALOG<\/button><\/a><\/p>\n<p><button style=\"background-color: #11224b; margin-top: 5px; color: white; padding: 0px 15px; width: 150px; height: 55px; border-radius: 10px; border: none; cursor: pointer;\"><br \/>\n<img decoding=\"async\" style=\"width: 120px; height: 30px;\" src=\"https:\/\/unox.com.tr\/wp-content\/uploads\/2023\/02\/4-1.svg\"><\/button><\/p>\n","protected":false},"featured_media":68911,"comment_status":"closed","ping_status":"closed","template":"","meta":[],"product_brand":[],"product_cat":[1400,1629,1143],"product_tag":[],"class_list":{"0":"post-40075","1":"product","2":"type-product","3":"status-publish","4":"has-post-thumbnail","6":"product_cat-prufe-ventile","7":"product_cat-ventil-aus-rostfreiem-stahl","8":"product_cat-ventilgruppe","10":"first","11":"instock","12":"shipping-taxable","13":"product-type-simple"},"_links":{"self":[{"href":"https:\/\/unox.com.tr\/de\/wp-json\/wp\/v2\/product\/40075","targetHints":{"allow":["GET"]}}],"collection":[{"href":"https:\/\/unox.com.tr\/de\/wp-json\/wp\/v2\/product"}],"about":[{"href":"https:\/\/unox.com.tr\/de\/wp-json\/wp\/v2\/types\/product"}],"replies":[{"embeddable":true,"href":"https:\/\/unox.com.tr\/de\/wp-json\/wp\/v2\/comments?post=40075"}],"version-history":[{"count":0,"href":"https:\/\/unox.com.tr\/de\/wp-json\/wp\/v2\/product\/40075\/revisions"}],"wp:featuredmedia":[{"embeddable":true,"href":"https:\/\/unox.com.tr\/de\/wp-json\/wp\/v2\/media\/68911"}],"wp:attachment":[{"href":"https:\/\/unox.com.tr\/de\/wp-json\/wp\/v2\/media?parent=40075"}],"wp:term":[{"taxonomy":"product_brand","embeddable":true,"href":"https:\/\/unox.com.tr\/de\/wp-json\/wp\/v2\/product_brand?post=40075"},{"taxonomy":"product_cat","embeddable":true,"href":"https:\/\/unox.com.tr\/de\/wp-json\/wp\/v2\/product_cat?post=40075"},{"taxonomy":"product_tag","embeddable":true,"href":"https:\/\/unox.com.tr\/de\/wp-json\/wp\/v2\/product_tag?post=40075"}],"curies":[{"name":"wp","href":"https:\/\/api.w.org\/{rel}","templated":true}]}}