{"id":40085,"date":"2020-09-18T06:26:04","date_gmt":"2020-09-18T03:26:04","guid":{"rendered":"https:\/\/www.unox.com.tr\/urun\/mini-niveauschalter-aus-edelstahl\/"},"modified":"2023-03-20T11:23:35","modified_gmt":"2023-03-20T08:23:35","slug":"edelstahl-mini-niveauschalter","status":"publish","type":"product","link":"https:\/\/unox.com.tr\/de\/edelstahl-mini-niveauschalter\/","title":{"rendered":"Mini Niveauschalter aus Edelstahl"},"content":{"rendered":"<div id=\"ez-toc-container\" class=\"ez-toc-v2_0_82_2 counter-hierarchy ez-toc-counter ez-toc-grey ez-toc-container-direction\">\n<div class=\"ez-toc-title-container\">\n<p class=\"ez-toc-title\" style=\"cursor:inherit\">Sayfa \u0130\u00e7eri\u011fi<\/p>\n<span class=\"ez-toc-title-toggle\"><a href=\"#\" class=\"ez-toc-pull-right ez-toc-btn ez-toc-btn-xs ez-toc-btn-default ez-toc-toggle\" aria-label=\"Toggle Table of Content\"><span class=\"ez-toc-js-icon-con\"><span class=\"\"><span class=\"eztoc-hide\" style=\"display:none;\">Toggle<\/span><span class=\"ez-toc-icon-toggle-span\"><svg style=\"fill: #999;color:#999\" xmlns=\"http:\/\/www.w3.org\/2000\/svg\" class=\"list-377408\" width=\"20px\" height=\"20px\" viewBox=\"0 0 24 24\" fill=\"none\"><path d=\"M6 6H4v2h2V6zm14 0H8v2h12V6zM4 11h2v2H4v-2zm16 0H8v2h12v-2zM4 16h2v2H4v-2zm16 0H8v2h12v-2z\" fill=\"currentColor\"><\/path><\/svg><svg style=\"fill: #999;color:#999\" class=\"arrow-unsorted-368013\" xmlns=\"http:\/\/www.w3.org\/2000\/svg\" width=\"10px\" height=\"10px\" viewBox=\"0 0 24 24\" version=\"1.2\" baseProfile=\"tiny\"><path d=\"M18.2 9.3l-6.2-6.3-6.2 6.3c-.2.2-.3.4-.3.7s.1.5.3.7c.2.2.4.3.7.3h11c.3 0 .5-.1.7-.3.2-.2.3-.5.3-.7s-.1-.5-.3-.7zM5.8 14.7l6.2 6.3 6.2-6.3c.2-.2.3-.5.3-.7s-.1-.5-.3-.7c-.2-.2-.4-.3-.7-.3h-11c-.3 0-.5.1-.7.3-.2.2-.3.5-.3.7s.1.5.3.7z\"\/><\/svg><\/span><\/span><\/span><\/a><\/span><\/div>\n<nav><ul class='ez-toc-list ez-toc-list-level-1 ' ><li class='ez-toc-page-1 ez-toc-heading-level-2'><a class=\"ez-toc-link ez-toc-heading-1\" href=\"https:\/\/unox.com.tr\/de\/edelstahl-mini-niveauschalter\/#Was_ist_ein_Mini_Niveauschalter\" >Was ist ein Mini Niveauschalter ?<\/a><\/li><li class='ez-toc-page-1 ez-toc-heading-level-2'><a class=\"ez-toc-link ez-toc-heading-2\" href=\"https:\/\/unox.com.tr\/de\/edelstahl-mini-niveauschalter\/#Wo_wird_der_Niveauschalter_verwendet\" >Wo wird der Niveauschalter verwendet?<\/a><\/li><li class='ez-toc-page-1 ez-toc-heading-level-2'><a class=\"ez-toc-link ez-toc-heading-3\" href=\"https:\/\/unox.com.tr\/de\/edelstahl-mini-niveauschalter\/#Produkteigenschaften\" >Produkteigenschaften<\/a><\/li><li class='ez-toc-page-1 ez-toc-heading-level-2'><a class=\"ez-toc-link ez-toc-heading-4\" href=\"https:\/\/unox.com.tr\/de\/edelstahl-mini-niveauschalter\/#Arbeitsprinzip\" >Arbeitsprinzip<\/a><\/li><li class='ez-toc-page-1 ez-toc-heading-level-2'><a class=\"ez-toc-link ez-toc-heading-5\" href=\"https:\/\/unox.com.tr\/de\/edelstahl-mini-niveauschalter\/#Geltungsbereich\" >Geltungsbereich<\/a><\/li><li class='ez-toc-page-1 ez-toc-heading-level-2'><a class=\"ez-toc-link ez-toc-heading-6\" href=\"https:\/\/unox.com.tr\/de\/edelstahl-mini-niveauschalter\/#Vorteile\" >Vorteile<\/a><\/li><\/ul><\/nav><\/div>\n<h2><span class=\"ez-toc-section\" id=\"Was_ist_ein_Mini_Niveauschalter\"><\/span><span style=\"font-size: 22px;\">Was ist ein Mini Niveauschalter ?<\/span><span class=\"ez-toc-section-end\"><\/span><\/h2>\n<p>Mini-Niveauschalter; Es wird bei Tankf\u00fcllstandskontrollvorg\u00e4ngen verwendet. Neben der einfachen Handhabung ist es auch wirtschaftlich, weshalb es von Maschinenherstellern bevorzugt wird.<\/p>\n<h2><span class=\"ez-toc-section\" id=\"Wo_wird_der_Niveauschalter_verwendet\"><\/span><span style=\"font-size: 22px;\">Wo wird der Niveauschalter verwendet?<\/span><span class=\"ez-toc-section-end\"><\/span><\/h2>\n<p>F\u00fcllstandsschalter k\u00f6nnen in einer Vielzahl von Branchen eingesetzt werden, darunter chemische Verarbeitung, \u00d6l und Gas, Lebensmittel und Getr\u00e4nke sowie Wasseraufbereitung. Sie sind ein wesentlicher Bestandteil vieler Prozessleitsysteme, da sie eine zuverl\u00e4ssige M\u00f6glichkeit bieten, den F\u00fcllstand einer Substanz in einem Beh\u00e4lter oder Beh\u00e4lter zu \u00fcberwachen und zu steuern.<\/p>\n<h2><span class=\"ez-toc-section\" id=\"Produkteigenschaften\"><\/span><span style=\"font-size: 22px;\">Produkteigenschaften<\/span><span class=\"ez-toc-section-end\"><\/span><\/h2>\n<ul>\n<li>Rohr und Schwimmer: Edelstahl AISI 304<\/li>\n<li>Arbeitsdruck: 5 bar<\/li>\n<li>Betriebstemperatur: -10&#8230;+150 \u00b0C<\/li>\n<li>Versorgungsspannung: 220 V Wechselstrom<\/li>\n<li>Anschluss 1\/2&#8243; Au\u00dfengewinde<\/li>\n<li>Min. Dichte: 0,7 GR\/CM3<\/li>\n<li>Montageart: Horizontal<\/li>\n<li>Elektrischer Anschluss: Steckdose<\/li>\n<\/ul>\n<h2><span class=\"ez-toc-section\" id=\"Arbeitsprinzip\"><\/span><span style=\"font-size: 22px;\">Arbeitsprinzip<\/span><span class=\"ez-toc-section-end\"><\/span><\/h2>\n<p>Wenn das Magnetfeld des Magneten im Schwimmer das Niveau des im Rohr platzierten Sensors erreicht, \u00f6ffnet es den Stromkreis. Mit dieser Relaisschaltung werden F\u00fcllstandsinformationen ausgewertet.<\/p>\n<h2><span class=\"ez-toc-section\" id=\"Geltungsbereich\"><\/span><span style=\"font-size: 22px;\">Geltungsbereich<\/span><span class=\"ez-toc-section-end\"><\/span><\/h2>\n<ul>\n<li>Maschinen<\/li>\n<li>Hydraulik\u00f6ltanks<\/li>\n<li>Kleine Lageranwendungen<\/li>\n<\/ul>\n<h2><span class=\"ez-toc-section\" id=\"Vorteile\"><\/span><span style=\"font-size: 22px;\">Vorteile<\/span><span class=\"ez-toc-section-end\"><\/span><\/h2>\n<ul>\n<li>Es ist wirtschaftlich<\/li>\n<li>Praktisch und einfach zu installieren<\/li>\n<li>Schnelle Lieferzeit<\/li>\n<li>Es ist komplett aus Edelstahl.<\/li>\n<\/ul>\n<p>&nbsp;<\/p>\n<p><img decoding=\"async\" class=\"alignnone wp-image-39097\" src=\"https:\/\/unox.com.tr\/wp-content\/themes\/woodmart\/images\/lazy.svg\" data-src=\"https:\/\/unox.com.tr\/wp-content\/uploads\/2020\/09\/seviye-salteri-300x262.png\" alt=\"\" width=\"405\" height=\"354\" title=\"\" srcset=\"\" data-srcset=\"https:\/\/unox.com.tr\/wp-content\/uploads\/2020\/09\/seviye-salteri-300x262.png 300w, https:\/\/unox.com.tr\/wp-content\/uploads\/2020\/09\/seviye-salteri-150x131.png 150w, https:\/\/unox.com.tr\/wp-content\/uploads\/2020\/09\/seviye-salteri-367x320.png 367w, https:\/\/unox.com.tr\/wp-content\/uploads\/2020\/09\/seviye-salteri.png 377w\" sizes=\"(max-width: 405px) 100vw, 405px\" \/><\/p>\n<p>&nbsp;<\/p>\n<p>&nbsp;<\/p>\n","protected":false},"excerpt":{"rendered":"<p><a href=\"https:\/\/unox.com.tr\/wp-content\/uploads\/2023\/01\/Paslanmaz-Mini-Seviye-Salteri.pdf\" target=\"_blank\" rel=\"noopener\"><button style=\"background-color: #11224b; color: #ffffff; padding: 10px 15px; font-family: montserrat; font-weight: bold; font-size: 19px; border-radius: 10px;\"><img decoding=\"async\" style=\"width: 25px; height: 25px;\" src=\"https:\/\/unox.com.tr\/wp-content\/uploads\/2023\/02\/pdf-1.png\">PRODUKTKATALOG<\/button><\/a><\/p>\n<p><button style=\"background-color: #11224b; margin-top: 5px; color: white; padding: 0px 15px; width: 150px; height: 55px; border-radius: 10px; border: none; cursor: pointer;\"><br \/>\n<img decoding=\"async\" style=\"width: 120px; height: 30px;\" src=\"https:\/\/unox.com.tr\/wp-content\/uploads\/2023\/02\/4-1.svg\"><\/button><\/p>\n","protected":false},"featured_media":27036,"comment_status":"open","ping_status":"closed","template":"","meta":[],"product_brand":[],"product_cat":[1405,1404],"product_tag":[],"class_list":{"0":"post-40085","1":"product","2":"type-product","3":"status-publish","4":"has-post-thumbnail","6":"product_cat-niveauschalter","7":"product_cat-niveau-und-fluss","9":"first","10":"instock","11":"shipping-taxable","12":"product-type-simple"},"_links":{"self":[{"href":"https:\/\/unox.com.tr\/de\/wp-json\/wp\/v2\/product\/40085","targetHints":{"allow":["GET"]}}],"collection":[{"href":"https:\/\/unox.com.tr\/de\/wp-json\/wp\/v2\/product"}],"about":[{"href":"https:\/\/unox.com.tr\/de\/wp-json\/wp\/v2\/types\/product"}],"replies":[{"embeddable":true,"href":"https:\/\/unox.com.tr\/de\/wp-json\/wp\/v2\/comments?post=40085"}],"version-history":[{"count":0,"href":"https:\/\/unox.com.tr\/de\/wp-json\/wp\/v2\/product\/40085\/revisions"}],"wp:featuredmedia":[{"embeddable":true,"href":"https:\/\/unox.com.tr\/de\/wp-json\/wp\/v2\/media\/27036"}],"wp:attachment":[{"href":"https:\/\/unox.com.tr\/de\/wp-json\/wp\/v2\/media?parent=40085"}],"wp:term":[{"taxonomy":"product_brand","embeddable":true,"href":"https:\/\/unox.com.tr\/de\/wp-json\/wp\/v2\/product_brand?post=40085"},{"taxonomy":"product_cat","embeddable":true,"href":"https:\/\/unox.com.tr\/de\/wp-json\/wp\/v2\/product_cat?post=40085"},{"taxonomy":"product_tag","embeddable":true,"href":"https:\/\/unox.com.tr\/de\/wp-json\/wp\/v2\/product_tag?post=40085"}],"curies":[{"name":"wp","href":"https:\/\/api.w.org\/{rel}","templated":true}]}}