{"id":40089,"date":"2020-09-18T06:23:36","date_gmt":"2020-09-18T03:23:36","guid":{"rendered":"https:\/\/www.unox.com.tr\/urun\/a70-niveauschalter-offene-geschlossene-tanks\/"},"modified":"2023-03-20T11:25:50","modified_gmt":"2023-03-20T08:25:50","slug":"a70-level-schalter","status":"publish","type":"product","link":"https:\/\/unox.com.tr\/de\/a70-level-schalter\/","title":{"rendered":"A70 Niveauschalter (Offene &#8211; Geschlossene Tanks)"},"content":{"rendered":"<div id=\"ez-toc-container\" class=\"ez-toc-v2_0_82_2 counter-hierarchy ez-toc-counter ez-toc-grey ez-toc-container-direction\">\n<div class=\"ez-toc-title-container\">\n<p class=\"ez-toc-title\" style=\"cursor:inherit\">Sayfa \u0130\u00e7eri\u011fi<\/p>\n<span class=\"ez-toc-title-toggle\"><a href=\"#\" class=\"ez-toc-pull-right ez-toc-btn ez-toc-btn-xs ez-toc-btn-default ez-toc-toggle\" aria-label=\"Toggle Table of Content\"><span class=\"ez-toc-js-icon-con\"><span class=\"\"><span class=\"eztoc-hide\" style=\"display:none;\">Toggle<\/span><span class=\"ez-toc-icon-toggle-span\"><svg style=\"fill: #999;color:#999\" xmlns=\"http:\/\/www.w3.org\/2000\/svg\" class=\"list-377408\" width=\"20px\" height=\"20px\" viewBox=\"0 0 24 24\" fill=\"none\"><path d=\"M6 6H4v2h2V6zm14 0H8v2h12V6zM4 11h2v2H4v-2zm16 0H8v2h12v-2zM4 16h2v2H4v-2zm16 0H8v2h12v-2z\" fill=\"currentColor\"><\/path><\/svg><svg style=\"fill: #999;color:#999\" class=\"arrow-unsorted-368013\" xmlns=\"http:\/\/www.w3.org\/2000\/svg\" width=\"10px\" height=\"10px\" viewBox=\"0 0 24 24\" version=\"1.2\" baseProfile=\"tiny\"><path d=\"M18.2 9.3l-6.2-6.3-6.2 6.3c-.2.2-.3.4-.3.7s.1.5.3.7c.2.2.4.3.7.3h11c.3 0 .5-.1.7-.3.2-.2.3-.5.3-.7s-.1-.5-.3-.7zM5.8 14.7l6.2 6.3 6.2-6.3c.2-.2.3-.5.3-.7s-.1-.5-.3-.7c-.2-.2-.4-.3-.7-.3h-11c-.3 0-.5.1-.7.3-.2.2-.3.5-.3.7s.1.5.3.7z\"\/><\/svg><\/span><\/span><\/span><\/a><\/span><\/div>\n<nav><ul class='ez-toc-list ez-toc-list-level-1 ' ><li class='ez-toc-page-1 ez-toc-heading-level-2'><a class=\"ez-toc-link ez-toc-heading-1\" href=\"https:\/\/unox.com.tr\/de\/a70-level-schalter\/#Was_ist_ein_Niveauschalter\" >Was ist ein Niveauschalter?<\/a><\/li><li class='ez-toc-page-1 ez-toc-heading-level-2'><a class=\"ez-toc-link ez-toc-heading-2\" href=\"https:\/\/unox.com.tr\/de\/a70-level-schalter\/#Wo_wird_der_Niveauschalter_verwendet\" >Wo wird der Niveauschalter verwendet?<\/a><\/li><li class='ez-toc-page-1 ez-toc-heading-level-2'><a class=\"ez-toc-link ez-toc-heading-3\" href=\"https:\/\/unox.com.tr\/de\/a70-level-schalter\/#Allgemeine_Merkmale\" >Allgemeine Merkmale<\/a><\/li><li class='ez-toc-page-1 ez-toc-heading-level-2'><a class=\"ez-toc-link ez-toc-heading-4\" href=\"https:\/\/unox.com.tr\/de\/a70-level-schalter\/#Elektrische_Eigenschaften\" >Elektrische Eigenschaften<\/a><\/li><\/ul><\/nav><\/div>\n<h2><span class=\"ez-toc-section\" id=\"Was_ist_ein_Niveauschalter\"><\/span><span style=\"font-size: 22px;\">Was ist ein Niveauschalter?<\/span><span class=\"ez-toc-section-end\"><\/span><\/h2>\n<p>Ein F\u00fcllstandsschalter ist ein Ger\u00e4t zur Erfassung des F\u00fcllstands einer Fl\u00fcssigkeit oder eines Feststoffs in einem Beh\u00e4lter oder Tank. Es ist eine Art Sensor, der zur Bestimmung des Materiepegels in einem bestimmten Bereich verwendet werden kann und entweder schwimmf\u00e4hig oder kapazitiv sein kann.<\/p>\n<p>Schwimmerbet\u00e4tigte Niveauschalter verwenden ein schwimmendes Element wie einen Schwimmer, der sich mit dem Fl\u00fcssigkeitsstand auf und ab bewegt. Wenn der Schwimmer steigt oder f\u00e4llt, aktiviert er einen mechanischen Schalter oder einen Sensor, der ein Signal an ein Steuersystem sendet. Diese Art von F\u00fcllstandsschalter wird h\u00e4ufig in Wassertanks, Kl\u00e4ranlagen und anderen Anwendungen eingesetzt, bei denen eine st\u00e4ndige \u00dcberwachung des Fl\u00fcssigkeitsstands erforderlich ist.<\/p>\n<p>Kapazitive F\u00fcllstandsschalter hingegen verwenden ein elektrisches Feld, um das Vorhandensein einer Substanz zu erkennen. Solche F\u00fcllstandsschalter werden im Allgemeinen in Anwendungen verwendet, in denen die \u00fcberwachte Substanz nicht leitf\u00e4hig ist oder das Vorhandensein eines Schwimmers oder eines anderen mechanischen Elements nicht praktikabel w\u00e4re.<\/p>\n<h2><span class=\"ez-toc-section\" id=\"Wo_wird_der_Niveauschalter_verwendet\"><\/span><span style=\"font-size: 22px;\">Wo wird der Niveauschalter verwendet?<\/span><span class=\"ez-toc-section-end\"><\/span><\/h2>\n<p>F\u00fcllstandsschalter k\u00f6nnen in einer Vielzahl von Branchen eingesetzt werden, darunter chemische Verarbeitung, \u00d6l und Gas, Lebensmittel und Getr\u00e4nke sowie Wasseraufbereitung. Sie sind ein wesentlicher Bestandteil vieler Prozessleitsysteme, da sie eine zuverl\u00e4ssige M\u00f6glichkeit bieten, den F\u00fcllstand einer Substanz in einem Beh\u00e4lter oder Beh\u00e4lter zu \u00fcberwachen und zu steuern.<\/p>\n<h2><span class=\"ez-toc-section\" id=\"Allgemeine_Merkmale\"><\/span><span class=\"subTitle\" style=\"font-size: 22px;\">Allgemeine Merkmale<\/span><span class=\"ez-toc-section-end\"><\/span><\/h2>\n<div class=\"prod-text-cnt\">\n<div class=\"twoCol\">\n<ul>\n<li>Schlagfeste thermoplastische Abdeckung<\/li>\n<li>Metallteile aus Iridium-Zink-Stahl.<\/li>\n<li>Moplen-Schwimmer.<\/li>\n<li>Ein einstellbares Niveau von 50 \u00f7 750 mm wird mit seriellen Kabeln erreicht. Mit unterschiedlich langen Kabeln kann ein Pegelunterschied von bis zu mehreren Metern erreicht werden.<\/li>\n<li>Schlagfeste, s\u00e4urebest\u00e4ndige thermoplastisch beschichtete Gegengewichte<\/li>\n<li>Nylonseil zum Ausgleich von H\u00f6henunterschieden<\/li>\n<li>Lager- und Transporttemperatur: -25 \u00f7 60\u00b0C.<\/li>\n<li>Einheitsgewicht: 1,1 kg.<\/li>\n<\/ul>\n<\/div>\n<div>\n<h2><span class=\"ez-toc-section\" id=\"Elektrische_Eigenschaften\"><\/span><span class=\"subsubTitle\" style=\"font-size: 22px;\">Elektrische Eigenschaften<\/span><span class=\"ez-toc-section-end\"><\/span><\/h2>\n<ul>\n<li>Dreipoliger Schalter, Kontakte aus Silberlegierung.<\/li>\n<li>Direkte Steuerung der Pumpe.<\/li>\n<li>Bei einem Einphasenmotor werden nur zwei Pole angeschlossen.<\/li>\n<\/ul>\n<\/div>\n<\/div>\n","protected":false},"excerpt":{"rendered":"<p><a href=\"https:\/\/unox.com.tr\/wp-content\/uploads\/2022\/07\/a70-en-technical-data-sheet.pdf\" target=\"_blank\" rel=\"noopener\"><button style=\"background-color: #11224b; color: #ffffff; padding: 10px 15px; font-family: montserrat; font-weight: bold; font-size: 19px; border-radius: 10px;\"><img decoding=\"async\" style=\"width: 25px; height: 25px;\" src=\"https:\/\/unox.com.tr\/wp-content\/uploads\/2023\/02\/pdf-1.png\">PRODUKTKATALOG<\/button><\/a><\/p>\n<p><button style=\"background-color: #11224b; margin-top: 5px; color: white; padding: 0px 15px; width: 150px; height: 55px; border-radius: 10px; border: none; cursor: pointer;\"><br \/>\n<img decoding=\"async\" style=\"width: 120px; height: 30px;\" src=\"https:\/\/unox.com.tr\/wp-content\/uploads\/2023\/02\/4-1.svg\"><\/button><\/p>\n","protected":false},"featured_media":25930,"comment_status":"open","ping_status":"closed","template":"","meta":[],"product_brand":[],"product_cat":[1405,1564,1404],"product_tag":[],"class_list":{"0":"post-40089","1":"product","2":"type-product","3":"status-publish","4":"has-post-thumbnail","6":"product_cat-niveauschalter","7":"product_cat-fantini-cosmi-de","8":"product_cat-niveau-und-fluss","10":"first","11":"instock","12":"shipping-taxable","13":"product-type-simple"},"_links":{"self":[{"href":"https:\/\/unox.com.tr\/de\/wp-json\/wp\/v2\/product\/40089","targetHints":{"allow":["GET"]}}],"collection":[{"href":"https:\/\/unox.com.tr\/de\/wp-json\/wp\/v2\/product"}],"about":[{"href":"https:\/\/unox.com.tr\/de\/wp-json\/wp\/v2\/types\/product"}],"replies":[{"embeddable":true,"href":"https:\/\/unox.com.tr\/de\/wp-json\/wp\/v2\/comments?post=40089"}],"version-history":[{"count":0,"href":"https:\/\/unox.com.tr\/de\/wp-json\/wp\/v2\/product\/40089\/revisions"}],"wp:featuredmedia":[{"embeddable":true,"href":"https:\/\/unox.com.tr\/de\/wp-json\/wp\/v2\/media\/25930"}],"wp:attachment":[{"href":"https:\/\/unox.com.tr\/de\/wp-json\/wp\/v2\/media?parent=40089"}],"wp:term":[{"taxonomy":"product_brand","embeddable":true,"href":"https:\/\/unox.com.tr\/de\/wp-json\/wp\/v2\/product_brand?post=40089"},{"taxonomy":"product_cat","embeddable":true,"href":"https:\/\/unox.com.tr\/de\/wp-json\/wp\/v2\/product_cat?post=40089"},{"taxonomy":"product_tag","embeddable":true,"href":"https:\/\/unox.com.tr\/de\/wp-json\/wp\/v2\/product_tag?post=40089"}],"curies":[{"name":"wp","href":"https:\/\/api.w.org\/{rel}","templated":true}]}}