{"id":40096,"date":"2020-09-18T06:20:04","date_gmt":"2020-09-18T06:20:04","guid":{"rendered":"https:\/\/www.unox.com.tr\/urun\/fuellstandsanzeige-aus-reflexglas\/"},"modified":"2023-03-20T15:46:11","modified_gmt":"2023-03-20T12:46:11","slug":"reflex-verglaster-fullstandsanzeiger","status":"publish","type":"product","link":"https:\/\/unox.com.tr\/de\/reflex-verglaster-fullstandsanzeiger\/","title":{"rendered":"Reflexglas Niveauanzeiger"},"content":{"rendered":"<div id=\"ez-toc-container\" class=\"ez-toc-v2_0_82_2 counter-hierarchy ez-toc-counter ez-toc-grey ez-toc-container-direction\">\n<div class=\"ez-toc-title-container\">\n<p class=\"ez-toc-title\" style=\"cursor:inherit\">Sayfa \u0130\u00e7eri\u011fi<\/p>\n<span class=\"ez-toc-title-toggle\"><a href=\"#\" class=\"ez-toc-pull-right ez-toc-btn ez-toc-btn-xs ez-toc-btn-default ez-toc-toggle\" aria-label=\"Toggle Table of Content\"><span class=\"ez-toc-js-icon-con\"><span class=\"\"><span class=\"eztoc-hide\" style=\"display:none;\">Toggle<\/span><span class=\"ez-toc-icon-toggle-span\"><svg style=\"fill: #999;color:#999\" xmlns=\"http:\/\/www.w3.org\/2000\/svg\" class=\"list-377408\" width=\"20px\" height=\"20px\" viewBox=\"0 0 24 24\" fill=\"none\"><path d=\"M6 6H4v2h2V6zm14 0H8v2h12V6zM4 11h2v2H4v-2zm16 0H8v2h12v-2zM4 16h2v2H4v-2zm16 0H8v2h12v-2z\" fill=\"currentColor\"><\/path><\/svg><svg style=\"fill: #999;color:#999\" class=\"arrow-unsorted-368013\" xmlns=\"http:\/\/www.w3.org\/2000\/svg\" width=\"10px\" height=\"10px\" viewBox=\"0 0 24 24\" version=\"1.2\" baseProfile=\"tiny\"><path d=\"M18.2 9.3l-6.2-6.3-6.2 6.3c-.2.2-.3.4-.3.7s.1.5.3.7c.2.2.4.3.7.3h11c.3 0 .5-.1.7-.3.2-.2.3-.5.3-.7s-.1-.5-.3-.7zM5.8 14.7l6.2 6.3 6.2-6.3c.2-.2.3-.5.3-.7s-.1-.5-.3-.7c-.2-.2-.4-.3-.7-.3h-11c-.3 0-.5.1-.7.3-.2.2-.3.5-.3.7s.1.5.3.7z\"\/><\/svg><\/span><\/span><\/span><\/a><\/span><\/div>\n<nav><ul class='ez-toc-list ez-toc-list-level-1 ' ><li class='ez-toc-page-1 ez-toc-heading-level-2'><a class=\"ez-toc-link ez-toc-heading-1\" href=\"https:\/\/unox.com.tr\/de\/reflex-verglaster-fullstandsanzeiger\/#Was_ist_eine_Reflexglas_Niveauanzeiger\" >Was ist eine Reflexglas Niveauanzeiger?<\/a><\/li><li class='ez-toc-page-1 ez-toc-heading-level-2'><a class=\"ez-toc-link ez-toc-heading-2\" href=\"https:\/\/unox.com.tr\/de\/reflex-verglaster-fullstandsanzeiger\/#Wo_wird_die_Reflexglas-Fuellstandsanzeige_verwendet\" >Wo wird die Reflexglas-F\u00fcllstandsanzeige verwendet?<\/a><\/li><li class='ez-toc-page-1 ez-toc-heading-level-2'><a class=\"ez-toc-link ez-toc-heading-3\" href=\"https:\/\/unox.com.tr\/de\/reflex-verglaster-fullstandsanzeiger\/#Produkteigenschaften\" >Produkteigenschaften<\/a><\/li><li class='ez-toc-page-1 ez-toc-heading-level-2'><a class=\"ez-toc-link ez-toc-heading-4\" href=\"https:\/\/unox.com.tr\/de\/reflex-verglaster-fullstandsanzeiger\/#Geltungsbereich\" >Geltungsbereich<\/a><\/li><\/ul><\/nav><\/div>\n<h2><span class=\"ez-toc-section\" id=\"Was_ist_eine_Reflexglas_Niveauanzeiger\"><\/span><span style=\"font-size: 22px;\">Was ist eine Reflexglas Niveauanzeiger?<\/span><span class=\"ez-toc-section-end\"><\/span><\/h2>\n<p>Reflexglas-Niveauanzeiger arbeiten nach dem Prinzip, Wasser und Dampf aufgrund unterschiedlicher Lichtbrechung in fl\u00fcssigen und gasf\u00f6rmigen Phasen mit unterschiedlicher Helligkeit als Reflexglas zu sehen. Die Fl\u00fcssigkeit erscheint aufgrund der Lichtabsorption dunkel und der Dampf aufgrund der Lichtreflexion hell. Bei dieser Art von F\u00fcllstandsanzeigern ist die Trennfl\u00e4che zwischen den beiden Fl\u00fcssigkeiten produktbedingt nicht einsehbar. Es besteht aus einem Rohr oder einer R\u00f6hre aus einem transparenten Material wie Glas oder Acryl, das vertikal an der Seite des Beh\u00e4lters angebracht ist. Der Fl\u00fcssigkeitsstand wird durch die Position der Fl\u00fcssigkeit im Rohr angezeigt, die durch das transparente Material sichtbar ist.<\/p>\n<h2><span class=\"ez-toc-section\" id=\"Wo_wird_die_Reflexglas-Fuellstandsanzeige_verwendet\"><\/span><span style=\"font-size: 22px;\">Wo wird die Reflexglas-F\u00fcllstandsanzeige verwendet?<\/span><span class=\"ez-toc-section-end\"><\/span><\/h2>\n<p>Reflexglas-F\u00fcllstandsanzeiger werden h\u00e4ufig in einer Vielzahl von Anwendungen wie Industrieprozessen, Chemikalienlagerung und Wasseraufbereitung eingesetzt. Sie werden anderen F\u00fcllstandsanzeigern vorgezogen, da sie eine klare, genaue und leicht ablesbare Anzeige des Fl\u00fcssigkeitsstands bieten. Au\u00dferdem sind sie relativ wartungsarm und k\u00f6nnen in einem breiten Temperatur- und Druckbereich eingesetzt werden.<\/p>\n<p>Reflexglas-F\u00fcllstandsanzeiger sind normalerweise kalibriert, um den Fl\u00fcssigkeitsstand im Beh\u00e4lter nach Volumen oder Gewicht anzuzeigen. Sie k\u00f6nnen verwendet werden, um den F\u00fcllstand der Fl\u00fcssigkeit kontinuierlich zu \u00fcberwachen oder einen Alarm auszul\u00f6sen oder das System abzuschalten, wenn der F\u00fcllstand einen vorbestimmten Bereich verl\u00e4sst.<\/p>\n<h2><span class=\"ez-toc-section\" id=\"Produkteigenschaften\"><\/span><span style=\"font-size: 22px;\">Produkteigenschaften<\/span><span class=\"ez-toc-section-end\"><\/span><\/h2>\n<ul>\n<li><strong>Geh\u00e4use:<\/strong> GGG-25 Gusseisen<\/li>\n<li><strong>Anschluss:<\/strong> DN20 PN16 geflanscht<\/li>\n<li><strong>Max. Betriebsdruck:<\/strong> 16 bar (PN40 optional)<\/li>\n<li><strong>Max. Betriebstemperatur: <\/strong> 250 \u00b0C<\/li>\n<\/ul>\n<h2><span class=\"ez-toc-section\" id=\"Geltungsbereich\"><\/span><span style=\"font-size: 22px;\">Geltungsbereich<\/span><span class=\"ez-toc-section-end\"><\/span><\/h2>\n<ul>\n<li>Alle Dampfkessel<\/li>\n<li>Container bef\u00fcllen und entleeren<\/li>\n<li>Kraftstoffbeh\u00e4lter<\/li>\n<li>Chemieindustrie<\/li>\n<li>Tanks f\u00fcr \u00d6l und Erd\u00f6lprodukte<\/li>\n<li>Alle Beh\u00e4lter, offen oder geschlossen<\/li>\n<\/ul>\n<p>&nbsp;<\/p>\n<p><img decoding=\"async\" class=\"size-medium wp-image-41916 aligncenter\" src=\"https:\/\/unox.com.tr\/wp-content\/themes\/woodmart\/images\/lazy.svg\" data-src=\"https:\/\/unox.com.tr\/wp-content\/uploads\/2020\/09\/Refleks-Camli-Seviye-Gostergesi-159x300.jpg\" alt=\"F\u00fcllstandsanzeige aus Reflexglas\" width=\"159\" height=\"300\" title=\"\" srcset=\"\" data-srcset=\"https:\/\/unox.com.tr\/wp-content\/uploads\/2020\/09\/Refleks-Camli-Seviye-Gostergesi-159x300.jpg 159w, https:\/\/unox.com.tr\/wp-content\/uploads\/2020\/09\/Refleks-Camli-Seviye-Gostergesi-150x283.jpg 150w, https:\/\/unox.com.tr\/wp-content\/uploads\/2020\/09\/Refleks-Camli-Seviye-Gostergesi-367x692.jpg 367w, https:\/\/unox.com.tr\/wp-content\/uploads\/2020\/09\/Refleks-Camli-Seviye-Gostergesi.jpg 391w\" sizes=\"(max-width: 159px) 100vw, 159px\" \/><\/p>\n","protected":false},"excerpt":{"rendered":"<p><a href=\"https:\/\/unox.com.tr\/wp-content\/uploads\/2023\/01\/Refleks-Camli-Seviye-Gostergesi.pdf\" target=\"_blank\" rel=\"noopener\"><button style=\"background-color: #11224b; color: #ffffff; padding: 10px 15px; font-family: montserrat; font-weight: bold; font-size: 19px; border-radius: 10px;\"><img decoding=\"async\" style=\"width: 25px; height: 25px;\" src=\"https:\/\/unox.com.tr\/wp-content\/uploads\/2023\/02\/pdf-1.png\">PRODUKTKATALOG<\/button><\/a><\/p>\n<p><button style=\"background-color: #11224b; margin-top: 5px; color: white; padding: 0px 15px; width: 150px; height: 55px; border-radius: 10px; border: none; cursor: pointer;\"><br \/>\n<img decoding=\"async\" style=\"width: 120px; height: 30px;\" src=\"https:\/\/unox.com.tr\/wp-content\/uploads\/2023\/02\/4-1.svg\"><\/button><\/p>\n","protected":false},"featured_media":69166,"comment_status":"closed","ping_status":"closed","template":"","meta":[],"product_brand":[],"product_cat":[1409,1404],"product_tag":[],"class_list":{"0":"post-40096","1":"product","2":"type-product","3":"status-publish","4":"has-post-thumbnail","6":"product_cat-niveauanzeigen","7":"product_cat-niveau-und-fluss","9":"first","10":"instock","11":"shipping-taxable","12":"product-type-simple"},"_links":{"self":[{"href":"https:\/\/unox.com.tr\/de\/wp-json\/wp\/v2\/product\/40096","targetHints":{"allow":["GET"]}}],"collection":[{"href":"https:\/\/unox.com.tr\/de\/wp-json\/wp\/v2\/product"}],"about":[{"href":"https:\/\/unox.com.tr\/de\/wp-json\/wp\/v2\/types\/product"}],"replies":[{"embeddable":true,"href":"https:\/\/unox.com.tr\/de\/wp-json\/wp\/v2\/comments?post=40096"}],"version-history":[{"count":0,"href":"https:\/\/unox.com.tr\/de\/wp-json\/wp\/v2\/product\/40096\/revisions"}],"wp:featuredmedia":[{"embeddable":true,"href":"https:\/\/unox.com.tr\/de\/wp-json\/wp\/v2\/media\/69166"}],"wp:attachment":[{"href":"https:\/\/unox.com.tr\/de\/wp-json\/wp\/v2\/media?parent=40096"}],"wp:term":[{"taxonomy":"product_brand","embeddable":true,"href":"https:\/\/unox.com.tr\/de\/wp-json\/wp\/v2\/product_brand?post=40096"},{"taxonomy":"product_cat","embeddable":true,"href":"https:\/\/unox.com.tr\/de\/wp-json\/wp\/v2\/product_cat?post=40096"},{"taxonomy":"product_tag","embeddable":true,"href":"https:\/\/unox.com.tr\/de\/wp-json\/wp\/v2\/product_tag?post=40096"}],"curies":[{"name":"wp","href":"https:\/\/api.w.org\/{rel}","templated":true}]}}