{"id":40107,"date":"2020-09-18T06:15:44","date_gmt":"2020-09-18T03:15:44","guid":{"rendered":"https:\/\/www.unox.com.tr\/urun\/ea18-fuellstandselektrode\/"},"modified":"2024-02-29T13:50:22","modified_gmt":"2024-02-29T10:50:22","slug":"ea18-level-elektrode","status":"publish","type":"product","link":"https:\/\/unox.com.tr\/de\/ea18-level-elektrode\/","title":{"rendered":"EA18 F\u00fcllstands Elektrode"},"content":{"rendered":"<div id=\"ez-toc-container\" class=\"ez-toc-v2_0_82_2 counter-hierarchy ez-toc-counter ez-toc-grey ez-toc-container-direction\">\n<div class=\"ez-toc-title-container\">\n<p class=\"ez-toc-title\" style=\"cursor:inherit\">Sayfa \u0130\u00e7eri\u011fi<\/p>\n<span class=\"ez-toc-title-toggle\"><a href=\"#\" class=\"ez-toc-pull-right ez-toc-btn ez-toc-btn-xs ez-toc-btn-default ez-toc-toggle\" aria-label=\"Toggle Table of Content\"><span class=\"ez-toc-js-icon-con\"><span class=\"\"><span class=\"eztoc-hide\" style=\"display:none;\">Toggle<\/span><span class=\"ez-toc-icon-toggle-span\"><svg style=\"fill: #999;color:#999\" xmlns=\"http:\/\/www.w3.org\/2000\/svg\" class=\"list-377408\" width=\"20px\" height=\"20px\" viewBox=\"0 0 24 24\" fill=\"none\"><path d=\"M6 6H4v2h2V6zm14 0H8v2h12V6zM4 11h2v2H4v-2zm16 0H8v2h12v-2zM4 16h2v2H4v-2zm16 0H8v2h12v-2z\" fill=\"currentColor\"><\/path><\/svg><svg style=\"fill: #999;color:#999\" class=\"arrow-unsorted-368013\" xmlns=\"http:\/\/www.w3.org\/2000\/svg\" width=\"10px\" height=\"10px\" viewBox=\"0 0 24 24\" version=\"1.2\" baseProfile=\"tiny\"><path d=\"M18.2 9.3l-6.2-6.3-6.2 6.3c-.2.2-.3.4-.3.7s.1.5.3.7c.2.2.4.3.7.3h11c.3 0 .5-.1.7-.3.2-.2.3-.5.3-.7s-.1-.5-.3-.7zM5.8 14.7l6.2 6.3 6.2-6.3c.2-.2.3-.5.3-.7s-.1-.5-.3-.7c-.2-.2-.4-.3-.7-.3h-11c-.3 0-.5.1-.7.3-.2.2-.3.5-.3.7s.1.5.3.7z\"\/><\/svg><\/span><\/span><\/span><\/a><\/span><\/div>\n<nav><ul class='ez-toc-list ez-toc-list-level-1 ' ><li class='ez-toc-page-1 ez-toc-heading-level-2'><a class=\"ez-toc-link ez-toc-heading-1\" href=\"https:\/\/unox.com.tr\/de\/ea18-level-elektrode\/#Was_ist_eine_Fuellstands_Elektrode\" >Was ist eine F\u00fcllstands Elektrode?<\/a><\/li><li class='ez-toc-page-1 ez-toc-heading-level-2'><a class=\"ez-toc-link ez-toc-heading-2\" href=\"https:\/\/unox.com.tr\/de\/ea18-level-elektrode\/#Allgemeine_Merkmale\" >Allgemeine Merkmale<\/a><\/li><\/ul><\/nav><\/div>\n<h2><span class=\"ez-toc-section\" id=\"Was_ist_eine_Fuellstands_Elektrode\"><\/span><span style=\"font-size: 22px;\">Was ist eine F\u00fcllstands Elektrode?<\/span><span class=\"ez-toc-section-end\"><\/span><\/h2>\n<p>Eine F\u00fcllstands elektrode ist ein Ger\u00e4t zur Messung des F\u00fcllstands von Fl\u00fcssigkeiten oder anderen Substanzen in einem Beh\u00e4lter oder Tank. Es kann verwendet werden, um den F\u00fcllstand einer Fl\u00fcssigkeit in einem Tank, Beh\u00e4lter oder einem anderen Beh\u00e4ltertyp zu bestimmen. Niveau elektroden werden in einer Vielzahl von Branchen wie der chemischen Verarbeitung, \u00d6l und Gas, der Wasseraufbereitung sowie der Lebensmittel- und Getr\u00e4nkeverarbeitung weit verbreitet eingesetzt. Sie werden h\u00e4ufig verwendet, um den Fl\u00fcssigkeitsstand in einem Prozess zu \u00fcberwachen und zu steuern, indem sie ihn innerhalb eines bestimmten Bereichs halten. Es gibt verschiedene Arten von F\u00fcllstandselektroden, die jeweils f\u00fcr bestimmte Anwendungen und Umgebungen geeignet sind, einschlie\u00dflich Schwimmer, kapazitiv und Ultraschall.<\/p>\n<h2><span class=\"ez-toc-section\" id=\"Allgemeine_Merkmale\"><\/span><span style=\"font-size: 22px;\">Allgemeine Merkmale<\/span><span class=\"ez-toc-section-end\"><\/span><\/h2>\n<ul>\n<li><strong>Max. Betriebsdruck:<\/strong> 10 Bar.<\/li>\n<li><strong>Max. Betriebstemperatur:<\/strong> 160\u00b0C.<\/li>\n<li><strong>Anschluss:<\/strong> 3\/8&#8243; Nippel<\/li>\n<li><strong>Gewicht:<\/strong> 48 gr.<\/li>\n<li><strong>Sondenhalter:<\/strong> Edelstahl AISI 303<\/li>\n<li>Die Verbindung zwischen Sonde und F\u00fcllstandskontrolle erfolgt \u00fcber ein flexibles einpoliges Kabel (nicht im Lieferumfang enthalten).<\/li>\n<li>Elektrodensonde nicht im Lieferumfang enthalten<\/li>\n<\/ul>\n","protected":false},"excerpt":{"rendered":"<p><a href=\"https:\/\/unox.com.tr\/wp-content\/uploads\/2022\/07\/a03-a04-en-technical-data-sheet-1.pdf\" target=\"_blank\" rel=\"noopener\"><button style=\"background-color: #11224b; color: #ffffff; padding: 10px 15px; font-family: montserrat; font-weight: bold; font-size: 19px; border-radius: 10px;\"><img decoding=\"async\" style=\"width: 25px; height: 25px;\" src=\"https:\/\/unox.com.tr\/wp-content\/uploads\/2023\/02\/pdf-1.png\">PRODUKTKATALOG<\/button><\/a><\/p>\n<p><button style=\"background-color: #11224b; margin-top: 5px; color: white; padding: 0px 15px; width: 150px; height: 55px; border-radius: 10px; border: none; cursor: pointer;\"><br \/>\n<img decoding=\"async\" style=\"width: 120px; height: 30px;\" src=\"https:\/\/unox.com.tr\/wp-content\/uploads\/2023\/02\/4-1.svg\"><\/button><\/p>\n","protected":false},"featured_media":36972,"comment_status":"open","ping_status":"closed","template":"","meta":{"_joinchat":[]},"product_brand":[],"product_cat":[1411,1564,1404],"product_tag":[],"class_list":{"0":"post-40107","1":"product","2":"type-product","3":"status-publish","4":"has-post-thumbnail","6":"product_cat-niveauelektroden","7":"product_cat-fantini-cosmi-de","8":"product_cat-niveau-und-fluss","10":"first","11":"instock","12":"shipping-taxable","13":"product-type-simple"},"_links":{"self":[{"href":"https:\/\/unox.com.tr\/de\/wp-json\/wp\/v2\/product\/40107","targetHints":{"allow":["GET"]}}],"collection":[{"href":"https:\/\/unox.com.tr\/de\/wp-json\/wp\/v2\/product"}],"about":[{"href":"https:\/\/unox.com.tr\/de\/wp-json\/wp\/v2\/types\/product"}],"replies":[{"embeddable":true,"href":"https:\/\/unox.com.tr\/de\/wp-json\/wp\/v2\/comments?post=40107"}],"version-history":[{"count":0,"href":"https:\/\/unox.com.tr\/de\/wp-json\/wp\/v2\/product\/40107\/revisions"}],"wp:featuredmedia":[{"embeddable":true,"href":"https:\/\/unox.com.tr\/de\/wp-json\/wp\/v2\/media\/36972"}],"wp:attachment":[{"href":"https:\/\/unox.com.tr\/de\/wp-json\/wp\/v2\/media?parent=40107"}],"wp:term":[{"taxonomy":"product_brand","embeddable":true,"href":"https:\/\/unox.com.tr\/de\/wp-json\/wp\/v2\/product_brand?post=40107"},{"taxonomy":"product_cat","embeddable":true,"href":"https:\/\/unox.com.tr\/de\/wp-json\/wp\/v2\/product_cat?post=40107"},{"taxonomy":"product_tag","embeddable":true,"href":"https:\/\/unox.com.tr\/de\/wp-json\/wp\/v2\/product_tag?post=40107"}],"curies":[{"name":"wp","href":"https:\/\/api.w.org\/{rel}","templated":true}]}}