{"id":40111,"date":"2020-09-18T06:13:47","date_gmt":"2020-09-18T06:13:47","guid":{"rendered":"https:\/\/www.unox.com.tr\/urun\/a03-m-elektronischer-kontaktkasten-automatik\/"},"modified":"2025-04-21T11:46:36","modified_gmt":"2025-04-21T08:46:36","slug":"elektronische-kontakt-box","status":"publish","type":"product","link":"https:\/\/unox.com.tr\/de\/elektronische-kontakt-box\/","title":{"rendered":"A03 M Elektronischer Kontakt Kasten (Automatik)"},"content":{"rendered":"<div id=\"ez-toc-container\" class=\"ez-toc-v2_0_82_2 counter-hierarchy ez-toc-counter ez-toc-grey ez-toc-container-direction\">\n<div class=\"ez-toc-title-container\">\n<p class=\"ez-toc-title\" style=\"cursor:inherit\">Sayfa \u0130\u00e7eri\u011fi<\/p>\n<span class=\"ez-toc-title-toggle\"><a href=\"#\" class=\"ez-toc-pull-right ez-toc-btn ez-toc-btn-xs ez-toc-btn-default ez-toc-toggle\" aria-label=\"Toggle Table of Content\"><span class=\"ez-toc-js-icon-con\"><span class=\"\"><span class=\"eztoc-hide\" style=\"display:none;\">Toggle<\/span><span class=\"ez-toc-icon-toggle-span\"><svg style=\"fill: #999;color:#999\" xmlns=\"http:\/\/www.w3.org\/2000\/svg\" class=\"list-377408\" width=\"20px\" height=\"20px\" viewBox=\"0 0 24 24\" fill=\"none\"><path d=\"M6 6H4v2h2V6zm14 0H8v2h12V6zM4 11h2v2H4v-2zm16 0H8v2h12v-2zM4 16h2v2H4v-2zm16 0H8v2h12v-2z\" fill=\"currentColor\"><\/path><\/svg><svg style=\"fill: #999;color:#999\" class=\"arrow-unsorted-368013\" xmlns=\"http:\/\/www.w3.org\/2000\/svg\" width=\"10px\" height=\"10px\" viewBox=\"0 0 24 24\" version=\"1.2\" baseProfile=\"tiny\"><path d=\"M18.2 9.3l-6.2-6.3-6.2 6.3c-.2.2-.3.4-.3.7s.1.5.3.7c.2.2.4.3.7.3h11c.3 0 .5-.1.7-.3.2-.2.3-.5.3-.7s-.1-.5-.3-.7zM5.8 14.7l6.2 6.3 6.2-6.3c.2-.2.3-.5.3-.7s-.1-.5-.3-.7c-.2-.2-.4-.3-.7-.3h-11c-.3 0-.5.1-.7.3-.2.2-.3.5-.3.7s.1.5.3.7z\"\/><\/svg><\/span><\/span><\/span><\/a><\/span><\/div>\n<nav><ul class='ez-toc-list ez-toc-list-level-1 ' ><li class='ez-toc-page-1 ez-toc-heading-level-2'><a class=\"ez-toc-link ez-toc-heading-1\" href=\"https:\/\/unox.com.tr\/de\/elektronische-kontakt-box\/#Was_ist_eine_Elektronischer_Kontakt_Kasten\" >Was ist eine Elektronischer Kontakt Kasten?<\/a><\/li><li class='ez-toc-page-1 ez-toc-heading-level-2'><a class=\"ez-toc-link ez-toc-heading-2\" href=\"https:\/\/unox.com.tr\/de\/elektronische-kontakt-box\/#Allgemeine_Merkmale\" >Allgemeine Merkmale<\/a><\/li><li class='ez-toc-page-1 ez-toc-heading-level-2'><a class=\"ez-toc-link ez-toc-heading-3\" href=\"https:\/\/unox.com.tr\/de\/elektronische-kontakt-box\/#Elektrische_Eigenschaften\" >Elektrische Eigenschaften<\/a><\/li><li class='ez-toc-page-1 ez-toc-heading-level-2'><a class=\"ez-toc-link ez-toc-heading-4\" href=\"https:\/\/unox.com.tr\/de\/elektronische-kontakt-box\/#Zubehoer\" >Zubeh\u00f6r<\/a><\/li><\/ul><\/nav><\/div>\n<h2><span class=\"ez-toc-section\" id=\"Was_ist_eine_Elektronischer_Kontakt_Kasten\"><\/span><span class=\"subTitle\" style=\"font-size: 22px;\">Was ist eine Elektronischer Kontakt Kasten?<\/span><span class=\"ez-toc-section-end\"><\/span><\/h2>\n<p>Eine Elektronischer Kontakt Kasten ist ein Ger\u00e4t, mit dem Sie elektrische Leitungen oder Ger\u00e4te sicher anschlie\u00dfen k\u00f6nnen. Es besteht im Allgemeinen aus einem Kunststoff- oder Metallgeh\u00e4use mit mehreren Anschl\u00fcssen im Inneren und einem Deckel, der ge\u00f6ffnet und geschlossen werden kann, um Zugang zu den Anschl\u00fcssen zu erhalten. Klemmen k\u00f6nnen verwendet werden, um Kabel oder Ger\u00e4te mit Schrauben, Flachsteckern oder anderen Arten von Verbindern miteinander zu verbinden. Elektronischer Kontakt Kasten werden h\u00e4ufig in elektrischen und elektronischen Systemen verwendet, um Strom, Steuersignale und andere elektrische Verbindungen zu verteilen. Sie sind auf Langlebigkeit und Zuverl\u00e4ssigkeit ausgelegt und werden h\u00e4ufig in rauen Umgebungen eingesetzt, in denen elektrische Verbindungen hergestellt und gewartet werden m\u00fcssen.<\/p>\n<h2><span class=\"ez-toc-section\" id=\"Allgemeine_Merkmale\"><\/span><span style=\"font-size: 22px;\">Allgemeine Merkmale<\/span><span class=\"ez-toc-section-end\"><\/span><\/h2>\n<div class=\"prod-text-cnt\">\n<div class=\"twoCol\">\n<p>Das modulare Geh\u00e4use des Controllers besteht aus schlagfestem thermoplastischem Material und ist f\u00fcr mehrere Installationen nebeneinander ausgelegt.<\/p>\n<\/div>\n<div>\n<h2><span class=\"ez-toc-section\" id=\"Elektrische_Eigenschaften\"><\/span><span style=\"font-size: 22px;\">Elektrische Eigenschaften<\/span><span class=\"ez-toc-section-end\"><\/span><\/h2>\n<ul>\n<li>Die Spannung zwischen den Elektroden betr\u00e4gt 8 V~;<\/li>\n<li>Der Erfassungsbereich ist von 2 bis 20 k\u03a9 einstellbar;<\/li>\n<li>Max. Anzahl Felder, Kabell\u00e4nge 800 Meter, Isolation 600V~;<\/li>\n<li>Isolationswiderstand 100100 M\u03a9;<\/li>\n<li>Dielektrische H\u00e4rte 1.500 V ~ f\u00fcr 1 Minute;<\/li>\n<li>Ausgang mit elektromagnetischem SPDT-Schaltrelais, potentialfreie Klemmen;<\/li>\n<li>Kontaktbelastbarkeit 5A 230V AC-1.<\/li>\n<\/ul>\n<h2><span class=\"ez-toc-section\" id=\"Zubehoer\"><\/span><span style=\"font-size: 22px;\">Zubeh\u00f6r<\/span><span class=\"ez-toc-section-end\"><\/span><\/h2>\n<ul>\n<li>UA03Y: Wasserdichtes Geh\u00e4use IP65<\/li>\n<li>EA18-EA19-EA20-EA21: Sonden f\u00fcr leitf\u00e4hige Fl\u00fcssigkeiten<\/li>\n<\/ul>\n<\/div>\n<\/div>\n","protected":false},"excerpt":{"rendered":"<p><a href=\"https:\/\/unox.com.tr\/wp-content\/uploads\/2022\/07\/a03-a04-en-technical-data-sheet-1.pdf\" target=\"_blank\" rel=\"noopener\"><button style=\"background-color: #11224b; color: #ffffff; padding: 10px 15px; font-family: montserrat; font-weight: bold; font-size: 19px; border-radius: 10px;\"><img decoding=\"async\" style=\"width: 25px; height: 25px;\" src=\"https:\/\/unox.com.tr\/wp-content\/uploads\/2023\/02\/pdf-1.png\">PRODUKTKATALOG<\/button><\/a><\/p>\n<p><button style=\"background-color: #11224b; margin-top: 5px; color: white; padding: 0px 15px; width: 150px; height: 55px; border-radius: 10px; border: none; cursor: pointer;\"><br \/>\n<img decoding=\"async\" style=\"width: 120px; height: 30px;\" src=\"https:\/\/unox.com.tr\/wp-content\/uploads\/2023\/02\/4-1.svg\"><\/button><\/p>\n","protected":false},"featured_media":41781,"comment_status":"open","ping_status":"closed","template":"","meta":[],"product_brand":[],"product_cat":[1564],"product_tag":[],"class_list":{"0":"post-40111","1":"product","2":"type-product","3":"status-publish","4":"has-post-thumbnail","6":"product_cat-fantini-cosmi-de","8":"first","9":"instock","10":"shipping-taxable","11":"product-type-simple"},"_links":{"self":[{"href":"https:\/\/unox.com.tr\/de\/wp-json\/wp\/v2\/product\/40111","targetHints":{"allow":["GET"]}}],"collection":[{"href":"https:\/\/unox.com.tr\/de\/wp-json\/wp\/v2\/product"}],"about":[{"href":"https:\/\/unox.com.tr\/de\/wp-json\/wp\/v2\/types\/product"}],"replies":[{"embeddable":true,"href":"https:\/\/unox.com.tr\/de\/wp-json\/wp\/v2\/comments?post=40111"}],"version-history":[{"count":0,"href":"https:\/\/unox.com.tr\/de\/wp-json\/wp\/v2\/product\/40111\/revisions"}],"wp:featuredmedia":[{"embeddable":true,"href":"https:\/\/unox.com.tr\/de\/wp-json\/wp\/v2\/media\/41781"}],"wp:attachment":[{"href":"https:\/\/unox.com.tr\/de\/wp-json\/wp\/v2\/media?parent=40111"}],"wp:term":[{"taxonomy":"product_brand","embeddable":true,"href":"https:\/\/unox.com.tr\/de\/wp-json\/wp\/v2\/product_brand?post=40111"},{"taxonomy":"product_cat","embeddable":true,"href":"https:\/\/unox.com.tr\/de\/wp-json\/wp\/v2\/product_cat?post=40111"},{"taxonomy":"product_tag","embeddable":true,"href":"https:\/\/unox.com.tr\/de\/wp-json\/wp\/v2\/product_tag?post=40111"}],"curies":[{"name":"wp","href":"https:\/\/api.w.org\/{rel}","templated":true}]}}