{"id":40113,"date":"2020-09-18T06:12:43","date_gmt":"2020-09-18T06:12:43","guid":{"rendered":"https:\/\/www.unox.com.tr\/urun\/durchflussschalter\/"},"modified":"2024-03-19T21:51:40","modified_gmt":"2024-03-19T18:51:40","slug":"durchflussschalter","status":"publish","type":"product","link":"https:\/\/unox.com.tr\/de\/durchflussschalter\/","title":{"rendered":"Durchflussschalter"},"content":{"rendered":"<div id=\"ez-toc-container\" class=\"ez-toc-v2_0_83 counter-hierarchy ez-toc-counter ez-toc-grey ez-toc-container-direction\">\n<div class=\"ez-toc-title-container\">\n<p class=\"ez-toc-title\" style=\"cursor:inherit\">Sayfa \u0130\u00e7eri\u011fi<\/p>\n<span class=\"ez-toc-title-toggle\"><a href=\"#\" class=\"ez-toc-pull-right ez-toc-btn ez-toc-btn-xs ez-toc-btn-default ez-toc-toggle\" aria-label=\"Toggle Table of Content\"><span class=\"ez-toc-js-icon-con\"><span class=\"\"><span class=\"eztoc-hide\" style=\"display:none;\">Toggle<\/span><span class=\"ez-toc-icon-toggle-span\"><svg style=\"fill: #999;color:#999\" xmlns=\"http:\/\/www.w3.org\/2000\/svg\" class=\"list-377408\" width=\"20px\" height=\"20px\" viewBox=\"0 0 24 24\" fill=\"none\"><path d=\"M6 6H4v2h2V6zm14 0H8v2h12V6zM4 11h2v2H4v-2zm16 0H8v2h12v-2zM4 16h2v2H4v-2zm16 0H8v2h12v-2z\" fill=\"currentColor\"><\/path><\/svg><svg style=\"fill: #999;color:#999\" class=\"arrow-unsorted-368013\" xmlns=\"http:\/\/www.w3.org\/2000\/svg\" width=\"10px\" height=\"10px\" viewBox=\"0 0 24 24\" version=\"1.2\" baseProfile=\"tiny\"><path d=\"M18.2 9.3l-6.2-6.3-6.2 6.3c-.2.2-.3.4-.3.7s.1.5.3.7c.2.2.4.3.7.3h11c.3 0 .5-.1.7-.3.2-.2.3-.5.3-.7s-.1-.5-.3-.7zM5.8 14.7l6.2 6.3 6.2-6.3c.2-.2.3-.5.3-.7s-.1-.5-.3-.7c-.2-.2-.4-.3-.7-.3h-11c-.3 0-.5.1-.7.3-.2.2-.3.5-.3.7s.1.5.3.7z\"\/><\/svg><\/span><\/span><\/span><\/a><\/span><\/div>\n<nav><ul class='ez-toc-list ez-toc-list-level-1 ' ><li class='ez-toc-page-1 ez-toc-heading-level-2'><a class=\"ez-toc-link ez-toc-heading-1\" href=\"https:\/\/unox.com.tr\/de\/durchflussschalter\/#Was_ist_ein_Durchflussschalter\" >Was ist ein Durchflussschalter?<\/a><\/li><li class='ez-toc-page-1 ez-toc-heading-level-2'><a class=\"ez-toc-link ez-toc-heading-2\" href=\"https:\/\/unox.com.tr\/de\/durchflussschalter\/#Was_macht_ein_Durchflussschalter\" >Was macht ein Durchflussschalter?<\/a><\/li><li class='ez-toc-page-1 ez-toc-heading-level-2'><a class=\"ez-toc-link ez-toc-heading-3\" href=\"https:\/\/unox.com.tr\/de\/durchflussschalter\/#Allgemeine_Merkmale\" >Allgemeine Merkmale<\/a><\/li><li class='ez-toc-page-1 ez-toc-heading-level-2'><a class=\"ez-toc-link ez-toc-heading-4\" href=\"https:\/\/unox.com.tr\/de\/durchflussschalter\/#Bewerben\" >Bewerben<\/a><\/li><li class='ez-toc-page-1 ez-toc-heading-level-2'><a class=\"ez-toc-link ez-toc-heading-5\" href=\"https:\/\/unox.com.tr\/de\/durchflussschalter\/#Montage\" >Montage<\/a><\/li><li class='ez-toc-page-1 ez-toc-heading-level-2'><a class=\"ez-toc-link ez-toc-heading-6\" href=\"https:\/\/unox.com.tr\/de\/durchflussschalter\/#Anpassungen\" >Anpassungen<\/a><\/li><\/ul><\/nav><\/div>\n<h2><span class=\"ez-toc-section\" id=\"Was_ist_ein_Durchflussschalter\"><\/span><span style=\"font-size: 22px;\">Was ist ein Durchflussschalter?<\/span><span class=\"ez-toc-section-end\"><\/span><\/h2>\n<p>Ein Durchflussschalter ist ein Ger\u00e4t, das verwendet wird, um den Durchfluss von Gasen oder Fl\u00fcssigkeiten durch ein Rohr oder eine andere Leitung zu erfassen. Es wird \u00fcblicherweise verwendet, um den Durchfluss eines Prozessfluids in einem System zu \u00fcberwachen und einen Alarm oder eine andere Art von Steuermechanismus zu aktivieren, wenn der Durchfluss au\u00dferhalb eines vorbestimmten Bereichs f\u00e4llt. Durchflussschalter werden h\u00e4ufig in industriellen und kommerziellen Umgebungen verwendet, um den sicheren und effizienten Betrieb von Ger\u00e4ten zu gew\u00e4hrleisten und Sch\u00e4den oder Unf\u00e4lle zu verhindern.<\/p>\n<h2><span class=\"ez-toc-section\" id=\"Was_macht_ein_Durchflussschalter\"><\/span><span style=\"font-size: 22px;\">Was macht ein Durchflussschalter?<\/span><span class=\"ez-toc-section-end\"><\/span><\/h2>\n<p>Durchflussschalter k\u00f6nnen in einer Vielzahl von Anwendungen eingesetzt werden, einschlie\u00dflich der \u00dcberwachung des Wasserflusses in der Rohrleitung, der Erfassung des Gasflusses im Bel\u00fcftungssystem und der Erfassung des Fl\u00fcssigkeitsflusses in der chemischen Verarbeitungsanlage. Sie sind in verschiedenen Gr\u00f6\u00dfen und Konfigurationen erh\u00e4ltlich und k\u00f6nnen je nach den spezifischen Anforderungen der Anwendung mit verschiedenen Arten von Fl\u00fcssigkeiten verwendet werden. Durchflussschalter bestehen im Allgemeinen aus einem Sensorelement, das im Durchflussstrom platziert ist, und einer Steuereinheit, die mit dem Sensorelement verbunden ist und die Aufgabe hat, den Alarm- oder Steuermechanismus bei Bedarf zu aktivieren.<\/p>\n<h2><span class=\"ez-toc-section\" id=\"Allgemeine_Merkmale\"><\/span><span style=\"font-size: 22px;\">Allgemeine Merkmale<\/span><span class=\"ez-toc-section-end\"><\/span><\/h2>\n<ul>\n<li><strong>Modell:<\/strong> UAKS 16<\/li>\n<li><strong>Gr\u00f6\u00dfe:<\/strong> 1&#8243;<\/li>\n<li><strong>K\u00f6rper:<\/strong> Messing<\/li>\n<li><strong>Platten:<\/strong> Edelstahl AISI 304<\/li>\n<li><strong>Versorgung:<\/strong> Alle Spannungen<\/li>\n<li><strong>Anwendbarkeit Schnurdurchmesser:<\/strong> 1&#8243; &#8211; 6&#8243;<\/li>\n<li><strong>Steuerungstyp:<\/strong> Pedal<\/li>\n<li><strong>Maximaler statischer Druck:<\/strong> 10 kg\/cm2 &#8212; 20 kg\/cm2<\/li>\n<li><strong>Umgebungstemperaturbereich:<\/strong> 0 \u00b0C &#8211; 60 \u00b0C<\/li>\n<li><strong>Maximale Fl\u00fcssigkeitstemperatur:<\/strong> 100 \u00b0C<\/li>\n<li><strong>Elektrischer Schalter:<\/strong> SPD-Nennleistung: 220 VAC, 15 A<\/li>\n<li><strong>Anschluss:<\/strong> Durch Verschraubung<\/li>\n<li><strong>Durchflussschaltergeh\u00e4use:<\/strong> Leitungsanschlussteil halboffene Kunststoffabdeckung<\/li>\n<\/ul>\n<h2><span class=\"ez-toc-section\" id=\"Bewerben\"><\/span><span style=\"font-size: 22px;\">Bewerben<\/span><span class=\"ez-toc-section-end\"><\/span><\/h2>\n<p>Es wird zur Durchflussregelung in Wasser- oder anderen Fl\u00fcssigkeitsinstallationen verwendet, die Messing, Phosphor und Bronze nicht angreifen und nicht als gef\u00e4hrlich eingestuft sind.<\/p>\n<h2><span class=\"ez-toc-section\" id=\"Montage\"><\/span><span style=\"font-size: 22px;\">Montage<\/span><span class=\"ez-toc-section-end\"><\/span><\/h2>\n<ul>\n<li>Horizontal oder vertikal muss der Str\u00f6mungsw\u00e4chter parallel zum Leitungsrohr angeschlossen werden.<\/li>\n<li>Der Abstand (A) der Anschlusspunkte rechts und links vom Str\u00f6mungsw\u00e4chter muss mindestens das 5-fache des Rohrdurchmessers betragen.<\/li>\n<\/ul>\n<h2><span class=\"ez-toc-section\" id=\"Anpassungen\"><\/span><span style=\"font-size: 22px;\">Anpassungen<\/span><span class=\"ez-toc-section-end\"><\/span><\/h2>\n<ol>\n<li>Entfernen Sie die Tastenabdeckung.<\/li>\n<li>Drehen Sie die Einstellschraube im Uhrzeigersinn f\u00fcr eine h\u00f6here Durchflussrate.<\/li>\n<li>Drehen Sie die Einstellschraube gegen den Uhrzeigersinn, um einen geringen Durchfluss zu erzielen.<\/li>\n<li>Stellen Sie sicher, dass die Abdeckung am Ende der Arbeit einrastet.<\/li>\n<\/ol>\n<p>HINWEIS: Das Dichtungsteil ist nicht verstellbar.<\/p>\n","protected":false},"excerpt":{"rendered":"<p><a href=\"https:\/\/unox.com.tr\/wp-content\/uploads\/2023\/01\/Akis-Salteri.pdf\" target=\"_blank\" rel=\"noopener\"><button style=\"background-color: #11224b; color: #ffffff; padding: 10px 15px; font-family: montserrat; font-weight: bold; font-size: 19px; border-radius: 10px;\"><img decoding=\"async\" style=\"width: 25px; height: 25px;\" src=\"https:\/\/unox.com.tr\/wp-content\/uploads\/2023\/02\/pdf-1.png\">PRODUKTKATALOG<\/button><\/a><\/p>\n<p><button style=\"background-color: #11224b; margin-top: 5px; color: white; padding: 0px 15px; width: 150px; height: 55px; border-radius: 10px; border: none; cursor: pointer;\"><br \/>\n<img decoding=\"async\" style=\"width: 120px; height: 30px;\" src=\"https:\/\/unox.com.tr\/wp-content\/uploads\/2023\/02\/4-1.svg\"><\/button><\/p>\n","protected":false},"featured_media":69676,"comment_status":"closed","ping_status":"closed","template":"","meta":[],"product_brand":[],"product_cat":[1413,1404],"product_tag":[],"class_list":{"0":"post-40113","1":"product","2":"type-product","3":"status-publish","4":"has-post-thumbnail","6":"product_cat-fluss-produkte","7":"product_cat-niveau-und-fluss","9":"first","10":"instock","11":"shipping-taxable","12":"product-type-simple"},"_links":{"self":[{"href":"https:\/\/unox.com.tr\/de\/wp-json\/wp\/v2\/product\/40113","targetHints":{"allow":["GET"]}}],"collection":[{"href":"https:\/\/unox.com.tr\/de\/wp-json\/wp\/v2\/product"}],"about":[{"href":"https:\/\/unox.com.tr\/de\/wp-json\/wp\/v2\/types\/product"}],"replies":[{"embeddable":true,"href":"https:\/\/unox.com.tr\/de\/wp-json\/wp\/v2\/comments?post=40113"}],"version-history":[{"count":0,"href":"https:\/\/unox.com.tr\/de\/wp-json\/wp\/v2\/product\/40113\/revisions"}],"wp:featuredmedia":[{"embeddable":true,"href":"https:\/\/unox.com.tr\/de\/wp-json\/wp\/v2\/media\/69676"}],"wp:attachment":[{"href":"https:\/\/unox.com.tr\/de\/wp-json\/wp\/v2\/media?parent=40113"}],"wp:term":[{"taxonomy":"product_brand","embeddable":true,"href":"https:\/\/unox.com.tr\/de\/wp-json\/wp\/v2\/product_brand?post=40113"},{"taxonomy":"product_cat","embeddable":true,"href":"https:\/\/unox.com.tr\/de\/wp-json\/wp\/v2\/product_cat?post=40113"},{"taxonomy":"product_tag","embeddable":true,"href":"https:\/\/unox.com.tr\/de\/wp-json\/wp\/v2\/product_tag?post=40113"}],"curies":[{"name":"wp","href":"https:\/\/api.w.org\/{rel}","templated":true}]}}